{"id":72123,"date":"2025-04-14T17:11:49","date_gmt":"2025-04-14T15:11:49","guid":{"rendered":"https:\/\/www.hendaye-tourisme.fr\/wi-fi-puntuak\/"},"modified":"2025-04-15T12:28:30","modified_gmt":"2025-04-15T10:28:30","slug":"wi-fi-puntuak","status":"publish","type":"page","link":"https:\/\/www.hendaye-tourisme.fr\/eu\/wi-fi-puntuak\/","title":{"rendered":"Wi-Fi puntuak"},"content":{"rendered":"\n<div class=\"wp-block-columns is-layout-flex wp-container-core-columns-is-layout-9d6595d7 wp-block-columns-is-layout-flex\">\n<div class=\"wp-block-column is-layout-flow wp-block-column-is-layout-flow\" style=\"flex-basis:33.33%\"><div class=\"highlight-bloc-container \" id=\"ts-block-65368af54ee28\"  >\n\t<div class=\"highlight-bloc-content\">\n\t\t<div class=\"acf-innerblocks-container\">\n\n<h2 class=\"wp-block-heading suptitle\">Hendaiak doako wifiz hornitutako 6 gune ditu!<\/h2>\n\n<\/div>\t<\/div>\n<\/div>\n<\/div>\n\n\n\n<div class=\"wp-block-column is-layout-flow wp-block-column-is-layout-flow\" style=\"flex-basis:66.66%\">\n<p>Doako wifia ezinbestekoa bihurtu da eta zure hurrengo egonaldia erraztuko dizu. <\/p>\n\n\n\n<p>Mezuak eta argazkiak Interneten partekatzea hedatuago eta ezinbestekoa bihurtu da Frantziako eta atzerriko turista gehienentzat.<\/p>\n\n\n\n<p>Egunean ordubeteko doako konexioaz baliatuko zara.<\/p>\n<\/div>\n<\/div>\n\n<section class=\"wp-block-group alignfull wave has-white-color has-blue-background-color has-text-color has-background\"><div class=\"wp-block-group__inner-container is-layout-constrained wp-block-group-is-layout-constrained\">\n<h3 class=\"wp-block-heading has-text-align-center has-white-color has-text-color\" style=\"font-style:normal;font-weight:300\"><\/h3>\n\n\n\n<h2 class=\"wp-block-heading has-text-align-center tilde has-white-color has-text-color\">Doako Wi-Fi sarbidea funtsezko tokietan<\/h2>\n\n\n\n<div class=\"wp-block-columns is-layout-flex wp-container-core-columns-is-layout-9d6595d7 wp-block-columns-is-layout-flex\">\n<div class=\"wp-block-column is-vertically-aligned-center is-layout-flow wp-block-column-is-layout-flow\" style=\"flex-basis:33.33%\">\n<p>Tableta, ordenagailu eramangarria, telefonoa, iPad&#8230; konektatu zure gailua bereziki kokatutako 6 guneetara:<\/p>\n\n\n\n<ul class=\"wp-block-list\">\n<li>Turismo Bulegoko atarian<\/li>\n\n\n\n<li>Abbadia, Behatoki Gaztelua<\/li>\n\n\n\n<li>Sokoburu plaza (portuaren parean)<\/li>\n\n\n\n<li>2 Bikien plaza<\/li>\n\n\n\n<li>Mediateka<\/li>\n\n\n\n<li>S.N.C.F.ko atarian. tren geltokia.<\/li>\n<\/ul>\n<\/div>\n\n\n\n<div class=\"wp-block-column is-layout-flow wp-block-column-is-layout-flow\" style=\"flex-basis:66.66%\">\n<center><iframe title=\"carte interactive\" src=\"https:\/\/map.2isr.fr\/map.php\" height=\"473\" frameborder=\"0\" style=\"border:0; width:100%;\"><\/iframe><\/center>\n<\/div>\n<\/div>\n<\/div><\/section>\n\n<div style=\"height:30px\" aria-hidden=\"true\" class=\"wp-block-spacer\"><\/div>\n\n<h2 class=\"wp-block-heading tilde\">Konektibitate erraza zuretzat, bidaiarientzat<\/h2>\n\n<p>Wi-Fi gune hauei esker:<\/p>\n\n<ul class=\"wp-block-list\">\n<li>Partekatu zure esperientziak denbora errealean<\/li>\n\n\n\n<li>Sar zaitez zure egonaldian zehar lineako zerbitzu erabilgarriak<\/li>\n\n\n\n<li>Sar zaitez zure egonaldian zehar lineako zerbitzu erabilgarriak<\/li>\n<\/ul>\n\n<div style=\"height:30px\" aria-hidden=\"true\" class=\"wp-block-spacer\"><\/div>\n\n<div class=\"wp-block-cover is-light alert\" style=\"min-height:107px;aspect-ratio:unset;\"><span aria-hidden=\"true\" class=\"wp-block-cover__background has-light-blue-background-color has-background-dim-100 has-background-dim\"><\/span><div class=\"wp-block-cover__inner-container is-layout-constrained wp-block-cover-is-layout-constrained\">\n<div class=\"wp-block-columns is-layout-flex wp-container-core-columns-is-layout-9d6595d7 wp-block-columns-is-layout-flex\">\n<div class=\"wp-block-column is-vertically-aligned-center is-layout-flow wp-block-column-is-layout-flow\" style=\"flex-basis:75%\">\n<p class=\"has-text-align-left has-blue-color has-text-color\"><strong>Lortu informazioa gure Wi-Fi sarera konektatuz ordutegiei, prezioei, ekitaldi bereziei edo segurtasun-alertarei buruzko informazioa ikusteko&#8230;<\/strong><\/p>\n<\/div>\n\n\n\n<div class=\"wp-block-column is-layout-flow wp-block-column-is-layout-flow\" style=\"flex-basis:25%\"><div class=\"wp-block-image\">\n<figure class=\"aligncenter size-full is-resized\"><img decoding=\"async\" width=\"453\" height=\"965\" src=\"https:\/\/www.hendaye-tourisme.fr\/wp-content\/uploads\/2025\/04\/capture-hotspot-wi-fi-hendaye-tourisme-1.png\" alt=\"\" class=\"wp-image-72098\" style=\"width:auto;height:300px\" srcset=\"https:\/\/www.hendaye-tourisme.fr\/wp-content\/uploads\/2025\/04\/capture-hotspot-wi-fi-hendaye-tourisme-1.png 453w, https:\/\/www.hendaye-tourisme.fr\/wp-content\/uploads\/2025\/04\/capture-hotspot-wi-fi-hendaye-tourisme-1-282x600.png 282w\" sizes=\"(max-width: 453px) 100vw, 453px\" \/><\/figure>\n<\/div><\/div>\n<\/div>\n<\/div><\/div>\n\n<p><\/p>\n","protected":false},"excerpt":{"rendered":"<p>Doako wifia ezinbestekoa bihurtu da eta zure hurrengo egonaldia erraztuko dizu. Mezuak eta argazkiak Interneten partekatzea hedatuago eta ezinbestekoa bihurtu da Frantziako eta atzerriko turista gehienentzat. Egunean ordubeteko doako konexioaz baliatuko zara. Doako Wi-Fi sarbidea funtsezko tokietan Tableta, ordenagailu eramangarria, telefonoa, iPad&#8230; konektatu zure gailua bereziki kokatutako 6 guneetara: Konektibitate [&hellip;]<\/p>\n","protected":false},"author":2,"featured_media":72137,"parent":0,"menu_order":0,"comment_status":"closed","ping_status":"closed","template":"","meta":{"_acf_changed":false,"_seopress_robots_primary_cat":"","_seopress_titles_title":"Hotspots Wi-Fi | Hendaye Tourisme","_seopress_titles_desc":"Hendaye dispose de 6 zones \u00e9quip\u00e9es de Wi-Fi gratuit ! Devenu incontournable, le Wi-Fi gratuit facilitera le d\u00e9roulement de votre prochain s\u00e9jour...","_seopress_robots_index":"","footnotes":""},"class_list":["post-72123","page","type-page","status-publish","has-post-thumbnail","hentry"],"acf":[],"_links":{"self":[{"href":"https:\/\/www.hendaye-tourisme.fr\/eu\/wp-json\/wp\/v2\/pages\/72123","targetHints":{"allow":["GET"]}}],"collection":[{"href":"https:\/\/www.hendaye-tourisme.fr\/eu\/wp-json\/wp\/v2\/pages"}],"about":[{"href":"https:\/\/www.hendaye-tourisme.fr\/eu\/wp-json\/wp\/v2\/types\/page"}],"author":[{"embeddable":true,"href":"https:\/\/www.hendaye-tourisme.fr\/eu\/wp-json\/wp\/v2\/users\/2"}],"replies":[{"embeddable":true,"href":"https:\/\/www.hendaye-tourisme.fr\/eu\/wp-json\/wp\/v2\/comments?post=72123"}],"version-history":[{"count":1,"href":"https:\/\/www.hendaye-tourisme.fr\/eu\/wp-json\/wp\/v2\/pages\/72123\/revisions"}],"predecessor-version":[{"id":72124,"href":"https:\/\/www.hendaye-tourisme.fr\/eu\/wp-json\/wp\/v2\/pages\/72123\/revisions\/72124"}],"wp:featuredmedia":[{"embeddable":true,"href":"https:\/\/www.hendaye-tourisme.fr\/eu\/wp-json\/wp\/v2\/media\/72137"}],"wp:attachment":[{"href":"https:\/\/www.hendaye-tourisme.fr\/eu\/wp-json\/wp\/v2\/media?parent=72123"}],"curies":[{"name":"wp","href":"https:\/\/api.w.org\/{rel}","templated":true}]}}