{"id":35017,"date":"2023-10-12T09:14:55","date_gmt":"2023-10-12T07:14:55","guid":{"rendered":"https:\/\/www.hendaye-tourisme.fr\/aparkatzea-aparkalekuak\/"},"modified":"2026-01-07T16:40:58","modified_gmt":"2026-01-07T15:40:58","slug":"aparkatzea-aparkalekuak","status":"publish","type":"page","link":"https:\/\/www.hendaye-tourisme.fr\/eu\/aparkatzea-aparkalekuak\/","title":{"rendered":"Aparkatzea &amp; Aparkalekuak"},"content":{"rendered":"\n<div class=\"wp-block-columns is-layout-flex wp-container-core-columns-is-layout-9d6595d7 wp-block-columns-is-layout-flex\">\n<div class=\"wp-block-column is-layout-flow wp-block-column-is-layout-flow\" style=\"flex-basis:33.33%\"><div class=\"highlight-bloc-container \" id=\"ts-block-65368af54ee28\"  >\n\t<div class=\"highlight-bloc-content\">\n\t\t<div class=\"acf-innerblocks-container\">\n\n<h2 class=\"wp-block-heading suptitle\">Hendaian aparkatzeko gida<\/h2>\n\n<\/div>\t<\/div>\n<\/div>\n<\/div>\n\n\n\n<div class=\"wp-block-column is-layout-flow wp-block-column-is-layout-flow\" style=\"flex-basis:66.66%\">\n<p>Hendaiako aparkalekuak, egonaldia errazteko eginak dira. <\/p>\n\n\n\n<p>Ibilaldi azkar baterako edo aparkaleku seguru baterako urririko toki bat bilatzen baduzu, hemen aurkituko duzu behar duzun informazio guztia.<\/p>\n\n\n\n<p>Aparkatze araudia oso inportantea da, baita joan-etorriak edo bideberdeak egitea ere.<\/p>\n<\/div>\n<\/div>\n\n\n\n<div style=\"height:30px\" aria-hidden=\"true\" class=\"wp-block-spacer\"><\/div>\n\n\n\n<div class=\"wp-block-columns is-layout-flex wp-container-core-columns-is-layout-9d6595d7 wp-block-columns-is-layout-flex\">\n<div class=\"wp-block-column is-vertically-aligned-center is-layout-flow wp-block-column-is-layout-flow\" style=\"flex-basis:66.66%\">\n<h2 class=\"wp-block-heading has-text-align-left\">Urririko eta ordainpeko aparkalekuen zerrenda :<\/h2>\n<\/div>\n\n\n\n<div class=\"wp-block-column is-vertically-aligned-center is-layout-flow wp-block-column-is-layout-flow\" style=\"flex-basis:33.33%\">\n<div class=\"wp-block-buttons is-content-justification-right is-layout-flex wp-container-core-buttons-is-layout-765c4724 wp-block-buttons-is-layout-flex\">\n<div class=\"wp-block-button\"><a class=\"wp-block-button__link wp-element-button\" href=\"https:\/\/umap.openstreetmap.fr\/fr\/map\/parkings-dhendaye_933039#14\/43.3699\/-1.7589\" target=\"_blank\" rel=\"noreferrer noopener\">Pantaila osoan ikusi<\/a><\/div>\n<\/div>\n<\/div>\n<\/div>\n\n\n\n<iframe allow=\"geolocation\" allowfullscreen=\"\" frameborder=\"0\" height=\"500px\" src=\"\/\/umap.openstreetmap.fr\/fr\/map\/parkings-dhendaye_933039?scaleControl=true&#038;miniMap=false&#038;scrollWheelZoom=true&#038;zoomControl=true&#038;allowEdit=false&#038;moreControl=true&#038;searchControl=null&#038;tilelayersControl=null&#038;embedControl=null&#038;datalayersControl=true&#038;onLoadPanel=undefined&#038;captionBar=false&#038;captionMenus=true&#038;datalayers=2850720%2C2850755&#038;editinosmControl=false&#038;starControl=false\" width=\"100%\"><\/iframe>\n\n\n\n<div style=\"height:30px\" aria-hidden=\"true\" class=\"wp-block-spacer\"><\/div>\n\n\n\n<h2 class=\"wp-block-heading\">Eremuak &amp; kostuak<\/h2>\n\n\n\n<div class=\"tabs-container tabs-alt\" id=\"ts-block-654cb83b0b68c\" > \n\t\t\t<ul>\n\t\t\t\t\t\t\t\t\n\t\t\t\t\t\t\t\t\t\t\t\t\t\t\t\t\t\t\t\n\t\t\t\t\t\t\t\t\t\t\t\t\t\t\n\t\t\t\t\t\t\t\t\t\t\t\t\t\t\n\t\t\t\t\t\t\t\t\t\t\t\t\t\t\n\t\t\t\t\t\t\t\t\t\t\t\t\t\t\t\t\t\t\t\n\t\t\t\t\t\t\t\t\t\t\t\t\t\t\n\t\t\t\t\t\t\t\t\t\t\t\t\t\t\n\t\t\t\t\t\t\t\t\t\t\t\t\t\t\n\t\t\t\t\t\t\t\t\t\t\t\t\t\t\n\t\t\t\t\t\t\t\t\t\t\t\t\t\t\n\t\t\t\t\t\t\t\t\t\t\t\t\t\t\n\t\t\t\t\t\t\t\t\t\t\t\t\t\t\n\t\t\t\t\t\t\t\t\t\t\t\t\t\t\t\t\t\t\t\t\t\t\t\t\t\t\t\t\t\t\t\t\t\t<li >\n\t\t\t\t\t\t\t\t\t<a href=\"#ts-block-654cb83b0bfa4\">\n\t\t\t\t\t\t\t\t\t<div class=\"tab-title-container\">\n\t\t\t\t\t\t\t\t\t\t<h3>&#8220;Hondartza&#8221; eremua<\/h3>\n\t\t\t\t\t\t\t\t\t<\/div>\n\t\t\t\t\t\t\t\t\t\t\t\t\t\t\t\t\t\t<\/a>\n\t\t\t\t\t\t\t\t<\/li>\n\t\t\t\t\t\t\t\t\t\t\t\t\t\t\t\t\t\t\t\t\t\t\t\t\t\t\t\t\t\t\t<li >\n\t\t\t\t\t\t\t\t\t<a href=\"#ts-block-654cb83b0bfdd\">\n\t\t\t\t\t\t\t\t\t<div class=\"tab-title-container\">\n\t\t\t\t\t\t\t\t\t\t<h3>&#8220;Hirigunea eta Tren Geltokia&#8221; eremuak<\/h3>\n\t\t\t\t\t\t\t\t\t<\/div>\n\t\t\t\t\t\t\t\t\t\t\t\t\t\t\t\t\t\t<\/a>\n\t\t\t\t\t\t\t\t<\/li>\n\t\t\t\t\t\t\t\t\t\t\t\t\t\t\t\t\t\t\t\t\t\t\t\t\t\t\t\t\t\t\t<li >\n\t\t\t\t\t\t\t\t\t<a href=\"#ts-block-654cb83b0c003\">\n\t\t\t\t\t\t\t\t\t<div class=\"tab-title-container\">\n\t\t\t\t\t\t\t\t\t\t<h3>&#8220;Florida Aparkalekua&#8221; eremua<\/h3>\n\t\t\t\t\t\t\t\t\t<\/div>\n\t\t\t\t\t\t\t\t\t\t\t\t\t\t\t\t\t\t<\/a>\n\t\t\t\t\t\t\t\t<\/li>\n\t\t\t\t\t\t\t\t\t\t\t\t\t\t\t\t\t\t\t\t\t\t\t\t\t\t\t\t\t\t\t\t\t\t\t\n\t\t\t\t\t\t\t\t\t\t\t\t\t\t\n\t\t\t\t\t\t\t\t\t\t\t\t\t\t\n\t\t\t\t\t\t\t\t\t\t\t\t\t\t\n\t\t\t\t\t\t\t\t\t\t\t\t\t\t\t\t\t\t\t\n\t\t\t\t\t\t\t\t\t\t\t\t\t\t\n\t\t\t\t\t\t\t\t\t\t\t\t\t\t\n\t\t\t\t\t\t\t\t\t\t\t\t\t\t\n\t\t\t\t\t\t\t\t\t\t\t\t\t\t\t\t\t\t\t\n\t\t\t\t\t\t\t\t\t\t\t\t\t\t\n\t\t\t\t\t\t\t\t\t\t\t\t\t\t\n\t\t\t\t\t\t\t\t\t\t\t\t\t\t\n\t\t\t\t\t\t\t\t\t\t\t\t\t\t\n\t\t\t\t\t\t\t\t\t\t\t\t\t\t\n\t\t\t\t\t\t\t\t\t\t\t\t\t\t\t\t\t\t\t\n\t\t\t\t\t\t\t\t\t\t\t\t\t\t\n\t\t\t\t\t\t\t\t\t\t\t\t\t\t\n\t\t\t\t\t\t\t\t\t\t\t\t\t\t\n\t\t\t\t\t\t\t\t\t\t\t\t\t\t\n\t\t\t\t\t\t\t\t\t\t\t\t\t\t\n\t\t\t\t\t\t\t\t\t\t\t\t\t\t\n\t\t\t\t\t\t\t\t\t\t\t\t\t\t\n\t\t\t\t\t\t\t\t\t\t\t<\/ul>\n\t\t<div class=\"tabs-content\">\n<div id=\"ts-block-654cb83b0bfa4\"  class=\"\">\n\t<div class=\"acf-innerblocks-container\">\n\n<p>Eremu gorria (gehienez 10 orduz egunean)<br>Egunero (igande eta jaiegunak), 8:30tatik 12:30tara eta 14:00tatik 20:00tara, urte osoa:<br><strong>30 minutu : <\/strong>0,70 \u20ac <strong> ; ordu 1 : <\/strong>1,40 \u20ac <strong> ; 2 ordu : <\/strong>2.80 \u20ac <strong> ; 3 ordu : <\/strong>5,30 \u20ac <strong> ; 4 ordu :<\/strong> 7,80 \u20ac <strong> ; 5 ordu : <\/strong>12,50 \u20ac <strong> ; 6 ordu<\/strong> : 18 \u20ac <strong> ; 7 ordu<\/strong>: 21 \u20ac<strong>, 8 ordu<\/strong>: 24 \u20ac <strong> ; 9 ordu<\/strong> : 25 \u20ac <strong> eta 10 ordu : <\/strong>30 \u20ac<\/p>\n\n\n\n<p class=\"has-medium-font-size\"><strong>Hau da:<\/strong><\/p>\n\n\n\n<div class=\"wp-block-columns is-layout-flex wp-container-core-columns-is-layout-9d6595d7 wp-block-columns-is-layout-flex\">\n<div class=\"wp-block-column is-layout-flow wp-block-column-is-layout-flow\">\n<p>\u2022 ACACIAS, ARBOUSIERS, AUB\u00c9PINES eta ARMATONDE kaleak (kalearen 5. zenbakiaren eta Larrechtako bidearen arteko sekzioan).<br>\u2022 TXINGUDIKO BAIAN (Tulipiers kalearen eta Florako biribilgunearen arteko sekzioa).<br>\u2022 CH\u00c8VREFEUILLES, CL\u00c9MATITES, CITRONNIERS eta C\u00d4TE kaleak. <br>\u2022 PAUL SIMON aitaren biribildugean eta inguruan.<br>\u2022 \u00c9RABLES eta EUCALYPTUS kaleak. <br>\u2022 FIGUIERS, FLOTS, eta FLORE biribilgunean. <br>\u2022 IRUN kalea.<br>\u2022 JASMINS kalea<\/p>\n<\/div>\n\n\n\n<div class=\"wp-block-column is-layout-flow wp-block-column-is-layout-flow\">\n<p>\u2022 G\u00c9N\u00c9RAL LECLERC etorbidea eta LAURIERS ROSES kalea. <br>\u2022 MAGNOLIAS etorbidea, ITSAS etorbidea, MIMOSAS etorbidea eta M\u00dbRIERS kalea. <br>\u2022 N\u00c9FLIERS kalea.<br>\u2022 OLIVIERS eta ORANGERS kaleak.<br>\u2022 PLAQUEMINIERS, PINS, PRUNUS kaleak.<br>\u2022 PAUL SIMON aitaren biribildugean eta inguruan.<br>\u2022 SABLI\u00c8RE eta DONIBANE-LOHITZUNEKO kaleak.<br>\u2022 TULIPIERS kaleak.<br>\u2022 ELISSACILIO, SERINGATS, ROSEAUX eta PLATANES kaleak.<\/p>\n<\/div>\n<\/div>\n\n\n\n<p class=\"has-medium-font-size\"><strong>Salbuespena :<\/strong><\/p>\n\n\n\n<ul class=\"wp-block-list\">\n<li>ITSAS etorbidetik eta SOKOBURU aparkalekutik<strong><u>. Urte osoan<\/u><\/strong> ordaintzen da, egunero (igandeak eta jaiegunak barne), 8:30etik 12:30era eta 14:00etatik 20:00etara.<\/li>\n<\/ul>\n\n\n\n<p>ARMATONDE kalea, FLORIDE, ORANGERS, TRIBORD eta B\u00c2BORD aparkalekuak, <strong><u>ekainaren 15etik irailaren 15era, pagatu behar dira<\/u><\/strong>, egun guztietan (igandeak eta jaiegunak barne), 8:30etik 12:30era eta 14:00etatik 20:00etara.<\/p>\n\n<\/div><\/div>\n\n\n<div id=\"ts-block-654cb83b0bfdd\"  class=\"\">\n\t<div class=\"acf-innerblocks-container\">\n\n<ul class=\"wp-block-list\">\n<li><\/li>\n<\/ul>\n\n\n\n<p>Eremu urdina (gehienez 5 ordu egunean).<br>Egunero, 9:00etatik 12:00etara eta 14:00etatik 19:00etara, (igande eta jaiegunetan izan ezik):<br><strong>30 minutu<\/strong> : 0,70 \u20ac ; <strong>ordu 1<\/strong> : 1,40 \u20ac ; <strong>2 ordu <\/strong> : 2,80 \u20ac ; <strong>3 ordu<\/strong> : 5,30 \u20ac ; <strong>4 ordu<\/strong> : 7,80 \u20ac ; <strong>5 ordu<\/strong> : 17 \u20ac<\/p>\n\n\n\n<p class=\"has-medium-font-size\"><strong>Hau da:<\/strong><\/p>\n\n\n\n<p>\u2022 GENERAL DE GAULLE etorbidea,<br>\u2022 ELIZAREN kalea, Commandant PASSICOT kalea eta JAIZQUIBEL kalea,<br>\u2022 ASKATASUN kalea,<br>\u2022 PORTU kalea,<br>\u2022 ERREPUBLKA plaza,<br>\u2022 HALLE kalea,<br>\u2022 ALL\u00c9ES etorbidea,<br>\u2022 ESTAZIO kalea,<br>\u2022 COMMERCE kalea,<\/p>\n\n<\/div><\/div>\n\n\n<div id=\"ts-block-654cb83b0c003\"  class=\"\">\n\t<div class=\"acf-innerblocks-container\">\n\n<p>Berde eremua, eremu gorriko azpisektorea.<br>Egunero (igandeak eta jaiegunak barne), 8:30etik 12:30era eta 14:00etatik 20:00etara, ekainaren 15etik irailaren 15era:<br><strong>30 minutu<\/strong> : 0,70 \u20ac ; <strong>Ordu 1<\/strong> : 1,40 \u20ac ; <strong>2 ordu<\/strong> : 2.80 \u20ac ; <strong>3 ordu<\/strong> : 5,30 \u20ac ; <strong>4 ordu<\/strong> : 7,80 \u20ac ; <strong>5 ordu<\/strong> : 12,50 \u20ac ; <strong>6 ordu<\/strong> : 18 \u20ac ; <strong>7 ordu<\/strong>: 21 \u20ac, <strong>8 ordu<\/strong> : 24 \u20ac ; <strong>9 ordu<\/strong> : 25 \u20ac et <strong>10 ordu<\/strong> : 30 \u20ac<\/p>\n\n<\/div><\/div>\n\n<\/div> \n<\/div>\n\n\n<div style=\"height:30px\" aria-hidden=\"true\" class=\"wp-block-spacer\"><\/div>\n\n\n\n<section class=\"wp-block-group alignfull wave has-white-color has-blue-background-color has-text-color has-background\"><div class=\"wp-block-group__inner-container is-layout-constrained wp-block-group-is-layout-constrained\">\n<h3 class=\"wp-block-heading has-text-align-center has-white-color has-text-color\" style=\"font-style:normal;font-weight:300\"><\/h3>\n\n\n\n<h2 class=\"wp-block-heading has-text-align-center tilde has-white-color has-text-color\">Oporretako bonoa<\/h2>\n\n\n\n<p>OPORRETARAKO BONO sortu da. Baldintza izango da udalerrian urte-sasoiko alokairuko aterpea izatea, edozein lekutan (apartamentua\/etxea, hotela, kanpina, etab. ).<\/p>\n\n\n\n<p>Bonno honek 7 eguneko mugagabeko aparkaleku izateko eskubidea ematen du, eta 93 euroko prezioan.<br><strong>Zure eskaera,<\/strong> <a href=\"https:\/\/hendaye.e-habitants.com\/login\" target=\"_blank\" rel=\"noreferrer noopener\">https:\/\/hendaye.e-habitants.com\/login<\/a> mailaren bidez egizu, bertan honako hauek sar itzazkizu :<\/p>\n\n\n\n<ul class=\"wp-block-list\">\n<li>Ibilgailuaren txartel grisa<\/li>\n\n\n\n<li>Oporretako aterpe-proba<\/li>\n<\/ul>\n\n\n\n<p><strong>Xehetasun gehiago Udaletxean (05.59.48.23.15)<\/strong><\/p>\n\n\n\n<div style=\"height:30px\" aria-hidden=\"true\" class=\"wp-block-spacer\"><\/div>\n\n\n\n<p class=\"has-text-align-center\">Hendaiako Herriko Etxeko &#8220;Aparkatze&#8221; zerbitzua<br>Tel : <strong>05.59.48.23.15<\/strong><br>Maila : <a href=\"mailto:policemunicipale@hendaye.fr\" target=\"_blank\" rel=\"noreferrer noopener\">policemunicipale@hendaye.fr<\/a><\/p>\n\n\n\n<div style=\"height:30px\" aria-hidden=\"true\" class=\"wp-block-spacer\"><\/div>\n<\/div><\/section>\n\n\n\n<h2 class=\"wp-block-heading\">Ohar orokorrak<\/h2>\n\n\n\n<div class=\"wp-block-columns is-layout-flex wp-container-core-columns-is-layout-9d6595d7 wp-block-columns-is-layout-flex\">\n<div class=\"wp-block-column is-layout-flow wp-block-column-is-layout-flow\">\n<h3 class=\"wp-block-heading\">Helbaritasunentzat<\/h3>\n\n\n\n<p>Aparkalekuetan doan aparkatzea (makarona ikuten bada), parke itxietako aparkalekuetan izan ezik (hesia: adib. Sokoburuko aparkalekua).<\/p>\n\n\n\n<h3 class=\"wp-block-heading\">Aparkalekuak<\/h3>\n\n\n\n<p>Orangers kaleko aparkalekua udan ordaintzen da baina neguan urririk da. Sokoburuko aparkalekua urte osoan pagatu behar da.<\/p>\n\n\n\n<h3 class=\"wp-block-heading\">Zainketa<\/h3>\n\n\n\n<p>6 udal-agente (4 ASVP eta 2 polizia) arduratzen dira eremu eta aparkaleku desberdinak zaintzeaz eta 4 agente gehitzen dira udan.<\/p>\n\n\n\n<h3 class=\"wp-block-heading\">Horodatzailea ez bada ibiltzen<\/h3>\n\n\n\n<p>Hurbilenera joan. Ibiltzen ez dela adierazteko, Herriko etxeari deitu (05.59.48.23.23) eta adierazi marka akastunaren zenbakia.<\/p>\n\n\n\n<h3 class=\"wp-block-heading\">&#8220;Minutuko geldialdia&#8221; kokalekua<\/h3>\n\n\n\n<p>20 minutu egon litzateke<\/p>\n<\/div>\n\n\n\n<div class=\"wp-block-column is-layout-flow wp-block-column-is-layout-flow\">\n<h3 class=\"wp-block-heading\">Horodatzailearen aurpegi berria<\/h3>\n\n\n\n<p>Adi, <strong>teklak ukitu<\/strong> ( eta ez pantaila)!<\/p>\n\n\n\n<ol class=\"wp-block-list\">\n<li>Aparkatzea ordaindu (baita izena eman duten hendaiarrentzat ere): matrikula-zenbakia (teklatua) idatzi behar duzu (tarterik gabe).<\/li>\n\n\n\n<li><em>Aparkalekuaren ondoko plana<\/em>: aparkatu ondoko planaren zenbatekoa ordaindu behar baduzu.<\/li>\n\n\n\n<li><em>Xehetasun legalak<\/em><\/li>\n<\/ol>\n\n\n\n<h3 class=\"wp-block-heading\">Easypark aplikazioa<\/h3>\n\n\n\n<p><a href=\"https:\/\/www.easypark.com\/fr-fr\/telecharger?source_caller=ui&amp;shortlink=z2as03we&amp;c=fr-fr-download-app&amp;pid=one_web&amp;deep_link_value=download_app&amp;af_xp=custom&amp;af_channel=web\" target=\"_blank\" rel=\"noreferrer noopener\"><strong>Zure telefonoan (edo ordenagailuan) Easypark aplikazioa deskargatzean<\/strong><\/a>, molestatu gabe ordain dezakezu.<br><strong>Aplikazioaren onena<\/strong> : <strong>tiketetik gertu iraungiko dela jakinaraziko dizu mugikorrean.<\/strong><\/p>\n\n\n\n<h3 class=\"wp-block-heading\">PayByPhone aplikazioa<\/h3>\n\n\n\n<p>Flowbirdez gain, <a href=\"https:\/\/www.paybyphone.fr\/\" target=\"_blank\" rel=\"noreferrer noopener\">Paybyphone<\/a> aparkalekua ordaintzeko bakarrik erabiltzen da, eta ez du onartzen harpidetzarik eta F.P.S.<\/p>\n<\/div>\n<\/div>\n\n\n\n<div style=\"height:20px\" aria-hidden=\"true\" class=\"wp-block-spacer\"><\/div>\n\n\n\n<h3 class=\"wp-block-heading has-light-blue-background-color has-background\">Aparkalekuaren ondoko plana*<\/h3>\n\n\n\n<div class=\"wp-block-columns has-light-blue-background-color has-background is-layout-flex wp-container-core-columns-is-layout-9d6595d7 wp-block-columns-is-layout-flex\">\n<div class=\"wp-block-column is-layout-flow wp-block-column-is-layout-flow\">\n<p class=\"has-text-align-left\">Ordainketarik ez bada edo aski ez bada: <\/p>\n\n\n\n<ul class=\"wp-block-list\">\n<li>eremu gorria : 31 \u20ac.<\/li>\n\n\n\n<li>eremu urdina : 24 \u20ac.<\/li>\n<\/ul>\n\n\n\n<p>AOParen jakinarazpena egin eta 24 ordura, zure zorra zuzenean ordain dezakezu udalerriko edozein horodatzaileetan (bankuko txartela edo Easypark aplikazioa). Aparkatu ondoko paketetik horodatzaile zerbitzuan ordaindutako prezioa kenduko da.<\/p>\n\n\n\n<p>Bestela, aparkatu ondoko plana ordaintzeko gutuna N.A.A.I.tik jasoko duzu. (Arau-hausteen Tratamendu Automatizaturako Agentzia Nazionala).<\/p>\n\n\n\n<p><sub>*<em>Horoskopoa behar bezala hornitu ez baduzu, Bide Publikoaren Zaintzako agenteak aparkalekuaren ondoko paketea (LH) jarriko du haizetakoan. )&#8221; ordaindu beharko duzula (dela horodator batean, dela N.T.A.I.k bidalitako oharra jaso ondoren. ).<\/em><\/sub><br><br>AOP baten aurka egiteko ataria, <a href=\"https:\/\/www.hendaye.fr\/fr\/hendaye-pratique\/mobilite-stationnement\/le-stationnement\/les-contestations-et-recours-rapo\/\" target=\"_blank\" rel=\"noreferrer noopener\">RAPO prozedura<\/a> erabiliz.<\/p>\n<\/div>\n<\/div>\n\n\n\n<div style=\"height:30px\" aria-hidden=\"true\" class=\"wp-block-spacer\"><\/div>\n\n\n\n<h2 class=\"wp-block-heading\">AVERE terminal elektrikoak<\/h2>\n\n\n\n<p><a rel=\"noreferrer noopener\" href=\"http:\/\/www.avere-france.org\/ou-trouver-les-bornes-de-recharge-en-france,1027.html\" target=\"_blank\">Mugikortasun Elektrikoa Garatzeko Elkarte Nazionala<\/a><\/p>\n\n\n\n<ul class=\"wp-block-list\">\n<li>Lekueder aparkalekua: badge izivia, mobive, eneco, myev kargua<\/li>\n\n\n\n<li>Floride aparkalekua : badge izivia, mobive, eneco, charge myev<\/li>\n\n\n\n<li>Intermarch\u00e9 aparkalekua: 1 ordu doan bezeroentzat (dendako harreran eskatu, irekitzeko orduetan bakarrik)<\/li>\n\n\n\n<li>Lidl aparkalekua : urririk<\/li>\n\n\n\n<li><a rel=\"noreferrer noopener\" href=\"https:\/\/www.hendaye-tourisme.fr\/fr\/se-loger\/hotels\/1357-hotel%20campanile\" target=\"_blank\">Campanile hotela<\/a> :6 ordainketa-terminal guztientzat.<\/li>\n\n\n\n<li><a rel=\"noreferrer noopener\" href=\"https:\/\/www.hendaye-tourisme.fr\/fr\/se-loger\/hotels\/1419-hotel-restaurant%20santiago\" target=\"_blank\">Santiago<\/a> eta <a rel=\"noreferrer noopener\" href=\"https:\/\/www.hendaye-tourisme.fr\/fr\/se-loger\/hotels\/1476-relais%20thalasso%20hotel%20serge%20blanco\" target=\"_blank\">Relais Thalasso hotelak<\/a>: doako kargatzea bezeroentzat<\/li>\n<\/ul>\n","protected":false},"excerpt":{"rendered":"<p>Hendaiako aparkalekuak, egonaldia errazteko eginak dira. Ibilaldi azkar baterako edo aparkaleku seguru baterako urririko toki bat bilatzen baduzu, hemen aurkituko duzu behar duzun informazio guztia. Aparkatze araudia oso inportantea da, baita joan-etorriak edo bideberdeak egitea ere. Urririko eta ordainpeko aparkalekuen zerrenda : Eremuak &amp; kostuak Oporretako bonoa OPORRETARAKO BONO sortu [&hellip;]<\/p>\n","protected":false},"author":1,"featured_media":1336,"parent":0,"menu_order":0,"comment_status":"closed","ping_status":"closed","template":"","meta":{"_acf_changed":false,"_seopress_robots_primary_cat":"","_seopress_titles_title":"","_seopress_titles_desc":"","_seopress_robots_index":"","footnotes":""},"class_list":["post-35017","page","type-page","status-publish","has-post-thumbnail","hentry"],"acf":[],"_links":{"self":[{"href":"https:\/\/www.hendaye-tourisme.fr\/eu\/wp-json\/wp\/v2\/pages\/35017","targetHints":{"allow":["GET"]}}],"collection":[{"href":"https:\/\/www.hendaye-tourisme.fr\/eu\/wp-json\/wp\/v2\/pages"}],"about":[{"href":"https:\/\/www.hendaye-tourisme.fr\/eu\/wp-json\/wp\/v2\/types\/page"}],"author":[{"embeddable":true,"href":"https:\/\/www.hendaye-tourisme.fr\/eu\/wp-json\/wp\/v2\/users\/1"}],"replies":[{"embeddable":true,"href":"https:\/\/www.hendaye-tourisme.fr\/eu\/wp-json\/wp\/v2\/comments?post=35017"}],"version-history":[{"count":2,"href":"https:\/\/www.hendaye-tourisme.fr\/eu\/wp-json\/wp\/v2\/pages\/35017\/revisions"}],"predecessor-version":[{"id":90293,"href":"https:\/\/www.hendaye-tourisme.fr\/eu\/wp-json\/wp\/v2\/pages\/35017\/revisions\/90293"}],"wp:featuredmedia":[{"embeddable":true,"href":"https:\/\/www.hendaye-tourisme.fr\/eu\/wp-json\/wp\/v2\/media\/1336"}],"wp:attachment":[{"href":"https:\/\/www.hendaye-tourisme.fr\/eu\/wp-json\/wp\/v2\/media?parent=35017"}],"curies":[{"name":"wp","href":"https:\/\/api.w.org\/{rel}","templated":true}]}}