{"id":34896,"date":"2024-04-25T09:26:30","date_gmt":"2024-04-25T07:26:30","guid":{"rendered":"https:\/\/www.hendaye-tourisme.fr\/?page_id=34896"},"modified":"2026-03-19T12:18:29","modified_gmt":"2026-03-19T11:18:29","slug":"andaye-oroitzapenen-hiria","status":"publish","type":"page","link":"https:\/\/www.hendaye-tourisme.fr\/eu\/andaye-oroitzapenen-hiria\/","title":{"rendered":"Oroitzapenen Hiria"},"content":{"rendered":"\n<div class=\"wp-block-columns is-layout-flex wp-container-core-columns-is-layout-9d6595d7 wp-block-columns-is-layout-flex\">\n<div class=\"wp-block-column is-layout-flow wp-block-column-is-layout-flow\" style=\"flex-basis:33.33%\"><div class=\"highlight-bloc-container \" id=\"ts-block-65368af54ee28\"  >\n\t<div class=\"highlight-bloc-content\">\n\t\t<div class=\"acf-innerblocks-container\">\n\n<p>Prest zira era ludiko eta interaktiboan Euskal Herriko eta Hendaiako historia ezagutzeko denboran zehar ?<\/p>\n\n<\/div>\t<\/div>\n<\/div>\n<\/div>\n\n\n\n<div class=\"wp-block-column is-layout-flow wp-block-column-is-layout-flow\" style=\"flex-basis:66.66%\">\n<p>Oroitzapenen hiria 2024ko uztailaren 17an ireki zen. Honek<sup> XVII<\/sup>. mendeko sorginkeriatik XX. mendeko gatazketaraino eramanen zaitu, arkitektura neo-klasiko, kontrabandoa, gastronomia eta noski, muga eta aduana historietatik pasatuz.<\/p>\n\n\n\n<p>Proposaturiko bildumek obra garrantzitsuen kopiak eskainiko dituzte, hala nola Goya, Versaillesetik, Parisko Grand Palaisetik, Madrilgo edo Londresko museoetatik\u2026 <\/p>\n\n\n\n<p>Publiko guztiei zuzendua, huts egin ezin den bisita toki bat. Emozioak segurtatuak ! <\/p>\n\n\n\n<div style=\"height:57px\" aria-hidden=\"true\" class=\"wp-block-spacer\"><\/div>\n\n\n\n<div class=\"wp-block-buttons is-content-justification-center is-layout-flex wp-container-core-buttons-is-layout-16018d1d wp-block-buttons-is-layout-flex\">\n<div class=\"wp-block-button is-style-fill\"><a class=\"wp-block-button__link has-blue-background-color has-background wp-element-button\" href=\"https:\/\/tinyurl.com\/2xndwe2k\" target=\"_blank\" rel=\"noreferrer noopener\">Museoarentzat erreserbatzen dut<\/a><\/div>\n\n\n\n<div class=\"wp-block-button is-style-fill\"><a class=\"wp-block-button__link has-blue-background-color has-background wp-element-button\" href=\"https:\/\/reservation.elloha.com\/?IdPublication=4c243499-1f0f-446c-af3c-93c68ca5e238culture=fr-FRidoi=71605099-461b-4abc-85cb-b345da81aa40idPrestation=0c28da3f-f25d-4a42-b5a5-35cc99942341searchFirstAvailableDates=1\" target=\"_blank\" rel=\"noreferrer noopener\">Escape game-arentzat erreserbatzen dut<\/a><\/div>\n<\/div>\n<\/div>\n<\/div>\n\n\n\t<div id=\"ts-block-660173aea63f6\">\n\t\n\t\t<!-- Slider main container -->\n\t\t\t\t<div class=\"swiper-container\">\n\t\t\t<div class=\"swiper swiper-ts-block-660173aea63f6\" data-block_id=\"ts-block-660173aea63f6\">\n\t\t\n\t\t\t<div class=\"carrousel-container swiper-wrapper img-zoom \" data-nb_col=\"3\">\n\t\t\t\t\t\t\t\t\t<article class=\"cover  swiper-slide\" style=\"min-height: 250px;\">\n\t\t\t\t\t\t\n\t<figure class=\"is-style-copyright\">\n\t\t<img decoding=\"async\" width=\"800\" height=\"533\" src=\"https:\/\/www.hendaye-tourisme.fr\/wp-content\/uploads\/2024\/07\/cite-des-memoires-hendaye-tourisme-10-800x533.jpg\" class=\"attachment-medium size-medium\" alt=\"enfants qui exp\u00e9rimentent le jeu interactif\" srcset=\"https:\/\/www.hendaye-tourisme.fr\/wp-content\/uploads\/2024\/07\/cite-des-memoires-hendaye-tourisme-10-800x533.jpg 800w, https:\/\/www.hendaye-tourisme.fr\/wp-content\/uploads\/2024\/07\/cite-des-memoires-hendaye-tourisme-10-1024x682.jpg 1024w, https:\/\/www.hendaye-tourisme.fr\/wp-content\/uploads\/2024\/07\/cite-des-memoires-hendaye-tourisme-10-768x512.jpg 768w, https:\/\/www.hendaye-tourisme.fr\/wp-content\/uploads\/2024\/07\/cite-des-memoires-hendaye-tourisme-10.jpg 1400w\" sizes=\"(max-width: 800px) 100vw, 800px\" \/>\t\t\t\t<figcaption class=\"carrousel-content has-text-align-center\" style=\"justify-content: center\">\n\t\t\t<div>\n\t\t\t\t<h3 class=\" \"><\/h3>\n\t\t\t\t\t\t\t<\/div>\n\t\t\t\t\t<\/figcaption>\n\t\t\t\t\t<span class=\"image-credit\"><span class=\"copy-sign\">\u00a9<\/span><span class=\"copy-content\">Un groupe d&#8217;enfants testant le jeu interactif<\/span><\/span>\t\t\t\t\n\t\t\t<\/figure>\n\t\n\n\n\n\t\t\t\t\t<\/article>\n\t\t\t\t\t\t\t\t\t<article class=\"cover  swiper-slide\" style=\"min-height: 250px;\">\n\t\t\t\t\t\t\n\t<figure class=\"is-style-copyright\">\n\t\t<img decoding=\"async\" width=\"800\" height=\"533\" src=\"https:\/\/www.hendaye-tourisme.fr\/wp-content\/uploads\/2024\/07\/cite-des-memoires-hendaye-tourisme-8-800x533.jpg\" class=\"attachment-medium size-medium\" alt=\"Une famille au centre d&#039;interpr\u00e9tation\" srcset=\"https:\/\/www.hendaye-tourisme.fr\/wp-content\/uploads\/2024\/07\/cite-des-memoires-hendaye-tourisme-8-800x533.jpg 800w, https:\/\/www.hendaye-tourisme.fr\/wp-content\/uploads\/2024\/07\/cite-des-memoires-hendaye-tourisme-8-1024x682.jpg 1024w, https:\/\/www.hendaye-tourisme.fr\/wp-content\/uploads\/2024\/07\/cite-des-memoires-hendaye-tourisme-8-768x512.jpg 768w, https:\/\/www.hendaye-tourisme.fr\/wp-content\/uploads\/2024\/07\/cite-des-memoires-hendaye-tourisme-8.jpg 1400w\" sizes=\"(max-width: 800px) 100vw, 800px\" \/>\t\t\t\t<figcaption class=\"carrousel-content has-text-align-center\" style=\"justify-content: center\">\n\t\t\t<div>\n\t\t\t\t<h3 class=\" \"><\/h3>\n\t\t\t\t\t\t\t<\/div>\n\t\t\t\t\t<\/figcaption>\n\t\t\t\t\t<span class=\"image-credit\"><span class=\"copy-sign\">\u00a9<\/span><span class=\"copy-content\">Une famille qui d\u00e9couvre les \u0153uvres du centre d&#8217;interpr\u00e9tation<\/span><\/span>\t\t\t\t\n\t\t\t<\/figure>\n\t\n\n\n\n\t\t\t\t\t<\/article>\n\t\t\t\t\t\t\t\t\t<article class=\"cover  swiper-slide\" style=\"min-height: 250px;\">\n\t\t\t\t\t\t\n\t<figure class=\"is-style-copyright\">\n\t\t<img decoding=\"async\" width=\"800\" height=\"533\" src=\"https:\/\/www.hendaye-tourisme.fr\/wp-content\/uploads\/2024\/07\/cite-des-memoires-hendaye-tourisme-25-800x533.jpg\" class=\"attachment-medium size-medium\" alt=\"Une famille qui d\u00e9couvre un reportage\" srcset=\"https:\/\/www.hendaye-tourisme.fr\/wp-content\/uploads\/2024\/07\/cite-des-memoires-hendaye-tourisme-25-800x533.jpg 800w, https:\/\/www.hendaye-tourisme.fr\/wp-content\/uploads\/2024\/07\/cite-des-memoires-hendaye-tourisme-25-1024x682.jpg 1024w, https:\/\/www.hendaye-tourisme.fr\/wp-content\/uploads\/2024\/07\/cite-des-memoires-hendaye-tourisme-25-768x512.jpg 768w, https:\/\/www.hendaye-tourisme.fr\/wp-content\/uploads\/2024\/07\/cite-des-memoires-hendaye-tourisme-25.jpg 1400w\" sizes=\"(max-width: 800px) 100vw, 800px\" \/>\t\t\t\t<figcaption class=\"carrousel-content has-text-align-center\" style=\"justify-content: center\">\n\t\t\t<div>\n\t\t\t\t<h3 class=\" \"><\/h3>\n\t\t\t\t\t\t\t<\/div>\n\t\t\t\t\t<\/figcaption>\n\t\t\t\t\t<span class=\"image-credit\"><span class=\"copy-sign\">\u00a9<\/span><span class=\"copy-content\">Une famille qui d\u00e9couvre un reportage<\/span><\/span>\t\t\t\t\n\t\t\t<\/figure>\n\t\n\n\n\n\t\t\t\t\t<\/article>\n\t\t\t\t\t\t\t\t\t<article class=\"cover  swiper-slide\" style=\"min-height: 250px;\">\n\t\t\t\t\t\t\n\t<figure class=\"is-style-copyright\">\n\t\t<img decoding=\"async\" width=\"800\" height=\"533\" src=\"https:\/\/www.hendaye-tourisme.fr\/wp-content\/uploads\/2024\/07\/cite-des-memoires-hendaye-tourisme-18-1-800x533.jpg\" class=\"attachment-medium size-medium\" alt=\"D\u00e9couverte d&#039;une maquette\" srcset=\"https:\/\/www.hendaye-tourisme.fr\/wp-content\/uploads\/2024\/07\/cite-des-memoires-hendaye-tourisme-18-1-800x533.jpg 800w, https:\/\/www.hendaye-tourisme.fr\/wp-content\/uploads\/2024\/07\/cite-des-memoires-hendaye-tourisme-18-1-1024x682.jpg 1024w, https:\/\/www.hendaye-tourisme.fr\/wp-content\/uploads\/2024\/07\/cite-des-memoires-hendaye-tourisme-18-1-768x512.jpg 768w, https:\/\/www.hendaye-tourisme.fr\/wp-content\/uploads\/2024\/07\/cite-des-memoires-hendaye-tourisme-18-1.jpg 1400w\" sizes=\"(max-width: 800px) 100vw, 800px\" \/>\t\t\t\t<figcaption class=\"carrousel-content has-text-align-center\" style=\"justify-content: center\">\n\t\t\t<div>\n\t\t\t\t<h3 class=\" \"><\/h3>\n\t\t\t\t\t\t\t<\/div>\n\t\t\t\t\t<\/figcaption>\n\t\t\t\t\t<span class=\"image-credit\"><span class=\"copy-sign\">\u00a9<\/span><span class=\"copy-content\">Les enfants d\u00e9couvrent la maquette<\/span><\/span>\t\t\t\t\n\t\t\t<\/figure>\n\t\n\n\n\n\t\t\t\t\t<\/article>\n\t\t\t\t\t\t\t\t\t<article class=\"cover  swiper-slide\" style=\"min-height: 250px;\">\n\t\t\t\t\t\t\n\t<figure class=\"is-style-copyright\">\n\t\t<img decoding=\"async\" width=\"800\" height=\"533\" src=\"https:\/\/www.hendaye-tourisme.fr\/wp-content\/uploads\/2024\/07\/cite-des-memoires-hendaye-tourisme-27-800x533.jpg\" class=\"attachment-medium size-medium\" alt=\"Une famille\" srcset=\"https:\/\/www.hendaye-tourisme.fr\/wp-content\/uploads\/2024\/07\/cite-des-memoires-hendaye-tourisme-27-800x533.jpg 800w, https:\/\/www.hendaye-tourisme.fr\/wp-content\/uploads\/2024\/07\/cite-des-memoires-hendaye-tourisme-27-1024x682.jpg 1024w, https:\/\/www.hendaye-tourisme.fr\/wp-content\/uploads\/2024\/07\/cite-des-memoires-hendaye-tourisme-27-768x512.jpg 768w, https:\/\/www.hendaye-tourisme.fr\/wp-content\/uploads\/2024\/07\/cite-des-memoires-hendaye-tourisme-27.jpg 1400w\" sizes=\"(max-width: 800px) 100vw, 800px\" \/>\t\t\t\t<figcaption class=\"carrousel-content has-text-align-center\" style=\"justify-content: center\">\n\t\t\t<div>\n\t\t\t\t<h3 class=\" \"><\/h3>\n\t\t\t\t\t\t\t<\/div>\n\t\t\t\t\t<\/figcaption>\n\t\t\t\t\t<span class=\"image-credit\"><span class=\"copy-sign\">\u00a9<\/span><span class=\"copy-content\">Une famille observant la l&#8217;ancienne monnaie<\/span><\/span>\t\t\t\t\n\t\t\t<\/figure>\n\t\n\n\n\n\t\t\t\t\t<\/article>\n\t\t\t\t\t\t\t\t\t<article class=\"cover  swiper-slide\" style=\"min-height: 250px;\">\n\t\t\t\t\t\t\n\t<figure class=\"is-style-copyright\">\n\t\t<img decoding=\"async\" width=\"800\" height=\"600\" src=\"https:\/\/www.hendaye-tourisme.fr\/wp-content\/uploads\/2024\/07\/20240628_115444-800x600.jpg\" class=\"attachment-medium size-medium\" alt=\"Pose des \u0153uvres dans la salle\" srcset=\"https:\/\/www.hendaye-tourisme.fr\/wp-content\/uploads\/2024\/07\/20240628_115444-800x600.jpg 800w, https:\/\/www.hendaye-tourisme.fr\/wp-content\/uploads\/2024\/07\/20240628_115444-1024x768.jpg 1024w, https:\/\/www.hendaye-tourisme.fr\/wp-content\/uploads\/2024\/07\/20240628_115444-768x576.jpg 768w, https:\/\/www.hendaye-tourisme.fr\/wp-content\/uploads\/2024\/07\/20240628_115444-1536x1152.jpg 1536w, https:\/\/www.hendaye-tourisme.fr\/wp-content\/uploads\/2024\/07\/20240628_115444-scaled.jpg 2048w\" sizes=\"(max-width: 800px) 100vw, 800px\" \/>\t\t\t\t<figcaption class=\"carrousel-content has-text-align-center\" style=\"justify-content: center\">\n\t\t\t<div>\n\t\t\t\t<h3 class=\" \"><\/h3>\n\t\t\t\t\t\t\t<\/div>\n\t\t\t\t\t<\/figcaption>\n\t\t\t\t\t<span class=\"image-credit\"><span class=\"copy-sign\">\u00a9<\/span><span class=\"copy-content\">Pose des \u0153uvres dans la salle  de la contrebande<\/span><\/span>\t\t\t\t\n\t\t\t<\/figure>\n\t\n\n\n\n\t\t\t\t\t<\/article>\n\t\t\t\t\t\t\t<\/div>\n\t\t\t\n\t\t\t\t\t\t<!-- If we need pagination -->\n\t\t\t\t<!--<div class=\"swiper-pagination\"><\/div>-->\n\n\t\t\t<\/div>\n\t\t\t<!-- If we need navigation buttons -->\n\t\t\t<div\n\t\t\t\tclass=\"swiper-button-prev prev-ts-block-660173aea63f6\"\n\t\t\t\trole=\"button\"\n\t\t\t\ttabindex=\"0\"\n\t\t\t\taria-label=\"Previous slide\"\n\t\t\t>\n\t\t\t\t<span class=\"sr-only\">Previous slide<\/span>\n\t\t\t<\/div>\n\n\t\t\t<div\n\t\t\t\tclass=\"swiper-button-next next-ts-block-660173aea63f6\"\n\t\t\t\trole=\"button\"\n\t\t\t\ttabindex=\"0\"\n\t\t\t\taria-label=\"Next slide\"\n\t\t\t>\n\t\t\t\t<span class=\"sr-only\">Next slide<\/span>\n\t\t\t<\/div>\n\n\t\t<\/div>\n\t\t\t<\/div>\n\n\n\n<div style=\"height:30px\" aria-hidden=\"true\" class=\"wp-block-spacer\"><\/div>\n\n\n\n<section class=\"wp-block-group alignfull wave has-white-color has-blue-background-color has-text-color has-background\"><div class=\"wp-block-group__inner-container is-layout-constrained wp-block-group-is-layout-constrained\">\n<h3 class=\"wp-block-heading has-text-align-center has-white-color has-text-color\" style=\"font-style:normal;font-weight:300\"><\/h3>\n\n\n\n<h2 class=\"wp-block-heading has-text-align-center tilde has-white-color has-text-color\">Denboran iragan<br>eta sartu zaitez historia erdian<\/h2>\n\n\n\n<p>Murgildu zaitez<strong> Euskal Herriko historia liluragarrian 9 salen bitartez<\/strong>.<\/p>\n\n\n\n<p>Oroitzapenen hiriak euskal mitologiaren jatorritik Bidasoa ibaiaren gatazketara garraiatuko zaitu beste hainbat gaietatik pasatuz.<\/p>\n\n\n\n<p><strong>Lekuak molde interaktibo bati esker<\/strong>, trebeki nahasten ditu erakusketa salak <strong>obra nagusien kopiekin<\/strong>, Versailles-etik edota Europako museo <strong>desberdinetatik heldu direnak<\/strong>.<strong> <\/strong> <\/p>\n<\/div><\/section>\n\n\n\n<div style=\"height:30px\" aria-hidden=\"true\" class=\"wp-block-spacer\"><\/div>\n\n\n\n<div style=\"height:30px\" aria-hidden=\"true\" class=\"wp-block-spacer\"><\/div>\n\n\n\n<p class=\"has-text-align-center has-blue-color has-text-color has-link-color wp-elements-5cfc02a2ad7d86faecbbeb0a7938a701\">Murgiltze tenporal bat urte osoan zehar bizitzeko ! <\/p>\n\n\n\n<p class=\"has-text-align-center has-blue-color has-text-color has-link-color wp-elements-02e60857fcc923d87a0055eed453eafa\">Eta zuen bisita segitzeko, Etienne Pellot, azken hendaiar kortsarioari buruzko Escape-Game bat proposatua zaizue. <\/p>\n\n\n\n<p class=\"has-text-align-center has-blue-color has-text-color has-link-color wp-elements-667a03e987784c1ec5e813e61646a0aa\"><strong>Prest esperientzia bizitzeko? Erreserbatu zure sarrera!  <\/strong><\/p>\n\n\n\n<div style=\"height:30px\" aria-hidden=\"true\" class=\"wp-block-spacer\"><\/div>\n\n\n\n<div style=\"height:30px\" aria-hidden=\"true\" class=\"wp-block-spacer\"><\/div>\n\n\n\n<div class=\"tabs-container tabs-alt\" id=\"ts-block-65563131b6dfc\" > \n\t\t\t<ul>\n\t\t\t\t\t\t\t\t\n\t\t\t\t\t\t\t\t\t\t\t\t\t\t\t\t\t\t\t\n\t\t\t\t\t\t\t\t\t\t\t\t\t\t\n\t\t\t\t\t\t\t\t\t\t\t\t\t\t\n\t\t\t\t\t\t\t\t\t\t\t\t\t\t\n\t\t\t\t\t\t\t\t\t\t\t\t\t\t\n\t\t\t\t\t\t\t\t\t\t\t\t\t\t\n\t\t\t\t\t\t\t\t\t\t\t\t\t\t\t\t\t\t\t\n\t\t\t\t\t\t\t\t\t\t\t\t\t\t\n\t\t\t\t\t\t\t\t\t\t\t\t\t\t\n\t\t\t\t\t\t\t\t\t\t\t\t\t\t\n\t\t\t\t\t\t\t\t\t\t\t\t\t\t\n\t\t\t\t\t\t\t\t\t\t\t\t\t\t\n\t\t\t\t\t\t\t\t\t\t\t\t\t\t\n\t\t\t\t\t\t\t\t\t\t\t\t\t\t\n\t\t\t\t\t\t\t\t\t\t\t\t\t\t\n\t\t\t\t\t\t\t\t\t\t\t\t\t\t\n\t\t\t\t\t\t\t\t\t\t\t\t\t\t\n\t\t\t\t\t\t\t\t\t\t\t\t\t\t\n\t\t\t\t\t\t\t\t\t\t\t\t\t\t\n\t\t\t\t\t\t\t\t\t\t\t\t\t\t\n\t\t\t\t\t\t\t\t\t\t\t\t\t\t\n\t\t\t\t\t\t\t\t\t\t\t\t\t\t\n\t\t\t\t\t\t\t\t\t\t\t\t\t\t\t\t\t\t\t\t\t\t\t\t\t\t\t\t\t\t\t\t\t\t<li >\n\t\t\t\t\t\t\t\t\t<a href=\"#ts-block-65563131b79ee\">\n\t\t\t\t\t\t\t\t\t<div class=\"tab-title-container\">\n\t\t\t\t\t\t\t\t\t\t<h3>Informazio praktikoak<\/h3>\n\t\t\t\t\t\t\t\t\t<\/div>\n\t\t\t\t\t\t\t\t\t\t\t\t\t\t\t\t\t\t<\/a>\n\t\t\t\t\t\t\t\t<\/li>\n\t\t\t\t\t\t\t\t\t\t\t\t\t\t\t\t\t\t\t\t\t\t\t\t\t\t\t\t\t\t\t<li >\n\t\t\t\t\t\t\t\t\t<a href=\"#ts-block-65563131b7a20\">\n\t\t\t\t\t\t\t\t\t<div class=\"tab-title-container\">\n\t\t\t\t\t\t\t\t\t\t<h3>Prezioak<\/h3>\n\t\t\t\t\t\t\t\t\t<\/div>\n\t\t\t\t\t\t\t\t\t\t\t\t\t\t\t\t\t\t<\/a>\n\t\t\t\t\t\t\t\t<\/li>\n\t\t\t\t\t\t\t\t\t\t\t\t\t\t\t\t\t\t\t\t\t\t\t\t\t\t\t\t\t\t\t\t\t\t\t\n\t\t\t\t\t\t\t\t\t\t\t\t\t\t\n\t\t\t\t\t\t\t\t\t\t\t\t\t\t\n\t\t\t\t\t\t\t\t\t\t\t\t\t\t\n\t\t\t\t\t\t\t\t\t\t\t\t\t\t\n\t\t\t\t\t\t\t\t\t\t\t\t\t\t\n\t\t\t\t\t\t\t\t\t\t\t\t\t\t\t\t\t\t\t\n\t\t\t\t\t\t\t\t\t\t\t\t\t\t\n\t\t\t\t\t\t\t\t\t\t\t\t\t\t\n\t\t\t\t\t\t\t\t\t\t\t\t\t\t\n\t\t\t\t\t\t\t\t\t\t\t<\/ul>\n\t\t<div class=\"tabs-content\">\n<div id=\"ts-block-65563131b79ee\"  class=\"\">\n\t<div class=\"acf-innerblocks-container\">\n\n<h3 class=\"wp-block-heading\">Informazio praktikoak:<\/h3>\n\n\n\n<ul class=\"wp-block-list\">\n<li><strong>Aparkatzeko<\/strong>: Posible da Hendaia zentroan den Indigo aparkalekuan autoa uztea.<\/li>\n\n\n\n<li><strong>PMR-entzat sartze erraza<\/strong>. <\/li>\n\n\n\n<li><strong>Bisita hizkuntza desberdinetan egitea posible da<\/strong>: Euskaraz, Frantsesez, Ingelesez, Gazteleraz, Alemanez, Holandesez, Italieraz eta Portugesez.<\/li>\n\n\n\n<li><strong>Ordaintzeko moldeak<\/strong> : Txekez, diruz, opor txekez eta kreditu txartelaz.<\/li>\n\n\n\n<li><strong>Taldeen bisitentzat<\/strong>, <a href=\"https:\/\/form.jotform.com\/23252277019350\"><strong>kontaktatu gaitzazu<\/strong><\/a>. Autobus geldilekua 400 metrotan.<\/li>\n\n\n\n<li><strong>Zakuak eta ume kotxeak sarrerako<\/strong> <strong>kontsignan utzi behar dira.<\/strong><\/li>\n<\/ul>\n\n<\/div><\/div>\n\n\n<div id=\"ts-block-65563131b7a20\"  class=\"\">\n\t<div class=\"acf-innerblocks-container\">\n\n<h3 class=\"wp-block-heading\">Prezioak<\/h3>\n\n\n\n<ul class=\"wp-block-list\">\n<li><strong>Helduak :<\/strong> 8,80 \u20ac <\/li>\n\n\n\n<li><strong>Haurrak (6-13 urte artean) :<\/strong> 4,40 \u20ac <\/li>\n\n\n\n<li><strong>Gazteak (14-18 urte artean) :<\/strong> 5,50 \u20ac <\/li>\n\n\n\n<li><strong>Ikasleak (25 urte arte) :<\/strong> 6,20 \u20ac <\/li>\n\n\n\n<li><strong>Familientzat (2 heldu + 2 edo 3 haur)<\/strong> : 23,10 \u20ac<\/li>\n\n\n\n<li><strong>Talde bisitentzat<\/strong> <a href=\"https:\/\/form.jotform.com\/23252277019350\"><strong>kontakta gaitzazu<\/strong>.<\/a><\/li>\n<\/ul>\n\n<\/div><\/div>\n\n<\/div> \n<\/div>\n\n\n<div style=\"height:47px\" aria-hidden=\"true\" class=\"wp-block-spacer\"><\/div>\n\n\n\n<h2 class=\"wp-block-heading\">Ordutegia<\/h2>\n\n\n\n<div class=\"wp-block-columns has-light-blue-background-color has-background is-layout-flex wp-container-core-columns-is-layout-9d6595d7 wp-block-columns-is-layout-flex\">\n<div class=\"wp-block-column is-layout-flow wp-block-column-is-layout-flow\">\n<h3 class=\"wp-block-heading has-text-align-center has-blue-color has-text-color\"><em>Oroitzapenen Hiria<\/em><\/h3>\n\n\n\n<div style=\"height:14px\" aria-hidden=\"true\" class=\"wp-block-spacer\"><\/div>\n\n\n\n<p class=\"has-text-align-center\"><strong>Urte osoan idekia<\/strong><br>(<em>salbu maiatzak 1, abuztuak 9 eta abenduak 24,25 eta 31<\/em>)<\/p>\n\n\n\n<div style=\"height:15px\" aria-hidden=\"true\" class=\"wp-block-spacer\"><\/div>\n\n\n\n<p class=\"has-text-align-center\"><strong>Urtarrila-martxoara<\/strong>:<br>Astelehena eta asteartea (goizean itxita):<br>14:00 \u2013 18:00<br>Asteazkena-larunbata:<br>10:00 \u2013 12:30 \/ 14:00 \u2013 18:00<br>Igandea: Itxita<\/p>\n\n\n\n<p class=\"has-text-align-center\"><strong>Apiriletik ekainera<\/strong>:<br>Astelehenetik larunbatera:<br>10:00 \u2013 12:30 \/ 14:00 \u2013 18:00<br>Igandea (goizean itxita):<br>14:00 \u2013 18:00<\/p>\n\n\n\n<p class=\"has-text-align-center\"><strong>Uztaila eta abuztua:<\/strong><br>Egunero<br>10:00 \u2013 18:30<\/p>\n\n\n\n<p class=\"has-text-align-center\"><strong>Iraila:<\/strong><br>Astelehenetik larunbatera:<br>10:00 \u2013 12:30 \/ 14:00 \u2013 18:00<br>Igandea (goizean itxita):<br>14:00 \u2013 18:00<\/p>\n\n\n\n<p class=\"has-text-align-center\"><strong>Urritik abendura:<\/strong><br>Astelehena eta asteartea (goizean itxita):<br>14:00 \u2013 18:00<br>Asteazkenera arte:<br>10:00 \u2013 12:30 \/ 14:00 \u2013 18:00<br>Igandea: Itxita<\/p>\n\n\n\n<div style=\"height:50px\" aria-hidden=\"true\" class=\"wp-block-spacer\"><\/div>\n\n\n\n<div class=\"wp-block-buttons is-horizontal is-content-justification-center is-nowrap is-layout-flex wp-container-core-buttons-is-layout-fc65f29c wp-block-buttons-is-layout-flex\">\n<div class=\"wp-block-button\"><a class=\"wp-block-button__link has-blue-background-color has-background wp-element-button\" href=\"https:\/\/tinyurl.com\/2xndwe2k\" target=\"_blank\" rel=\"noreferrer noopener\">Museoarentzat erreserbatzen dut<\/a><\/div>\n\n\n\n<div class=\"wp-block-button\"><a class=\"wp-block-button__link has-blue-background-color has-background wp-element-button\" href=\"https:\/\/reservation.elloha.com\/?IdPublication=4c243499-1f0f-446c-af3c-93c68ca5e238culture=fr-FRidoi=71605099-461b-4abc-85cb-b345da81aa40idPrestation=0c28da3f-f25d-4a42-b5a5-35cc99942341searchFirstAvailableDates=1\" target=\"_blank\" rel=\"noreferrer noopener\">Escape game-arentzat erreserbatzen <strong>dut<\/strong><\/a><\/div>\n<\/div>\n\n\n\n<div style=\"height:20px\" aria-hidden=\"true\" class=\"wp-block-spacer\"><\/div>\n<\/div>\n\n\n\n<div class=\"wp-block-column is-vertically-aligned-center is-layout-flow wp-block-column-is-layout-flow\">\n<p class=\"has-text-align-center\"><strong>26, Elizako karrika<\/strong><br><strong>64700 HENDAIA<\/strong><\/p>\n\n\n\n<p class=\"has-text-align-center\"><strong>Tel: 05 59 06 81 90<\/strong><\/p>\n\n\n\n<h3 class=\"wp-block-heading has-text-align-center\">Egoera<\/h3>\n\n\n\n<div style=\"height:30px\" aria-hidden=\"true\" class=\"wp-block-spacer\"><\/div>\n\n\n\n<center><iframe width=\"100%\" height=\"300px\" frameborder=\"0\" allowfullscreen=\"\" allow=\"geolocation\" src=\"\/\/umap.openstreetmap.fr\/fr\/map\/andaye-la-cite-des-memoires_1044130?scaleControl=false&#038;miniMap=false&#038;scrollWheelZoom=false&#038;zoomControl=true&#038;editMode=disabled&#038;moreControl=true&#038;searchControl=null&#038;tilelayersControl=null&#038;embedControl=null&#038;datalayersControl=true&#038;onLoadPanel=undefined&#038;captionBar=false&#038;captionMenus=true\"><\/iframe><\/center>\n<\/div>\n<\/div>\n\n\n\n<div style=\"height:30px\" aria-hidden=\"true\" class=\"wp-block-spacer\"><\/div>\n\n\n\n<!-- Google tag (gtag.js) -->\n<script async=\"\" src=\"https:\/\/www.googletagmanager.com\/gtag\/js?id=AW-1008561994\">\n<\/script>\n<script>\n  window.dataLayer = window.dataLayer || [];\n  function gtag(){dataLayer.push(arguments);}\n  gtag('js', new Date());\n\n  gtag('config', 'AW-1008561994');\n<\/script>\n","protected":false},"excerpt":{"rendered":"<p>Oroitzapenen hiria 2024ko uztailaren 17an ireki zen. Honek XVII. mendeko sorginkeriatik XX. mendeko gatazketaraino eramanen zaitu, arkitektura neo-klasiko, kontrabandoa, gastronomia eta noski, muga eta aduana historietatik pasatuz. Proposaturiko bildumek obra garrantzitsuen kopiak eskainiko dituzte, hala nola Goya, Versaillesetik, Parisko Grand Palaisetik, Madrilgo edo Londresko museoetatik\u2026 Publiko guztiei zuzendua, huts egin [&hellip;]<\/p>\n","protected":false},"author":2,"featured_media":62464,"parent":0,"menu_order":0,"comment_status":"closed","ping_status":"closed","template":"","meta":{"_acf_changed":false,"_seopress_robots_primary_cat":"","_seopress_titles_title":"Oroitzapenen hiria | Hendaiako Turismo bulegoa","_seopress_titles_desc":"2024ko udako inaugurazioarekin, ikusleak Hendaiaren eta Euskal Herriaren historia ezagutzera gonbidatuko ditu, modu ludiko eta interaktiboan.","_seopress_robots_index":"","footnotes":""},"class_list":["post-34896","page","type-page","status-publish","has-post-thumbnail","hentry"],"acf":[],"_links":{"self":[{"href":"https:\/\/www.hendaye-tourisme.fr\/eu\/wp-json\/wp\/v2\/pages\/34896","targetHints":{"allow":["GET"]}}],"collection":[{"href":"https:\/\/www.hendaye-tourisme.fr\/eu\/wp-json\/wp\/v2\/pages"}],"about":[{"href":"https:\/\/www.hendaye-tourisme.fr\/eu\/wp-json\/wp\/v2\/types\/page"}],"author":[{"embeddable":true,"href":"https:\/\/www.hendaye-tourisme.fr\/eu\/wp-json\/wp\/v2\/users\/2"}],"replies":[{"embeddable":true,"href":"https:\/\/www.hendaye-tourisme.fr\/eu\/wp-json\/wp\/v2\/comments?post=34896"}],"version-history":[{"count":1,"href":"https:\/\/www.hendaye-tourisme.fr\/eu\/wp-json\/wp\/v2\/pages\/34896\/revisions"}],"predecessor-version":[{"id":122842,"href":"https:\/\/www.hendaye-tourisme.fr\/eu\/wp-json\/wp\/v2\/pages\/34896\/revisions\/122842"}],"wp:featuredmedia":[{"embeddable":true,"href":"https:\/\/www.hendaye-tourisme.fr\/eu\/wp-json\/wp\/v2\/media\/62464"}],"wp:attachment":[{"href":"https:\/\/www.hendaye-tourisme.fr\/eu\/wp-json\/wp\/v2\/media?parent=34896"}],"curies":[{"name":"wp","href":"https:\/\/api.w.org\/{rel}","templated":true}]}}