{"id":30776,"date":"2023-11-02T18:33:52","date_gmt":"2023-11-02T17:33:52","guid":{"rendered":"https:\/\/www.hendaye-tourisme.fr\/jarduerak\/jarduera-kulturalak\/"},"modified":"2025-12-29T11:56:54","modified_gmt":"2025-12-29T10:56:54","slug":"jarduera-kulturalak","status":"publish","type":"page","link":"https:\/\/www.hendaye-tourisme.fr\/eu\/jarduerak\/jarduera-kulturalak\/","title":{"rendered":"Jarduera kulturalak"},"content":{"rendered":"\n<div class=\"wp-block-columns is-layout-flex wp-container-core-columns-is-layout-9d6595d7 wp-block-columns-is-layout-flex\">\n<div class=\"wp-block-column is-layout-flow wp-block-column-is-layout-flow\" style=\"flex-basis:33.33%\"><div class=\"highlight-bloc-container \" id=\"ts-block-65368af54ee28\"  >\n\t<div class=\"highlight-bloc-content\">\n\t\t<div class=\"acf-innerblocks-container\">\n\n<h2 class=\"wp-block-heading suptitle\">Hendaiako kulturaren aberastasuna: euskal historian eta ondarean sartu<\/h2>\n\n<\/div>\t<\/div>\n<\/div>\n<\/div>\n\n\n\n<div class=\"wp-block-column is-layout-flow wp-block-column-is-layout-flow\" style=\"flex-basis:66.66%\">\n<p>Hendaia ez da bakarrik hondartza edota <a href=\"https:\/\/www.hendaye-tourisme.fr\/eu\/jarduerak\/kirol-aktibitateak\/\" data-type=\"page\" data-id=\"914\">kirol jarduerak<\/a>. Euskal Herriaren historia, kultura eta jatorria ezagutu nahi duzu ? Mediatekan edo Mendi Zolan Kultur Gunean aurkituko duzu guztia. <\/p>\n\n\n\n<p>Kultur eta arte espazioak, ikuskizunentzako eta beste erakusketa batzuentzat ere.<\/p>\n<\/div>\n<\/div>\n\n\n\n<div class=\"wp-block-columns is-layout-flex wp-container-core-columns-is-layout-9d6595d7 wp-block-columns-is-layout-flex\">\n<div class=\"wp-block-column is-layout-flow wp-block-column-is-layout-flow\"><div class=\"banner-container  text-shadow with-overlay btn-hover\" id=\"ts-block-646f624570910\"  >\n\t\t<a href=\"\/eu\/jarduerak\/jarduera-kulturalak\/abbadia-gaztelu-behatokia\/\" target=\"\">\n\t\t\t<div class=\"banner-content\">\n\n<div class=\"wp-block-cover has-custom-content-position is-position-top-left\" style=\"min-height:350px;aspect-ratio:unset;\"><img decoding=\"async\" width=\"1900\" height=\"926\" class=\"wp-block-cover__image-background wp-image-922\" alt=\"Vue a\u00e9rienne du parc naturel abbadia et d'Abbadia, le Ch\u00e2teau-Observatoire\" src=\"https:\/\/www.hendaye-tourisme.fr\/wp-content\/uploads\/2023\/11\/Panoramique-Abbadia-le-Chateau-Observatoire-Hendaye-Tourisme-14.jpg\" style=\"object-position:0% 55%\" data-object-fit=\"cover\" data-object-position=\"0% 55%\" srcset=\"https:\/\/www.hendaye-tourisme.fr\/wp-content\/uploads\/2023\/11\/Panoramique-Abbadia-le-Chateau-Observatoire-Hendaye-Tourisme-14.jpg 1900w, https:\/\/www.hendaye-tourisme.fr\/wp-content\/uploads\/2023\/11\/Panoramique-Abbadia-le-Chateau-Observatoire-Hendaye-Tourisme-14-800x390.jpg 800w, https:\/\/www.hendaye-tourisme.fr\/wp-content\/uploads\/2023\/11\/Panoramique-Abbadia-le-Chateau-Observatoire-Hendaye-Tourisme-14-1024x499.jpg 1024w, https:\/\/www.hendaye-tourisme.fr\/wp-content\/uploads\/2023\/11\/Panoramique-Abbadia-le-Chateau-Observatoire-Hendaye-Tourisme-14-768x374.jpg 768w, https:\/\/www.hendaye-tourisme.fr\/wp-content\/uploads\/2023\/11\/Panoramique-Abbadia-le-Chateau-Observatoire-Hendaye-Tourisme-14-1536x749.jpg 1536w\" sizes=\"(max-width: 1900px) 100vw, 1900px\" \/><span aria-hidden=\"true\" class=\"wp-block-cover__background has-background-dim\"><\/span><div class=\"wp-block-cover__inner-container is-layout-flow wp-block-cover-is-layout-flow\">\n<h3 class=\"wp-block-heading has-white-color has-text-color\">Abbadia, behatoki gaztelua<\/h3>\n<\/div><\/div>\n\n<\/div>\t\t\t\t\t<div class=\"wp-block-button is-style-outline\">\n\t\t\t<button class=\"wp-block-button__link\">Ezagutu<\/button>\n\t\t<\/div>\n\t\t\t<\/a>\n\t\t<\/div>\n<\/div>\n\n\n\n<div class=\"wp-block-column is-layout-flow wp-block-column-is-layout-flow\"><div class=\"banner-container  text-shadow with-overlay btn-hover\" id=\"ts-block-646f624570939\"  >\n\t\t<a href=\"\/eu\/andaye-oroitzapenen-hiria\/\" target=\"\">\n\t\t\t<div class=\"banner-content\">\n\n<div class=\"wp-block-cover has-custom-content-position is-position-bottom-left\" style=\"min-height:350px;aspect-ratio:unset;\"><img decoding=\"async\" width=\"1400\" height=\"933\" class=\"wp-block-cover__image-background wp-image-62466\" alt=\"Andaye, la Cit\u00e9 des M\u00e9moires - Ext\u00e9rieur - Hendaye Tourisme\" src=\"https:\/\/www.hendaye-tourisme.fr\/wp-content\/uploads\/2024\/09\/andaye-la-cite-des-memoires-exterieur-hendaye-tourisme.jpg\" data-object-fit=\"cover\" srcset=\"https:\/\/www.hendaye-tourisme.fr\/wp-content\/uploads\/2024\/09\/andaye-la-cite-des-memoires-exterieur-hendaye-tourisme.jpg 1400w, https:\/\/www.hendaye-tourisme.fr\/wp-content\/uploads\/2024\/09\/andaye-la-cite-des-memoires-exterieur-hendaye-tourisme-800x533.jpg 800w, https:\/\/www.hendaye-tourisme.fr\/wp-content\/uploads\/2024\/09\/andaye-la-cite-des-memoires-exterieur-hendaye-tourisme-1024x682.jpg 1024w, https:\/\/www.hendaye-tourisme.fr\/wp-content\/uploads\/2024\/09\/andaye-la-cite-des-memoires-exterieur-hendaye-tourisme-768x512.jpg 768w\" sizes=\"(max-width: 1400px) 100vw, 1400px\" \/><span aria-hidden=\"true\" class=\"wp-block-cover__background has-background-dim\"><\/span><div class=\"wp-block-cover__inner-container is-layout-flow wp-block-cover-is-layout-flow\">\n<h3 class=\"wp-block-heading has-white-color has-text-color\">Andaye,<br>Oroitzapenen Hiria<\/h3>\n<\/div><\/div>\n\n<\/div>\t\t\t\t\t<div class=\"wp-block-button is-style-outline\">\n\t\t\t<button class=\"wp-block-button__link\">Ezagutu<\/button>\n\t\t<\/div>\n\t\t\t<\/a>\n\t\t<\/div>\n<\/div>\n\n\n\n<div class=\"wp-block-column is-layout-flow wp-block-column-is-layout-flow\"><div class=\"banner-container  text-shadow with-overlay btn-hover\" id=\"ts-block-646f624570939\"  >\n\t\t<a href=\"\/eu\/escape-game\/\" target=\"\">\n\t\t\t<div class=\"banner-content\">\n\n<div class=\"wp-block-cover is-light has-custom-content-position is-position-top-left\" style=\"min-height:350px;aspect-ratio:unset;\"><img decoding=\"async\" width=\"1000\" height=\"667\" class=\"wp-block-cover__image-background wp-image-12383\" alt=\"Escape game d'Abbadia, le ch\u00e2teau-Observatoire&quot;\" src=\"https:\/\/www.hendaye-tourisme.fr\/wp-content\/uploads\/2024\/01\/Escape-Game-Abbadia-le-Chateau-Observatoire-Hendaye-Tourisme-7.jpg\" style=\"object-position:68% 49%\" data-object-fit=\"cover\" data-object-position=\"68% 49%\" srcset=\"https:\/\/www.hendaye-tourisme.fr\/wp-content\/uploads\/2024\/01\/Escape-Game-Abbadia-le-Chateau-Observatoire-Hendaye-Tourisme-7.jpg 1000w, https:\/\/www.hendaye-tourisme.fr\/wp-content\/uploads\/2024\/01\/Escape-Game-Abbadia-le-Chateau-Observatoire-Hendaye-Tourisme-7-800x534.jpg 800w, https:\/\/www.hendaye-tourisme.fr\/wp-content\/uploads\/2024\/01\/Escape-Game-Abbadia-le-Chateau-Observatoire-Hendaye-Tourisme-7-768x512.jpg 768w\" sizes=\"(max-width: 1000px) 100vw, 1000px\" \/><span aria-hidden=\"true\" class=\"wp-block-cover__background has-background-dim\"><\/span><div class=\"wp-block-cover__inner-container is-layout-flow wp-block-cover-is-layout-flow\">\n<h3 class=\"wp-block-heading has-white-color has-text-color\">Escape game<\/h3>\n<\/div><\/div>\n\n<\/div>\t\t\t\t\t<div class=\"wp-block-button is-style-outline\">\n\t\t\t<button class=\"wp-block-button__link\">Ezagutu<\/button>\n\t\t<\/div>\n\t\t\t<\/a>\n\t\t<\/div>\n<\/div>\n<\/div>\n\n\n\n<div style=\"height:50px\" aria-hidden=\"true\" class=\"wp-block-spacer\"><\/div>\n\n\n\n<div class=\"wp-block-columns is-layout-flex wp-container-core-columns-is-layout-9d6595d7 wp-block-columns-is-layout-flex\">\n<div class=\"wp-block-column is-layout-flow wp-block-column-is-layout-flow\" style=\"flex-basis:66%\"><div class=\"banner-container  text-shadow with-overlay btn-hover\" id=\"ts-block-646f624570939\"  >\n\t\t<a href=\"\/eu\/erlaitzeko-etxea\/\" target=\"\">\n\t\t\t<div class=\"banner-content\">\n\n<div class=\"wp-block-cover has-custom-content-position is-position-top-left\" style=\"min-height:350px;aspect-ratio:unset;\"><img decoding=\"async\" class=\"wp-block-cover__image-background wp-image-886\" alt=\"Fa\u00e7ade de la Maison de la corniche \u00e0 Hendaye\" src=\"https:\/\/www.hendaye-tourisme.fr\/wp-content\/uploads\/2023\/10\/maison-de-la-corniche.jpg\" style=\"object-position:7% 54%\" data-object-fit=\"cover\" data-object-position=\"7% 54%\"\/><span aria-hidden=\"true\" class=\"wp-block-cover__background has-background-dim\"><\/span><div class=\"wp-block-cover__inner-container is-layout-flow wp-block-cover-is-layout-flow\">\n<h3 class=\"wp-block-heading\">Euskal Erlaitzeko Etxea<\/h3>\n<\/div><\/div>\n\n<\/div>\t\t\t\t\t<div class=\"wp-block-button is-style-outline\">\n\t\t\t<button class=\"wp-block-button__link\">Ezagutu<\/button>\n\t\t<\/div>\n\t\t\t<\/a>\n\t\t<\/div>\n<\/div>\n\n\n\n<div class=\"wp-block-column is-layout-flow wp-block-column-is-layout-flow\" style=\"flex-basis:33.34%\"><div class=\"banner-container  text-shadow with-overlay btn-hover\" id=\"ts-block-646f624570939\"  >\n\t\t<a href=\"\/eu\/jarduerak\/jarduera-kulturalak\/kaneta-eta-intzura-uhartea\/\" target=\"\">\n\t\t\t<div class=\"banner-content\">\n\n<div class=\"wp-block-cover has-custom-content-position is-position-top-left\" style=\"min-height:350px;aspect-ratio:unset;\"><img decoding=\"async\" width=\"1000\" height=\"667\" class=\"wp-block-cover__image-background wp-image-2713\" alt=\"Femme en balade \u00e0 Caneta et passage devant un canon - Hendaye Tourisme\" src=\"https:\/\/www.hendaye-tourisme.fr\/wp-content\/uploads\/2023\/12\/Reportage-2019-Hendaye-Tourisme-12.jpg\" data-object-fit=\"cover\" srcset=\"https:\/\/www.hendaye-tourisme.fr\/wp-content\/uploads\/2023\/12\/Reportage-2019-Hendaye-Tourisme-12.jpg 1000w, https:\/\/www.hendaye-tourisme.fr\/wp-content\/uploads\/2023\/12\/Reportage-2019-Hendaye-Tourisme-12-800x534.jpg 800w, https:\/\/www.hendaye-tourisme.fr\/wp-content\/uploads\/2023\/12\/Reportage-2019-Hendaye-Tourisme-12-768x512.jpg 768w\" sizes=\"(max-width: 1000px) 100vw, 1000px\" \/><span aria-hidden=\"true\" class=\"wp-block-cover__background has-background-dim\"><\/span><div class=\"wp-block-cover__inner-container is-layout-flow wp-block-cover-is-layout-flow\">\n<h3 class=\"wp-block-heading\">Kaneta eta Intzura uhartea<\/h3>\n<\/div><\/div>\n\n<\/div>\t\t\t\t\t<div class=\"wp-block-button is-style-outline\">\n\t\t\t<button class=\"wp-block-button__link\">Ezagutu<\/button>\n\t\t<\/div>\n\t\t\t<\/a>\n\t\t<\/div>\n<\/div>\n<\/div>\n\n\n\n<div class=\"wp-block-columns is-layout-flex wp-container-core-columns-is-layout-9d6595d7 wp-block-columns-is-layout-flex\">\n<div class=\"wp-block-column is-layout-flow wp-block-column-is-layout-flow\" style=\"flex-basis:25%\"><div class=\"banner-container  text-shadow with-overlay btn-hover\" id=\"ts-block-65a6aab7cf8a2\"  >\n\t\t<a href=\"\/eu\/jarduerak\/PCUAQU064FS00010-chateau-durtubie\/\" target=\"\">\n\t\t\t<div class=\"banner-content\">\n\n<div class=\"wp-block-cover has-custom-content-position is-position-top-left\" style=\"min-height:350px;aspect-ratio:unset;\"><img decoding=\"async\" width=\"1080\" height=\"811\" class=\"wp-block-cover__image-background wp-image-12555\" alt=\"Ch\u00e2teau d'Urtubie \u00e0 Urrugne, \u00e0 10 km de Hendaye - Hendaye Tourisme\" src=\"https:\/\/www.hendaye-tourisme.fr\/wp-content\/uploads\/2024\/01\/Chateau-dUrtubie-Hendaye-Tourisme.jpeg\" style=\"object-position:66% 48%\" data-object-fit=\"cover\" data-object-position=\"66% 48%\" srcset=\"https:\/\/www.hendaye-tourisme.fr\/wp-content\/uploads\/2024\/01\/Chateau-dUrtubie-Hendaye-Tourisme.jpeg 1080w, https:\/\/www.hendaye-tourisme.fr\/wp-content\/uploads\/2024\/01\/Chateau-dUrtubie-Hendaye-Tourisme-800x600.jpeg 800w, https:\/\/www.hendaye-tourisme.fr\/wp-content\/uploads\/2024\/01\/Chateau-dUrtubie-Hendaye-Tourisme-1024x769.jpeg 1024w, https:\/\/www.hendaye-tourisme.fr\/wp-content\/uploads\/2024\/01\/Chateau-dUrtubie-Hendaye-Tourisme-768x577.jpeg 768w\" sizes=\"(max-width: 1080px) 100vw, 1080px\" \/><span aria-hidden=\"true\" class=\"wp-block-cover__background has-background-dim\"><\/span><div class=\"wp-block-cover__inner-container is-layout-flow wp-block-cover-is-layout-flow\">\n<h3 class=\"wp-block-heading\">Urtubie gaztelua<\/h3>\n<\/div><\/div>\n\n<\/div>\t\t\t\t\t<div class=\"wp-block-button is-style-outline\">\n\t\t\t<button class=\"wp-block-button__link\">Ezagutu<\/button>\n\t\t<\/div>\n\t\t\t<\/a>\n\t\t<\/div>\n<\/div>\n\n\n\n<div class=\"wp-block-column is-layout-flow wp-block-column-is-layout-flow\" style=\"flex-basis:50%\"><div class=\"banner-container  text-shadow with-overlay btn-hover\" id=\"ts-block-646f624570939\"  >\n\t\t<a href=\"\/eu\/jarduerak\/LOIAQU064V54J3IB-aquarium-de-biarritz\/\" target=\"_blank\">\n\t\t\t<div class=\"banner-content\">\n\n<div class=\"wp-block-cover has-custom-content-position is-position-top-left\" style=\"min-height:350px;aspect-ratio:unset;\"><img decoding=\"async\" width=\"894\" height=\"502\" class=\"wp-block-cover__image-background wp-image-68141\" alt=\"\" src=\"https:\/\/www.hendaye-tourisme.fr\/wp-content\/uploads\/2025\/01\/aquarium-de-biarritz-hendaye-tourisme.jpg\" data-object-fit=\"cover\" srcset=\"https:\/\/www.hendaye-tourisme.fr\/wp-content\/uploads\/2025\/01\/aquarium-de-biarritz-hendaye-tourisme.jpg 894w, https:\/\/www.hendaye-tourisme.fr\/wp-content\/uploads\/2025\/01\/aquarium-de-biarritz-hendaye-tourisme-800x449.jpg 800w, https:\/\/www.hendaye-tourisme.fr\/wp-content\/uploads\/2025\/01\/aquarium-de-biarritz-hendaye-tourisme-768x431.jpg 768w\" sizes=\"(max-width: 894px) 100vw, 894px\" \/><span aria-hidden=\"true\" class=\"wp-block-cover__background has-background-dim\"><\/span><div class=\"wp-block-cover__inner-container is-layout-flow wp-block-cover-is-layout-flow\">\n<h3 class=\"wp-block-heading has-white-color has-text-color\">Miarritzeko akuarioa<\/h3>\n<\/div><\/div>\n\n<\/div>\t\t\t\t\t<div class=\"wp-block-button is-style-outline\">\n\t\t\t<button class=\"wp-block-button__link\">Ezagutu<\/button>\n\t\t<\/div>\n\t\t\t<\/a>\n\t\t<\/div>\n<\/div>\n\n\n\n<div class=\"wp-block-column is-layout-flow wp-block-column-is-layout-flow\" style=\"flex-basis:25%\"><div class=\"banner-container  text-shadow with-overlay btn-hover\" id=\"ts-block-646f624570939\"  >\n\t\t<a href=\"\/eu\/jarduerak\/PCUAQU064FS000IU-la-cite-de-locean\/\" target=\"_blank\">\n\t\t\t<div class=\"banner-content\">\n\n<div class=\"wp-block-cover has-custom-content-position is-position-top-left\" style=\"min-height:350px;aspect-ratio:unset;\"><img decoding=\"async\" width=\"1024\" height=\"535\" class=\"wp-block-cover__image-background wp-image-87217 size-large\" alt=\"\" src=\"https:\/\/www.hendaye-tourisme.fr\/wp-content\/uploads\/2025\/10\/cite-de-l-ocean-7-1024x535.jpg\" style=\"object-position:40% 59%\" data-object-fit=\"cover\" data-object-position=\"40% 59%\" srcset=\"https:\/\/www.hendaye-tourisme.fr\/wp-content\/uploads\/2025\/10\/cite-de-l-ocean-7-1024x535.jpg 1024w, https:\/\/www.hendaye-tourisme.fr\/wp-content\/uploads\/2025\/10\/cite-de-l-ocean-7-800x418.jpg 800w, https:\/\/www.hendaye-tourisme.fr\/wp-content\/uploads\/2025\/10\/cite-de-l-ocean-7-768x402.jpg 768w, https:\/\/www.hendaye-tourisme.fr\/wp-content\/uploads\/2025\/10\/cite-de-l-ocean-7.jpg 1400w\" sizes=\"(max-width: 1024px) 100vw, 1024px\" \/><span aria-hidden=\"true\" class=\"wp-block-cover__background has-background-dim\"><\/span><div class=\"wp-block-cover__inner-container is-layout-flow wp-block-cover-is-layout-flow\">\n<h3 class=\"wp-block-heading has-white-color has-text-color\">Ozeanoko Hiria<\/h3>\n<\/div><\/div>\n\n<\/div>\t\t\t\t\t<div class=\"wp-block-button is-style-outline\">\n\t\t\t<button class=\"wp-block-button__link\">Ezagutu<\/button>\n\t\t<\/div>\n\t\t\t<\/a>\n\t\t<\/div>\n<\/div>\n<\/div>\n","protected":false},"excerpt":{"rendered":"<p>Hendaia ez da bakarrik hondartza edota kirol jarduerak. Euskal Herriaren historia, kultura eta jatorria ezagutu nahi duzu ? Mediatekan edo Mendi Zolan Kultur Gunean aurkituko duzu guztia. Kultur eta arte espazioak, ikuskizunentzako eta beste erakusketa batzuentzat ere.<\/p>\n","protected":false},"author":1,"featured_media":3836,"parent":30772,"menu_order":0,"comment_status":"closed","ping_status":"closed","template":"","meta":{"_acf_changed":false,"_seopress_robots_primary_cat":"","_seopress_titles_title":"","_seopress_titles_desc":"","_seopress_robots_index":"","footnotes":""},"class_list":["post-30776","page","type-page","status-publish","has-post-thumbnail","hentry"],"acf":[],"_links":{"self":[{"href":"https:\/\/www.hendaye-tourisme.fr\/eu\/wp-json\/wp\/v2\/pages\/30776","targetHints":{"allow":["GET"]}}],"collection":[{"href":"https:\/\/www.hendaye-tourisme.fr\/eu\/wp-json\/wp\/v2\/pages"}],"about":[{"href":"https:\/\/www.hendaye-tourisme.fr\/eu\/wp-json\/wp\/v2\/types\/page"}],"author":[{"embeddable":true,"href":"https:\/\/www.hendaye-tourisme.fr\/eu\/wp-json\/wp\/v2\/users\/1"}],"replies":[{"embeddable":true,"href":"https:\/\/www.hendaye-tourisme.fr\/eu\/wp-json\/wp\/v2\/comments?post=30776"}],"version-history":[{"count":2,"href":"https:\/\/www.hendaye-tourisme.fr\/eu\/wp-json\/wp\/v2\/pages\/30776\/revisions"}],"predecessor-version":[{"id":89990,"href":"https:\/\/www.hendaye-tourisme.fr\/eu\/wp-json\/wp\/v2\/pages\/30776\/revisions\/89990"}],"up":[{"embeddable":true,"href":"https:\/\/www.hendaye-tourisme.fr\/eu\/wp-json\/wp\/v2\/pages\/30772"}],"wp:featuredmedia":[{"embeddable":true,"href":"https:\/\/www.hendaye-tourisme.fr\/eu\/wp-json\/wp\/v2\/media\/3836"}],"wp:attachment":[{"href":"https:\/\/www.hendaye-tourisme.fr\/eu\/wp-json\/wp\/v2\/media?parent=30776"}],"curies":[{"name":"wp","href":"https:\/\/api.w.org\/{rel}","templated":true}]}}