{"id":88418,"date":"2025-04-04T15:24:29","date_gmt":"2025-04-04T13:24:29","guid":{"rendered":"https:\/\/www.hendaye-tourisme.fr\/actividades\/otras-actividades\/escape-rooms-en-el-pais-vasco\/"},"modified":"2026-03-02T12:26:22","modified_gmt":"2026-03-02T11:26:22","slug":"escape-rooms-en-el-pais-vasco","status":"publish","type":"page","link":"https:\/\/www.hendaye-tourisme.fr\/es\/actividades\/otras-actividades\/escape-rooms-en-el-pais-vasco\/","title":{"rendered":"Escape rooms en el Pa\u00eds Vasco"},"content":{"rendered":"\n<div class=\"wp-block-columns is-layout-flex wp-container-core-columns-is-layout-9d6595d7 wp-block-columns-is-layout-flex\">\n<div class=\"wp-block-column is-layout-flow wp-block-column-is-layout-flow\" style=\"flex-basis:33.33%\"><div class=\"highlight-bloc-container \" id=\"ts-block-67efe6d3d7626\"  >\n\t<div class=\"highlight-bloc-content\">\n\t\t<div class=\"acf-innerblocks-container\">\n\n<h2 class=\"wp-block-heading suptitle\">\u00a1Sum\u00e9rgete en rompecabezas e historia!<\/h2>\n\n<\/div>\t<\/div>\n<\/div>\n<\/div>\n\n\n\n<div class=\"wp-block-column is-layout-flow wp-block-column-is-layout-flow\" style=\"flex-basis:66.66%\">\n<p>\u00bfBuscas algo que hacer en un d\u00eda lluvioso con la familia? \u00bfDisfrutar de una <g id=\"gid_0\">actividad divertida y cultural con los amigos<\/g>? \u00a1Los <strong>juegos de escape en el Pa\u00eds Vasco<\/strong> te reservan experiencias inolvidables! De Hendaya a San Sebasti\u00e1n, pasando por Urru\u00f1a e Irun, sum\u00e9rgete en mundos fascinantes mientras intentas resolver enigmas. En familia, con amigos o como actividad de team building, es una oportunidad \u00fanica para viajar en el tiempo y descubrir la historia y las leyendas locales.    <\/p>\n<\/div>\n<\/div>\n\n\n\n<section class=\"wp-block-group\"><div class=\"wp-block-group__inner-container is-layout-constrained wp-block-group-is-layout-constrained\">\n<h2 class=\"wp-block-heading has-text-align-center tilde\">\u00a1Dos juegos de escape inmersivos en el coraz\u00f3n del Pa\u00eds Vasco!<\/h2>\n\n\n\n<p>Para una actividad cultural para toda la familia, \u00a1descubre los juegos de escape en el Pa\u00eds Vasco! Entre <strong>Abbadia<\/strong>, el <strong>Castillo-Observatorio<\/strong> y la<strong> Ciudad de las Memorias<\/strong>, participa en una experiencia \u00fanica en la que te esperan enigmas, aventuras y misterios. Con decorados sorprendentes y escenarios sobrecogedores, sum\u00e9rgete durante una tarde en la historia del Pa\u00eds Vasco.  <\/p>\n<\/div><\/section>\n\n\n\n<div class=\"wp-block-media-text alignfull is-stacked-on-mobile is-image-fill-element has-light-blue-background-color has-background\" style=\"grid-template-columns:40% auto\"><figure class=\"wp-block-media-text__media\"><img decoding=\"async\" width=\"1024\" height=\"768\" src=\"https:\/\/www.hendaye-tourisme.fr\/wp-content\/uploads\/2024\/10\/escape-cite-des-memoires-hendaye-tourisme-1-1-1024x768.jpg\" alt=\"Escape rooms - Ciudad de las Memorias - Hendaya Turismo\" class=\"wp-image-64786 size-full\" style=\"object-position:29% 53%\" srcset=\"https:\/\/www.hendaye-tourisme.fr\/wp-content\/uploads\/2024\/10\/escape-cite-des-memoires-hendaye-tourisme-1-1-1024x768.jpg 1024w, https:\/\/www.hendaye-tourisme.fr\/wp-content\/uploads\/2024\/10\/escape-cite-des-memoires-hendaye-tourisme-1-1-800x600.jpg 800w, https:\/\/www.hendaye-tourisme.fr\/wp-content\/uploads\/2024\/10\/escape-cite-des-memoires-hendaye-tourisme-1-1-768x576.jpg 768w, https:\/\/www.hendaye-tourisme.fr\/wp-content\/uploads\/2024\/10\/escape-cite-des-memoires-hendaye-tourisme-1-1.jpg 1080w\" sizes=\"(max-width: 1024px) 100vw, 1024px\" \/><\/figure><div class=\"wp-block-media-text__content\">\n<h3 class=\"wp-block-heading\">Escape rooms Ciudad de las Memorias<\/h3>\n\n\n\n<p>\u00a1La <a href=\"https:\/\/www.hendaye-tourisme.fr\/es\/actividades\/PCUAQU064V5BTAZT-la-cite-des-memoires\/\">Ciudad de las Memorias<\/a> te invita a participar en un cautivador juego de escape! Te traslada al siglo XVIII para descubrir la tumultuosa vida cotidiana de los marineros. Tu misi\u00f3n es ayudar a Jean-Baptiste Pellot, el \u00faltimo corsario franc\u00e9s de Hendaya. Tiene que encontrar su preciada carta de carrera antes de que le condenen a muerte. Naturalmente, el tiempo corre y la adrenalina se dispara. Tendr\u00e1s que buscar, resolver puzles y sumergirte en una aventura totalmente inmersiva para revivir este cap\u00edtulo de la historia.     <\/p>\n\n\n\n<p>Accesible a todos los aventureros, este escape room en el Pa\u00eds Vasco ofrece dos niveles de dificultad:<\/p>\n\n\n\n<ul class=\"wp-block-list\">\n<li><strong>F\u00e1cil<\/strong>, a partir de 8 a\u00f1os para una actividad divertida y familiar<\/li>\n\n\n\n<li><strong>Experto<\/strong>, para los amantes de los retos<\/li>\n<\/ul>\n\n\n\n<p>Puedes formar f\u00e1cilmente equipos de <strong>2 a 5 jugadores <\/strong>para embarcarte en esta emocionante aventura. Este juego de escape tambi\u00e9n es accesible para personas con movilidad reducida y estar\u00e1 disponible en franc\u00e9s, espa\u00f1ol, euskera e ingl\u00e9s. <\/p>\n\n\n\n<div style=\"height:25px\" aria-hidden=\"true\" class=\"wp-block-spacer\"><\/div>\n\n\n\n<div class=\"wp-block-buttons is-layout-flex wp-block-buttons-is-layout-flex\">\n<div class=\"wp-block-button\"><a class=\"wp-block-button__link wp-element-button\" href=\"https:\/\/reservation.elloha.com?IdPublication=c2ff306a-1878-4ccb-a26b-d6ec5e095d85&amp;culture=fr-FR&amp;idoi=71605099-461b-4abc-85cb-b345da81aa40&amp;idPrestation=0c28da3f-f25d-4a42-b5a5-35cc99942341&amp;searchFirstAvailableDates=1\" target=\"_blank\" rel=\"noreferrer noopener\">Reservo<\/a><\/div>\n<\/div>\n<\/div><\/div>\n\n\n\n<div class=\"wp-block-media-text alignfull has-media-on-the-right is-stacked-on-mobile is-image-fill-element has-white-color has-blue-background-color has-text-color has-background has-link-color wp-elements-1d3674cc30f1b845f158ec9ca6ec75ac\" style=\"grid-template-columns:auto 40%\"><div class=\"wp-block-media-text__content\">\n<h3 class=\"wp-block-heading has-white-color has-text-color has-link-color wp-elements-99b0fb6f261672a2ee20b40870379ae6\">El <a href=\"https:\/\/www.hendaye-tourisme.fr\/es\/actividades\/LOIAQU064V5BSCSG-escape-game-dabbadia-le-chateau-observatoire\/\">escape room en Abbadia<\/a>, el Castillo-Observatorio<\/h3>\n\n\n\n<p>En este juego de escape en el Pa\u00eds Vasco, sum\u00e9rgete en una aventura \u00fanica e inmersiva en el coraz\u00f3n de las aut\u00e9nticas cocinas de <strong><a href=\"https:\/\/www.hendaye-tourisme.fr\/es\/actividades\/LOIAQU064V50CDJY-abbadia-le-chateau-observatoire\/\">Abbadia, el Castillo Observatorio<\/a><\/strong> \u00a1! Cada 100 a\u00f1os, una misteriosa sociedad secreta se re\u00fane para elegir al heredero leg\u00edtimo de Antoine d&#8217;Abbadie. Y esta vez, te toca a ti demostrar tu val\u00eda como su sucesor.  <\/p>\n\n\n\n<p>Al principio de la experiencia, estar\u00e1s esposado a un viejo ba\u00fal lleno de acertijos. \u00bfTu misi\u00f3n? Descifrar los secretos del pasado, superar los desaf\u00edos y liberarte de tus cadenas para acceder a este prestigioso patrimonio. Toda la experiencia tiene lugar en una sala exclusiva y aut\u00e9ntica: las cocinas del castillo.   <\/p>\n\n\n\n<p>Este juego de escape es accesible para todos y ofrece dos niveles de dificultad:<\/p>\n\n\n\n<ul class=\"wp-block-list\">\n<li><strong>F\u00e1cil<\/strong>, a partir de 8 a\u00f1os para una actividad divertida y familiar<\/li>\n\n\n\n<li><strong>Experto<\/strong>, para los amantes de los retos<\/li>\n<\/ul>\n\n\n\n<p>En familia, con amigos o como parte de un evento de creaci\u00f3n de equipos, este desaf\u00edo puede acomodar<strong> de 2 a 18 jugadores y hasta 24 participantes<\/strong> para un evento por equipos. Disponible en franc\u00e9s, euskera y espa\u00f1ol, \u00a1esta experiencia inmersiva de 45 minutos te sumergir\u00e1 en la fascinante historia del Pa\u00eds Vasco! <\/p>\n\n\n\n<div style=\"height:25px\" aria-hidden=\"true\" class=\"wp-block-spacer\"><\/div>\n\n\n\n<div class=\"wp-block-buttons is-layout-flex wp-block-buttons-is-layout-flex\">\n<div class=\"wp-block-button is-style-fill\"><a class=\"wp-block-button__link has-blue-color has-white-background-color has-text-color has-background has-link-color wp-element-button\" href=\"https:\/\/reservation.elloha.com?IdPublication=b33571ef-39cc-49d3-9470-ffa00bddef27&amp;culture=fr-FR&amp;idoi=d073d7a9-c573-4b78-8791-46b2accc235a&amp;idPrestation=b2a95603-1c93-420d-b473-60f6dbca9b26&amp;searchFirstAvailableDates=1\" target=\"_blank\" rel=\"noreferrer noopener\">Reservo<\/a><\/div>\n<\/div>\n<\/div><figure class=\"wp-block-media-text__media\"><img decoding=\"async\" width=\"1024\" height=\"683\" src=\"https:\/\/www.hendaye-tourisme.fr\/wp-content\/uploads\/2024\/02\/escape-game-abbadia-le-chateau-observatoire-hendaye-tourisme-2-1024x683.jpg\" alt=\"Escape room Pa\u00eds Vasco\" class=\"wp-image-14576 size-full\" style=\"object-position:50% 50%\" srcset=\"https:\/\/www.hendaye-tourisme.fr\/wp-content\/uploads\/2024\/02\/escape-game-abbadia-le-chateau-observatoire-hendaye-tourisme-2-1024x683.jpg 1024w, https:\/\/www.hendaye-tourisme.fr\/wp-content\/uploads\/2024\/02\/escape-game-abbadia-le-chateau-observatoire-hendaye-tourisme-2-800x533.jpg 800w, https:\/\/www.hendaye-tourisme.fr\/wp-content\/uploads\/2024\/02\/escape-game-abbadia-le-chateau-observatoire-hendaye-tourisme-2-768x512.jpg 768w, https:\/\/www.hendaye-tourisme.fr\/wp-content\/uploads\/2024\/02\/escape-game-abbadia-le-chateau-observatoire-hendaye-tourisme-2-1536x1024.jpg 1536w, https:\/\/www.hendaye-tourisme.fr\/wp-content\/uploads\/2024\/02\/escape-game-abbadia-le-chateau-observatoire-hendaye-tourisme-2-scaled.jpg 2048w\" sizes=\"(max-width: 1024px) 100vw, 1024px\" \/><\/figure><\/div>\n\n\n\n<section class=\"wp-block-group\"><div class=\"wp-block-group__inner-container is-layout-constrained wp-block-group-is-layout-constrained\">\n<h2 class=\"wp-block-heading has-text-align-center tilde\">La aventura contin\u00faa en Urru\u00f1a y Bayona<\/h2>\n\n\n\n<p>\u00bfBuscas un<strong> escape room en el Pa\u00eds Vasco norte<\/strong>? Cerca de Hendaya, dir\u00edgete a un juego de escape en Urru\u00f1a, donde podr\u00e1s explorar los misterios de San Juan de Luz. Est\u00e1s inmerso en una buc\u00f3lica comida sobre la hierba cuando los festejos se convierten en una pesadilla. Todos los invitados han ca\u00eddo gravemente enfermos y tienes que entrar en la cocina para encontrar una cura.   <\/p>\n\n\n\n<p>En cuanto a encontrar un <strong><a href=\"https:\/\/toolate.fr\/\" target=\"_blank\" rel=\"noreferrer noopener\">juego de escape en Bayona <\/a><\/strong>puedes elegir entre dos originales aventuras. Por un lado, si estas en busca de aventuras y de un cambio de aires, usted y sus amigos deciden emprender una expedici\u00f3n inolvidable al coraz\u00f3n de la selva de Yucat\u00e1n, en el sur de M\u00e9xico&#8230;. \u00bfPrefieres una atm\u00f3sfera llena de misterio? <br>Est\u00e1s a punto de entrar en el protocolo de reclutamiento de la agencia KAOS. Tu misi\u00f3n: llegar a la sala secreta del Vaticano para robar un valioso tesoro&#8230;     <\/p>\n\n\n\n<p>Sea cual sea el juego de escape del Pa\u00eds Vasco que elijas, esta original actividad te invita a sumergirte en la historia y la cultura locales para a\u00f1adir un toque aut\u00e9ntico a tus vacaciones. \u00a1Es la forma ideal de ocupar un d\u00eda lluvioso y enriquecer tus vacaciones! <\/p>\n<\/div><\/section>\n","protected":false},"excerpt":{"rendered":"<p>\u00bfBuscas algo que hacer en un d\u00eda lluvioso con la familia? \u00bfDisfrutar de una actividad divertida y cultural con los amigos? \u00a1Los juegos de escape en el Pa\u00eds Vasco te reservan experiencias inolvidables! De Hendaya a San Sebasti\u00e1n, pasando por Urru\u00f1a e Irun, sum\u00e9rgete en mundos fascinantes mientras intentas resolver [&hellip;]<\/p>\n","protected":false},"author":1,"featured_media":3833,"parent":15440,"menu_order":0,"comment_status":"closed","ping_status":"closed","template":"","meta":{"_acf_changed":false,"_seopress_robots_primary_cat":"","_seopress_titles_title":"Escape room en el Pa\u00eds Vasco - Vive la aventura en Hendaya y sus alrededores","_seopress_titles_desc":"Descubre los mejores juegos de escape en el Pa\u00eds Vasco: enigmas, aventuras inmersivas y desaf\u00edos para familias y amigos en Hendaya, San Juan de Luz, Bayona...","_seopress_robots_index":"","footnotes":""},"class_list":["post-88418","page","type-page","status-publish","has-post-thumbnail","hentry"],"acf":[],"_links":{"self":[{"href":"https:\/\/www.hendaye-tourisme.fr\/es\/wp-json\/wp\/v2\/pages\/88418","targetHints":{"allow":["GET"]}}],"collection":[{"href":"https:\/\/www.hendaye-tourisme.fr\/es\/wp-json\/wp\/v2\/pages"}],"about":[{"href":"https:\/\/www.hendaye-tourisme.fr\/es\/wp-json\/wp\/v2\/types\/page"}],"author":[{"embeddable":true,"href":"https:\/\/www.hendaye-tourisme.fr\/es\/wp-json\/wp\/v2\/users\/1"}],"replies":[{"embeddable":true,"href":"https:\/\/www.hendaye-tourisme.fr\/es\/wp-json\/wp\/v2\/comments?post=88418"}],"version-history":[{"count":2,"href":"https:\/\/www.hendaye-tourisme.fr\/es\/wp-json\/wp\/v2\/pages\/88418\/revisions"}],"predecessor-version":[{"id":118125,"href":"https:\/\/www.hendaye-tourisme.fr\/es\/wp-json\/wp\/v2\/pages\/88418\/revisions\/118125"}],"up":[{"embeddable":true,"href":"https:\/\/www.hendaye-tourisme.fr\/es\/wp-json\/wp\/v2\/pages\/15440"}],"wp:featuredmedia":[{"embeddable":true,"href":"https:\/\/www.hendaye-tourisme.fr\/es\/wp-json\/wp\/v2\/media\/3833"}],"wp:attachment":[{"href":"https:\/\/www.hendaye-tourisme.fr\/es\/wp-json\/wp\/v2\/media?parent=88418"}],"curies":[{"name":"wp","href":"https:\/\/api.w.org\/{rel}","templated":true}]}}