{"id":69955,"date":"2025-02-13T17:21:09","date_gmt":"2025-02-13T16:21:09","guid":{"rendered":"https:\/\/www.hendaye-tourisme.fr\/alojamiento\/donde-dormir\/alojamiento-con-etiqueta-ecologica\/"},"modified":"2025-02-26T10:17:06","modified_gmt":"2025-02-26T09:17:06","slug":"alojamiento-con-etiqueta-ecologica","status":"publish","type":"page","link":"https:\/\/www.hendaye-tourisme.fr\/es\/alojamiento\/donde-dormir\/alojamiento-con-etiqueta-ecologica\/","title":{"rendered":"Alojamiento con etiqueta ecol\u00f3gica"},"content":{"rendered":"\n<div class=\"wp-block-columns is-layout-flex wp-container-core-columns-is-layout-9d6595d7 wp-block-columns-is-layout-flex\">\n<div class=\"wp-block-column is-layout-flow wp-block-column-is-layout-flow\" style=\"flex-basis:33.33%\"><div class=\"highlight-bloc-container \" id=\"ts-block-65368af54ee28\"  >\n\t<div class=\"highlight-bloc-content\">\n\t\t<div class=\"acf-innerblocks-container\">\n\n<h2 class=\"wp-block-heading suptitle\">Aqu\u00ed tienes nuestra selecci\u00f3n de hoteles, campings y otros establecimientos que han obtenido la etiqueta ecol\u00f3gica.<\/h2>\n\n<\/div>\t<\/div>\n<\/div>\n<\/div>\n\n\n\n<div class=\"wp-block-column is-layout-flow wp-block-column-is-layout-flow\" style=\"flex-basis:66.66%\">\n<p>\u00bfBuscas un alojamiento respetuoso con el medio ambiente para tu estancia en Hendaya? <\/p>\n\n\n\n<p>Estos establecimientos est\u00e1n comprometidos con el desarrollo sostenible adoptando pr\u00e1cticas respetuosas con el medio ambiente, como reducir el consumo de energ\u00eda y agua, clasificar los residuos y utilizar productos locales y ecol\u00f3gicos.<\/p>\n<\/div>\n<\/div>\n<div id=\"ts-block-67ae1c1a5caf0\"  class=\"is-style-map\">\n\t\t<script type=\"text\/javascript\">\n\t\tvar tsObjects = {\"type\":\"FeatureCollection\",\"features\":[{\"geometry\":{\"type\":\"Point\",\"coordinates\":[-1.78202,43.3712]},\"type\":\"Feature\",\"id\":\"HOTAQU06401VFSAE\",\"properties\":{\"objectTypeCode\":\"HOT\",\"name\":\"H\\u00f4tel Iba\\u00efa\",\"marker_id\":\"HOTAQU06401VFSAE\",\"commune\":\"HENDAYE\",\"display_city\":false,\"cp\":\"64700\",\"ad1\":\"76 avenue des Mimosas\",\"gmapLongitude\":-1.78202,\"gmapLatitude\":43.3712,\"zone1\":null,\"telephone\":\"+33 5 59 48 88 88\",\"detail_url\":\"https:\\\/\\\/www.hendaye-tourisme.fr\\\/es\\\/alojamiento\\\/hoteles\\\/HOTAQU06401VFSAE-hotel-ibaia\\\/\",\"excerpt\":\"Lugar ideal para vacaciones exceptionales en el Pais Vasco. 60 habitaciones e una Suite climatizada con elegancia, caracter y comodida. Grupos hasta 160 personas con complemento en la residencia. Wi-Fi gratuito.\",\"display_excerpt\":\"1\",\"photo\":\"https:\\\/\\\/www.hendaye-tourisme.fr\\\/wp-content\\\/uploads\\\/tis\\\/210722-1-IBAIA-CHB.png\",\"clas\":null,\"btn_label\":\"Ver m\\u00e1s\",\"btn_class\":null,\"durable\":true,\"charte\":\"\",\"durable_label\":\"Desarrollo sostenible\",\"online_bookable\":false,\"price_from\":false,\"type\":\"Hotel\"}},{\"geometry\":{\"type\":\"Point\",\"coordinates\":[-1.7391,43.3769]},\"type\":\"Feature\",\"id\":\"HPAAQU06401VFS5L\",\"properties\":{\"objectTypeCode\":\"HPA\",\"name\":\"Camping Eskualduna\",\"marker_id\":\"HPAAQU06401VFS5L\",\"commune\":\"HENDAYE\",\"display_city\":false,\"cp\":\"64700\",\"ad1\":\"Route de la Corniche\",\"gmapLongitude\":-1.7391,\"gmapLatitude\":43.3769,\"zone1\":null,\"telephone\":\"+33 5 59 20 04 64\",\"detail_url\":\"https:\\\/\\\/www.hendaye-tourisme.fr\\\/es\\\/alojamiento\\\/campings\\\/HPAAQU06401VFS5L-camping-eskualduna\\\/\",\"excerpt\":\"A 5 minutos de la playa la mas linda de la Costa Vasca, disfrute de un entorno de 10ha tranquilo y con sombra. Alimentacion, restaurante bar, piscina con agua caliente, juegos para&hellip;\",\"display_excerpt\":\"1\",\"photo\":\"https:\\\/\\\/www.hendaye-tourisme.fr\\\/wp-content\\\/uploads\\\/tis\\\/img1-4.jpg\",\"clas\":null,\"btn_label\":\"Ver m\\u00e1s\",\"btn_class\":null,\"durable\":true,\"charte\":\"\",\"durable_label\":\"Desarrollo sostenible\",\"online_bookable\":false,\"price_from\":false,\"type\":\"Campground\"}},{\"geometry\":{\"type\":\"Point\",\"coordinates\":[-1.75638,43.3734]},\"type\":\"Feature\",\"id\":\"VILAQU06401VFTJ0\",\"properties\":{\"objectTypeCode\":\"VIL\",\"name\":\"Village Vacances Azureva Galbarreta\",\"marker_id\":\"VILAQU06401VFTJ0\",\"commune\":\"HENDAYE\",\"display_city\":false,\"cp\":\"64700\",\"ad1\":\"175 boulevard de l'Empereur\",\"gmapLongitude\":-1.75638,\"gmapLatitude\":43.3734,\"zone1\":null,\"telephone\":\"+33 5 59 48 26 26\",\"detail_url\":\"https:\\\/\\\/www.hendaye-tourisme.fr\\\/es\\\/alojamiento\\\/ciudad-de-vacaciones\\\/VILAQU06401VFTJ0-village-vacances-azureva-galbarreta\\\/\",\"excerpt\":\"A 400 metros de la playa. Pension completa, semana, fin de semana, corta estancia. Individuales, grupos, seminarios, s\\u00e9jour \\u00e0 th\\u00e8me. Habitaciones nuevas con terraza o balcon an la parte en frente del&hellip;\",\"display_excerpt\":\"1\",\"photo\":\"https:\\\/\\\/www.hendaye-tourisme.fr\\\/wp-content\\\/uploads\\\/tis\\\/accueil-31.jpg\",\"clas\":null,\"btn_label\":\"Ver m\\u00e1s\",\"btn_class\":null,\"durable\":true,\"charte\":\"\",\"durable_label\":\"Desarrollo sostenible\",\"online_bookable\":\"Reservas en l\\u00ednea\",\"price_from\":false,\"type\":\"Place\"}},{\"geometry\":{\"type\":\"Point\",\"coordinates\":[-1.76101,43.369]},\"type\":\"Feature\",\"id\":\"HCOLLAQU0640002P\",\"properties\":{\"objectTypeCode\":\"HCO\",\"name\":\"Auberge collective Bella Vista Guest Center Pays Basque\",\"marker_id\":\"HCOLLAQU0640002P\",\"commune\":\"HENDAYE\",\"display_city\":false,\"cp\":\"64700\",\"ad1\":\"Rue Goyara\",\"gmapLongitude\":-1.76101,\"gmapLatitude\":43.369,\"zone1\":null,\"telephone\":\"+33 5 59 70 58 51\",\"detail_url\":\"https:\\\/\\\/www.hendaye-tourisme.fr\\\/es\\\/alojamiento\\\/alojamientos-colectivos\\\/HCOLLAQU0640002P-auberge-collective-bella-vista-guest-center-pays-basque\\\/\",\"excerpt\":\"Alojese en Hendaia en un edificio nuevo y eco-responsable que ofrece une vista panoramica a 360\\u00b0 sobre el oceano y los Pirineos. 2 restaurantes, un bar loungecon su terraza de madera, piscina,&hellip;\",\"display_excerpt\":\"1\",\"photo\":\"https:\\\/\\\/www.hendaye-tourisme.fr\\\/wp-content\\\/uploads\\\/tis\\\/cbehorizon-bellavistahendaye-9Z2A8783-HDR--1600x1200-.jpg\",\"clas\":null,\"btn_label\":\"Ver m\\u00e1s\",\"btn_class\":null,\"durable\":true,\"charte\":\"\",\"durable_label\":\"Desarrollo sostenible\",\"online_bookable\":false,\"price_from\":false,\"type\":\"BedAndBreakfast\"}}]};\n\t<\/script>\n\n\t\t\n\n<div id=\"tourinsoft-loader\">\n\t<div class=\"outer\">\n\t\t<div class=\"inner\">\n\t\t\t<div class=\"small\"><\/div>\n\t\t\t<div class=\"small\"><\/div>\n\t\t\t<div class=\"small\"><\/div>\n\t\t\t<div class=\"small\"><\/div>\n\t\t<\/div>\n\t\t<div class=\"big\">\n\t\t\t<div class=\"small\"><\/div>\n\t\t<\/div>\n\t\t<div class=\"big\">\n\t\t\t<div class=\"small\"><\/div>\n\t\t<\/div>\n\t<\/div>\n<\/div>\n\n\n<div style=\"height:50px\" aria-hidden=\"true\" class=\"wp-block-spacer\" id=\"form-results\"><\/div>\n\n\n<div id=\"tourinsoft-list\" class=\"py wp-block-group alignfull \">\n\t<div class=\"tourinsoft-map-container\">\n\t\t<div id=\"tourinsoft-result-list\">\n\t\t\t\t\t\t<div id=\"tourinsoft-result-container\" >\n\t\t\t\n\t\t\t\t\t\t\t\t<div id=\"js-marker-result\" class=\"grid-mode\" >\n\t\t\t\t\t\n\t\t\t\t\t<article class=\"js-marker tourinsoft-item tis-box \" id=\"marker-HOTAQU06401VFSAE\" data-lat=\"43.3712\" data-lng=\"-1.78202\" data-title=\"H\u00f4tel Iba\u00efa\">\n\t<a href=\"https:\/\/www.hendaye-tourisme.fr\/es\/alojamiento\/hoteles\/HOTAQU06401VFSAE-hotel-ibaia\/\" class=\"trk_visit_single\">\n\t\t<div class=\"tis-item-cover \">\n\t\t\t\t\t\t\t\t\t<img decoding=\"async\" src=\"https:\/\/www.hendaye-tourisme.fr\/wp-content\/uploads\/tis\/210722-1-IBAIA-CHB.png\" title=\"H\u00f4tel Iba\u00efa\" alt=\"H\u00f4tel Iba\u00efa\" loading=\"lazy\" \/>\n\t\t\t\t\t\t\t\t<div class=\"tis-item-label-container\">\n\t\t\t\t\t\t\t\t\t<!--<span class=\"tis-item-handicap\"><img decoding=\"async\" src=\"https:\/\/www.hendaye-tourisme.fr\/wp-content\/plugins\/tourinsoft-syndication\/assets\/images\/icon-handicap.svg\" title=\"\" alt=\"\" \/><\/span>-->\n\t\t\t\t\t\t\t\t\t\t\t\t\t<span class=\"tis-item-durable\"><img decoding=\"async\" src=\"https:\/\/www.hendaye-tourisme.fr\/wp-content\/plugins\/tourinsoft-syndication\/assets\/images\/icon-durable.svg\" title=\"Desarrollo sostenible\" alt=\"Desarrollo sostenible\" \/><\/span>\n\t\t\t\t\t\t\t<\/div>\n\t\t\t\t\t<\/div>\n\t\t\n\t\t\n\t\t\n\t\t<h3>\t\t\tH\u00f4tel Iba\u00efa\t\t<\/h3>\n\t\t\t<\/a>\n\t\n\t\t\t\t\t\n\t<p>Lugar ideal para vacaciones exceptionales en el Pais Vasco. 60 habitaciones e una Suite climatizada con elegancia, caracter y comodida. Grupos hasta 160 personas con complemento en la residencia. Wi-Fi gratuito.<\/p>\t\n\t\t\n\t<div class=\"wp-block-button is-style-outline\">\n\t\t<a href=\"https:\/\/www.hendaye-tourisme.fr\/es\/alojamiento\/hoteles\/HOTAQU06401VFSAE-hotel-ibaia\/\" class=\"trk_visit_single wp-block-button__link has-dark-color has-white-background-color \">Ver m\u00e1s<\/a>\n\t<\/div>\n\t\n<\/article>\t<article class=\"js-marker tourinsoft-item tis-box \" id=\"marker-HPAAQU06401VFS5L\" data-lat=\"43.3769\" data-lng=\"-1.7391\" data-title=\"Camping Eskualduna\">\n\t<a href=\"https:\/\/www.hendaye-tourisme.fr\/es\/alojamiento\/campings\/HPAAQU06401VFS5L-camping-eskualduna\/\" class=\"trk_visit_single\">\n\t\t<div class=\"tis-item-cover \">\n\t\t\t\t\t\t\t\t\t<img decoding=\"async\" src=\"https:\/\/www.hendaye-tourisme.fr\/wp-content\/uploads\/tis\/img1-4.jpg\" title=\"Camping Eskualduna\" alt=\"Camping Eskualduna\" loading=\"lazy\" \/>\n\t\t\t\t\t\t\t\t<div class=\"tis-item-label-container\">\n\t\t\t\t\t\t\t\t\t<!--<span class=\"tis-item-handicap\"><img decoding=\"async\" src=\"https:\/\/www.hendaye-tourisme.fr\/wp-content\/plugins\/tourinsoft-syndication\/assets\/images\/icon-handicap.svg\" title=\"\" alt=\"\" \/><\/span>-->\n\t\t\t\t\t\t\t\t\t\t\t\t\t<span class=\"tis-item-durable\"><img decoding=\"async\" src=\"https:\/\/www.hendaye-tourisme.fr\/wp-content\/plugins\/tourinsoft-syndication\/assets\/images\/icon-durable.svg\" title=\"Desarrollo sostenible\" alt=\"Desarrollo sostenible\" \/><\/span>\n\t\t\t\t\t\t\t<\/div>\n\t\t\t\t\t<\/div>\n\t\t\n\t\t\n\t\t\n\t\t<h3>\t\t\tCamping Eskualduna\t\t<\/h3>\n\t\t\t<\/a>\n\t\n\t\t\t\t\t\n\t<p>A 5 minutos de la playa la mas linda de la Costa Vasca, disfrute de un entorno de 10ha tranquilo y con sombra. Alimentacion, restaurante bar, piscina con agua caliente, juegos para&hellip;<\/p>\t\n\t\t\n\t<div class=\"wp-block-button is-style-outline\">\n\t\t<a href=\"https:\/\/www.hendaye-tourisme.fr\/es\/alojamiento\/campings\/HPAAQU06401VFS5L-camping-eskualduna\/\" class=\"trk_visit_single wp-block-button__link has-dark-color has-white-background-color \">Ver m\u00e1s<\/a>\n\t<\/div>\n\t\n<\/article>\t<article class=\"js-marker tourinsoft-item tis-box \" id=\"marker-VILAQU06401VFTJ0\" data-lat=\"43.3734\" data-lng=\"-1.75638\" data-title=\"Village Vacances Azureva Galbarreta\">\n\t<a href=\"https:\/\/www.hendaye-tourisme.fr\/es\/alojamiento\/ciudad-de-vacaciones\/VILAQU06401VFTJ0-village-vacances-azureva-galbarreta\/\" class=\"trk_visit_single\">\n\t\t<div class=\"tis-item-cover \">\n\t\t\t\t\t\t\t\t\t<img decoding=\"async\" src=\"https:\/\/www.hendaye-tourisme.fr\/wp-content\/uploads\/tis\/accueil-31.jpg\" title=\"Village Vacances Azureva Galbarreta\" alt=\"Village Vacances Azureva Galbarreta\" loading=\"lazy\" \/>\n\t\t\t\t\t\t\t\t<div class=\"tis-item-label-container\">\n\t\t\t\t\t\t\t\t\t<!--<span class=\"tis-item-handicap\"><img decoding=\"async\" src=\"https:\/\/www.hendaye-tourisme.fr\/wp-content\/plugins\/tourinsoft-syndication\/assets\/images\/icon-handicap.svg\" title=\"\" alt=\"\" \/><\/span>-->\n\t\t\t\t\t\t\t\t\t\t\t\t\t<span class=\"tis-item-durable\"><img decoding=\"async\" src=\"https:\/\/www.hendaye-tourisme.fr\/wp-content\/plugins\/tourinsoft-syndication\/assets\/images\/icon-durable.svg\" title=\"Desarrollo sostenible\" alt=\"Desarrollo sostenible\" \/><\/span>\n\t\t\t\t\t\t\t<\/div>\n\t\t\t\t\t\t<div class=\"tis-item-online-booking\">\n\t\t\t\t<span>Reservas en l\u00ednea<\/span>\n\t\t\t<\/div>\n\t\t\t\t\t<\/div>\n\t\t\n\t\t\n\t\t\n\t\t<h3>\t\t\tVillage Vacances Azureva Galbarreta\t\t<\/h3>\n\t\t\t<\/a>\n\t\n\t\t\t\t\t\n\t<p>A 400 metros de la playa. Pension completa, semana, fin de semana, corta estancia. Individuales, grupos, seminarios, s\u00e9jour \u00e0 th\u00e8me. Habitaciones nuevas con terraza o balcon an la parte en frente del&hellip;<\/p>\t\n\t\t\n\t<div class=\"wp-block-button is-style-outline\">\n\t\t<a href=\"https:\/\/www.hendaye-tourisme.fr\/es\/alojamiento\/ciudad-de-vacaciones\/VILAQU06401VFTJ0-village-vacances-azureva-galbarreta\/\" class=\"trk_visit_single wp-block-button__link has-dark-color has-white-background-color \">Ver m\u00e1s<\/a>\n\t<\/div>\n\t\n<\/article>\t<article class=\"js-marker tourinsoft-item tis-box \" id=\"marker-HCOLLAQU0640002P\" data-lat=\"43.369\" data-lng=\"-1.76101\" data-title=\"Auberge collective Bella Vista Guest Center Pays Basque\">\n\t<a href=\"https:\/\/www.hendaye-tourisme.fr\/es\/alojamiento\/alojamientos-colectivos\/HCOLLAQU0640002P-auberge-collective-bella-vista-guest-center-pays-basque\/\" class=\"trk_visit_single\">\n\t\t<div class=\"tis-item-cover \">\n\t\t\t\t\t\t\t\t\t<img decoding=\"async\" src=\"https:\/\/www.hendaye-tourisme.fr\/wp-content\/uploads\/tis\/cbehorizon-bellavistahendaye-9Z2A8783-HDR--1600x1200-.jpg\" title=\"Auberge collective Bella Vista Guest Center Pays Basque\" alt=\"Auberge collective Bella Vista Guest Center Pays Basque\" loading=\"lazy\" \/>\n\t\t\t\t\t\t\t\t<div class=\"tis-item-label-container\">\n\t\t\t\t\t\t\t\t\t<!--<span class=\"tis-item-handicap\"><img decoding=\"async\" src=\"https:\/\/www.hendaye-tourisme.fr\/wp-content\/plugins\/tourinsoft-syndication\/assets\/images\/icon-handicap.svg\" title=\"\" alt=\"\" \/><\/span>-->\n\t\t\t\t\t\t\t\t\t\t\t\t\t<span class=\"tis-item-durable\"><img decoding=\"async\" src=\"https:\/\/www.hendaye-tourisme.fr\/wp-content\/plugins\/tourinsoft-syndication\/assets\/images\/icon-durable.svg\" title=\"Desarrollo sostenible\" alt=\"Desarrollo sostenible\" \/><\/span>\n\t\t\t\t\t\t\t<\/div>\n\t\t\t\t\t<\/div>\n\t\t\n\t\t\n\t\t\n\t\t<h3>\t\t\tAuberge collective Bella Vista Guest Center Pays Basque\t\t<\/h3>\n\t\t\t<\/a>\n\t\n\t\t\t\t\t\n\t<p>Alojese en Hendaia en un edificio nuevo y eco-responsable que ofrece une vista panoramica a 360\u00b0 sobre el oceano y los Pirineos. 2 restaurantes, un bar loungecon su terraza de madera, piscina,&hellip;<\/p>\t\n\t\t\n\t<div class=\"wp-block-button is-style-outline\">\n\t\t<a href=\"https:\/\/www.hendaye-tourisme.fr\/es\/alojamiento\/alojamientos-colectivos\/HCOLLAQU0640002P-auberge-collective-bella-vista-guest-center-pays-basque\/\" class=\"trk_visit_single wp-block-button__link has-dark-color has-white-background-color \">Ver m\u00e1s<\/a>\n\t<\/div>\n\t\n<\/article>\t\t\t\t\t<\/div>\n\t\t\t<\/div>\n\t\t<\/div>\n\t\t<div id=\"tourinsoft-map\"  data-marker=\"https:\/\/www.hendaye-tourisme.fr\/wp-content\/plugins\/tourinsoft-syndication\/assets\/images\/map-marker.png\" data-lat=\"43.35940200\" data-lng=\"-1.76615000\" data-zoom=\"10\"><\/div>\n\t<\/div>\n<\/div>\n\n\n<div style=\"height:50px\" aria-hidden=\"true\" class=\"wp-block-spacer\"><\/div>\n\n<\/div>\n","protected":false},"excerpt":{"rendered":"<p>\u00bfBuscas un alojamiento respetuoso con el medio ambiente para tu estancia en Hendaya? Estos establecimientos est\u00e1n comprometidos con el desarrollo sostenible adoptando pr\u00e1cticas respetuosas con el medio ambiente, como reducir el consumo de energ\u00eda y agua, clasificar los residuos y utilizar productos locales y ecol\u00f3gicos.<\/p>\n","protected":false},"author":2,"featured_media":4135,"parent":30217,"menu_order":0,"comment_status":"closed","ping_status":"closed","template":"","meta":{"_acf_changed":false,"_seopress_robots_primary_cat":"","_seopress_titles_title":"Alojamientos con etiqueta ecol\u00f3gica | Hendaye Tourisme","_seopress_titles_desc":"Aqu\u00ed tienes nuestra selecci\u00f3n de hoteles, campings y otros establecimientos con etiqueta ecol\u00f3gica en Hendaya...","_seopress_robots_index":"","footnotes":""},"class_list":["post-69955","page","type-page","status-publish","has-post-thumbnail","hentry"],"acf":[],"_links":{"self":[{"href":"https:\/\/www.hendaye-tourisme.fr\/es\/wp-json\/wp\/v2\/pages\/69955","targetHints":{"allow":["GET"]}}],"collection":[{"href":"https:\/\/www.hendaye-tourisme.fr\/es\/wp-json\/wp\/v2\/pages"}],"about":[{"href":"https:\/\/www.hendaye-tourisme.fr\/es\/wp-json\/wp\/v2\/types\/page"}],"author":[{"embeddable":true,"href":"https:\/\/www.hendaye-tourisme.fr\/es\/wp-json\/wp\/v2\/users\/2"}],"replies":[{"embeddable":true,"href":"https:\/\/www.hendaye-tourisme.fr\/es\/wp-json\/wp\/v2\/comments?post=69955"}],"version-history":[{"count":1,"href":"https:\/\/www.hendaye-tourisme.fr\/es\/wp-json\/wp\/v2\/pages\/69955\/revisions"}],"predecessor-version":[{"id":69956,"href":"https:\/\/www.hendaye-tourisme.fr\/es\/wp-json\/wp\/v2\/pages\/69955\/revisions\/69956"}],"up":[{"embeddable":true,"href":"https:\/\/www.hendaye-tourisme.fr\/es\/wp-json\/wp\/v2\/pages\/30217"}],"wp:featuredmedia":[{"embeddable":true,"href":"https:\/\/www.hendaye-tourisme.fr\/es\/wp-json\/wp\/v2\/media\/4135"}],"wp:attachment":[{"href":"https:\/\/www.hendaye-tourisme.fr\/es\/wp-json\/wp\/v2\/media?parent=69955"}],"curies":[{"name":"wp","href":"https:\/\/api.w.org\/{rel}","templated":true}]}}