{"id":69181,"date":"2025-02-07T11:26:46","date_gmt":"2025-02-07T10:26:46","guid":{"rendered":"https:\/\/www.hendaye-tourisme.fr\/transporte-y-movilidad\/alquiler-de-bicicletas\/"},"modified":"2025-02-07T11:47:13","modified_gmt":"2025-02-07T10:47:13","slug":"alquiler-de-bicicletas","status":"publish","type":"page","link":"https:\/\/www.hendaye-tourisme.fr\/es\/transporte-y-movilidad\/alquiler-de-bicicletas\/","title":{"rendered":"Alquiler de bicicletas"},"content":{"rendered":"\n<div class=\"wp-block-columns is-layout-flex wp-container-core-columns-is-layout-9d6595d7 wp-block-columns-is-layout-flex\">\n<div class=\"wp-block-column is-layout-flow wp-block-column-is-layout-flow\" style=\"flex-basis:33.33%\"><div class=\"highlight-bloc-container \" id=\"ts-block-65368af54ee28\"  >\n\t<div class=\"highlight-bloc-content\">\n\t\t<div class=\"acf-innerblocks-container\">\n\n<h2 class=\"wp-block-heading suptitle\">\u00a1Ensilla y descubre Hendaya de una forma totalmente nueva!<\/h2>\n\n<\/div>\t<\/div>\n<\/div>\n<\/div>\n\n\n\n<div class=\"wp-block-column is-layout-flow wp-block-column-is-layout-flow\" style=\"flex-basis:66.66%\">\n<p><br\/>\u00bfBuscas libertad, aire fresco y la posibilidad de explorar a tu antojo? \u00a1Hendaya y sus alrededores son perfectos para<a href=\"https:\/\/www.hendaye-tourisme.fr\/es\/actividades\/actividades-deportivas\/bicicleta\/\">ir en bicicleta<\/a>! Ya sea en familia, con amigos o por tu cuenta, s\u00fabete a tu veh\u00edculo de dos ruedas y explora las carreteras y caminos entre el oc\u00e9ano, las monta\u00f1as y la naturaleza virgen.<\/p>\n\n\n\n<h3 class=\"wp-block-heading\">\u00a1Encuentra la moto perfecta para tu aventura!<\/h3>\n\n\n\n<p>Bicicletas cl\u00e1sicas, el\u00e9ctricas o incluso de monta\u00f1a, nuestros socios ofrecen una amplia gama para satisfacer todos tus deseos ciclistas: sigue el curso del Bidasoa a lo largo de la bah\u00eda de Txingudi, recorre la V\u00e9lodyss\u00e9e o conquista las colinas del Pa\u00eds Vasco&#8230; \u00a1T\u00fa eliges tu ruta!  <\/p>\n\n\n\n<p>Descubre todos nuestros proveedores de servicios y reserva tu moto en un instante:<\/p>\n<\/div>\n<\/div>\n<div id=\"ts-block-67a5dfe6d66a9\"  class=\"is-style-map\">\n\t\t<script type=\"text\/javascript\">\n\t\tvar tsObjects = {\"type\":\"FeatureCollection\",\"features\":[{\"geometry\":{\"type\":\"Point\",\"coordinates\":[-1.77901,43.3688]},\"type\":\"Feature\",\"id\":\"ASCAQU064V5C0QBT\",\"properties\":{\"objectTypeCode\":\"ASC\",\"name\":\"Joe Bike Hendaye\",\"marker_id\":\"ASCAQU064V5C0QBT\",\"commune\":\"HENDAYE\",\"display_city\":false,\"cp\":\"64700\",\"ad1\":\"1 rue des Orangers\",\"gmapLongitude\":-1.77901,\"gmapLatitude\":43.3688,\"zone1\":null,\"telephone\":\"\",\"detail_url\":\"https:\\\/\\\/www.hendaye-tourisme.fr\\\/es\\\/actividades\\\/ASCAQU064V5C0QBT-joe-bike-hendaye\\\/\",\"excerpt\":\"Situado en un almac\\u00e9n de vinos del puerto pesquero de Hendaya, Joe Bike goza de una ubicaci\\u00f3n ideal para explorar el Pa\\u00eds Vasco en bicicleta. Justo al lado de la costa, tendr\\u00e1s&hellip;\",\"display_excerpt\":\"1\",\"photo\":\"https:\\\/\\\/www.hendaye-tourisme.fr\\\/wp-content\\\/uploads\\\/tis\\\/Design-sans-titre--18-.png\",\"clas\":null,\"btn_label\":\"Ver m\\u00e1s\",\"btn_class\":null,\"durable\":false,\"charte\":\"\",\"durable_label\":\"Desarrollo sostenible\",\"online_bookable\":\"Reservas en l\\u00ednea\",\"price_from\":false,\"tags\":[{\"object_tag_id\":\"108877\",\"syndicObjectID\":\"ASCAQU064V5C0QBT\",\"tag_id\":\"3\",\"subtag_id\":\"4\",\"field\":\"V\\u00e9lo \\u00e9lectrique\"},{\"object_tag_id\":\"108878\",\"syndicObjectID\":\"ASCAQU064V5C0QBT\",\"tag_id\":\"3\",\"subtag_id\":\"4\",\"field\":\"VTT\"},{\"object_tag_id\":\"108879\",\"syndicObjectID\":\"ASCAQU064V5C0QBT\",\"tag_id\":\"3\",\"subtag_id\":\"4\",\"field\":\"VTT \\u00e9lectrique\"}],\"type\":\"Place\"}}]};\n\t<\/script>\n\n\t\t\n\n<div id=\"tourinsoft-loader\">\n\t<div class=\"outer\">\n\t\t<div class=\"inner\">\n\t\t\t<div class=\"small\"><\/div>\n\t\t\t<div class=\"small\"><\/div>\n\t\t\t<div class=\"small\"><\/div>\n\t\t\t<div class=\"small\"><\/div>\n\t\t<\/div>\n\t\t<div class=\"big\">\n\t\t\t<div class=\"small\"><\/div>\n\t\t<\/div>\n\t\t<div class=\"big\">\n\t\t\t<div class=\"small\"><\/div>\n\t\t<\/div>\n\t<\/div>\n<\/div>\n\n\n<div style=\"height:50px\" aria-hidden=\"true\" class=\"wp-block-spacer\" id=\"form-results\"><\/div>\n\n\n<div id=\"tourinsoft-list\" class=\"py wp-block-group alignfull \">\n\t<div class=\"tourinsoft-map-container\">\n\t\t<div id=\"tourinsoft-result-list\">\n\t\t\t\t\t\t<div id=\"tourinsoft-result-container\" >\n\t\t\t\n\t\t\t\t\t\t\t\t<div id=\"js-marker-result\" class=\"grid-mode\" >\n\t\t\t\t\t\n\t\t\t\t\t<article class=\"js-marker tourinsoft-item tis-box \" id=\"marker-ASCAQU064V5C0QBT\" data-lat=\"43.3688\" data-lng=\"-1.77901\" data-title=\"Joe Bike Hendaye\">\n\t<a href=\"https:\/\/www.hendaye-tourisme.fr\/es\/actividades\/ASCAQU064V5C0QBT-joe-bike-hendaye\/\" class=\"trk_visit_single\">\n\t\t<div class=\"tis-item-cover \">\n\t\t\t\t\t\t\t\t\t<img decoding=\"async\" src=\"https:\/\/www.hendaye-tourisme.fr\/wp-content\/uploads\/tis\/Design-sans-titre--18-.png\" title=\"Joe Bike Hendaye\" alt=\"Joe Bike Hendaye\" loading=\"lazy\" \/>\n\t\t\t\t\t\t\t\t<div class=\"tis-item-label-container\">\n\t\t\t\t\t\t\t\t\t<!--<span class=\"tis-item-handicap\"><img decoding=\"async\" src=\"https:\/\/www.hendaye-tourisme.fr\/wp-content\/plugins\/tourinsoft-syndication\/assets\/images\/icon-handicap.svg\" title=\"\" alt=\"\" \/><\/span>-->\n\t\t\t\t\t\t\t\t\t\t\t<\/div>\n\t\t\t\t\t\t<div class=\"tis-item-online-booking\">\n\t\t\t\t<span>Reservas en l\u00ednea<\/span>\n\t\t\t<\/div>\n\t\t\t\t\t<\/div>\n\t\t\n\t\t\n\t\t\n\t\t<h3>\t\t\tJoe Bike Hendaye\t\t<\/h3>\n\t\t\t<\/a>\n\t\n\t\t\t\t\t\t<div class=\"tis-item-tags\">\n\t\t\t\t\t\t\t\t<span class=\"tis-item-tag\">V\u00e9lo \u00e9lectrique<\/span>\n\t\t\t\t\t\t\t\t<span class=\"tis-item-tag\">VTT<\/span>\n\t\t\t\t\t\t\t\t<span class=\"tis-item-tag\">VTT \u00e9lectrique<\/span>\n\t\t\t\t\t\t\t<\/div>\n\t\t\t\t\n\t<p>Situado en un almac\u00e9n de vinos del puerto pesquero de Hendaya, Joe Bike goza de una ubicaci\u00f3n ideal para explorar el Pa\u00eds Vasco en bicicleta. Justo al lado de la costa, tendr\u00e1s&hellip;<\/p>\t\n\t\t\n\t<div class=\"wp-block-button is-style-outline\">\n\t\t<a href=\"https:\/\/www.hendaye-tourisme.fr\/es\/actividades\/ASCAQU064V5C0QBT-joe-bike-hendaye\/\" class=\"trk_visit_single wp-block-button__link has-dark-color has-white-background-color \">Ver m\u00e1s<\/a>\n\t<\/div>\n\t\n<\/article>\t\t\t\t\t<\/div>\n\t\t\t<\/div>\n\t\t<\/div>\n\t\t<div id=\"tourinsoft-map\"  data-marker=\"https:\/\/www.hendaye-tourisme.fr\/wp-content\/plugins\/tourinsoft-syndication\/assets\/images\/map-marker.png\" data-lat=\"43.35940200\" data-lng=\"-1.76615000\" data-zoom=\"10\"><\/div>\n\t<\/div>\n<\/div>\n\n\n<div style=\"height:50px\" aria-hidden=\"true\" class=\"wp-block-spacer\"><\/div>\n\n<\/div>\n","protected":false},"excerpt":{"rendered":"<p>\u00bfBuscas libertad, aire fresco y la posibilidad de explorar a tu antojo? \u00a1Hendaya y sus alrededores son perfectos parair en bicicleta! Ya sea en familia, con amigos o por tu cuenta, s\u00fabete a tu veh\u00edculo de dos ruedas y explora las carreteras y caminos entre el oc\u00e9ano, las monta\u00f1as y [&hellip;]<\/p>\n","protected":false},"author":2,"featured_media":13896,"parent":30288,"menu_order":0,"comment_status":"closed","ping_status":"closed","template":"","meta":{"_acf_changed":false,"_seopress_robots_primary_cat":"","_seopress_titles_title":"Alquiler de bicicletas | Hendaye Tourisme","_seopress_titles_desc":"\u00a1Hendaya y sus alrededores son perfectos para ir en bicicleta! Descubre todos nuestros proveedores de servicios y reserva tu bicicleta en un abrir y cerrar de ojos... ","_seopress_robots_index":"","footnotes":""},"class_list":["post-69181","page","type-page","status-publish","has-post-thumbnail","hentry"],"acf":[],"_links":{"self":[{"href":"https:\/\/www.hendaye-tourisme.fr\/es\/wp-json\/wp\/v2\/pages\/69181","targetHints":{"allow":["GET"]}}],"collection":[{"href":"https:\/\/www.hendaye-tourisme.fr\/es\/wp-json\/wp\/v2\/pages"}],"about":[{"href":"https:\/\/www.hendaye-tourisme.fr\/es\/wp-json\/wp\/v2\/types\/page"}],"author":[{"embeddable":true,"href":"https:\/\/www.hendaye-tourisme.fr\/es\/wp-json\/wp\/v2\/users\/2"}],"replies":[{"embeddable":true,"href":"https:\/\/www.hendaye-tourisme.fr\/es\/wp-json\/wp\/v2\/comments?post=69181"}],"version-history":[{"count":1,"href":"https:\/\/www.hendaye-tourisme.fr\/es\/wp-json\/wp\/v2\/pages\/69181\/revisions"}],"predecessor-version":[{"id":69182,"href":"https:\/\/www.hendaye-tourisme.fr\/es\/wp-json\/wp\/v2\/pages\/69181\/revisions\/69182"}],"up":[{"embeddable":true,"href":"https:\/\/www.hendaye-tourisme.fr\/es\/wp-json\/wp\/v2\/pages\/30288"}],"wp:featuredmedia":[{"embeddable":true,"href":"https:\/\/www.hendaye-tourisme.fr\/es\/wp-json\/wp\/v2\/media\/13896"}],"wp:attachment":[{"href":"https:\/\/www.hendaye-tourisme.fr\/es\/wp-json\/wp\/v2\/media?parent=69181"}],"curies":[{"name":"wp","href":"https:\/\/api.w.org\/{rel}","templated":true}]}}