{"id":63861,"date":"2024-03-25T13:58:44","date_gmt":"2024-03-25T12:58:44","guid":{"rendered":"https:\/\/www.hendaye-tourisme.fr\/familia-2\/"},"modified":"2025-02-26T13:54:45","modified_gmt":"2025-02-26T12:54:45","slug":"familia-2","status":"publish","type":"page","link":"https:\/\/www.hendaye-tourisme.fr\/es\/familia-2\/","title":{"rendered":"Familia"},"content":{"rendered":"\n<div class=\"wp-block-columns is-layout-flex wp-container-core-columns-is-layout-9d6595d7 wp-block-columns-is-layout-flex\">\n<div class=\"wp-block-column is-layout-flow wp-block-column-is-layout-flow\" style=\"flex-basis:33.33%\"><div class=\"highlight-bloc-container \" id=\"ts-block-65368af54ee28\"  >\n\t<div class=\"highlight-bloc-content\">\n\t\t<div class=\"acf-innerblocks-container\">\n\n<h2 class=\"wp-block-heading suptitle\">En Hendaya, creemos firmemente que los recuerdos m\u00e1s preciados son los que se comparten con la familia.<\/h2>\n\n<\/div>\t<\/div>\n<\/div>\n\n\n\n<div style=\"height:15px\" aria-hidden=\"true\" class=\"wp-block-spacer\"><\/div>\n\n\n\n<figure class=\"wp-block-gallery has-nested-images columns-default is-cropped wp-block-gallery-1 is-layout-flex wp-block-gallery-is-layout-flex\">\n<figure class=\"wp-block-image size-large is-style-default\"><a href=\"https:\/\/www.hendaye-tourisme.fr\/wp-content\/uploads\/2024\/03\/ot-hendaye-famille-plus-e1711377132237.jpg\"><img decoding=\"async\" width=\"1024\" height=\"767\" data-id=\"34945\" src=\"https:\/\/www.hendaye-tourisme.fr\/wp-content\/uploads\/2024\/03\/bandeau-famille-plus-hendaye-tourisme-1024x767.jpg\" alt=\"\" class=\"wp-image-34945\" srcset=\"https:\/\/www.hendaye-tourisme.fr\/wp-content\/uploads\/2024\/03\/bandeau-famille-plus-hendaye-tourisme-1024x767.jpg 1024w, https:\/\/www.hendaye-tourisme.fr\/wp-content\/uploads\/2024\/03\/bandeau-famille-plus-hendaye-tourisme-800x600.jpg 800w, https:\/\/www.hendaye-tourisme.fr\/wp-content\/uploads\/2024\/03\/bandeau-famille-plus-hendaye-tourisme-768x575.jpg 768w, https:\/\/www.hendaye-tourisme.fr\/wp-content\/uploads\/2024\/03\/bandeau-famille-plus-hendaye-tourisme-1536x1150.jpg 1536w, https:\/\/www.hendaye-tourisme.fr\/wp-content\/uploads\/2024\/03\/bandeau-famille-plus-hendaye-tourisme-scaled.jpg 2048w\" sizes=\"(max-width: 1024px) 100vw, 1024px\" \/><\/a><\/figure>\n<\/figure>\n<\/div>\n\n\n\n<div class=\"wp-block-column is-layout-flow wp-block-column-is-layout-flow\" style=\"flex-basis:66.66%\">\n<p>Con su bah\u00eda protegida del fuerte oleaje y una amplia oferta de actividades durante las vacaciones escolares, \u00a1Hendaya es el destino ideal para unas vacaciones familiares en el Pa\u00eds Vasco!<\/p>\n\n\n\n<ul class=\"wp-block-list\">\n<li>3 kil\u00f3metros de <a href=\"https:\/\/www.hendaye-tourisme.fr\/es\/playa-y-navegacion-de-recreo\/informacion-sobre-la-playa\/\" data-type=\"page\" data-id=\"1175\">playa de arena fina<\/a> y pendiente suave: \u00a1una de las m\u00e1s seguras de Aquitania!<\/li>\n\n\n\n<li>un lugar ideal para probar <a href=\"https:\/\/www.hendaye-tourisme.fr\/es\/actividades\/actividades-deportivas\/\" data-type=\"page\" data-id=\"914\">deportes acu\u00e1ticos<\/a>: las olas est\u00e1n para disfrutarlas, no para temerlas.<\/li>\n\n\n\n<li>Brazaletes de playa para que los ni\u00f1os jueguen con seguridad (donados por la oficina de turismo).<\/li>\n\n\n\n<li>zonas <a href=\"https:\/\/www.hendaye-tourisme.fr\/es\/cultura-vasca\/arquitectura-vasca\/\">a lo largo de la playa<\/a> y la <a href=\"\/accueil\/ITIAQU064FS00066-chemin-de-la-baie\/\">bah\u00eda<\/a> dedicadas a peatones, patinadores y ciclistas para pasear con seguridad.<\/li>\n\n\n\n<li>gu\u00edas de buenas pr\u00e1cticas en la playa \u00abLes petites canailles en vacances \u00e0 Hendaye\u00bb (Las peque\u00f1as bribonas de vacaciones en Hendaya)<\/li>\n\n\n\n<li>Talleres manuales, iniciaciones deportivas, espect\u00e1culos de payasos y marionetas&#8230; todos los d\u00edas durante las vacaciones de primavera y oto\u00f1o: <a href=\"\/famille\/semaines-des-enfants\/\" target=\"_blank\" rel=\"noreferrer noopener\">Semanas Infantiles<\/a><\/li>\n\n\n\n<li>La <a href=\"https:\/\/www.journee-de-la-glisse.com\/\">Journ\u00e9e de la Glisse<\/a>, para probar las \u00faltimas actividades deportivas.<\/li>\n\n\n\n<li>La <a href=\"https:\/\/www.hendaye-tourisme.fr\/es\/eventos-destacados\/fiesta-de-la-ciencia\/\">Fiesta de la Ciencia<\/a> revelar\u00e1 a los cient\u00edficos e investigadores del ma\u00f1ana&#8230;<\/li>\n\n\n\n<li>Por no hablar de un programa \u00fanico de<strong>\u00abVacaciones en familia<\/strong>\u00bb durante todo el verano.<\/li>\n<\/ul>\n<\/div>\n<\/div>\n\n<div style=\"height:25px\" aria-hidden=\"true\" class=\"wp-block-spacer\"><\/div>\n\n<h2 class=\"wp-block-heading\">Tus reuniones semanales de verano gratuitas<strong> <\/strong><\/h2>\n\n<div style=\"height:20px\" aria-hidden=\"true\" class=\"wp-block-spacer\"><\/div>\n\t<div id=\"ts-block-65f46e6f13289\">\n\t\n\t\t<!-- Slider main container -->\n\t\t\t\t<div class=\"swiper-container\">\n\t\t\t<div class=\"swiper swiper-ts-block-65f46e6f13289\" data-block_id=\"ts-block-65f46e6f13289\">\n\t\t\n\t\t\t<div class=\"carrousel-container swiper-wrapper \" data-nb_col=\"3\">\n\t\t\t\t\t\t\t\t\t<article class=\"default  swiper-slide\" style=\"min-height: 250px;\">\n\t\t\t\t\t\t\t<figure class=\"is-style-copyright\">\n\t\t<img decoding=\"async\" width=\"800\" height=\"592\" src=\"https:\/\/www.hendaye-tourisme.fr\/wp-content\/uploads\/2024\/03\/img_20230807_104513-800x592.jpg\" class=\"attachment-medium size-medium\" alt=\"R\u00e9veil Fitness tous les lundis de juilet et ao\u00fbt, sur la Grande Plage d&#039;Hendaye\" srcset=\"https:\/\/www.hendaye-tourisme.fr\/wp-content\/uploads\/2024\/03\/img_20230807_104513-800x592.jpg 800w, https:\/\/www.hendaye-tourisme.fr\/wp-content\/uploads\/2024\/03\/img_20230807_104513-1024x758.jpg 1024w, https:\/\/www.hendaye-tourisme.fr\/wp-content\/uploads\/2024\/03\/img_20230807_104513-768x568.jpg 768w, https:\/\/www.hendaye-tourisme.fr\/wp-content\/uploads\/2024\/03\/img_20230807_104513-1536x1137.jpg 1536w, https:\/\/www.hendaye-tourisme.fr\/wp-content\/uploads\/2024\/03\/img_20230807_104513-scaled.jpg 2048w\" sizes=\"(max-width: 800px) 100vw, 800px\" \/>\t\t\t\t\t<\/figure>\n\n<div class=\"carrousel-content has-text-align-center\">\n\t<div>\n\t\t<h3 >Wake-up Fitness<\/h3>\n\t\t<p>\u00a1Despi\u00e9rtate con energ\u00eda cada lunes!\nCon m\u00fasica animada y un ambiente agradable, recarga las pilas en las finas arenas de la Grande Plage.<\/p>\t<\/div>\n\t\t\t<div class=\"wp-block-button is-style-outline\">\n\t\t\t<a class=\"wp-block-button__link\" href=\"https:\/\/tinyurl.com\/2bc9us77\" target=\"_blank\">Descubrir<\/a>\n\t\t<\/div>\n\t<\/div>\n\t\t\t\t\t<\/article>\n\t\t\t\t\t\t\t\t\t<article class=\"default  swiper-slide\" style=\"min-height: 250px;\">\n\t\t\t\t\t\t\t<figure class=\"is-style-copyright\">\n\t\t<img decoding=\"async\" width=\"400\" height=\"600\" src=\"https:\/\/www.hendaye-tourisme.fr\/wp-content\/uploads\/2024\/03\/initiation-pelote-basque-hendaye-1006-400x600.jpg\" class=\"attachment-medium size-medium\" alt=\"Jeune fille qui s&#039;essaye \u00e0 la pelote basque au fronton Daniel Ugarte \u00e0 Hendaye\" srcset=\"https:\/\/www.hendaye-tourisme.fr\/wp-content\/uploads\/2024\/03\/initiation-pelote-basque-hendaye-1006-400x600.jpg 400w, https:\/\/www.hendaye-tourisme.fr\/wp-content\/uploads\/2024\/03\/initiation-pelote-basque-hendaye-1006.jpg 667w\" sizes=\"(max-width: 400px) 100vw, 400px\" \/>\t\t\t\t\t<\/figure>\n\n<div class=\"carrousel-content has-text-align-center\">\n\t<div>\n\t\t<h3 >Iniciaci\u00f3n a la pelota vasca<\/h3>\n\t\t<p>Es la oportunidad perfecta para probar suerte en este juego milenario, mientras conoces los or\u00edgenes de las distintas disciplinas y las t\u00e9cnicas b\u00e1sicas.\nDe la pala a la chistera, prueba toda la gama de instrumentos utilizados en el deporte rey del Pa\u00eds Vasco.\n<\/p>\t<\/div>\n\t\t\t<div class=\"wp-block-button is-style-outline\">\n\t\t\t<a class=\"wp-block-button__link\" href=\"https:\/\/tinyurl.com\/2b2d3sql\" target=\"_blank\">Descubrir<\/a>\n\t\t<\/div>\n\t<\/div>\n\t\t\t\t\t<\/article>\n\t\t\t\t\t\t\t\t\t<article class=\"default  swiper-slide\" style=\"min-height: 250px;\">\n\t\t\t\t\t\t\t<figure class=\"is-style-copyright\">\n\t\t<img decoding=\"async\" width=\"800\" height=\"533\" src=\"https:\/\/www.hendaye-tourisme.fr\/wp-content\/uploads\/2023\/11\/Concours-de-Chateaux-de-sable-Hendaye-Tourisme-1-800x533.jpg\" class=\"attachment-medium size-medium\" alt=\"\" srcset=\"https:\/\/www.hendaye-tourisme.fr\/wp-content\/uploads\/2023\/11\/Concours-de-Chateaux-de-sable-Hendaye-Tourisme-1-800x533.jpg 800w, https:\/\/www.hendaye-tourisme.fr\/wp-content\/uploads\/2023\/11\/Concours-de-Chateaux-de-sable-Hendaye-Tourisme-1-1024x682.jpg 1024w, https:\/\/www.hendaye-tourisme.fr\/wp-content\/uploads\/2023\/11\/Concours-de-Chateaux-de-sable-Hendaye-Tourisme-1-768x512.jpg 768w, https:\/\/www.hendaye-tourisme.fr\/wp-content\/uploads\/2023\/11\/Concours-de-Chateaux-de-sable-Hendaye-Tourisme-1-1536x1023.jpg 1536w, https:\/\/www.hendaye-tourisme.fr\/wp-content\/uploads\/2023\/11\/Concours-de-Chateaux-de-sable-Hendaye-Tourisme-1.jpg 1900w\" sizes=\"(max-width: 800px) 100vw, 800px\" \/>\t\t\t\t\t<\/figure>\n\n<div class=\"carrousel-content has-text-align-center\">\n\t<div>\n\t\t<h3 >Concurso familiar de castillos de arena<\/h3>\n\t\t<p>Da rienda suelta a tu imaginaci\u00f3n y construye obras maestras ef\u00edmeras en la fina arena de la Grande Plage.\n\u00a1Toda la familia puede aportar su granito de arena!<\/p>\t<\/div>\n\t\t\t<div class=\"wp-block-button is-style-outline\">\n\t\t\t<a class=\"wp-block-button__link\" href=\"https:\/\/tinyurl.com\/24fodwgw\" target=\"_blank\">Descubrir<\/a>\n\t\t<\/div>\n\t<\/div>\n\t\t\t\t\t<\/article>\n\t\t\t\t\t\t\t\t\t<article class=\"default  swiper-slide\" style=\"min-height: 250px;\">\n\t\t\t\t\t\t\t<figure class=\"is-style-copyright\">\n\t\t<img decoding=\"async\" width=\"800\" height=\"533\" src=\"https:\/\/www.hendaye-tourisme.fr\/wp-content\/uploads\/2023\/12\/Initiation-Longe-Cote-Hendaye-Tourisme-800x533.jpg\" class=\"attachment-medium size-medium\" alt=\"Initiation Longe Cote Hendaye Tourisme\" srcset=\"https:\/\/www.hendaye-tourisme.fr\/wp-content\/uploads\/2023\/12\/Initiation-Longe-Cote-Hendaye-Tourisme-800x533.jpg 800w, https:\/\/www.hendaye-tourisme.fr\/wp-content\/uploads\/2023\/12\/Initiation-Longe-Cote-Hendaye-Tourisme-1024x683.jpg 1024w, https:\/\/www.hendaye-tourisme.fr\/wp-content\/uploads\/2023\/12\/Initiation-Longe-Cote-Hendaye-Tourisme-768x512.jpg 768w, https:\/\/www.hendaye-tourisme.fr\/wp-content\/uploads\/2023\/12\/Initiation-Longe-Cote-Hendaye-Tourisme-1536x1024.jpg 1536w, https:\/\/www.hendaye-tourisme.fr\/wp-content\/uploads\/2023\/12\/Initiation-Longe-Cote-Hendaye-Tourisme-scaled.jpg 2048w\" sizes=\"(max-width: 800px) 100vw, 800px\" \/>\t\t\t\t\t<\/figure>\n\n<div class=\"carrousel-content has-text-align-center\">\n\t<div>\n\t\t<h3 >Longe C\u00f4te<\/h3>\n\t\t<p>Sum\u00e9rgete en las olas de la Grande Plage para una sesi\u00f3n revitalizante en armon\u00eda con el oc\u00e9ano Atl\u00e1ntico.<\/p>\t<\/div>\n\t<\/div>\n\t\t\t\t\t<\/article>\n\t\t\t\t\t\t\t\t\t<article class=\"default  swiper-slide\" style=\"min-height: 250px;\">\n\t\t\t\t\t\t\t<figure class=\"is-style-copyright\">\n\t\t<img decoding=\"async\" width=\"790\" height=\"527\" src=\"https:\/\/www.hendaye-tourisme.fr\/wp-content\/uploads\/2024\/03\/yoga-hendaye-tourisme-1.jpg\" class=\"attachment-medium size-medium\" alt=\"S\u00e9ance de yoga sur la Grande Plage d&#039;Hendaye\" srcset=\"https:\/\/www.hendaye-tourisme.fr\/wp-content\/uploads\/2024\/03\/yoga-hendaye-tourisme-1.jpg 790w, https:\/\/www.hendaye-tourisme.fr\/wp-content\/uploads\/2024\/03\/yoga-hendaye-tourisme-1-768x512.jpg 768w\" sizes=\"(max-width: 790px) 100vw, 790px\" \/>\t\t\t\t\t<\/figure>\n\n<div class=\"carrousel-content has-text-align-center\">\n\t<div>\n\t\t<h3 >Yoga &#8211; Casa Adam<\/h3>\n\t\t<p>Al borde de las dunas de Sokoburu, con el sonido de las olas y la brisa marina, practicar\u00e1s las posturas y t\u00e9cnicas de respiraci\u00f3n que te guiar\u00e1n hacia un estado de relajaci\u00f3n profunda&#8230;<\/p>\t<\/div>\n\t\t\t<div class=\"wp-block-button is-style-outline\">\n\t\t\t<a class=\"wp-block-button__link\" href=\"https:\/\/tinyurl.com\/2dhpcwfm\" target=\"_blank\">Descubrir<\/a>\n\t\t<\/div>\n\t<\/div>\n\t\t\t\t\t<\/article>\n\t\t\t\t\t\t\t<\/div>\n\t\t\t\n\t\t\t\t\t\t<!-- If we need pagination -->\n\t\t\t\t<!--<div class=\"swiper-pagination\"><\/div>-->\n\n\t\t\t<\/div>\n\t\t\t<!-- If we need navigation buttons -->\n\t\t\t<div\n\t\t\t\tclass=\"swiper-button-prev prev-ts-block-65f46e6f13289\"\n\t\t\t\trole=\"button\"\n\t\t\t\ttabindex=\"0\"\n\t\t\t\taria-label=\"Diapositiva anterior\"\n\t\t\t>\n\t\t\t\t<span class=\"sr-only\">Diapositiva anterior<\/span>\n\t\t\t<\/div>\n\n\t\t\t<div\n\t\t\t\tclass=\"swiper-button-next next-ts-block-65f46e6f13289\"\n\t\t\t\trole=\"button\"\n\t\t\t\ttabindex=\"0\"\n\t\t\t\taria-label=\"Diapositiva siguiente\"\n\t\t\t>\n\t\t\t\t<span class=\"sr-only\">Diapositiva siguiente<\/span>\n\t\t\t<\/div>\n\n\t\t<\/div>\n\t\t\t<\/div>\n\n<div style=\"height:50px\" aria-hidden=\"true\" class=\"wp-block-spacer\"><\/div>\n\n<h2 class=\"wp-block-heading\">\u00a1Diversi\u00f3n garantizada durante las vacaciones escolares!<\/h2>\n\n<div class=\"wp-block-media-text has-media-on-the-right is-stacked-on-mobile has-light-blue-background-color has-background\" style=\"grid-template-columns:auto 40%\"><div class=\"wp-block-media-text__content\">\n<p>\u00a1Sin dudarlo!  <\/p>\n\n\n\n<p>\u00a1Hendaya lo tiene todo para complacer a todos los miembros de la familia!<\/p>\n\n\n\n<p>Las vacaciones en la Costa Vasca son sin\u00f3nimo de aventura y diversi\u00f3n sin fin.<\/p>\n\n\n\n<ul class=\"wp-block-list\">\n<li>Primavera, D\u00eda de Todos los Santos: <a href=\"\/famille\/semaines-des-enfants\/\">actividades gratuitas todos los d\u00edas con las \u00absemanas de los ni\u00f1os\u00bb<\/a>.<\/li>\n\n\n\n<li>Del 10 al 12 de julio, <a href=\"http:\/\/www.hendayefetelete.com\/\" target=\"_blank\" rel=\"noreferrer noopener\">\u00abHendaya festeja el verano\u00bb<\/a>: circo, teatro de calle, danza, desfile nocturno, fuegos artificiales.<\/li>\n\n\n\n<li>Cada semana en verano, desfiles musicales, m\u00fasicos, magos&#8230;<\/li>\n\n\n\n<li>Talleres cient\u00edficos en <a href=\"..\/decouvrir\/sites-et-visites\/chateau-observatoire-abbadia\/index.html\" target=\"_blank\" rel=\"noreferrer noopener\">Abbadia, el Observatorio del Castillo<\/a><\/li>\n\n\n\n<li>Sin olvidar <a href=\"\/activites\/LOIAQU064FS0004B-mini-golf-d-hendaye\/\">el minigolf<\/a>, <a href=\"https:\/\/www.hendaye-tourisme.fr\/es\/actividades\/otras-actividades\/rincon-de-los-ninos\/\">los clubes de playa<\/a> y el tiovivo&#8230;<\/li>\n<\/ul>\n<\/div><figure class=\"wp-block-media-text__media\"><img decoding=\"async\" width=\"1024\" height=\"683\" src=\"https:\/\/www.hendaye-tourisme.fr\/wp-content\/uploads\/2024\/03\/hendaye-fete-lete-hendaye-tourisme-27-1024x683.jpg\" alt=\"Espect\u00e1culo de fuegos artificiales durante la Fiesta del Fuego de Hendaya\" class=\"wp-image-33380 size-full\" srcset=\"https:\/\/www.hendaye-tourisme.fr\/wp-content\/uploads\/2024\/03\/hendaye-fete-lete-hendaye-tourisme-27-1024x683.jpg 1024w, https:\/\/www.hendaye-tourisme.fr\/wp-content\/uploads\/2024\/03\/hendaye-fete-lete-hendaye-tourisme-27-800x533.jpg 800w, https:\/\/www.hendaye-tourisme.fr\/wp-content\/uploads\/2024\/03\/hendaye-fete-lete-hendaye-tourisme-27-768x512.jpg 768w, https:\/\/www.hendaye-tourisme.fr\/wp-content\/uploads\/2024\/03\/hendaye-fete-lete-hendaye-tourisme-27.jpg 1191w\" sizes=\"(max-width: 1024px) 100vw, 1024px\" \/><\/figure><\/div>\n\n<div style=\"height:30px\" aria-hidden=\"true\" class=\"wp-block-spacer\"><\/div>\n\n<section class=\"wp-block-group alignfull wave has-white-color has-blue-background-color has-text-color has-background\"><div class=\"wp-block-group__inner-container is-layout-constrained wp-block-group-is-layout-constrained\">\n<h3 class=\"wp-block-heading has-text-align-center has-white-color has-text-color\" style=\"font-style:normal;font-weight:300\">Pero tambi\u00e9n&#8230;<\/h3>\n\n\n\n<h2 class=\"wp-block-heading has-text-align-center tilde has-white-color has-text-color\">Todo el a\u00f1o<\/h2>\n\n\n\n<p><\/p>\n\n\n\n<ul class=\"wp-block-list\">\n<li>Si buscas unas vacaciones llenas de sorpresas y giros, ven y ponte a prueba con tu familia o amigos en el juego de escape <a href=\"\/activites\/LOIAQU064V5BSCSG-escape-game-d-abbadia-le-chateau-observatoire\/\">\u00abTras la pista de una herencia misteriosa<\/a>\u00bb en <a href=\"https:\/\/www.hendaye-tourisme.fr\/es\/actividades\/actividades-culturales\/abbadia-el-castillo-observatorio\/\">Abbadia, el Ch\u00e2teau-Observatoire<\/a>.<br\/><\/li>\n\n\n\n<li>B\u00fasqueda del tesoro: sigue <a href=\"\/activites\/PCUAQU064FS000PJ-chasse-au-tresor-balea\/\">las pistas de Balea<\/a>, la ballena de Hendaya, para encontrar el tesoro. O sigue los pasos del <a href=\"\/activites\/PCUAQU064V5AZDZ1-chasse-au-tresor-sur-les-traces-du-renard-basque\/\">zorro vasco<\/a>&#8230; <br\/>\u00a1Informaci\u00f3n en la Oficina de Turismo! <br\/><\/li>\n\n\n\n<li>Talleres de lectura y narraci\u00f3n en la <a href=\"\/activites\/LOIAQU064FS000N8-mediatheque-mediateka\/\">biblioteca multimedia<\/a><br\/><\/li>\n\n\n\n<li>Salidas de descubrimiento en la <a href=\"..\/page\/la-corniche-basque\/index.html\">Cornisa Vasca<\/a> con el Centre Permanent d&#8217;Initiative \u00e0 l&#8217;Environnement (Centro Permanente de Iniciativas Medioambientales)<br\/><\/li>\n\n\n\n<li>Espect\u00e1culos organizados por <a href=\"..\/a-faire\/activites\/activites-culturelles\/24588-espace%20culturel%20mendi%20zolan%20kulturgunea\/index.html\">el centro cultural Mendi Zolan<\/a><br\/><\/li>\n\n\n\n<li>Actualmente en construcci\u00f3n, <a href=\"https:\/\/www.hendaye.fr\/fr\/mairie-services\/projets\/projet-de-construction-de-la-piscine-municipale\/\" target=\"_blank\" rel=\"noreferrer noopener\">la futura piscina cubierta<\/a> (cuya reapertura est\u00e1 prevista para finales de 2025\/principios de 2026) albergar\u00e1 :\n<ul class=\"wp-block-list\">\n<li>una piscina deportiva de 25 m con 6 carriles.<\/li>\n\n\n\n<li>una piscina de aprendizaje y actividades de 125 m\u00b2.<br\/><\/li>\n<\/ul>\n<\/li>\n\n\n\n<li><a href=\"https:\/\/www.hendaye-tourisme.fr\/es\/actividades\/otras-actividades\/rincon-de-los-ninos\/\">Escalada de \u00e1rboles, parques infantiles, pista de patinaje<\/a><a href=\"..\/a-faire\/activites\/coin-des-enfants\/27880-aire%20de%20jeux%20belcenia\/index.html\" target=\"_blank\" rel=\"noreferrer noopener\">,<\/a> <a href=\"..\/a-faire\/activites\/coin-des-enfants\/27880-aire%20de%20jeux%20belcenia\/index.html\" target=\"_blank\" rel=\"noreferrer noopener\">pista para bicicletas de monta\u00f1a<\/a>&#8230;<\/li>\n<\/ul>\n\n\n\n<div style=\"height:30px\" aria-hidden=\"true\" class=\"wp-block-spacer\"><\/div>\n\n\n\t<div id=\"ts-block-6604190deda33\">\n\t\n\t\t<!-- Slider main container -->\n\t\t\t\t<div class=\"swiper-container\">\n\t\t\t<div class=\"swiper swiper-ts-block-6604190deda33\" data-block_id=\"ts-block-6604190deda33\">\n\t\t\n\t\t\t<div class=\"carrousel-container swiper-wrapper img-zoom \" data-nb_col=\"3\">\n\t\t\t\t\t\t\t\t\t<article class=\"cover  swiper-slide\" style=\"min-height: 250px;\">\n\t\t\t\t\t\t\n\t<figure class=\"is-style-copyright\">\n\t\t<img decoding=\"async\" width=\"800\" height=\"534\" src=\"https:\/\/www.hendaye-tourisme.fr\/wp-content\/uploads\/2024\/03\/aire-de-jeux-de-belcenia-hendaye-tourisme-5-800x534.jpg\" class=\"attachment-medium size-medium\" alt=\"Aire de jeux sur la baie de Txingudi, \u00e0 Hendaye\" srcset=\"https:\/\/www.hendaye-tourisme.fr\/wp-content\/uploads\/2024\/03\/aire-de-jeux-de-belcenia-hendaye-tourisme-5-800x534.jpg 800w, https:\/\/www.hendaye-tourisme.fr\/wp-content\/uploads\/2024\/03\/aire-de-jeux-de-belcenia-hendaye-tourisme-5-768x512.jpg 768w, https:\/\/www.hendaye-tourisme.fr\/wp-content\/uploads\/2024\/03\/aire-de-jeux-de-belcenia-hendaye-tourisme-5.jpg 1000w\" sizes=\"(max-width: 800px) 100vw, 800px\" \/>\t\t\t\t<figcaption class=\"carrousel-content has-text-align-center\" style=\"justify-content: center\">\n\t\t\t<div>\n\t\t\t\t<h3 class=\" \"><\/h3>\n\t\t\t\t\t\t\t<\/div>\n\t\t\t\t\t<\/figcaption>\n\t\t\t<\/figure>\n\t\n\n\n\n\t\t\t\t\t<\/article>\n\t\t\t\t\t\t\t\t\t<article class=\"cover  swiper-slide\" style=\"min-height: 250px;\">\n\t\t\t\t\t\t\n\t<figure class=\"is-style-copyright\">\n\t\t<img decoding=\"async\" width=\"800\" height=\"534\" src=\"https:\/\/www.hendaye-tourisme.fr\/wp-content\/uploads\/2024\/03\/chasse-au-tresor-pour-enfants-hendaye-tourisme-1-800x534.jpg\" class=\"attachment-medium size-medium\" alt=\"Fratrie sur un jeu de piste sur le port de plaisance d&#039;Hendaye\" srcset=\"https:\/\/www.hendaye-tourisme.fr\/wp-content\/uploads\/2024\/03\/chasse-au-tresor-pour-enfants-hendaye-tourisme-1-800x534.jpg 800w, https:\/\/www.hendaye-tourisme.fr\/wp-content\/uploads\/2024\/03\/chasse-au-tresor-pour-enfants-hendaye-tourisme-1-768x512.jpg 768w, https:\/\/www.hendaye-tourisme.fr\/wp-content\/uploads\/2024\/03\/chasse-au-tresor-pour-enfants-hendaye-tourisme-1.jpg 1000w\" sizes=\"(max-width: 800px) 100vw, 800px\" \/>\t\t\t\t<figcaption class=\"carrousel-content has-text-align-center\" style=\"justify-content: center\">\n\t\t\t<div>\n\t\t\t\t<h3 class=\" \"><\/h3>\n\t\t\t\t\t\t\t<\/div>\n\t\t\t\t\t<\/figcaption>\n\t\t\t<\/figure>\n\t\n\n\n\n\t\t\t\t\t<\/article>\n\t\t\t\t\t\t\t\t\t<article class=\"cover  swiper-slide\" style=\"min-height: 250px;\">\n\t\t\t\t\t\t\n\t<figure class=\"is-style-copyright\">\n\t\t<img decoding=\"async\" width=\"800\" height=\"534\" src=\"https:\/\/www.hendaye-tourisme.fr\/wp-content\/uploads\/2024\/03\/ot_hendaye_web-2-800x534.jpg\" class=\"attachment-medium size-medium\" alt=\"Piste de BMX de Belcenia - Hendaye Tourisme\" srcset=\"https:\/\/www.hendaye-tourisme.fr\/wp-content\/uploads\/2024\/03\/ot_hendaye_web-2-800x534.jpg 800w, https:\/\/www.hendaye-tourisme.fr\/wp-content\/uploads\/2024\/03\/ot_hendaye_web-2-768x512.jpg 768w, https:\/\/www.hendaye-tourisme.fr\/wp-content\/uploads\/2024\/03\/ot_hendaye_web-2.jpg 1000w\" sizes=\"(max-width: 800px) 100vw, 800px\" \/>\t\t\t\t<figcaption class=\"carrousel-content has-text-align-center\" style=\"justify-content: center\">\n\t\t\t<div>\n\t\t\t\t<h3 class=\" \"><\/h3>\n\t\t\t\t\t\t\t<\/div>\n\t\t\t\t\t<\/figcaption>\n\t\t\t<\/figure>\n\t\n\n\n\n\t\t\t\t\t<\/article>\n\t\t\t\t\t\t\t\t\t<article class=\"cover  swiper-slide\" style=\"min-height: 250px;\">\n\t\t\t\t\t\t\n\t<figure class=\"is-style-copyright\">\n\t\t<img decoding=\"async\" width=\"800\" height=\"445\" src=\"https:\/\/www.hendaye-tourisme.fr\/wp-content\/uploads\/2024\/03\/popo-hendaye-solarium-bd-e1674573422114-800x445.webp\" class=\"attachment-medium size-medium\" alt=\"Image de synth\u00e8se de la future piscine d&#039;Hendaye\" srcset=\"https:\/\/www.hendaye-tourisme.fr\/wp-content\/uploads\/2024\/03\/popo-hendaye-solarium-bd-e1674573422114-800x445.webp 800w, https:\/\/www.hendaye-tourisme.fr\/wp-content\/uploads\/2024\/03\/popo-hendaye-solarium-bd-e1674573422114-1024x569.webp 1024w, https:\/\/www.hendaye-tourisme.fr\/wp-content\/uploads\/2024\/03\/popo-hendaye-solarium-bd-e1674573422114-768x427.webp 768w, https:\/\/www.hendaye-tourisme.fr\/wp-content\/uploads\/2024\/03\/popo-hendaye-solarium-bd-e1674573422114.webp 1500w\" sizes=\"(max-width: 800px) 100vw, 800px\" \/>\t\t\t\t<figcaption class=\"carrousel-content has-text-align-center\" style=\"justify-content: center\">\n\t\t\t<div>\n\t\t\t\t<h3 class=\" \"><\/h3>\n\t\t\t\t\t\t\t<\/div>\n\t\t\t\t\t<\/figcaption>\n\t\t\t<\/figure>\n\t\n\n\n\n\t\t\t\t\t<\/article>\n\t\t\t\t\t\t\t<\/div>\n\t\t\t\n\t\t\t\t\t\t<!-- If we need pagination -->\n\t\t\t\t<!--<div class=\"swiper-pagination\"><\/div>-->\n\n\t\t\t<\/div>\n\t\t\t<!-- If we need navigation buttons -->\n\t\t\t<div\n\t\t\t\tclass=\"swiper-button-prev prev-ts-block-6604190deda33\"\n\t\t\t\trole=\"button\"\n\t\t\t\ttabindex=\"0\"\n\t\t\t\taria-label=\"Diapositiva anterior\"\n\t\t\t>\n\t\t\t\t<span class=\"sr-only\">Diapositiva anterior<\/span>\n\t\t\t<\/div>\n\n\t\t\t<div\n\t\t\t\tclass=\"swiper-button-next next-ts-block-6604190deda33\"\n\t\t\t\trole=\"button\"\n\t\t\t\ttabindex=\"0\"\n\t\t\t\taria-label=\"Diapositiva siguiente\"\n\t\t\t>\n\t\t\t\t<span class=\"sr-only\">Diapositiva siguiente<\/span>\n\t\t\t<\/div>\n\n\t\t<\/div>\n\t\t\t<\/div>\n<\/div><\/section>\n\n<div style=\"height:30px\" aria-hidden=\"true\" class=\"wp-block-spacer\"><\/div>\n","protected":false},"excerpt":{"rendered":"<p>Con su bah\u00eda protegida del fuerte oleaje y una amplia oferta de actividades durante las vacaciones escolares, \u00a1Hendaya es el destino ideal para unas vacaciones familiares en el Pa\u00eds Vasco! Tus reuniones semanales de verano gratuitas \u00a1Diversi\u00f3n garantizada durante las vacaciones escolares! Pero tambi\u00e9n&#8230; Todo el a\u00f1o<\/p>\n","protected":false},"author":2,"featured_media":33388,"parent":0,"menu_order":0,"comment_status":"closed","ping_status":"closed","template":"","meta":{"_acf_changed":false,"_seopress_robots_primary_cat":"","_seopress_titles_title":"Familia | Oficina de Turismo de Hendaya","_seopress_titles_desc":"Con su bah\u00eda protegida del fuerte oleaje y una amplia oferta de actividades durante las vacaciones escolares, \u00a1Hendaya es el destino ideal para unas vacaciones familiares en el Pa\u00eds Vasco!","_seopress_robots_index":"","footnotes":""},"class_list":["post-63861","page","type-page","status-publish","has-post-thumbnail","hentry"],"acf":[],"_links":{"self":[{"href":"https:\/\/www.hendaye-tourisme.fr\/es\/wp-json\/wp\/v2\/pages\/63861","targetHints":{"allow":["GET"]}}],"collection":[{"href":"https:\/\/www.hendaye-tourisme.fr\/es\/wp-json\/wp\/v2\/pages"}],"about":[{"href":"https:\/\/www.hendaye-tourisme.fr\/es\/wp-json\/wp\/v2\/types\/page"}],"author":[{"embeddable":true,"href":"https:\/\/www.hendaye-tourisme.fr\/es\/wp-json\/wp\/v2\/users\/2"}],"replies":[{"embeddable":true,"href":"https:\/\/www.hendaye-tourisme.fr\/es\/wp-json\/wp\/v2\/comments?post=63861"}],"version-history":[{"count":2,"href":"https:\/\/www.hendaye-tourisme.fr\/es\/wp-json\/wp\/v2\/pages\/63861\/revisions"}],"predecessor-version":[{"id":70018,"href":"https:\/\/www.hendaye-tourisme.fr\/es\/wp-json\/wp\/v2\/pages\/63861\/revisions\/70018"}],"wp:featuredmedia":[{"embeddable":true,"href":"https:\/\/www.hendaye-tourisme.fr\/es\/wp-json\/wp\/v2\/media\/33388"}],"wp:attachment":[{"href":"https:\/\/www.hendaye-tourisme.fr\/es\/wp-json\/wp\/v2\/media?parent=63861"}],"curies":[{"name":"wp","href":"https:\/\/api.w.org\/{rel}","templated":true}]}}