{"id":63859,"date":"2024-03-28T16:55:15","date_gmt":"2024-03-28T15:55:15","guid":{"rendered":"https:\/\/www.hendaye-tourisme.fr\/familia-plus-2\/"},"modified":"2025-02-26T13:52:19","modified_gmt":"2025-02-26T12:52:19","slug":"familia-plus-2","status":"publish","type":"page","link":"https:\/\/www.hendaye-tourisme.fr\/es\/familia-2\/familia-plus-2\/","title":{"rendered":"Familia Plus"},"content":{"rendered":"\n<div class=\"wp-block-columns is-layout-flex wp-container-core-columns-is-layout-9d6595d7 wp-block-columns-is-layout-flex\">\n<div class=\"wp-block-column is-layout-flow wp-block-column-is-layout-flow\" style=\"flex-basis:33.33%\"><div class=\"highlight-bloc-container \" id=\"ts-block-65368af54ee28\"  >\n\t<div class=\"highlight-bloc-content\">\n\t\t<div class=\"acf-innerblocks-container\">\n\n<h2 class=\"wp-block-heading suptitle\">El sello \u00abFamilia Plus\u00bb y las ciudades que lo han obtenido se comprometen a hacer todo lo posible para que las familias y los ni\u00f1os est\u00e9n bien atendidos y pasen unas vacaciones estupendas.<\/h2>\n\n<\/div>\t<\/div>\n<\/div>\n<\/div>\n\n\n\n<div class=\"wp-block-column is-layout-flow wp-block-column-is-layout-flow\" style=\"flex-basis:66.66%\">\n<p>Para consolidar su posici\u00f3n como destino familiar, Hendaya ostenta el sello nacional \u00abFamille Plus\u00bb desde 2018.<\/p>\n\n\n\n<p>Tras presentar la solicitud, se llev\u00f3 a cabo una auditor\u00eda de control que confirm\u00f3 que Hendaya cumpl\u00eda todos los requisitos de las normas.<\/p>\n\n\n\n<p>Esta etiqueta nacional reconoce a los destinos tur\u00edsticos que garantizan una acogida familiar basada en 6 compromisos:<\/p>\n\n\n\n<ul class=\"wp-block-list\">\n<li>Una acogida personalizada para las familias,<\/li>\n\n\n\n<li>Actividades para todas las edades,<\/li>\n\n\n\n<li>Del m\u00e1s peque\u00f1o al m\u00e1s grande, hay un precio para todos,<\/li>\n\n\n\n<li>Actividades para grandes y peque\u00f1os, para disfrutar juntos o por separado,<\/li>\n\n\n\n<li>Todas las tiendas y servicios a su alcance,<\/li>\n\n\n\n<li>Ni\u00f1os mimados por nuestros profesionales.<\/li>\n<\/ul>\n<\/div>\n<\/div>\n\n<div style=\"height:50px\" aria-hidden=\"true\" class=\"wp-block-spacer\"><\/div>\n\n<div class=\"wp-block-columns is-layout-flex wp-container-core-columns-is-layout-9d6595d7 wp-block-columns-is-layout-flex\">\n<div class=\"wp-block-column is-layout-flow wp-block-column-is-layout-flow\" style=\"flex-basis:35%\"><div class=\"banner-container  text-shadow with-overlay btn-hover\" id=\"ts-block-646f624570910\"  >\n\t\t<a href=\"\/famille\/famille-plus\/activites-famille-plus\/\" target=\"\">\n\t\t\t<div class=\"banner-content\">\n\n<div class=\"wp-block-cover has-custom-content-position is-position-top-left\" style=\"min-height:350px;aspect-ratio:unset;\"><span aria-hidden=\"true\" class=\"wp-block-cover__background has-background-dim\"><\/span><img decoding=\"async\" class=\"wp-block-cover__image-background wp-image-34508\" alt=\"Enfants qui courent avec des planches de surf sur la plage d'Hendaye.\" src=\"https:\/\/www.hendaye-tourisme.fr\/wp-content\/uploads\/2024\/03\/ot_hendaye-2017_3.jpg\" style=\"object-position:79% 53%\" data-object-fit=\"cover\" data-object-position=\"79% 53%\"\/><div class=\"wp-block-cover__inner-container is-layout-flow wp-block-cover-is-layout-flow\">\n<h3 class=\"wp-block-heading has-white-color has-text-color\">Actividades<\/h3>\n<\/div><\/div>\n\n<\/div>\t\t\t\t\t<div class=\"wp-block-button is-style-outline\">\n\t\t\t<button class=\"wp-block-button__link\">Descubre<\/button>\n\t\t<\/div>\n\t\t\t<\/a>\n\t\t<\/div>\n<\/div>\n\n\n\n<div class=\"wp-block-column is-layout-flow wp-block-column-is-layout-flow\"><div class=\"banner-container  text-shadow with-overlay btn-hover\" id=\"ts-block-646f624570939\"  >\n\t\t<a href=\"\/famille\/famille-plus\/hebergements-famille-plus\/\" target=\"\">\n\t\t\t<div class=\"banner-content\">\n\n<div class=\"wp-block-cover has-custom-content-position is-position-top-left\" style=\"min-height:350px;aspect-ratio:unset;\"><span aria-hidden=\"true\" class=\"wp-block-cover__background has-background-dim\"><\/span><img decoding=\"async\" class=\"wp-block-cover__image-background wp-image-34515\" alt=\"Famille en direction de son h\u00e9bergement de vacances, \u00e0 Hendaye\" src=\"https:\/\/www.hendaye-tourisme.fr\/wp-content\/uploads\/2024\/03\/hebergement-enfant-famille-plus-hendaye-tourisme-1.jpg\" style=\"object-position:45% 54%\" data-object-fit=\"cover\" data-object-position=\"45% 54%\"\/><div class=\"wp-block-cover__inner-container is-layout-flow wp-block-cover-is-layout-flow\">\n<h3 class=\"wp-block-heading has-white-color has-text-color\">Alojamiento<\/h3>\n<\/div><\/div>\n\n<\/div>\t\t\t\t\t<div class=\"wp-block-button is-style-outline\">\n\t\t\t<button class=\"wp-block-button__link\">Descubrir<\/button>\n\t\t<\/div>\n\t\t\t<\/a>\n\t\t<\/div>\n<\/div>\n<\/div>\n\n<div class=\"wp-block-columns is-layout-flex wp-container-core-columns-is-layout-9d6595d7 wp-block-columns-is-layout-flex\">\n<div class=\"wp-block-column is-layout-flow wp-block-column-is-layout-flow\" style=\"flex-basis:50%\"><div class=\"banner-container  text-shadow with-overlay btn-hover\" id=\"ts-block-646f624570910\"  >\n\t\t<a href=\"\/famille\/famille-plus\/restaurants-famille-plus\/\" target=\"\">\n\t\t\t<div class=\"banner-content\">\n\n<div class=\"wp-block-cover has-custom-content-position is-position-top-left\" style=\"min-height:350px;aspect-ratio:unset;\"><span aria-hidden=\"true\" class=\"wp-block-cover__background has-background-dim\"><\/span><img decoding=\"async\" class=\"wp-block-cover__image-background wp-image-34499\" alt=\"Famille attabl\u00e9e \u00e0 un restaurant d'Hendaye\" src=\"https:\/\/www.hendaye-tourisme.fr\/wp-content\/uploads\/2024\/03\/firefly-famille-atablee-dans-un-restaurant-dhendaye-au-pays-basque-51689.jpg\" data-object-fit=\"cover\"\/><div class=\"wp-block-cover__inner-container is-layout-flow wp-block-cover-is-layout-flow\">\n<h3 class=\"wp-block-heading has-white-color has-text-color\">Restaurantes<\/h3>\n<\/div><\/div>\n\n<\/div>\t\t\t\t\t<div class=\"wp-block-button is-style-outline\">\n\t\t\t<button class=\"wp-block-button__link\">Descubre<\/button>\n\t\t<\/div>\n\t\t\t<\/a>\n\t\t<\/div>\n<\/div>\n\n\n\n<div class=\"wp-block-column is-layout-flow wp-block-column-is-layout-flow\" style=\"flex-basis:25%\"><div class=\"banner-container  text-shadow with-overlay btn-hover\" id=\"ts-block-646f624570939\"  >\n\t\t<a href=\"\/famille\/famille-plus\/espaces-de-jeux-famille-plus\/\" target=\"\">\n\t\t\t<div class=\"banner-content\">\n\n<div class=\"wp-block-cover has-custom-content-position is-position-top-left\" style=\"min-height:350px;aspect-ratio:unset;\"><span aria-hidden=\"true\" class=\"wp-block-cover__background has-background-dim\"><\/span><img decoding=\"async\" width=\"1000\" height=\"667\" class=\"wp-block-cover__image-background wp-image-34016\" alt=\"AIre de jeux pour enfants de Belcenia, sur la Baie de Txingudi, \u00e0 Hendaye.\" src=\"https:\/\/www.hendaye-tourisme.fr\/wp-content\/uploads\/2024\/03\/aire-de-jeux-de-belcenia-hendaye-tourisme-5.jpg\" style=\"object-position:41% 50%\" data-object-fit=\"cover\" data-object-position=\"41% 50%\" srcset=\"https:\/\/www.hendaye-tourisme.fr\/wp-content\/uploads\/2024\/03\/aire-de-jeux-de-belcenia-hendaye-tourisme-5.jpg 1000w, https:\/\/www.hendaye-tourisme.fr\/wp-content\/uploads\/2024\/03\/aire-de-jeux-de-belcenia-hendaye-tourisme-5-800x534.jpg 800w, https:\/\/www.hendaye-tourisme.fr\/wp-content\/uploads\/2024\/03\/aire-de-jeux-de-belcenia-hendaye-tourisme-5-768x512.jpg 768w\" sizes=\"(max-width: 1000px) 100vw, 1000px\" \/><div class=\"wp-block-cover__inner-container is-layout-flow wp-block-cover-is-layout-flow\">\n<h3 class=\"wp-block-heading has-white-color has-text-color\">Zonas de juego<\/h3>\n<\/div><\/div>\n\n<\/div>\t\t\t\t\t<div class=\"wp-block-button is-style-outline\">\n\t\t\t<button class=\"wp-block-button__link\">Descubre<\/button>\n\t\t<\/div>\n\t\t\t<\/a>\n\t\t<\/div>\n<\/div>\n\n\n\n<div class=\"wp-block-column is-layout-flow wp-block-column-is-layout-flow\" style=\"flex-basis:25%\"><div class=\"banner-container  text-shadow with-overlay btn-hover\" id=\"ts-block-6601a385ed151\"  >\n\t\t<a href=\"\/famille\/\" target=\"\">\n\t\t\t<div class=\"banner-content\">\n\n<div class=\"wp-block-cover has-custom-content-position is-position-top-left\"><span aria-hidden=\"true\" class=\"wp-block-cover__background has-background-dim\"><\/span><img decoding=\"async\" width=\"2048\" height=\"805\" class=\"wp-block-cover__image-background wp-image-33385\" alt=\"Specatcle de clown pour enfants, sur la place Sokoburu, \u00e0 Hendaye\" src=\"https:\/\/www.hendaye-tourisme.fr\/wp-content\/uploads\/2024\/03\/spectacle-de-clown-hendaye-tourisme3-scaled-e1711121827967.jpg\" style=\"object-position:83% 54%\" data-object-fit=\"cover\" data-object-position=\"83% 54%\" srcset=\"https:\/\/www.hendaye-tourisme.fr\/wp-content\/uploads\/2024\/03\/spectacle-de-clown-hendaye-tourisme3-scaled-e1711121827967.jpg 2048w, https:\/\/www.hendaye-tourisme.fr\/wp-content\/uploads\/2024\/03\/spectacle-de-clown-hendaye-tourisme3-scaled-e1711121827967-800x314.jpg 800w, https:\/\/www.hendaye-tourisme.fr\/wp-content\/uploads\/2024\/03\/spectacle-de-clown-hendaye-tourisme3-scaled-e1711121827967-1024x403.jpg 1024w, https:\/\/www.hendaye-tourisme.fr\/wp-content\/uploads\/2024\/03\/spectacle-de-clown-hendaye-tourisme3-scaled-e1711121827967-768x302.jpg 768w, https:\/\/www.hendaye-tourisme.fr\/wp-content\/uploads\/2024\/03\/spectacle-de-clown-hendaye-tourisme3-scaled-e1711121827967-1536x604.jpg 1536w\" sizes=\"(max-width: 2048px) 100vw, 2048px\" \/><div class=\"wp-block-cover__inner-container is-layout-flow wp-block-cover-is-layout-flow\">\n<h3 class=\"wp-block-heading\">Destacados<\/h3>\n\n\n<\/div><\/div>\n\n<\/div>\t\t\t\t\t<div class=\"wp-block-button is-style-outline\">\n\t\t\t<button class=\"wp-block-button__link\">Tomo nota en mi agenda<\/button>\n\t\t<\/div>\n\t\t\t<\/a>\n\t\t<\/div>\n<\/div>\n<\/div>\n\n<div class=\"wp-block-columns is-layout-flex wp-container-core-columns-is-layout-9d6595d7 wp-block-columns-is-layout-flex\">\n<div class=\"wp-block-column is-layout-flow wp-block-column-is-layout-flow\" style=\"flex-basis:100%\"><div class=\"banner-container  text-shadow with-overlay btn-hover\" id=\"ts-block-646f624570910\"  >\n\t\t<a href=\"\/famille\/famille-plus\/guides-famille-famille-plus\/\" target=\"\">\n\t\t\t<div class=\"banner-content\">\n\n<div class=\"wp-block-cover has-custom-content-position is-position-top-left\" style=\"min-height:350px;aspect-ratio:unset;\"><span aria-hidden=\"true\" class=\"wp-block-cover__background has-background-dim\"><\/span><img decoding=\"async\" width=\"1249\" height=\"833\" class=\"wp-block-cover__image-background wp-image-34503\" alt=\"Couverture du guide &quot;Les Petites Canailles&quot;\" src=\"https:\/\/www.hendaye-tourisme.fr\/wp-content\/uploads\/2024\/03\/les-petites-canailles.jpg\" style=\"object-position:52% 9%\" data-object-fit=\"cover\" data-object-position=\"52% 9%\" srcset=\"https:\/\/www.hendaye-tourisme.fr\/wp-content\/uploads\/2024\/03\/les-petites-canailles.jpg 1249w, https:\/\/www.hendaye-tourisme.fr\/wp-content\/uploads\/2024\/03\/les-petites-canailles-800x534.jpg 800w, https:\/\/www.hendaye-tourisme.fr\/wp-content\/uploads\/2024\/03\/les-petites-canailles-1024x683.jpg 1024w, https:\/\/www.hendaye-tourisme.fr\/wp-content\/uploads\/2024\/03\/les-petites-canailles-768x512.jpg 768w\" sizes=\"(max-width: 1249px) 100vw, 1249px\" \/><div class=\"wp-block-cover__inner-container is-layout-flow wp-block-cover-is-layout-flow\">\n<h3 class=\"wp-block-heading has-white-color has-text-color\">Gu\u00edas familiares<\/h3>\n<\/div><\/div>\n\n<\/div>\t\t\t\t\t<div class=\"wp-block-button is-style-outline\">\n\t\t\t<button class=\"wp-block-button__link\">Descubre<\/button>\n\t\t<\/div>\n\t\t\t<\/a>\n\t\t<\/div>\n<\/div>\n<\/div>\n","protected":false},"excerpt":{"rendered":"<p>Para consolidar su posici\u00f3n como destino familiar, Hendaya ostenta el sello nacional \u00abFamille Plus\u00bb desde 2018. Tras presentar la solicitud, se llev\u00f3 a cabo una auditor\u00eda de control que confirm\u00f3 que Hendaya cumpl\u00eda todos los requisitos de las normas. Esta etiqueta nacional reconoce a los destinos tur\u00edsticos que garantizan una [&hellip;]<\/p>\n","protected":false},"author":2,"featured_media":34043,"parent":63861,"menu_order":0,"comment_status":"closed","ping_status":"closed","template":"","meta":{"_acf_changed":false,"_seopress_robots_primary_cat":"","_seopress_titles_title":"Famille Plus | Oficina de Turismo de Hendaya","_seopress_titles_desc":"Para consolidar su posici\u00f3n como destino familiar, Hendaya ostenta el sello nacional \"Famille Plus\" desde 2018. El objetivo es garantizar que los ni\u00f1os y los padres est\u00e9n bien atendidos y que sus vacaciones sean un \u00e9xito.","_seopress_robots_index":"","footnotes":""},"class_list":["post-63859","page","type-page","status-publish","has-post-thumbnail","hentry"],"acf":[],"_links":{"self":[{"href":"https:\/\/www.hendaye-tourisme.fr\/es\/wp-json\/wp\/v2\/pages\/63859","targetHints":{"allow":["GET"]}}],"collection":[{"href":"https:\/\/www.hendaye-tourisme.fr\/es\/wp-json\/wp\/v2\/pages"}],"about":[{"href":"https:\/\/www.hendaye-tourisme.fr\/es\/wp-json\/wp\/v2\/types\/page"}],"author":[{"embeddable":true,"href":"https:\/\/www.hendaye-tourisme.fr\/es\/wp-json\/wp\/v2\/users\/2"}],"replies":[{"embeddable":true,"href":"https:\/\/www.hendaye-tourisme.fr\/es\/wp-json\/wp\/v2\/comments?post=63859"}],"version-history":[{"count":2,"href":"https:\/\/www.hendaye-tourisme.fr\/es\/wp-json\/wp\/v2\/pages\/63859\/revisions"}],"predecessor-version":[{"id":70016,"href":"https:\/\/www.hendaye-tourisme.fr\/es\/wp-json\/wp\/v2\/pages\/63859\/revisions\/70016"}],"up":[{"embeddable":true,"href":"https:\/\/www.hendaye-tourisme.fr\/es\/wp-json\/wp\/v2\/pages\/63861"}],"wp:featuredmedia":[{"embeddable":true,"href":"https:\/\/www.hendaye-tourisme.fr\/es\/wp-json\/wp\/v2\/media\/34043"}],"wp:attachment":[{"href":"https:\/\/www.hendaye-tourisme.fr\/es\/wp-json\/wp\/v2\/media?parent=63859"}],"curies":[{"name":"wp","href":"https:\/\/api.w.org\/{rel}","templated":true}]}}