{"id":63797,"date":"2024-10-02T17:27:34","date_gmt":"2024-10-02T15:27:34","guid":{"rendered":"https:\/\/www.hendaye-tourisme.fr\/alrededores-de-hendaya\/san-sebastian-capital-de-gipuzkoa\/"},"modified":"2024-10-04T10:47:29","modified_gmt":"2024-10-04T08:47:29","slug":"san-sebastian-capital-de-gipuzkoa","status":"publish","type":"page","link":"https:\/\/www.hendaye-tourisme.fr\/es\/alrededores-de-hendaya\/san-sebastian-capital-de-gipuzkoa\/","title":{"rendered":"San Sebasti\u00e1n, capital de Gipuzkoa"},"content":{"rendered":"\n<div class=\"wp-block-columns is-layout-flex wp-container-core-columns-is-layout-9d6595d7 wp-block-columns-is-layout-flex\">\n<div class=\"wp-block-column is-layout-flow wp-block-column-is-layout-flow\" style=\"flex-basis:33.33%\"><div class=\"highlight-bloc-container \" id=\"ts-block-65368af54ee28\"  >\n\t<div class=\"highlight-bloc-content\">\n\t\t<div class=\"acf-innerblocks-container\">\n\n<h2 class=\"wp-block-heading suptitle\">\u00a1La perla del sur del Pa\u00eds Vasco!<br\/>Su arquitectura Art Nouveau, su reconocida gastronom\u00eda y su ambiente lo convierten en un destino ineludible durante tu estancia&#8230;  <br\/><\/h2>\n\n<\/div>\t<\/div>\n<\/div>\n<\/div>\n\n\n\n<div class=\"wp-block-column is-layout-flow wp-block-column-is-layout-flow\" style=\"flex-basis:66.66%\">\n<p>A menos de 20 kil\u00f3metros, y accesible en tren <a href=\"https:\/\/www.hendaye-tourisme.fr\/es\/transporte-y-movilidad\/eusko-tren-topo\/\" target=\"_blank\" rel=\"noreferrer noopener\">topo<\/a> en 35 minutos, la ciudad te conquistar\u00e1 con sus calles comerciales, su ambiente festivo y su renombrado <a href=\"https:\/\/aquariumss.com\/fr\/francais\/\" target=\"_blank\" rel=\"noreferrer noopener\">acuario<\/a>.<\/p>\n\n\n\n<p><strong>Gastronom\u00eda mundialmente conocida<\/strong>: disfruta de pintxos en los bares del casco viejo y de especialidades locales en restaurantes con estrellas Michelin.<\/p>\n\n\n\n<p><strong>Visitas obligadas:<\/strong> la playa de la Concha, el casco antiguo, las esculturas \u00abPeine del Viento\u00bb de Eduardo Chilida al pie del Monte Igeldo, su Festival de Cine&#8230;<\/p>\n<\/div>\n<\/div>\n\t<div id=\"ts-block-66573073d76ba\">\n\t\n\t\t<!-- Slider main container -->\n\t\t\t\t<div class=\"swiper-container\">\n\t\t\t<div class=\"swiper swiper-ts-block-66573073d76ba\" data-block_id=\"ts-block-66573073d76ba\">\n\t\t\n\t\t\t<div class=\"carrousel-container swiper-wrapper \" data-nb_col=\"3\">\n\t\t\t\t\t\t\t\t\t<article class=\"cover  swiper-slide\" style=\"min-height: 350px;\">\n\t\t\t\t\t\t\n\t<figure class=\"is-style-copyright\">\n\t\t<img decoding=\"async\" width=\"799\" height=\"345\" src=\"https:\/\/www.hendaye-tourisme.fr\/wp-content\/uploads\/2024\/10\/donostia-san-sebastian-turismoa-6-e1727877862563.jpg\" class=\"attachment-medium size-medium\" alt=\"- Donostia San Sebastian Turismoa (6) - Hendaye Tourisme\" \/>\t\t\t\t<figcaption class=\"carrousel-content has-text-align-center\" style=\"justify-content: center\">\n\t\t\t<div>\n\t\t\t\t<h3 class=\" \"><\/h3>\n\t\t\t\t\t\t\t<\/div>\n\t\t\t\t\t<\/figcaption>\n\t\t\t<\/figure>\n\t\n\n\n\n\t\t\t\t\t<\/article>\n\t\t\t\t\t\t\t\t\t<article class=\"cover  swiper-slide\" style=\"min-height: 350px;\">\n\t\t\t\t\t\t\n\t<figure class=\"is-style-copyright\">\n\t\t<img decoding=\"async\" width=\"800\" height=\"533\" src=\"https:\/\/www.hendaye-tourisme.fr\/wp-content\/uploads\/2024\/10\/donostia-san-sebastian-turismoa-12.jpg\" class=\"attachment-medium size-medium\" alt=\"- Donostia San Sebastian Turismoa (12) - Hendaye Tourisme\" srcset=\"https:\/\/www.hendaye-tourisme.fr\/wp-content\/uploads\/2024\/10\/donostia-san-sebastian-turismoa-12.jpg 800w, https:\/\/www.hendaye-tourisme.fr\/wp-content\/uploads\/2024\/10\/donostia-san-sebastian-turismoa-12-768x512.jpg 768w\" sizes=\"(max-width: 800px) 100vw, 800px\" \/>\t\t\t\t<figcaption class=\"carrousel-content has-text-align-center\" style=\"justify-content: center\">\n\t\t\t<div>\n\t\t\t\t<h3 class=\" \"><\/h3>\n\t\t\t\t\t\t\t<\/div>\n\t\t\t\t\t<\/figcaption>\n\t\t\t<\/figure>\n\t\n\n\n\n\t\t\t\t\t<\/article>\n\t\t\t\t\t\t\t\t\t<article class=\"cover  swiper-slide\" style=\"min-height: 350px;\">\n\t\t\t\t\t\t\n\t<figure class=\"is-style-copyright\">\n\t\t<img decoding=\"async\" width=\"799\" height=\"532\" src=\"https:\/\/www.hendaye-tourisme.fr\/wp-content\/uploads\/2024\/10\/donostia-san-sebastian-turismoa-15.jpg\" class=\"attachment-medium size-medium\" alt=\"- Donostia San Sebastian Turismoa (15) - Hendaye Tourisme\" srcset=\"https:\/\/www.hendaye-tourisme.fr\/wp-content\/uploads\/2024\/10\/donostia-san-sebastian-turismoa-15.jpg 799w, https:\/\/www.hendaye-tourisme.fr\/wp-content\/uploads\/2024\/10\/donostia-san-sebastian-turismoa-15-768x511.jpg 768w\" sizes=\"(max-width: 799px) 100vw, 799px\" \/>\t\t\t\t<figcaption class=\"carrousel-content has-text-align-center\" style=\"justify-content: center\">\n\t\t\t<div>\n\t\t\t\t<h3 class=\" \"><\/h3>\n\t\t\t\t\t\t\t<\/div>\n\t\t\t\t\t<\/figcaption>\n\t\t\t<\/figure>\n\t\n\n\n\n\t\t\t\t\t<\/article>\n\t\t\t\t\t\t\t\t\t<article class=\"cover  swiper-slide\" style=\"min-height: 350px;\">\n\t\t\t\t\t\t\n\t<figure class=\"is-style-copyright\">\n\t\t<img decoding=\"async\" width=\"800\" height=\"528\" src=\"https:\/\/www.hendaye-tourisme.fr\/wp-content\/uploads\/2024\/10\/donostia-san-sebastian-turismoa-1.jpg\" class=\"attachment-medium size-medium\" alt=\"- Donostia San Sebastian Turismoa (1) - Hendaye Tourisme\" srcset=\"https:\/\/www.hendaye-tourisme.fr\/wp-content\/uploads\/2024\/10\/donostia-san-sebastian-turismoa-1.jpg 800w, https:\/\/www.hendaye-tourisme.fr\/wp-content\/uploads\/2024\/10\/donostia-san-sebastian-turismoa-1-768x507.jpg 768w\" sizes=\"(max-width: 800px) 100vw, 800px\" \/>\t\t\t\t<figcaption class=\"carrousel-content has-text-align-center\" style=\"justify-content: center\">\n\t\t\t<div>\n\t\t\t\t<h3 class=\" \"><\/h3>\n\t\t\t\t\t\t\t<\/div>\n\t\t\t\t\t<\/figcaption>\n\t\t\t<\/figure>\n\t\n\n\n\n\t\t\t\t\t<\/article>\n\t\t\t\t\t\t\t\t\t<article class=\"cover  swiper-slide\" style=\"min-height: 350px;\">\n\t\t\t\t\t\t\n\t<figure class=\"is-style-copyright\">\n\t\t<img decoding=\"async\" width=\"400\" height=\"600\" src=\"https:\/\/www.hendaye-tourisme.fr\/wp-content\/uploads\/2024\/10\/donostia-san-sebastian-turismoa-2-400x600.jpg\" class=\"attachment-medium size-medium\" alt=\"- Donostia San Sebastian Turismoa (2) - Hendaye Tourisme\" srcset=\"https:\/\/www.hendaye-tourisme.fr\/wp-content\/uploads\/2024\/10\/donostia-san-sebastian-turismoa-2-400x600.jpg 400w, https:\/\/www.hendaye-tourisme.fr\/wp-content\/uploads\/2024\/10\/donostia-san-sebastian-turismoa-2.jpg 533w\" sizes=\"(max-width: 400px) 100vw, 400px\" \/>\t\t\t\t<figcaption class=\"carrousel-content has-text-align-center\" style=\"justify-content: center\">\n\t\t\t<div>\n\t\t\t\t<h3 class=\" \"><\/h3>\n\t\t\t\t\t\t\t<\/div>\n\t\t\t\t\t<\/figcaption>\n\t\t\t<\/figure>\n\t\n\n\n\n\t\t\t\t\t<\/article>\n\t\t\t\t\t\t\t\t\t<article class=\"cover  swiper-slide\" style=\"min-height: 350px;\">\n\t\t\t\t\t\t\n\t<figure class=\"is-style-copyright\">\n\t\t<img decoding=\"async\" width=\"799\" height=\"533\" src=\"https:\/\/www.hendaye-tourisme.fr\/wp-content\/uploads\/2024\/10\/donostia-san-sebastian-turismoa-10.jpg\" class=\"attachment-medium size-medium\" alt=\"- Donostia San Sebastian Turismoa (10)- Donostia San Sebastian Turismoa (12) - Hendaye Tourisme\" srcset=\"https:\/\/www.hendaye-tourisme.fr\/wp-content\/uploads\/2024\/10\/donostia-san-sebastian-turismoa-10.jpg 799w, https:\/\/www.hendaye-tourisme.fr\/wp-content\/uploads\/2024\/10\/donostia-san-sebastian-turismoa-10-768x512.jpg 768w\" sizes=\"(max-width: 799px) 100vw, 799px\" \/>\t\t\t\t<figcaption class=\"carrousel-content has-text-align-center\" style=\"justify-content: center\">\n\t\t\t<div>\n\t\t\t\t<h3 class=\" \"><\/h3>\n\t\t\t\t\t\t\t<\/div>\n\t\t\t\t\t<\/figcaption>\n\t\t\t<\/figure>\n\t\n\n\n\n\t\t\t\t\t<\/article>\n\t\t\t\t\t\t\t\t\t<article class=\"cover  swiper-slide\" style=\"min-height: 350px;\">\n\t\t\t\t\t\t\n\t<figure class=\"is-style-copyright\">\n\t\t<img decoding=\"async\" width=\"799\" height=\"533\" src=\"https:\/\/www.hendaye-tourisme.fr\/wp-content\/uploads\/2024\/10\/25350173132_6375e22654_c-donostia-san-sebastian-turismoa.jpg\" class=\"attachment-medium size-medium\" alt=\"25350173132_6375e22654_c - Donostia San Sebastian Turismoa - Hendaye Tourisme\" srcset=\"https:\/\/www.hendaye-tourisme.fr\/wp-content\/uploads\/2024\/10\/25350173132_6375e22654_c-donostia-san-sebastian-turismoa.jpg 799w, https:\/\/www.hendaye-tourisme.fr\/wp-content\/uploads\/2024\/10\/25350173132_6375e22654_c-donostia-san-sebastian-turismoa-768x512.jpg 768w\" sizes=\"(max-width: 799px) 100vw, 799px\" \/>\t\t\t\t<figcaption class=\"carrousel-content has-text-align-center\" style=\"justify-content: center\">\n\t\t\t<div>\n\t\t\t\t<h3 class=\" \"><\/h3>\n\t\t\t\t\t\t\t<\/div>\n\t\t\t\t\t<\/figcaption>\n\t\t\t<\/figure>\n\t\n\n\n\n\t\t\t\t\t<\/article>\n\t\t\t\t\t\t\t<\/div>\n\t\t\t\n\t\t\t\t\t\t<!-- If we need pagination -->\n\t\t\t\t<!--<div class=\"swiper-pagination\"><\/div>-->\n\n\t\t\t<\/div>\n\t\t\t<!-- If we need navigation buttons -->\n\t\t\t<div\n\t\t\t\tclass=\"swiper-button-prev prev-ts-block-66573073d76ba\"\n\t\t\t\trole=\"button\"\n\t\t\t\ttabindex=\"0\"\n\t\t\t\taria-label=\"Diapositiva anterior\"\n\t\t\t>\n\t\t\t\t<span class=\"sr-only\">Diapositiva anterior<\/span>\n\t\t\t<\/div>\n\n\t\t\t<div\n\t\t\t\tclass=\"swiper-button-next next-ts-block-66573073d76ba\"\n\t\t\t\trole=\"button\"\n\t\t\t\ttabindex=\"0\"\n\t\t\t\taria-label=\"Diapositiva siguiente\"\n\t\t\t>\n\t\t\t\t<span class=\"sr-only\">Diapositiva siguiente<\/span>\n\t\t\t<\/div>\n\n\t\t<\/div>\n\t\t\t<\/div>\n\n<p><\/p>\n","protected":false},"excerpt":{"rendered":"<p>A menos de 20 kil\u00f3metros, y accesible en tren topo en 35 minutos, la ciudad te conquistar\u00e1 con sus calles comerciales, su ambiente festivo y su renombrado acuario. Gastronom\u00eda mundialmente conocida: disfruta de pintxos en los bares del casco viejo y de especialidades locales en restaurantes con estrellas Michelin. Visitas [&hellip;]<\/p>\n","protected":false},"author":2,"featured_media":63494,"parent":15453,"menu_order":0,"comment_status":"closed","ping_status":"closed","template":"","meta":{"_acf_changed":false,"_seopress_robots_primary_cat":"","_seopress_titles_title":"San Sebasti\u00e1n, capital de Gipuzkoa | Oficina de Turismo de Hendaya","_seopress_titles_desc":"La perla del sur del Pa\u00eds Vasco, a menos de 20 kil\u00f3metros de Hendaya.","_seopress_robots_index":"","footnotes":""},"class_list":["post-63797","page","type-page","status-publish","has-post-thumbnail","hentry"],"acf":[],"_links":{"self":[{"href":"https:\/\/www.hendaye-tourisme.fr\/es\/wp-json\/wp\/v2\/pages\/63797","targetHints":{"allow":["GET"]}}],"collection":[{"href":"https:\/\/www.hendaye-tourisme.fr\/es\/wp-json\/wp\/v2\/pages"}],"about":[{"href":"https:\/\/www.hendaye-tourisme.fr\/es\/wp-json\/wp\/v2\/types\/page"}],"author":[{"embeddable":true,"href":"https:\/\/www.hendaye-tourisme.fr\/es\/wp-json\/wp\/v2\/users\/2"}],"replies":[{"embeddable":true,"href":"https:\/\/www.hendaye-tourisme.fr\/es\/wp-json\/wp\/v2\/comments?post=63797"}],"version-history":[{"count":1,"href":"https:\/\/www.hendaye-tourisme.fr\/es\/wp-json\/wp\/v2\/pages\/63797\/revisions"}],"predecessor-version":[{"id":63798,"href":"https:\/\/www.hendaye-tourisme.fr\/es\/wp-json\/wp\/v2\/pages\/63797\/revisions\/63798"}],"up":[{"embeddable":true,"href":"https:\/\/www.hendaye-tourisme.fr\/es\/wp-json\/wp\/v2\/pages\/15453"}],"wp:featuredmedia":[{"embeddable":true,"href":"https:\/\/www.hendaye-tourisme.fr\/es\/wp-json\/wp\/v2\/media\/63494"}],"wp:attachment":[{"href":"https:\/\/www.hendaye-tourisme.fr\/es\/wp-json\/wp\/v2\/media?parent=63797"}],"curies":[{"name":"wp","href":"https:\/\/api.w.org\/{rel}","templated":true}]}}