{"id":63763,"date":"2024-10-02T17:24:59","date_gmt":"2024-10-02T15:24:59","guid":{"rendered":"https:\/\/www.hendaye-tourisme.fr\/alrededores-de-hendaya\/san-juan-de-luz-ciudad-real\/"},"modified":"2024-10-03T17:24:58","modified_gmt":"2024-10-03T15:24:58","slug":"san-juan-de-luz-ciudad-real","status":"publish","type":"page","link":"https:\/\/www.hendaye-tourisme.fr\/es\/alrededores-de-hendaya\/san-juan-de-luz-ciudad-real\/","title":{"rendered":"San Juan de Luz, ciudad real"},"content":{"rendered":"\n<div class=\"wp-block-columns is-layout-flex wp-container-core-columns-is-layout-9d6595d7 wp-block-columns-is-layout-flex\">\n<div class=\"wp-block-column is-layout-flow wp-block-column-is-layout-flow\" style=\"flex-basis:33.33%\"><div class=\"highlight-bloc-container \" id=\"ts-block-65368af54ee28\"  >\n\t<div class=\"highlight-bloc-content\">\n\t\t<div class=\"acf-innerblocks-container\">\n\n<h2 class=\"wp-block-heading suptitle\">Primer puerto atunero de Francia, la ciudad de los corsarios est\u00e1 a s\u00f3lo 15 minutos de Hendaya.<\/h2>\n\n<\/div>\t<\/div>\n<\/div>\n<\/div>\n\n\n\n<div class=\"wp-block-column is-layout-flow wp-block-column-is-layout-flow\" style=\"flex-basis:66.66%\">\n<p>No hay nada m\u00e1s agradable que tomar la Corniche Basque para descubrir <a href=\"https:\/\/www.saint-jean-de-luz.com\/\" target=\"_blank\" rel=\"noreferrer noopener\">San Juan de Luz<\/a>&#8230;  <\/p>\n\n\n\n<p>Situada a 15 kil\u00f3metros de Hendaya, la ciudad, que acogi\u00f3 el matrimonio del Rey Sol en 1660, cuenta hoy con una animada calle peatonal y un puerto pesquero en la desembocadura del r\u00edo Nivelle.<\/p>\n\n\n\n<p>La Casa de Luis XIV, la iglesia de Saint-Jean-Baptiste&#8230; edificios notables que atestiguan un rico patrimonio arquitect\u00f3nico.<\/p>\n\n\n\n<p>Para los golosos, es imprescindible una parada en Masion Adam y sus macarrones&#8230;<\/p>\n<\/div>\n<\/div>\n\t<div id=\"ts-block-66573073d76ba\">\n\t\n\t\t<!-- Slider main container -->\n\t\t\t\t<div class=\"swiper-container\">\n\t\t\t<div class=\"swiper swiper-ts-block-66573073d76ba\" data-block_id=\"ts-block-66573073d76ba\">\n\t\t\n\t\t\t<div class=\"carrousel-container swiper-wrapper \" data-nb_col=\"3\">\n\t\t\t\t\t\t\t\t\t<article class=\"cover  swiper-slide\" style=\"min-height: 350px;\">\n\t\t\t\t\t\t\n\t<figure class=\"is-style-copyright\">\n\t\t<img decoding=\"async\" width=\"800\" height=\"600\" src=\"https:\/\/www.hendaye-tourisme.fr\/wp-content\/uploads\/2024\/10\/52486106366_4059ab59de_c.jpg\" class=\"attachment-medium size-medium\" alt=\"\" srcset=\"https:\/\/www.hendaye-tourisme.fr\/wp-content\/uploads\/2024\/10\/52486106366_4059ab59de_c.jpg 800w, https:\/\/www.hendaye-tourisme.fr\/wp-content\/uploads\/2024\/10\/52486106366_4059ab59de_c-768x576.jpg 768w\" sizes=\"(max-width: 800px) 100vw, 800px\" \/>\t\t\t\t<figcaption class=\"carrousel-content has-text-align-center\" style=\"justify-content: center\">\n\t\t\t<div>\n\t\t\t\t<h3 class=\" \"><\/h3>\n\t\t\t\t\t\t\t<\/div>\n\t\t\t\t\t<\/figcaption>\n\t\t\t<\/figure>\n\t\n\n\n\n\t\t\t\t\t<\/article>\n\t\t\t\t\t\t\t\t\t<article class=\"cover  swiper-slide\" style=\"min-height: 350px;\">\n\t\t\t\t\t\t\n\t<figure class=\"is-style-copyright\">\n\t\t<img decoding=\"async\" width=\"800\" height=\"533\" src=\"https:\/\/www.hendaye-tourisme.fr\/wp-content\/uploads\/2024\/10\/fete-du-thon-saint-jean-de-luz_270-copygaturi_ivan-rodriguez-sveltstudio-800x533.jpg\" class=\"attachment-medium size-medium\" alt=\"\" srcset=\"https:\/\/www.hendaye-tourisme.fr\/wp-content\/uploads\/2024\/10\/fete-du-thon-saint-jean-de-luz_270-copygaturi_ivan-rodriguez-sveltstudio-800x533.jpg 800w, https:\/\/www.hendaye-tourisme.fr\/wp-content\/uploads\/2024\/10\/fete-du-thon-saint-jean-de-luz_270-copygaturi_ivan-rodriguez-sveltstudio-1024x682.jpg 1024w, https:\/\/www.hendaye-tourisme.fr\/wp-content\/uploads\/2024\/10\/fete-du-thon-saint-jean-de-luz_270-copygaturi_ivan-rodriguez-sveltstudio-768x512.jpg 768w, https:\/\/www.hendaye-tourisme.fr\/wp-content\/uploads\/2024\/10\/fete-du-thon-saint-jean-de-luz_270-copygaturi_ivan-rodriguez-sveltstudio.jpg 1400w\" sizes=\"(max-width: 800px) 100vw, 800px\" \/>\t\t\t\t<figcaption class=\"carrousel-content has-text-align-center\" style=\"justify-content: center\">\n\t\t\t<div>\n\t\t\t\t<h3 class=\" \"><\/h3>\n\t\t\t\t\t\t\t<\/div>\n\t\t\t\t\t<\/figcaption>\n\t\t\t<\/figure>\n\t\n\n\n\n\t\t\t\t\t<\/article>\n\t\t\t\t\t\t\t\t\t<article class=\"cover  swiper-slide\" style=\"min-height: 350px;\">\n\t\t\t\t\t\t\n\t<figure class=\"is-style-copyright\">\n\t\t<img decoding=\"async\" width=\"800\" height=\"533\" src=\"https:\/\/www.hendaye-tourisme.fr\/wp-content\/uploads\/2024\/10\/saint-jean-de-luz-rando-velo-vae-004-copyziklo-800x533.jpg\" class=\"attachment-medium size-medium\" alt=\"\" srcset=\"https:\/\/www.hendaye-tourisme.fr\/wp-content\/uploads\/2024\/10\/saint-jean-de-luz-rando-velo-vae-004-copyziklo-800x533.jpg 800w, https:\/\/www.hendaye-tourisme.fr\/wp-content\/uploads\/2024\/10\/saint-jean-de-luz-rando-velo-vae-004-copyziklo-1024x682.jpg 1024w, https:\/\/www.hendaye-tourisme.fr\/wp-content\/uploads\/2024\/10\/saint-jean-de-luz-rando-velo-vae-004-copyziklo-768x512.jpg 768w, https:\/\/www.hendaye-tourisme.fr\/wp-content\/uploads\/2024\/10\/saint-jean-de-luz-rando-velo-vae-004-copyziklo.jpg 1400w\" sizes=\"(max-width: 800px) 100vw, 800px\" \/>\t\t\t\t<figcaption class=\"carrousel-content has-text-align-center\" style=\"justify-content: center\">\n\t\t\t<div>\n\t\t\t\t<h3 class=\" \"><\/h3>\n\t\t\t\t\t\t\t<\/div>\n\t\t\t\t\t<\/figcaption>\n\t\t\t<\/figure>\n\t\n\n\n\n\t\t\t\t\t<\/article>\n\t\t\t\t\t\t\t\t\t<article class=\"cover  swiper-slide\" style=\"min-height: 350px;\">\n\t\t\t\t\t\t\n\t<figure class=\"is-style-copyright\">\n\t\t<img decoding=\"async\" width=\"800\" height=\"531\" src=\"https:\/\/www.hendaye-tourisme.fr\/wp-content\/uploads\/2024\/10\/saint-jean-de-luz-architecture-centre-ville-001-copytcbasques-800x531.jpg\" class=\"attachment-medium size-medium\" alt=\"\" srcset=\"https:\/\/www.hendaye-tourisme.fr\/wp-content\/uploads\/2024\/10\/saint-jean-de-luz-architecture-centre-ville-001-copytcbasques-800x531.jpg 800w, https:\/\/www.hendaye-tourisme.fr\/wp-content\/uploads\/2024\/10\/saint-jean-de-luz-architecture-centre-ville-001-copytcbasques-1024x680.jpg 1024w, https:\/\/www.hendaye-tourisme.fr\/wp-content\/uploads\/2024\/10\/saint-jean-de-luz-architecture-centre-ville-001-copytcbasques-768x510.jpg 768w, https:\/\/www.hendaye-tourisme.fr\/wp-content\/uploads\/2024\/10\/saint-jean-de-luz-architecture-centre-ville-001-copytcbasques.jpg 1400w\" sizes=\"(max-width: 800px) 100vw, 800px\" \/>\t\t\t\t<figcaption class=\"carrousel-content has-text-align-center\" style=\"justify-content: center\">\n\t\t\t<div>\n\t\t\t\t<h3 class=\" \"><\/h3>\n\t\t\t\t\t\t\t<\/div>\n\t\t\t\t\t<\/figcaption>\n\t\t\t<\/figure>\n\t\n\n\n\n\t\t\t\t\t<\/article>\n\t\t\t\t\t\t\t\t\t<article class=\"cover  swiper-slide\" style=\"min-height: 350px;\">\n\t\t\t\t\t\t\n\t<figure class=\"is-style-copyright\">\n\t\t<img decoding=\"async\" width=\"800\" height=\"533\" src=\"https:\/\/www.hendaye-tourisme.fr\/wp-content\/uploads\/2024\/10\/poissonnerie-zozaya-saint-jean-de-luz_50-copygaturi_ivan-rodriguez-sveltstudio-800x533.jpg\" class=\"attachment-medium size-medium\" alt=\"\" srcset=\"https:\/\/www.hendaye-tourisme.fr\/wp-content\/uploads\/2024\/10\/poissonnerie-zozaya-saint-jean-de-luz_50-copygaturi_ivan-rodriguez-sveltstudio-800x533.jpg 800w, https:\/\/www.hendaye-tourisme.fr\/wp-content\/uploads\/2024\/10\/poissonnerie-zozaya-saint-jean-de-luz_50-copygaturi_ivan-rodriguez-sveltstudio-1024x682.jpg 1024w, https:\/\/www.hendaye-tourisme.fr\/wp-content\/uploads\/2024\/10\/poissonnerie-zozaya-saint-jean-de-luz_50-copygaturi_ivan-rodriguez-sveltstudio-768x512.jpg 768w, https:\/\/www.hendaye-tourisme.fr\/wp-content\/uploads\/2024\/10\/poissonnerie-zozaya-saint-jean-de-luz_50-copygaturi_ivan-rodriguez-sveltstudio.jpg 1400w\" sizes=\"(max-width: 800px) 100vw, 800px\" \/>\t\t\t\t<figcaption class=\"carrousel-content has-text-align-center\" style=\"justify-content: center\">\n\t\t\t<div>\n\t\t\t\t<h3 class=\" \"><\/h3>\n\t\t\t\t\t\t\t<\/div>\n\t\t\t\t\t<\/figcaption>\n\t\t\t<\/figure>\n\t\n\n\n\n\t\t\t\t\t<\/article>\n\t\t\t\t\t\t\t\t\t<article class=\"cover  swiper-slide\" style=\"min-height: 350px;\">\n\t\t\t\t\t\t\n\t<figure class=\"is-style-copyright\">\n\t\t<img decoding=\"async\" width=\"451\" height=\"600\" src=\"https:\/\/www.hendaye-tourisme.fr\/wp-content\/uploads\/2024\/10\/saint-jean-de-luz-eglise-saint-jean-baptiste-orgues-copyf.perrot-451x600.jpg\" class=\"attachment-medium size-medium\" alt=\"\" srcset=\"https:\/\/www.hendaye-tourisme.fr\/wp-content\/uploads\/2024\/10\/saint-jean-de-luz-eglise-saint-jean-baptiste-orgues-copyf.perrot-451x600.jpg 451w, https:\/\/www.hendaye-tourisme.fr\/wp-content\/uploads\/2024\/10\/saint-jean-de-luz-eglise-saint-jean-baptiste-orgues-copyf.perrot-770x1024.jpg 770w, https:\/\/www.hendaye-tourisme.fr\/wp-content\/uploads\/2024\/10\/saint-jean-de-luz-eglise-saint-jean-baptiste-orgues-copyf.perrot-768x1021.jpg 768w, https:\/\/www.hendaye-tourisme.fr\/wp-content\/uploads\/2024\/10\/saint-jean-de-luz-eglise-saint-jean-baptiste-orgues-copyf.perrot-1156x1536.jpg 1156w, https:\/\/www.hendaye-tourisme.fr\/wp-content\/uploads\/2024\/10\/saint-jean-de-luz-eglise-saint-jean-baptiste-orgues-copyf.perrot.jpg 1400w\" sizes=\"(max-width: 451px) 100vw, 451px\" \/>\t\t\t\t<figcaption class=\"carrousel-content has-text-align-center\" style=\"justify-content: center\">\n\t\t\t<div>\n\t\t\t\t<h3 class=\" \"><\/h3>\n\t\t\t\t\t\t\t<\/div>\n\t\t\t\t\t<\/figcaption>\n\t\t\t<\/figure>\n\t\n\n\n\n\t\t\t\t\t<\/article>\n\t\t\t\t\t\t\t\t\t<article class=\"cover  swiper-slide\" style=\"min-height: 350px;\">\n\t\t\t\t\t\t\n\t<figure class=\"is-style-copyright\">\n\t\t<img decoding=\"async\" width=\"800\" height=\"600\" src=\"https:\/\/www.hendaye-tourisme.fr\/wp-content\/uploads\/2024\/10\/52486383129_c4172ae46d_c.jpg\" class=\"attachment-medium size-medium\" alt=\"\" srcset=\"https:\/\/www.hendaye-tourisme.fr\/wp-content\/uploads\/2024\/10\/52486383129_c4172ae46d_c.jpg 800w, https:\/\/www.hendaye-tourisme.fr\/wp-content\/uploads\/2024\/10\/52486383129_c4172ae46d_c-768x576.jpg 768w\" sizes=\"(max-width: 800px) 100vw, 800px\" \/>\t\t\t\t<figcaption class=\"carrousel-content has-text-align-center\" style=\"justify-content: center\">\n\t\t\t<div>\n\t\t\t\t<h3 class=\" \"><\/h3>\n\t\t\t\t\t\t\t<\/div>\n\t\t\t\t\t<\/figcaption>\n\t\t\t<\/figure>\n\t\n\n\n\n\t\t\t\t\t<\/article>\n\t\t\t\t\t\t\t\t\t<article class=\"cover  swiper-slide\" style=\"min-height: 350px;\">\n\t\t\t\t\t\t\n\t<figure class=\"is-style-copyright\">\n\t\t<img decoding=\"async\" width=\"800\" height=\"533\" src=\"https:\/\/www.hendaye-tourisme.fr\/wp-content\/uploads\/2024\/10\/maison-paries-saint-jean-de-luz-mouchou_131-copygaturi_ivan-rodriguez-sveltstudio-800x533.jpg\" class=\"attachment-medium size-medium\" alt=\"\" srcset=\"https:\/\/www.hendaye-tourisme.fr\/wp-content\/uploads\/2024\/10\/maison-paries-saint-jean-de-luz-mouchou_131-copygaturi_ivan-rodriguez-sveltstudio-800x533.jpg 800w, https:\/\/www.hendaye-tourisme.fr\/wp-content\/uploads\/2024\/10\/maison-paries-saint-jean-de-luz-mouchou_131-copygaturi_ivan-rodriguez-sveltstudio-1024x682.jpg 1024w, https:\/\/www.hendaye-tourisme.fr\/wp-content\/uploads\/2024\/10\/maison-paries-saint-jean-de-luz-mouchou_131-copygaturi_ivan-rodriguez-sveltstudio-768x512.jpg 768w, https:\/\/www.hendaye-tourisme.fr\/wp-content\/uploads\/2024\/10\/maison-paries-saint-jean-de-luz-mouchou_131-copygaturi_ivan-rodriguez-sveltstudio.jpg 1400w\" sizes=\"(max-width: 800px) 100vw, 800px\" \/>\t\t\t\t<figcaption class=\"carrousel-content has-text-align-center\" style=\"justify-content: center\">\n\t\t\t<div>\n\t\t\t\t<h3 class=\" \"><\/h3>\n\t\t\t\t\t\t\t<\/div>\n\t\t\t\t\t<\/figcaption>\n\t\t\t<\/figure>\n\t\n\n\n\n\t\t\t\t\t<\/article>\n\t\t\t\t\t\t\t\t\t<article class=\"cover  swiper-slide\" style=\"min-height: 350px;\">\n\t\t\t\t\t\t\n\t<figure class=\"is-style-copyright\">\n\t\t<img decoding=\"async\" width=\"400\" height=\"600\" src=\"https:\/\/www.hendaye-tourisme.fr\/wp-content\/uploads\/2024\/10\/53193340112_af3ba4e349_c-400x600.jpg\" class=\"attachment-medium size-medium\" alt=\"\" srcset=\"https:\/\/www.hendaye-tourisme.fr\/wp-content\/uploads\/2024\/10\/53193340112_af3ba4e349_c-400x600.jpg 400w, https:\/\/www.hendaye-tourisme.fr\/wp-content\/uploads\/2024\/10\/53193340112_af3ba4e349_c.jpg 533w\" sizes=\"(max-width: 400px) 100vw, 400px\" \/>\t\t\t\t<figcaption class=\"carrousel-content has-text-align-center\" style=\"justify-content: center\">\n\t\t\t<div>\n\t\t\t\t<h3 class=\" \"><\/h3>\n\t\t\t\t\t\t\t<\/div>\n\t\t\t\t\t<\/figcaption>\n\t\t\t<\/figure>\n\t\n\n\n\n\t\t\t\t\t<\/article>\n\t\t\t\t\t\t\t<\/div>\n\t\t\t\n\t\t\t\t\t\t<!-- If we need pagination -->\n\t\t\t\t<!--<div class=\"swiper-pagination\"><\/div>-->\n\n\t\t\t<\/div>\n\t\t\t<!-- If we need navigation buttons -->\n\t\t\t<div\n\t\t\t\tclass=\"swiper-button-prev prev-ts-block-66573073d76ba\"\n\t\t\t\trole=\"button\"\n\t\t\t\ttabindex=\"0\"\n\t\t\t\taria-label=\"Diapositiva anterior\"\n\t\t\t>\n\t\t\t\t<span class=\"sr-only\">Diapositiva anterior<\/span>\n\t\t\t<\/div>\n\n\t\t\t<div\n\t\t\t\tclass=\"swiper-button-next next-ts-block-66573073d76ba\"\n\t\t\t\trole=\"button\"\n\t\t\t\ttabindex=\"0\"\n\t\t\t\taria-label=\"Diapositiva siguiente\"\n\t\t\t>\n\t\t\t\t<span class=\"sr-only\">Diapositiva siguiente<\/span>\n\t\t\t<\/div>\n\n\t\t<\/div>\n\t\t\t<\/div>\n\n<p><\/p>\n","protected":false},"excerpt":{"rendered":"<p>No hay nada m\u00e1s agradable que tomar la Corniche Basque para descubrir San Juan de Luz&#8230; Situada a 15 kil\u00f3metros de Hendaya, la ciudad, que acogi\u00f3 el matrimonio del Rey Sol en 1660, cuenta hoy con una animada calle peatonal y un puerto pesquero en la desembocadura del r\u00edo Nivelle. [&hellip;]<\/p>\n","protected":false},"author":2,"featured_media":63583,"parent":15453,"menu_order":0,"comment_status":"closed","ping_status":"closed","template":"","meta":{"_acf_changed":false,"_seopress_robots_primary_cat":"","_seopress_titles_title":"","_seopress_titles_desc":"","_seopress_robots_index":"","footnotes":""},"class_list":["post-63763","page","type-page","status-publish","has-post-thumbnail","hentry"],"acf":[],"_links":{"self":[{"href":"https:\/\/www.hendaye-tourisme.fr\/es\/wp-json\/wp\/v2\/pages\/63763","targetHints":{"allow":["GET"]}}],"collection":[{"href":"https:\/\/www.hendaye-tourisme.fr\/es\/wp-json\/wp\/v2\/pages"}],"about":[{"href":"https:\/\/www.hendaye-tourisme.fr\/es\/wp-json\/wp\/v2\/types\/page"}],"author":[{"embeddable":true,"href":"https:\/\/www.hendaye-tourisme.fr\/es\/wp-json\/wp\/v2\/users\/2"}],"replies":[{"embeddable":true,"href":"https:\/\/www.hendaye-tourisme.fr\/es\/wp-json\/wp\/v2\/comments?post=63763"}],"version-history":[{"count":1,"href":"https:\/\/www.hendaye-tourisme.fr\/es\/wp-json\/wp\/v2\/pages\/63763\/revisions"}],"predecessor-version":[{"id":63764,"href":"https:\/\/www.hendaye-tourisme.fr\/es\/wp-json\/wp\/v2\/pages\/63763\/revisions\/63764"}],"up":[{"embeddable":true,"href":"https:\/\/www.hendaye-tourisme.fr\/es\/wp-json\/wp\/v2\/pages\/15453"}],"wp:featuredmedia":[{"embeddable":true,"href":"https:\/\/www.hendaye-tourisme.fr\/es\/wp-json\/wp\/v2\/media\/63583"}],"wp:attachment":[{"href":"https:\/\/www.hendaye-tourisme.fr\/es\/wp-json\/wp\/v2\/media?parent=63763"}],"curies":[{"name":"wp","href":"https:\/\/api.w.org\/{rel}","templated":true}]}}