{"id":30311,"date":"2023-12-06T09:59:11","date_gmt":"2023-12-06T08:59:11","guid":{"rendered":"https:\/\/www.hendaye-tourisme.fr\/transporte-y-movilidad\/servicio-de-bicicleta-publica-electrica-pony\/"},"modified":"2025-11-03T12:27:58","modified_gmt":"2025-11-03T11:27:58","slug":"servicio-de-bicicleta-publica-electrica-pony","status":"publish","type":"page","link":"https:\/\/www.hendaye-tourisme.fr\/es\/transporte-y-movilidad\/servicio-de-bicicleta-publica-electrica-pony\/","title":{"rendered":"Servicio de bicicleta p\u00fablica el\u00e9ctrica Pony"},"content":{"rendered":"\n<p>Pony, una de las principales empresas francesas de alquiler de bicicletas en autoservicio, ha llegado al Pa\u00eds Vasco con una flota de 800 bicicletas \u00abdoble pony\u00bb.<\/p>\n\n\n<div class=\"wp-block-image\">\n<figure class=\"aligncenter size-medium\"><img decoding=\"async\" src=\"https:\/\/www.hendaye-tourisme.fr\/wp-content\/uploads\/2023\/12\/Velo-en-libre-service-Hendaye-Tourisme-800x600.jpeg\" alt=\"Alquiler de bicicletas en autoservicio Pony - Hendaya Turismo.\" class=\"wp-image-2661\"\/><\/figure>\n<\/div>\n\n\n<div style=\"height:40px\" aria-hidden=\"true\" class=\"wp-block-spacer\"><\/div>\n\n\n\n<h2 class=\"wp-block-heading\"><strong>Pony + TXIK TXAK = \u00a1compa\u00f1\u00eda de dos!<\/strong><\/h2>\n\n\n\n<p>La \u00fanica bicicleta el\u00e9ctrica biplaza dise\u00f1ada para compartir.<br>En resumen, a partir de ahora tienes garantizado un pony doble en lugar de un Pottok.<\/p>\n\n\n\n<div style=\"height:30px\" aria-hidden=\"true\" class=\"wp-block-spacer\"><\/div>\n\n\n\n<h2 class=\"wp-block-heading\"><strong>Pony: instrucciones de uso<\/strong><\/h2>\n\n\n\n<ul class=\"wp-block-list\">\n<li>Si a\u00fan no lo ha hecho, descargue la app Pony.<\/li>\n\n\n\n<li>Identifico la estaci\u00f3n m\u00e1s cercana y me dirijo all\u00ed (\u00a1no hace falta correr!).<\/li>\n\n\n\n<li>Desbloqueo la bicicleta que quiero escaneando el c\u00f3digo QR del manillar de la bicicleta.<\/li>\n\n\n\n<li>Al final del trayecto, debo aparcar la bicicleta en un espacio designado.<\/li>\n\n\n\n<li>Env\u00edo una foto de la moto aparcada a la app para completar el trayecto.<\/li>\n<\/ul>\n\n\n\n<div style=\"height:20px\" aria-hidden=\"true\" class=\"wp-block-spacer\"><\/div>\n\n\n\n<div class=\"wp-block-columns is-layout-flex wp-container-core-columns-is-layout-9d6595d7 wp-block-columns-is-layout-flex\">\n<div class=\"wp-block-column is-layout-flow wp-block-column-is-layout-flow\"><div class=\"wp-block-image\">\n<figure class=\"alignright size-full\"><a href=\"https:\/\/apps.apple.com\/fr\/app\/pony-v%C3%A9los-et-trottinettes\/id1273866794\" target=\"_blank\" rel=\"noreferrer noopener\"><img decoding=\"async\" width=\"175\" height=\"55\" src=\"https:\/\/www.hendaye-tourisme.fr\/wp-content\/uploads\/2023\/12\/Telecharger-depuis-lApp-Store.png\" alt=\"Descargar desde el App Store\" class=\"wp-image-2666\"\/><\/a><\/figure>\n<\/div><\/div>\n\n\n\n<div class=\"wp-block-column is-layout-flow wp-block-column-is-layout-flow\">\n<figure class=\"wp-block-image size-full\"><a href=\"https:\/\/play.google.com\/store\/apps\/details?id=co.ponybikes.mercury\" target=\"_blank\" rel=\"noreferrer noopener\"><img decoding=\"async\" width=\"175\" height=\"55\" src=\"https:\/\/www.hendaye-tourisme.fr\/wp-content\/uploads\/2023\/12\/Telecharger-depuis-le-Play-Store.png\" alt=\"Descargar desde el Play Store\" class=\"wp-image-2648\"\/><\/a><\/figure>\n<\/div>\n<\/div>\n\n\n\n<div style=\"height:40px\" aria-hidden=\"true\" class=\"wp-block-spacer\"><\/div>\n\n\n\n<h2 class=\"wp-block-heading\"><strong>\u00bfD\u00f3nde puedo encontrar un Pony en Hendaya?<\/strong><\/h2>\n\n\n\n<div class=\"wp-block-columns is-layout-flex wp-container-core-columns-is-layout-9d6595d7 wp-block-columns-is-layout-flex\">\n<div class=\"wp-block-column is-layout-flow wp-block-column-is-layout-flow\">\n<ul class=\"wp-block-list\">\n<li>Autoport &#8211; Localizaci\u00f3n: 43.34691, -1.77174<\/li>\n\n\n\n<li>Denentzat &#8211; Posici\u00f3n: 43.34387, -1.76509<\/li>\n\n\n\n<li>Piscina &#8211; Localizaci\u00f3n: 43.35273, -1.77632<\/li>\n\n\n\n<li>Estaci\u00f3n &#8211; Localizaci\u00f3n: 43.35273, -1.77632<\/li>\n\n\n\n<li>Front\u00f3n Gaztelu Zahar &#8211; Posici\u00f3n: 43.35983, -1.77543<\/li>\n\n\n\n<li>Capitan\u00eda mar\u00edtima<br>Localizaci\u00f3n: 43.37046, -1.78382<\/li>\n\n\n\n<li>Bulevar de la Mer (frente al hotel Uhainak)<br>Localizaci\u00f3n: 43.3756, -1.76197<\/li>\n\n\n\n<li>Bulevar de la Mer, 41 (cerca de la iglesia Sainte Anne)<br>Ubicaci\u00f3n: Huella: 5 x 2 m<\/li>\n\n\n\n<li>Dongoxenia &#8211; Posici\u00f3n: 43.37115, -1.75053<\/li>\n\n\n\n<li>Estaci\u00f3n SNCF de 2 jumeaux &#8211; Situaci\u00f3n : 43.37018, -1.76432<\/li>\n\n\n\n<li>Mini-Golf &#8211; Localizaci\u00f3n : 43.37293, -1.77402<\/li>\n\n\n\n<li>Barrio de Orio &#8211; Situaci\u00f3n: 43.36261, -1.7587<\/li>\n<\/ul>\n<\/div>\n\n\n\n<div class=\"wp-block-column is-layout-flow wp-block-column-is-layout-flow\"><div class=\"wp-block-image\">\n<figure class=\"aligncenter size-large\"><img decoding=\"async\" width=\"1020\" height=\"1024\" src=\"https:\/\/www.hendaye-tourisme.fr\/wp-content\/uploads\/2023\/12\/Emplacements-des-stations-de-velos-en-libre-service-a-Hendaye-Hendaye-Tourisme-1020x1024.jpg\" alt=\"Estaciones de autoservicio para bicicletas en Hendaya - Hendaya Turismo\" class=\"wp-image-2671\" srcset=\"https:\/\/www.hendaye-tourisme.fr\/wp-content\/uploads\/2023\/12\/Emplacements-des-stations-de-velos-en-libre-service-a-Hendaye-Hendaye-Tourisme-1020x1024.jpg 1020w, https:\/\/www.hendaye-tourisme.fr\/wp-content\/uploads\/2023\/12\/Emplacements-des-stations-de-velos-en-libre-service-a-Hendaye-Hendaye-Tourisme-598x600.jpg 598w, https:\/\/www.hendaye-tourisme.fr\/wp-content\/uploads\/2023\/12\/Emplacements-des-stations-de-velos-en-libre-service-a-Hendaye-Hendaye-Tourisme-150x150.jpg 150w, https:\/\/www.hendaye-tourisme.fr\/wp-content\/uploads\/2023\/12\/Emplacements-des-stations-de-velos-en-libre-service-a-Hendaye-Hendaye-Tourisme-768x771.jpg 768w, https:\/\/www.hendaye-tourisme.fr\/wp-content\/uploads\/2023\/12\/Emplacements-des-stations-de-velos-en-libre-service-a-Hendaye-Hendaye-Tourisme.jpg 1200w\" sizes=\"(max-width: 1020px) 100vw, 1020px\" \/><\/figure>\n<\/div><\/div>\n<\/div>\n\n\n\n<div style=\"height:40px\" aria-hidden=\"true\" class=\"wp-block-spacer\"><\/div>\n\n\n\n<div class=\"wp-block-columns is-layout-flex wp-container-core-columns-is-layout-9d6595d7 wp-block-columns-is-layout-flex\">\n<div class=\"wp-block-column is-layout-flow wp-block-column-is-layout-flow\">\n<h2 class=\"wp-block-heading\">Lista de precios<\/h2>\n\n\n\n<ul class=\"wp-block-list\">\n<li>1 \u20ac por desbloqueo<\/li>\n\n\n\n<li>0,26 \u20ac por minuto<\/li>\n\n\n\n<li>Paquetes de viaje :\n<ul class=\"wp-block-list\">\n<li>Viaje de ida y vuelta en 24 horas: 3 \u20ac por 2 viajes de 45 minutos, que deben realizarse en 24 horas<\/li>\n\n\n\n<li>10 viajes en un mes: 15 \u20ac por 10 viajes de 45 minutos, que deben realizarse en el plazo de 1 mes<\/li>\n<\/ul>\n<\/li>\n<\/ul>\n<\/div>\n\n\n\n<div class=\"wp-block-column is-layout-flow wp-block-column-is-layout-flow\">\n<h2 class=\"wp-block-heading\">Suscripciones<\/h2>\n\n\n\n<ul class=\"wp-block-list\">\n<li>Viajes ilimitados: 39 \u20ac\/mes<\/li>\n\n\n\n<li>Descuento con la suscripci\u00f3n TXIK TXAK: 29 \u20ac\/mes.<\/li>\n<\/ul>\n<\/div>\n<\/div>\n\n\n\n<div style=\"height:40px\" aria-hidden=\"true\" class=\"wp-block-spacer\"><\/div>\n\n\n\n<div class=\"wp-block-cover is-light alert\" style=\"min-height:107px;aspect-ratio:unset;\"><span aria-hidden=\"true\" class=\"wp-block-cover__background has-light-blue-background-color has-background-dim-100 has-background-dim\"><\/span><div class=\"wp-block-cover__inner-container is-layout-constrained wp-block-cover-is-layout-constrained\">\n<h3 class=\"wp-block-heading has-text-align-center has-blue-color has-text-color has-link-color wp-elements-5511138a457f814ddb8fd724a37f4129\"><strong>En caso de problema, la asistencia est\u00e1 disponible 24 horas al d\u00eda, 7 d\u00edas a la semana.<\/strong><\/h3>\n\n\n\n<h3 class=\"wp-block-heading has-text-align-center has-blue-color has-text-color has-link-color wp-elements-8acc7f10da7f2082400288487979e4be\"><strong>directamente en la app<\/strong> <strong>o por tel\u00e9fono al 02 52 33 18 95<\/strong><\/h3>\n<\/div><\/div>\n","protected":false},"excerpt":{"rendered":"<p>Pony, una de las principales empresas francesas de alquiler de bicicletas en autoservicio, ha llegado al Pa\u00eds Vasco con una flota de 800 bicicletas \u00abdoble pony\u00bb. Pony + TXIK TXAK = \u00a1compa\u00f1\u00eda de dos! La \u00fanica bicicleta el\u00e9ctrica biplaza dise\u00f1ada para compartir.En resumen, a partir de ahora tienes garantizado un [&hellip;]<\/p>\n","protected":false},"author":2,"featured_media":2664,"parent":30288,"menu_order":5,"comment_status":"closed","ping_status":"closed","template":"","meta":{"_acf_changed":false,"_seopress_robots_primary_cat":"","_seopress_titles_title":"Pony autoservicio de alquiler de bicicletas | Oficina de Turismo de Hendaya","_seopress_titles_desc":"","_seopress_robots_index":"","footnotes":""},"class_list":["post-30311","page","type-page","status-publish","has-post-thumbnail","hentry"],"acf":[],"_links":{"self":[{"href":"https:\/\/www.hendaye-tourisme.fr\/es\/wp-json\/wp\/v2\/pages\/30311","targetHints":{"allow":["GET"]}}],"collection":[{"href":"https:\/\/www.hendaye-tourisme.fr\/es\/wp-json\/wp\/v2\/pages"}],"about":[{"href":"https:\/\/www.hendaye-tourisme.fr\/es\/wp-json\/wp\/v2\/types\/page"}],"author":[{"embeddable":true,"href":"https:\/\/www.hendaye-tourisme.fr\/es\/wp-json\/wp\/v2\/users\/2"}],"replies":[{"embeddable":true,"href":"https:\/\/www.hendaye-tourisme.fr\/es\/wp-json\/wp\/v2\/comments?post=30311"}],"version-history":[{"count":2,"href":"https:\/\/www.hendaye-tourisme.fr\/es\/wp-json\/wp\/v2\/pages\/30311\/revisions"}],"predecessor-version":[{"id":87604,"href":"https:\/\/www.hendaye-tourisme.fr\/es\/wp-json\/wp\/v2\/pages\/30311\/revisions\/87604"}],"up":[{"embeddable":true,"href":"https:\/\/www.hendaye-tourisme.fr\/es\/wp-json\/wp\/v2\/pages\/30288"}],"wp:featuredmedia":[{"embeddable":true,"href":"https:\/\/www.hendaye-tourisme.fr\/es\/wp-json\/wp\/v2\/media\/2664"}],"wp:attachment":[{"href":"https:\/\/www.hendaye-tourisme.fr\/es\/wp-json\/wp\/v2\/media?parent=30311"}],"curies":[{"name":"wp","href":"https:\/\/api.w.org\/{rel}","templated":true}]}}