{"id":30303,"date":"2023-12-05T15:09:38","date_gmt":"2023-12-05T14:09:38","guid":{"rendered":"https:\/\/www.hendaye-tourisme.fr\/transporte-y-movilidad\/eusko-tren-topo\/"},"modified":"2025-11-28T09:35:10","modified_gmt":"2025-11-28T08:35:10","slug":"eusko-tren-topo","status":"publish","type":"page","link":"https:\/\/www.hendaye-tourisme.fr\/es\/transporte-y-movilidad\/eusko-tren-topo\/","title":{"rendered":"Eusko Tren &#8211; Topo"},"content":{"rendered":"\n<p>La lanzadera ferroviaria que une diariamente <strong>Hendaya con San Sebasti\u00e1n en 35 minutos<\/strong> no necesita presentaci\u00f3n.<\/p>\n\n\n\n<p>Situado a la izquierda de la explanada de la estaci\u00f3n S.N.C.F., aqu\u00ed tiene informaci\u00f3n pr\u00e1ctica sobre c\u00f3mo tomar este tren y llegar f\u00e1cilmente a San Sebasti\u00e1n \/ Donostia:<\/p>\n\n\n\n<div class=\"wp-block-columns is-layout-flex wp-container-core-columns-is-layout-9d6595d7 wp-block-columns-is-layout-flex\">\n<div class=\"wp-block-column is-layout-flow wp-block-column-is-layout-flow\">\n<ul class=\"wp-block-list\">\n<li><strong>funciona todos los<\/strong> d\u00edas de la semana.<\/li>\n\n\n\n<li><strong>salidas cada 3&#8242; y 33&#8242; de cada hora<\/strong> (de 5.33 h, 6.03 h&#8230; hasta las 22.33 h) de lunes a viernes.<\/li>\n\n\n\n<li>Salidas cada 3&#8242; y 33&#8242; de cada hora (desde las 7.03 h, 7.33 h&#8230; hasta las 22.33 h) los s\u00e1bados, domingos y festivos.<\/li>\n<\/ul>\n<\/div>\n\n\n\n<div class=\"wp-block-column is-layout-flow wp-block-column-is-layout-flow\">\n<ul class=\"wp-block-list\">\n<li>entradas a la venta exclusivamente en el recinto (taquilla o taquilla autom\u00e1tica): <strong>no se admiten reservas<\/strong>.<\/li>\n\n\n\n<li>gratis para menores de 6 a\u00f1os<\/li>\n\n\n\n<li>bicicletas permitidas.<\/li>\n\n\n\n<li>se aceptan animales de compa\u00f1\u00eda (con correa o en brazos).<\/li>\n\n\n\n<li>accesibles a las personas con movilidad reducida.<\/li>\n<\/ul>\n<\/div>\n<\/div>\n\n\n\n<section class=\"wp-block-group alignfull wave has-white-color has-blue-background-color has-text-color has-background\"><div class=\"wp-block-group__inner-container is-layout-constrained wp-block-group-is-layout-constrained\">\n<h3 class=\"wp-block-heading has-text-align-center has-white-color has-text-color\" style=\"font-style:normal;font-weight:300\">Mapas de ruta<\/h3>\n\n\n\n<h2 class=\"wp-block-heading has-text-align-center tilde has-white-color has-text-color\">Topo &#8211; Eusko Tren<\/h2>\n\n\n\n<div style=\"height:30px\" aria-hidden=\"true\" class=\"wp-block-spacer\"><\/div>\n\n\n\n<div class=\"wp-block-columns is-layout-flex wp-container-core-columns-is-layout-9d6595d7 wp-block-columns-is-layout-flex\">\n<div class=\"wp-block-column is-layout-flow wp-block-column-is-layout-flow\" style=\"flex-basis:75%\">\n<figure data-wp-context=\"{&quot;imageId&quot;:&quot;69f61e9fa7a32&quot;}\" data-wp-interactive=\"core\/image\" data-wp-key=\"69f61e9fa7a32\" class=\"wp-block-image size-large wp-lightbox-container\"><img decoding=\"async\" width=\"1024\" height=\"608\" data-wp-class--hide=\"state.isContentHidden\" data-wp-class--show=\"state.isContentVisible\" data-wp-init=\"callbacks.setButtonStyles\" data-wp-on--click=\"actions.showLightbox\" data-wp-on--load=\"callbacks.setButtonStyles\" data-wp-on-window--resize=\"callbacks.setButtonStyles\" src=\"https:\/\/www.hendaye-tourisme.fr\/wp-content\/uploads\/2025\/11\/plan-des-lignes-du-topo-novembre-2025-hendaye-tourisme-1024x608.jpg\" alt=\"\" class=\"wp-image-88258\" srcset=\"https:\/\/www.hendaye-tourisme.fr\/wp-content\/uploads\/2025\/11\/plan-des-lignes-du-topo-novembre-2025-hendaye-tourisme-1024x608.jpg 1024w, https:\/\/www.hendaye-tourisme.fr\/wp-content\/uploads\/2025\/11\/plan-des-lignes-du-topo-novembre-2025-hendaye-tourisme-800x475.jpg 800w, https:\/\/www.hendaye-tourisme.fr\/wp-content\/uploads\/2025\/11\/plan-des-lignes-du-topo-novembre-2025-hendaye-tourisme-768x456.jpg 768w, https:\/\/www.hendaye-tourisme.fr\/wp-content\/uploads\/2025\/11\/plan-des-lignes-du-topo-novembre-2025-hendaye-tourisme.jpg 1080w\" sizes=\"(max-width: 1024px) 100vw, 1024px\" \/><button\n\t\t\tclass=\"lightbox-trigger\"\n\t\t\ttype=\"button\"\n\t\t\taria-haspopup=\"dialog\"\n\t\t\taria-label=\"Agrandar\"\n\t\t\tdata-wp-init=\"callbacks.initTriggerButton\"\n\t\t\tdata-wp-on--click=\"actions.showLightbox\"\n\t\t\tdata-wp-style--right=\"state.imageButtonRight\"\n\t\t\tdata-wp-style--top=\"state.imageButtonTop\"\n\t\t>\n\t\t\t<svg xmlns=\"http:\/\/www.w3.org\/2000\/svg\" width=\"12\" height=\"12\" fill=\"none\" viewBox=\"0 0 12 12\">\n\t\t\t\t<path fill=\"#fff\" d=\"M2 0a2 2 0 0 0-2 2v2h1.5V2a.5.5 0 0 1 .5-.5h2V0H2Zm2 10.5H2a.5.5 0 0 1-.5-.5V8H0v2a2 2 0 0 0 2 2h2v-1.5ZM8 12v-1.5h2a.5.5 0 0 0 .5-.5V8H12v2a2 2 0 0 1-2 2H8Zm2-12a2 2 0 0 1 2 2v2h-1.5V2a.5.5 0 0 0-.5-.5H8V0h2Z\" \/>\n\t\t\t<\/svg>\n\t\t<\/button><\/figure>\n<\/div>\n\n\n\n<div class=\"wp-block-column is-layout-flow wp-block-column-is-layout-flow\" style=\"flex-basis:25%\">\n<h3 class=\"wp-block-heading has-white-color has-text-color has-link-color wp-elements-d717b9f4757746c463cccb4a298d47f4\"><strong>E1<\/strong><\/h3>\n\n\n\n<p><strong>Bilbao \/ Donostia<\/strong> <br>Estaci\u00f3n inicial :\u00a0Atxuri<br>Estaci\u00f3n final :\u00a0Amara<br>Zonas :\u00a01-7<\/p>\n\n\n\n<div style=\"height:30px\" aria-hidden=\"true\" class=\"wp-block-spacer\"><\/div>\n\n\n\n<h3 class=\"wp-block-heading has-white-color has-text-color has-link-color wp-elements-ab10250da9a426126ce9f060c0c7677a\"><strong>E2<\/strong><\/h3>\n\n\n\n<p><strong>Lasarte-Oria \/ Hendaia<\/strong><br>Estaci\u00f3n inicial :\u00a0Lasarte-Oria<br>Estaci\u00f3n final : Hendaia<br>Zonas : 7-8<\/p>\n\n\n\n<div style=\"height:30px\" aria-hidden=\"true\" class=\"wp-block-spacer\"><\/div>\n\n\n\n<h3 class=\"wp-block-heading has-white-color has-text-color has-link-color wp-elements-8fb79ed343337c6cdcc94aa5bc98c70a\"><strong>E4<\/strong><\/h3>\n\n\n\n<p><strong>Bilbao \/ Bermeo<\/strong><br>Estaci\u00f3n inicial : Matiko<br>Estaci\u00f3n fina : Bermeo<br>Zonas :\u00a01-4<\/p>\n<\/div>\n<\/div>\n<\/div><\/section>\n\n\n\n<div style=\"height:30px\" aria-hidden=\"true\" class=\"wp-block-spacer\"><\/div>\n\n\n\n<h2 class=\"wp-block-heading\">Recorrido de la l\u00ednea (E2) Hendaya &lt;-&gt; Lasarte<\/h2>\n\n\n\n<center><iframe src=\"https:\/\/www.google.com\/maps\/d\/embed?mid=1qYnfROI7vKpd4Px2q5Y1335QwmQ&#038;ehbc=2E312F\" width=\"640\" height=\"480\"><\/iframe><\/center>\n\n\n\n<div style=\"height:40px\" aria-hidden=\"true\" class=\"wp-block-spacer\"><\/div>\n\n\n\n<h2 class=\"wp-block-heading\">Tarifas para la ruta \u00abHendaya &#8211; Donostia Amara<\/h2>\n\n\n\n<ul class=\"wp-block-list\">\n<li class=\"has-medium-font-size\">Billete sencillo: 2,90 \u20ac<\/li>\n\n\n\n<li class=\"has-medium-font-size\">Billete de ida y vuelta: 5,80 \u20ac<\/li>\n<\/ul>\n\n\n\n<div style=\"height:40px\" aria-hidden=\"true\" class=\"wp-block-spacer\"><\/div>\n\n\n\n<div class=\"wp-block-columns are-vertically-aligned-center is-layout-flex wp-container-core-columns-is-layout-9d6595d7 wp-block-columns-is-layout-flex\">\n<div class=\"wp-block-column is-vertically-aligned-center is-layout-flow wp-block-column-is-layout-flow\">\n<div class=\"wp-block-buttons is-layout-flex wp-block-buttons-is-layout-flex\">\n<div class=\"wp-block-button\"><a class=\"wp-block-button__link wp-element-button\" href=\"https:\/\/www.euskotren.eus\/sites\/default\/files\/horarios\/E2_HendaiaLasarte_CARTEL_50x70cm_Veran2025-ok.pdf\" target=\"_blank\" rel=\"noreferrer noopener\">Descargar el horario detallado de la l\u00ednea Hendaya -&gt; Lasarte<\/a><\/div>\n<\/div>\n<\/div>\n\n\n\n<div class=\"wp-block-column is-vertically-aligned-center is-layout-flow wp-block-column-is-layout-flow\">\n<div class=\"wp-block-buttons is-layout-flex wp-block-buttons-is-layout-flex\">\n<div class=\"wp-block-button\"><a class=\"wp-block-button__link wp-element-button\" href=\"https:\/\/www.euskotren.eus\/sites\/default\/files\/horarios\/E2_Lasarte_Hendaia2_CARTEL_50x70cm_Verano2025-ok.pdf\" target=\"_blank\" rel=\"noreferrer noopener\">Descargar el horario detallado de la l\u00ednea Lasarte -&gt; Hendaya <\/a><\/div>\n<\/div>\n<\/div>\n\n\n\n<div class=\"wp-block-column is-vertically-aligned-center is-layout-flow wp-block-column-is-layout-flow\">\n<div class=\"wp-block-buttons is-layout-flex wp-block-buttons-is-layout-flex\">\n<div class=\"wp-block-button\"><a class=\"wp-block-button__link wp-element-button\" href=\"https:\/\/www.euskotren.eus\/sites\/default\/files\/tarifas\/Euskotren_Tarifa_Orokorra_abril-2025_0.pdf\" target=\"_blank\" rel=\"noreferrer noopener\">Descargar la lista de precios<br>en uso<\/a><\/div>\n<\/div>\n<\/div>\n<\/div>\n\n\n\n<div style=\"height:40px\" aria-hidden=\"true\" class=\"wp-block-spacer\"><\/div>\n\n\n\n<h2 class=\"wp-block-heading\">Posibilidad de llegar hasta Bilbao (pero cuidado con la duraci\u00f3n del trayecto)<\/h2>\n\n\n\n<p>Adem\u00e1s de los 35 minutos de viaje hasta San Sebasti\u00e1n y el tiempo de conexi\u00f3n, necesitar\u00e1 <strong>2 horas y media m\u00e1s<\/strong> para llegar a la capital de Vizcaya.<br>Desde la estaci\u00f3n de \u00abAmara\u00bb, la l\u00ednea E1 (direcci\u00f3n Bilbao) sale cada 50&#8242; de cada hora (de 5.50 a 19.50).<\/p>\n\n\n\n<div style=\"height:40px\" aria-hidden=\"true\" class=\"wp-block-spacer\"><\/div>\n\n\n\n<center><iframe src=\"https:\/\/www.google.com\/maps\/d\/embed?mid=1wEPwtgjYXq-p6lBBLc9i14ologE&#038;ehbc=2E312F\" width=\"640\" height=\"480\"><\/iframe><\/center>\n\n\n\n<div style=\"height:40px\" aria-hidden=\"true\" class=\"wp-block-spacer\"><\/div>\n\n\n\n<h2 class=\"wp-block-heading\">Para m\u00e1s informaci\u00f3n<\/h2>\n\n\n\n<div class=\"wp-block-columns is-layout-flex wp-container-core-columns-is-layout-9d6595d7 wp-block-columns-is-layout-flex\">\n<div class=\"wp-block-column is-layout-flow wp-block-column-is-layout-flow\" style=\"flex-basis:10%\"><\/div>\n\n\n\n<div class=\"wp-block-column is-layout-flow wp-block-column-is-layout-flow\" style=\"flex-basis:80%\">\n<div class=\"wp-block-group py px has-light-blue-background-color has-background\"><div class=\"wp-block-group__inner-container is-layout-constrained wp-block-group-is-layout-constrained\">\n<div class=\"wp-block-columns is-layout-flex wp-container-core-columns-is-layout-9d6595d7 wp-block-columns-is-layout-flex\">\n<div class=\"wp-block-column is-vertically-aligned-center is-layout-flow wp-block-column-is-layout-flow\">\n<h3 class=\"wp-block-heading has-blue-color has-text-color\">Mostrador de recepci\u00f3n de usuarios<\/h3>\n\n\n\n<div style=\"height:20px\" aria-hidden=\"true\" class=\"wp-block-spacer\"><\/div>\n\n\n\n<p class=\"has-text-align-left\"><a href=\"https:\/\/www.google.es\/maps\/place\/Estaci%C3%B3n+Amara\/@43.3131321,-1.9838145,17z\/data=!4m8!1m2!2m1!1sPlaza+Easo,+s%2Fn+Amara!3m4!1s0xd51a5563ba4fc1d:0xaed61fede0b0b037!8m2!3d43.3131418!4d-1.9816262?hl=es\" target=\"_blank\" rel=\"noreferrer noopener\">Plaza Easo s\/n. <br>Distrito de Amara<br>Donostia &#8211; San Sebasti\u00e1n<\/a><\/p>\n\n\n\n<div style=\"height:20px\" aria-hidden=\"true\" class=\"wp-block-spacer\"><\/div>\n\n\n\n<p>Tel\u00e9fono: <strong>944 333 333<\/strong><br>Correo electr\u00f3nico: <a href=\"mailto:oacdon1@euskotren.eus\" target=\"_blank\" rel=\"noreferrer noopener\">oacdon1@euskotren.eus<\/a><\/p>\n<\/div>\n\n\n\n<div class=\"wp-block-column is-vertically-aligned-center is-layout-flow wp-block-column-is-layout-flow\">\n<div class=\"wp-block-buttons is-content-justification-center is-layout-flex wp-container-core-buttons-is-layout-16018d1d wp-block-buttons-is-layout-flex\">\n<div class=\"wp-block-button\"><a class=\"wp-block-button__link wp-element-button\" href=\"https:\/\/www.euskotren.eus\/fr\/service-client\/suggestions\" target=\"_blank\" rel=\"noreferrer noopener\">Formulario de contacto<\/a><\/div>\n<\/div>\n\n\n\n<div style=\"height:50px\" aria-hidden=\"true\" class=\"wp-block-spacer\"><\/div>\n\n\n\n<div class=\"wp-block-columns is-layout-flex wp-container-core-columns-is-layout-9d6595d7 wp-block-columns-is-layout-flex\">\n<div class=\"wp-block-column is-vertically-aligned-center is-layout-flow wp-block-column-is-layout-flow\">\n<figure class=\"wp-block-image size-full\"><a href=\"https:\/\/apps.apple.com\/fr\/app\/euskotren\/id1049370514\" target=\"_blank\" rel=\"noreferrer noopener\"><img decoding=\"async\" width=\"175\" height=\"55\" src=\"https:\/\/www.hendaye-tourisme.fr\/wp-content\/uploads\/2023\/12\/Telecharger-depuis-lApp-Store.png\" alt=\"Descargar desde el App Store\" class=\"wp-image-2666\"\/><\/a><\/figure>\n<\/div>\n\n\n\n<div class=\"wp-block-column is-vertically-aligned-center is-layout-flow wp-block-column-is-layout-flow\">\n<figure class=\"wp-block-image size-full\"><a href=\"https:\/\/play.google.com\/store\/apps\/details?id=eus.euskotren.app&amp;hl=fr&amp;gl=US\" target=\"_blank\" rel=\"noreferrer noopener\"><img decoding=\"async\" width=\"175\" height=\"55\" src=\"https:\/\/www.hendaye-tourisme.fr\/wp-content\/uploads\/2023\/12\/Telecharger-depuis-le-Play-Store.png\" alt=\"Descargar desde el Play Store\" class=\"wp-image-2648\"\/><\/a><\/figure>\n<\/div>\n<\/div>\n<\/div>\n<\/div>\n<\/div><\/div>\n<\/div>\n\n\n\n<div class=\"wp-block-column is-layout-flow wp-block-column-is-layout-flow\" style=\"flex-basis:10%\"><\/div>\n<\/div>\n","protected":false},"excerpt":{"rendered":"<p>La lanzadera ferroviaria que une diariamente Hendaya con San Sebasti\u00e1n en 35 minutos no necesita presentaci\u00f3n. Situado a la izquierda de la explanada de la estaci\u00f3n S.N.C.F., aqu\u00ed tiene informaci\u00f3n pr\u00e1ctica sobre c\u00f3mo tomar este tren y llegar f\u00e1cilmente a San Sebasti\u00e1n \/ Donostia: Mapas de ruta Topo &#8211; Eusko [&hellip;]<\/p>\n","protected":false},"author":2,"featured_media":3997,"parent":30288,"menu_order":4,"comment_status":"closed","ping_status":"closed","template":"","meta":{"_acf_changed":false,"_seopress_robots_primary_cat":"","_seopress_titles_title":"","_seopress_titles_desc":"","_seopress_robots_index":"","footnotes":""},"class_list":["post-30303","page","type-page","status-publish","has-post-thumbnail","hentry"],"acf":[],"_links":{"self":[{"href":"https:\/\/www.hendaye-tourisme.fr\/es\/wp-json\/wp\/v2\/pages\/30303","targetHints":{"allow":["GET"]}}],"collection":[{"href":"https:\/\/www.hendaye-tourisme.fr\/es\/wp-json\/wp\/v2\/pages"}],"about":[{"href":"https:\/\/www.hendaye-tourisme.fr\/es\/wp-json\/wp\/v2\/types\/page"}],"author":[{"embeddable":true,"href":"https:\/\/www.hendaye-tourisme.fr\/es\/wp-json\/wp\/v2\/users\/2"}],"replies":[{"embeddable":true,"href":"https:\/\/www.hendaye-tourisme.fr\/es\/wp-json\/wp\/v2\/comments?post=30303"}],"version-history":[{"count":1,"href":"https:\/\/www.hendaye-tourisme.fr\/es\/wp-json\/wp\/v2\/pages\/30303\/revisions"}],"predecessor-version":[{"id":88299,"href":"https:\/\/www.hendaye-tourisme.fr\/es\/wp-json\/wp\/v2\/pages\/30303\/revisions\/88299"}],"up":[{"embeddable":true,"href":"https:\/\/www.hendaye-tourisme.fr\/es\/wp-json\/wp\/v2\/pages\/30288"}],"wp:featuredmedia":[{"embeddable":true,"href":"https:\/\/www.hendaye-tourisme.fr\/es\/wp-json\/wp\/v2\/media\/3997"}],"wp:attachment":[{"href":"https:\/\/www.hendaye-tourisme.fr\/es\/wp-json\/wp\/v2\/media?parent=30303"}],"curies":[{"name":"wp","href":"https:\/\/api.w.org\/{rel}","templated":true}]}}