{"id":30301,"date":"2023-12-05T11:21:24","date_gmt":"2023-12-05T10:21:24","guid":{"rendered":"https:\/\/www.hendaye-tourisme.fr\/transporte-y-movilidad\/lanzadera-maritima\/"},"modified":"2024-02-20T15:20:16","modified_gmt":"2024-02-20T14:20:16","slug":"lanzadera-maritima","status":"publish","type":"page","link":"https:\/\/www.hendaye-tourisme.fr\/es\/transporte-y-movilidad\/lanzadera-maritima\/","title":{"rendered":"Lanzadera mar\u00edtima"},"content":{"rendered":"\n<p>El barco Marie-Louise ofrece un pintoresco enlace entre Hendaya y Hondarribia, dos encantadores destinos situados a ambos lados del r\u00edo Bidasoa, que hace de frontera administrativa entre Francia y Espa\u00f1a.<\/p>\n\n<div class=\"wp-block-group\"><div class=\"wp-block-group__inner-container is-layout-constrained wp-block-group-is-layout-constrained\">\n<figure class=\"wp-block-gallery has-nested-images columns-default is-cropped wp-block-gallery-1 is-layout-flex wp-block-gallery-is-layout-flex\">\n<figure class=\"wp-block-image size-large\"><img decoding=\"async\" width=\"1000\" height=\"667\" data-id=\"2573\" src=\"https:\/\/www.hendaye-tourisme.fr\/wp-content\/uploads\/2023\/12\/IMG_1135.jpg\" alt=\"\" class=\"wp-image-2573\" srcset=\"https:\/\/www.hendaye-tourisme.fr\/wp-content\/uploads\/2023\/12\/IMG_1135.jpg 1000w, https:\/\/www.hendaye-tourisme.fr\/wp-content\/uploads\/2023\/12\/IMG_1135-800x534.jpg 800w, https:\/\/www.hendaye-tourisme.fr\/wp-content\/uploads\/2023\/12\/IMG_1135-768x512.jpg 768w\" sizes=\"(max-width: 1000px) 100vw, 1000px\" \/><\/figure>\n\n\n\n<figure class=\"wp-block-image size-large is-style-default\"><img decoding=\"async\" width=\"1000\" height=\"667\" data-id=\"2569\" src=\"https:\/\/www.hendaye-tourisme.fr\/wp-content\/uploads\/2023\/12\/OT_Hendaye-20171_5-Navette-maritime.jpg\" alt=\"\" class=\"wp-image-2569\" srcset=\"https:\/\/www.hendaye-tourisme.fr\/wp-content\/uploads\/2023\/12\/OT_Hendaye-20171_5-Navette-maritime.jpg 1000w, https:\/\/www.hendaye-tourisme.fr\/wp-content\/uploads\/2023\/12\/OT_Hendaye-20171_5-Navette-maritime-800x534.jpg 800w, https:\/\/www.hendaye-tourisme.fr\/wp-content\/uploads\/2023\/12\/OT_Hendaye-20171_5-Navette-maritime-768x512.jpg 768w\" sizes=\"(max-width: 1000px) 100vw, 1000px\" \/><\/figure>\n\n\n\n<figure class=\"wp-block-image size-large\"><img decoding=\"async\" width=\"1024\" height=\"683\" data-id=\"2565\" src=\"https:\/\/www.hendaye-tourisme.fr\/wp-content\/uploads\/2023\/12\/Traversee-en-bateau-Hendaye-Hondarribia-Hendaye-Tourisme-5-1024x683.jpg\" alt=\"\" class=\"wp-image-2565\" srcset=\"https:\/\/www.hendaye-tourisme.fr\/wp-content\/uploads\/2023\/12\/Traversee-en-bateau-Hendaye-Hondarribia-Hendaye-Tourisme-5-1024x683.jpg 1024w, https:\/\/www.hendaye-tourisme.fr\/wp-content\/uploads\/2023\/12\/Traversee-en-bateau-Hendaye-Hondarribia-Hendaye-Tourisme-5-800x534.jpg 800w, https:\/\/www.hendaye-tourisme.fr\/wp-content\/uploads\/2023\/12\/Traversee-en-bateau-Hendaye-Hondarribia-Hendaye-Tourisme-5-768x513.jpg 768w, https:\/\/www.hendaye-tourisme.fr\/wp-content\/uploads\/2023\/12\/Traversee-en-bateau-Hendaye-Hondarribia-Hendaye-Tourisme-5-1536x1025.jpg 1536w, https:\/\/www.hendaye-tourisme.fr\/wp-content\/uploads\/2023\/12\/Traversee-en-bateau-Hendaye-Hondarribia-Hendaye-Tourisme-5-scaled.jpg 2048w\" sizes=\"(max-width: 1024px) 100vw, 1024px\" \/><\/figure>\n<\/figure>\n<\/div><\/div>\n\n<p>Cruzando las tranquilas aguas de la desembocadura de este r\u00edo, los pasajeros disfrutan de una magn\u00edfica vista del casco hist\u00f3rico de Hondarribia, dominado por el monte Jaizkibel.<\/p>\n\n<p>Con salidas cada 30 minutos, estar\u00e1 a menos de 10 minutos de la famosa calle San Pedro. Sus papilas gustativas se lo agradecer\u00e1n de antemano, sobre deliciosos pintxos, estas peque\u00f1as porciones, . <br\/>Venga a empaparse del ambiente del sur del Pa\u00eds Vasco probando el \u00abpoteo\u00bb, una tradici\u00f3n que le lleva de bar en bar para degustar las especialidades en pintxos de cada establecimiento.<\/p>\n\n<p> <\/p>\n<div id=\"ts-block-656efcf563472\"  class=\"is-style-grid\">\n\t<div class=\"swiper-container tis_item_box-swiper\"><div data-block_id=\"ts-block-656efcf563472\" class=\"tis_item_box_container img-zoom columns-1  with-slide slide-ts-block-656efcf563472\"><div class=\"swiper-wrapper\" data-nb_col=\"1\" id=\"ts-block-656efcf563472\"><article class=\"tis-box swiper-slide \">\n\t<a href=\"https:\/\/www.hendaye-tourisme.fr\/es\/actividades\/LOIAQU064FS0008J-bateau-marie-louise\/\">\n\t\t<div class=\"tis-item-cover \">\n\t\t\t\t\t\t\t\t\t\t\t<img decoding=\"async\" src=\"https:\/\/www.hendaye-tourisme.fr\/wp-content\/uploads\/tis\/IMG-8761-3.jpg\" title=\"Bateau Marie-Louise\" alt=\"Bateau Marie-Louise\" loading=\"lazy\" \/>\n\t\t\t\t\t\t\t\t\n\t\t\t\t\t<div class=\"tis-item-label-container\">\n\t\t\t\t\t\t\t<!--<span class=\"tis-item-handicap\"><img decoding=\"async\" src=\"https:\/\/www.hendaye-tourisme.fr\/wp-content\/plugins\/tourinsoft-syndication\/assets\/images\/icon-handicap.svg\" title=\"\" alt=\"\" \/><\/span>-->\n\t\t\t\t\t\t\t\t\t<\/div>\n\t\t\t\t\t\t\t\t\n\t\t\t\t\t<\/div>\n\t\t\t\t\t\t\t<h3>Bateau Marie-Louise<\/h3>\n\t\t\t\t\t\t\t\n\t<\/a>\n\t\t<p>Puerto deportivo de Sokoburu Transporte regular entre Hendaya y Hondarribia. Tarifa : 2 \u20ac el viaje. Bici : 0,50 \u20ac Horarios : 10.00 &#8211; 19.00 fuera temporada, 10.00 &#8211; 1.00 de la&hellip;<\/p>\t\t\n\t\t\t\t\t\t<div class=\"wp-block-button\">\n\t\t\t\t<a href=\"https:\/\/www.hendaye-tourisme.fr\/es\/actividades\/LOIAQU064FS0008J-bateau-marie-louise\/\" class=\"wp-block-button__link has-white-color has-btn-background-color\">Ver m\u00e1s<\/a>\n\t\t\t<\/div>\n\t\t\t\t\n<\/article><\/div><\/div><div class=\"swiper-button-prev prev-ts-block-656efcf563472\"><\/div><div class=\"swiper-button-next next-ts-block-656efcf563472\"><\/div><\/div><\/div>\n","protected":false},"excerpt":{"rendered":"<p>El barco Marie-Louise ofrece un pintoresco enlace entre Hendaya y Hondarribia, dos encantadores destinos situados a ambos lados del r\u00edo Bidasoa, que hace de frontera administrativa entre Francia y Espa\u00f1a. Cruzando las tranquilas aguas de la desembocadura de este r\u00edo, los pasajeros disfrutan de una magn\u00edfica vista del casco hist\u00f3rico [&hellip;]<\/p>\n","protected":false},"author":2,"featured_media":0,"parent":30288,"menu_order":3,"comment_status":"closed","ping_status":"closed","template":"","meta":{"_acf_changed":false,"_seopress_robots_primary_cat":"","_seopress_titles_title":"Lanzadera mar\u00edtima Hendaya - Hondarribia | Hendaya Turismo","_seopress_titles_desc":"","_seopress_robots_index":"","footnotes":""},"class_list":["post-30301","page","type-page","status-publish","hentry"],"acf":[],"_links":{"self":[{"href":"https:\/\/www.hendaye-tourisme.fr\/es\/wp-json\/wp\/v2\/pages\/30301","targetHints":{"allow":["GET"]}}],"collection":[{"href":"https:\/\/www.hendaye-tourisme.fr\/es\/wp-json\/wp\/v2\/pages"}],"about":[{"href":"https:\/\/www.hendaye-tourisme.fr\/es\/wp-json\/wp\/v2\/types\/page"}],"author":[{"embeddable":true,"href":"https:\/\/www.hendaye-tourisme.fr\/es\/wp-json\/wp\/v2\/users\/2"}],"replies":[{"embeddable":true,"href":"https:\/\/www.hendaye-tourisme.fr\/es\/wp-json\/wp\/v2\/comments?post=30301"}],"version-history":[{"count":1,"href":"https:\/\/www.hendaye-tourisme.fr\/es\/wp-json\/wp\/v2\/pages\/30301\/revisions"}],"predecessor-version":[{"id":30302,"href":"https:\/\/www.hendaye-tourisme.fr\/es\/wp-json\/wp\/v2\/pages\/30301\/revisions\/30302"}],"up":[{"embeddable":true,"href":"https:\/\/www.hendaye-tourisme.fr\/es\/wp-json\/wp\/v2\/pages\/30288"}],"wp:attachment":[{"href":"https:\/\/www.hendaye-tourisme.fr\/es\/wp-json\/wp\/v2\/media?parent=30301"}],"curies":[{"name":"wp","href":"https:\/\/api.w.org\/{rel}","templated":true}]}}