{"id":30293,"date":"2023-12-05T09:24:54","date_gmt":"2023-12-05T08:24:54","guid":{"rendered":"https:\/\/www.hendaye-tourisme.fr\/transporte-y-movilidad\/taxis-y-v-t-c\/"},"modified":"2024-02-20T14:24:23","modified_gmt":"2024-02-20T13:24:23","slug":"taxis-y-v-t-c","status":"publish","type":"page","link":"https:\/\/www.hendaye-tourisme.fr\/es\/transporte-y-movilidad\/taxis-y-v-t-c\/","title":{"rendered":"Taxis y V.T.C."},"content":{"rendered":"\n<p>Pr\u00e1cticos y r\u00e1pidos, los taxis de Hendaya conocen la ciudad como la palma de su mano, <\/p>\n\n<p>Disponibles a petici\u00f3n, lo est\u00e1n las 24 horas del d\u00eda, 7 d\u00edas a la semana, garantizando un transporte fiable en todo momento, ya sea a primera hora de la ma\u00f1ana, a \u00faltima hora de la tarde o incluso durante la noche.<\/p>\n\n<p>Muy \u00fatiles para distancias cortas, para traslados a los aeropuertos de San Sebasti\u00e1n o Biarritz, tambi\u00e9n hay un gran n\u00famero de taxis homologados por la Seguridad Social para el transporte de pacientes sentados (para hospitalizaci\u00f3n, ex\u00e1menes o consultas). se agrupan principalmente frente a la estaci\u00f3n de tren S.N.C.F.<\/p>\n\n<div style=\"height:20px\" aria-hidden=\"true\" class=\"wp-block-spacer\"><\/div>\n\n<div class=\"wp-block-group alignwide\"><div class=\"wp-block-group__inner-container is-layout-constrained wp-block-group-is-layout-constrained\"><div id=\"ts-block-656ee5bb9cdc1\"  class=\"is-style-map\">\n\t\t<script type=\"text\/javascript\">\n\t\tvar tsObjects = {\"type\":\"FeatureCollection\",\"features\":[{\"geometry\":{\"type\":\"Point\",\"coordinates\":[-1.78138,43.353]},\"type\":\"Feature\",\"id\":\"A0013AQU064V550GZ1\",\"properties\":{\"objectTypeCode\":\"COM\",\"name\":\"Taxis & transports Fati\",\"marker_id\":\"A0013AQU064V550GZ1\",\"commune\":\"HENDAYE\",\"display_city\":\"1\",\"cp\":\"64700\",\"ad1\":\"Gare SNCF\",\"gmapLongitude\":-1.78138,\"gmapLatitude\":43.353,\"zone1\":null,\"telephone\":\"\",\"detail_url\":\"https:\\\/\\\/www.hendaye-tourisme.fr\\\/es\\\/tiendas\\\/A0013AQU064V550GZ1-taxis-transports-fati\\\/\",\"excerpt\":\"Especialista transporte medico Transporte para todas distancias. Radio a las 24h, todos los dias. Veh\\u00edculos 8 plazas.\",\"display_excerpt\":\"1\",\"photo\":\"https:\\\/\\\/www.hendaye-tourisme.fr\\\/wp-content\\\/uploads\\\/tis\\\/Visuel-Tourinsoft-1440-x-900-px.jpg\",\"clas\":null,\"btn_label\":\"Ver m\\u00e1s\",\"btn_class\":null,\"durable\":false,\"charte\":\"\",\"durable_label\":\"Desarrollo sostenible\",\"online_bookable\":false,\"price_from\":false,\"type\":\"Place\"}},{\"geometry\":{\"type\":\"Point\",\"coordinates\":[-1.73928,43.3404]},\"type\":\"Feature\",\"id\":\"A0013AQU064V5BRM28\",\"properties\":{\"objectTypeCode\":\"COM\",\"name\":\"Mon Chauffeur Priv\\u00e9 Favori\",\"marker_id\":\"A0013AQU064V5BRM28\",\"commune\":\"HENDAYE\",\"display_city\":\"1\",\"cp\":\"64700\",\"ad1\":\"\",\"gmapLongitude\":-1.73928,\"gmapLatitude\":43.3404,\"zone1\":null,\"telephone\":\"\",\"detail_url\":\"https:\\\/\\\/www.hendaye-tourisme.fr\\\/es\\\/tiendas\\\/A0013AQU064V5BRM28-mon-chauffeur-prive-favori\\\/\",\"excerpt\":\"Conf\\u00ede en Mon Chauffeur Priv\\u00e9 Favori, con sede en Hendaya. Estaci\\u00f3n - Traslado aeropuerto - Recogida y regreso. Todas las distancias. Veh\\u00edculos de 7 plazas. Y para todos sus eventos. \\u00a1Siempre llegar\\u00e1&hellip;\",\"display_excerpt\":\"1\",\"photo\":\"https:\\\/\\\/www.hendaye-tourisme.fr\\\/wp-content\\\/uploads\\\/tis\\\/IMG-20240930-163526117-HDR.jpg\",\"clas\":null,\"btn_label\":\"Ver m\\u00e1s\",\"btn_class\":null,\"durable\":false,\"charte\":\"\",\"durable_label\":\"Desarrollo sostenible\",\"online_bookable\":false,\"price_from\":false,\"type\":\"Place\"}}]};\n\t<\/script>\n\n\t\t\n\n<div id=\"tourinsoft-loader\">\n\t<div class=\"outer\">\n\t\t<div class=\"inner\">\n\t\t\t<div class=\"small\"><\/div>\n\t\t\t<div class=\"small\"><\/div>\n\t\t\t<div class=\"small\"><\/div>\n\t\t\t<div class=\"small\"><\/div>\n\t\t<\/div>\n\t\t<div class=\"big\">\n\t\t\t<div class=\"small\"><\/div>\n\t\t<\/div>\n\t\t<div class=\"big\">\n\t\t\t<div class=\"small\"><\/div>\n\t\t<\/div>\n\t<\/div>\n<\/div>\n\n\n<div style=\"height:50px\" aria-hidden=\"true\" class=\"wp-block-spacer\" id=\"form-results\"><\/div>\n\n\n<div id=\"tourinsoft-list\" class=\"py wp-block-group alignfull \">\n\t<div class=\"tourinsoft-map-container\">\n\t\t<div id=\"tourinsoft-result-list\">\n\t\t\t\t\t\t<div id=\"tourinsoft-result-container\" >\n\t\t\t\n\t\t\t\t\t\t\t\t<div id=\"js-marker-result\" class=\"grid-mode\" >\n\t\t\t\t\t\n\t\t\t\t\t<article class=\"js-marker tourinsoft-item tis-box \" id=\"marker-A0013AQU064V550GZ1\" data-lat=\"43.353\" data-lng=\"-1.78138\" data-title=\"Taxis &#038; transports Fati\">\n\t<a href=\"https:\/\/www.hendaye-tourisme.fr\/es\/tiendas\/A0013AQU064V550GZ1-taxis-transports-fati\/\" class=\"trk_visit_single\">\n\t\t<div class=\"tis-item-cover \">\n\t\t\t\t\t\t\t\t\t<img decoding=\"async\" src=\"https:\/\/www.hendaye-tourisme.fr\/wp-content\/uploads\/tis\/Visuel-Tourinsoft-1440-x-900-px.jpg\" title=\"Taxis &#038; transports Fati\" alt=\"Taxis &#038; transports Fati\" loading=\"lazy\" \/>\n\t\t\t\t\t\t\t\t<div class=\"tis-item-label-container\">\n\t\t\t\t\t\t\t\t\t<!--<span class=\"tis-item-handicap\"><img decoding=\"async\" src=\"https:\/\/www.hendaye-tourisme.fr\/wp-content\/plugins\/tourinsoft-syndication\/assets\/images\/icon-handicap.svg\" title=\"\" alt=\"\" \/><\/span>-->\n\t\t\t\t\t\t\t\t\t\t\t<\/div>\n\t\t\t\t\t<\/div>\n\t\t\n\t\t\n\t\t\n\t\t<h3>\t\t\tTaxis &#038; transports Fati\t\t<\/h3>\n\t\t\t<\/a>\n\t\n\t\t\t\t\t\n\t<p>Especialista transporte medico Transporte para todas distancias. Radio a las 24h, todos los dias. Veh\u00edculos 8 plazas.<\/p>\t\n\t<strong class=\"tis-box-city\">HENDAYE<\/strong>\t\n\t<div class=\"wp-block-button is-style-outline\">\n\t\t<a href=\"https:\/\/www.hendaye-tourisme.fr\/es\/tiendas\/A0013AQU064V550GZ1-taxis-transports-fati\/\" class=\"trk_visit_single wp-block-button__link has-dark-color has-white-background-color \">Ver m\u00e1s<\/a>\n\t<\/div>\n\t\n<\/article>\t<article class=\"js-marker tourinsoft-item tis-box \" id=\"marker-A0013AQU064V5BRM28\" data-lat=\"43.3404\" data-lng=\"-1.73928\" data-title=\"Mon Chauffeur Priv\u00e9 Favori\">\n\t<a href=\"https:\/\/www.hendaye-tourisme.fr\/es\/tiendas\/A0013AQU064V5BRM28-mon-chauffeur-prive-favori\/\" class=\"trk_visit_single\">\n\t\t<div class=\"tis-item-cover \">\n\t\t\t\t\t\t\t\t\t<img decoding=\"async\" src=\"https:\/\/www.hendaye-tourisme.fr\/wp-content\/uploads\/tis\/IMG-20240930-163526117-HDR.jpg\" title=\"Mon Chauffeur Priv\u00e9 Favori\" alt=\"Mon Chauffeur Priv\u00e9 Favori\" loading=\"lazy\" \/>\n\t\t\t\t\t\t\t\t<div class=\"tis-item-label-container\">\n\t\t\t\t\t\t\t\t\t<!--<span class=\"tis-item-handicap\"><img decoding=\"async\" src=\"https:\/\/www.hendaye-tourisme.fr\/wp-content\/plugins\/tourinsoft-syndication\/assets\/images\/icon-handicap.svg\" title=\"\" alt=\"\" \/><\/span>-->\n\t\t\t\t\t\t\t\t\t\t\t<\/div>\n\t\t\t\t\t<\/div>\n\t\t\n\t\t\n\t\t\n\t\t<h3>\t\t\tMon Chauffeur Priv\u00e9 Favori\t\t<\/h3>\n\t\t\t<\/a>\n\t\n\t\t\t\t\t\n\t<p>Conf\u00ede en Mon Chauffeur Priv\u00e9 Favori, con sede en Hendaya. Estaci\u00f3n &#8211; Traslado aeropuerto &#8211; Recogida y regreso. Todas las distancias. Veh\u00edculos de 7 plazas. Y para todos sus eventos. \u00a1Siempre llegar\u00e1&hellip;<\/p>\t\n\t<strong class=\"tis-box-city\">HENDAYE<\/strong>\t\n\t<div class=\"wp-block-button is-style-outline\">\n\t\t<a href=\"https:\/\/www.hendaye-tourisme.fr\/es\/tiendas\/A0013AQU064V5BRM28-mon-chauffeur-prive-favori\/\" class=\"trk_visit_single wp-block-button__link has-dark-color has-white-background-color \">Ver m\u00e1s<\/a>\n\t<\/div>\n\t\n<\/article>\t\t\t\t\t<\/div>\n\t\t\t<\/div>\n\t\t<\/div>\n\t\t<div id=\"tourinsoft-map\"  data-marker=\"https:\/\/www.hendaye-tourisme.fr\/wp-content\/plugins\/tourinsoft-syndication\/assets\/images\/map-marker.png\" data-lat=\"43.35940200\" data-lng=\"-1.76615000\" data-zoom=\"10\"><\/div>\n\t<\/div>\n<\/div>\n\n\n<div style=\"height:50px\" aria-hidden=\"true\" class=\"wp-block-spacer\"><\/div>\n\n<\/div>\n<\/div><\/div>\n","protected":false},"excerpt":{"rendered":"<p>Pr\u00e1cticos y r\u00e1pidos, los taxis de Hendaya conocen la ciudad como la palma de su mano, Disponibles a petici\u00f3n, lo est\u00e1n las 24 horas del d\u00eda, 7 d\u00edas a la semana, garantizando un transporte fiable en todo momento, ya sea a primera hora de la ma\u00f1ana, a \u00faltima hora de [&hellip;]<\/p>\n","protected":false},"author":2,"featured_media":0,"parent":30288,"menu_order":1,"comment_status":"closed","ping_status":"closed","template":"","meta":{"_acf_changed":false,"_seopress_robots_primary_cat":"","_seopress_titles_title":"","_seopress_titles_desc":"","_seopress_robots_index":"","footnotes":""},"class_list":["post-30293","page","type-page","status-publish","hentry"],"acf":[],"_links":{"self":[{"href":"https:\/\/www.hendaye-tourisme.fr\/es\/wp-json\/wp\/v2\/pages\/30293","targetHints":{"allow":["GET"]}}],"collection":[{"href":"https:\/\/www.hendaye-tourisme.fr\/es\/wp-json\/wp\/v2\/pages"}],"about":[{"href":"https:\/\/www.hendaye-tourisme.fr\/es\/wp-json\/wp\/v2\/types\/page"}],"author":[{"embeddable":true,"href":"https:\/\/www.hendaye-tourisme.fr\/es\/wp-json\/wp\/v2\/users\/2"}],"replies":[{"embeddable":true,"href":"https:\/\/www.hendaye-tourisme.fr\/es\/wp-json\/wp\/v2\/comments?post=30293"}],"version-history":[{"count":1,"href":"https:\/\/www.hendaye-tourisme.fr\/es\/wp-json\/wp\/v2\/pages\/30293\/revisions"}],"predecessor-version":[{"id":30294,"href":"https:\/\/www.hendaye-tourisme.fr\/es\/wp-json\/wp\/v2\/pages\/30293\/revisions\/30294"}],"up":[{"embeddable":true,"href":"https:\/\/www.hendaye-tourisme.fr\/es\/wp-json\/wp\/v2\/pages\/30288"}],"wp:attachment":[{"href":"https:\/\/www.hendaye-tourisme.fr\/es\/wp-json\/wp\/v2\/media?parent=30293"}],"curies":[{"name":"wp","href":"https:\/\/api.w.org\/{rel}","templated":true}]}}