{"id":30286,"date":"2023-11-08T19:44:20","date_gmt":"2023-11-08T18:44:20","guid":{"rendered":"https:\/\/www.hendaye-tourisme.fr\/aparcamientos\/aparcamiento-de-autobuses\/"},"modified":"2024-02-20T14:03:16","modified_gmt":"2024-02-20T13:03:16","slug":"aparcamiento-de-autobuses","status":"publish","type":"page","link":"https:\/\/www.hendaye-tourisme.fr\/es\/aparcamientos\/aparcamiento-de-autobuses\/","title":{"rendered":"Aparcamiento de autobuses"},"content":{"rendered":"\n<div class=\"wp-block-columns is-layout-flex wp-container-core-columns-is-layout-9d6595d7 wp-block-columns-is-layout-flex\">\n<div class=\"wp-block-column is-layout-flow wp-block-column-is-layout-flow\" style=\"flex-basis:33.33%\"><div class=\"highlight-bloc-container \" id=\"ts-block-65368af54ee28\"  >\n\t<div class=\"highlight-bloc-content\">\n\t\t<div class=\"acf-innerblocks-container\">\n\n<h2 class=\"wp-block-heading suptitle\">D.<\/h2>\n\n<\/div>\t<\/div>\n<\/div>\n<\/div>\n\n\n\n<div class=\"wp-block-column is-layout-flow wp-block-column-is-layout-flow\" style=\"flex-basis:66.66%\">\n<p>D. P<\/p>\n\n\n\n<p><\/p>\n<\/div>\n<\/div>\n\n<h2 class=\"wp-block-heading\">Posibles ubicaciones<\/h2>\n\n<div class=\"wp-block-columns is-layout-flex wp-container-core-columns-is-layout-9d6595d7 wp-block-columns-is-layout-flex\">\n<div class=\"wp-block-column is-layout-flow wp-block-column-is-layout-flow\" style=\"flex-basis:66.66%\">\n<p>Las \u00fanicas plazas de aparcamiento disponibles son :<\/p>\n\n\n\n<ul class=\"wp-block-list\">\n<li>Calle de las Lilas<\/li>\n\n\n\n<li>Calle de la Glaci\u00e8re<\/li>\n\n\n\n<li>S\u00f3lo calle de los Lauriers Roses<\/li>\n<\/ul>\n\n\n\n<p>La parada \u00abCroisi\u00e8re\u00bb (bulevar de la Mer, frente al antiguo Casino) es s\u00f3lo para dejar pasajeros.<\/p>\n\n\n\n<p>Los conductores s\u00f3lo pueden dejar pasajeros para el barco Marie-Louise en la rotonda de Flore.<\/p>\n<\/div>\n\n\n\n<div class=\"wp-block-column is-vertically-aligned-center is-layout-flow wp-block-column-is-layout-flow\" style=\"flex-basis:33.33%\">\n<h3 class=\"wp-block-heading has-text-align-center\">Para m\u00e1s informaci\u00f3n<\/h3>\n\n\n\n<div class=\"wp-block-buttons is-content-justification-center is-layout-flex wp-container-core-buttons-is-layout-16018d1d wp-block-buttons-is-layout-flex\">\n<div class=\"wp-block-button\"><a class=\"wp-block-button__link wp-element-button\">05 59 48 23 14<\/a><\/div>\n<\/div>\n<\/div>\n<\/div>\n","protected":false},"excerpt":{"rendered":"<p>D. P Posibles ubicaciones Las \u00fanicas plazas de aparcamiento disponibles son : La parada \u00abCroisi\u00e8re\u00bb (bulevar de la Mer, frente al antiguo Casino) es s\u00f3lo para dejar pasajeros. Los conductores s\u00f3lo pueden dejar pasajeros para el barco Marie-Louise en la rotonda de Flore. Para m\u00e1s informaci\u00f3n<\/p>\n","protected":false},"author":1,"featured_media":1338,"parent":30282,"menu_order":0,"comment_status":"closed","ping_status":"closed","template":"","meta":{"_acf_changed":false,"_seopress_robots_primary_cat":"","_seopress_titles_title":"","_seopress_titles_desc":"","_seopress_robots_index":"","footnotes":""},"class_list":["post-30286","page","type-page","status-publish","has-post-thumbnail","hentry"],"acf":[],"_links":{"self":[{"href":"https:\/\/www.hendaye-tourisme.fr\/es\/wp-json\/wp\/v2\/pages\/30286","targetHints":{"allow":["GET"]}}],"collection":[{"href":"https:\/\/www.hendaye-tourisme.fr\/es\/wp-json\/wp\/v2\/pages"}],"about":[{"href":"https:\/\/www.hendaye-tourisme.fr\/es\/wp-json\/wp\/v2\/types\/page"}],"author":[{"embeddable":true,"href":"https:\/\/www.hendaye-tourisme.fr\/es\/wp-json\/wp\/v2\/users\/1"}],"replies":[{"embeddable":true,"href":"https:\/\/www.hendaye-tourisme.fr\/es\/wp-json\/wp\/v2\/comments?post=30286"}],"version-history":[{"count":1,"href":"https:\/\/www.hendaye-tourisme.fr\/es\/wp-json\/wp\/v2\/pages\/30286\/revisions"}],"predecessor-version":[{"id":30287,"href":"https:\/\/www.hendaye-tourisme.fr\/es\/wp-json\/wp\/v2\/pages\/30286\/revisions\/30287"}],"up":[{"embeddable":true,"href":"https:\/\/www.hendaye-tourisme.fr\/es\/wp-json\/wp\/v2\/pages\/30282"}],"wp:featuredmedia":[{"embeddable":true,"href":"https:\/\/www.hendaye-tourisme.fr\/es\/wp-json\/wp\/v2\/media\/1338"}],"wp:attachment":[{"href":"https:\/\/www.hendaye-tourisme.fr\/es\/wp-json\/wp\/v2\/media?parent=30286"}],"curies":[{"name":"wp","href":"https:\/\/api.w.org\/{rel}","templated":true}]}}