{"id":30274,"date":"2024-01-18T16:29:47","date_gmt":"2024-01-18T15:29:47","guid":{"rendered":"https:\/\/www.hendaye-tourisme.fr\/observatorio\/"},"modified":"2024-02-20T11:37:45","modified_gmt":"2024-02-20T10:37:45","slug":"observatorio","status":"publish","type":"page","link":"https:\/\/www.hendaye-tourisme.fr\/es\/observatorio\/","title":{"rendered":"Observatorio"},"content":{"rendered":"\n<div class=\"wp-block-columns is-layout-flex wp-container-core-columns-is-layout-9d6595d7 wp-block-columns-is-layout-flex\">\n<div class=\"wp-block-column is-layout-flow wp-block-column-is-layout-flow\" style=\"flex-basis:33.33%\"><div class=\"highlight-bloc-container \" id=\"ts-block-65368af54ee28\"  >\n\t<div class=\"highlight-bloc-content\">\n\t\t<div class=\"acf-innerblocks-container\">\n\n<h2 class=\"wp-block-heading suptitle\">Creada en 2004, su misi\u00f3n principal es recopilar, analizar y difundir datos relativos al turismo en Hendaya.<\/h2>\n\n<\/div>\t<\/div>\n<\/div>\n<\/div>\n\n\n\n<div class=\"wp-block-column is-layout-flow wp-block-column-is-layout-flow\" style=\"flex-basis:66.66%\">\n<p>La recopilaci\u00f3n de estas cifras (n\u00famero de visitantes a los sitios destacados, duraci\u00f3n media de la estancia, procedencia de los visitantes, tr\u00e1fico del portal web, etc.) son indicadores que permiten evaluar el impacto de nuestras distintas campa\u00f1as y adaptar la estrategia local en consecuencia.<\/p>\n\n\n\n<p>Disponibles gratuitamente, estas notas benefician especialmente a nuestros socios socioprofesionales e institucionales, as\u00ed como a los nuevos empresarios que deseen establecerse en Hendaya.<\/p>\n\n\n\n<p>Cada a\u00f1o se publican tres tipos de documentos:<\/p>\n\n\n\n<ul class=\"wp-block-list\">\n<li>Evoluci\u00f3n trimestral: una instant\u00e1nea de la actividad tur\u00edstica en Hendaya, desglosada por meses (publicada el d\u00eda 15 del trimestre siguiente).<\/li>\n\n\n\n<li>Informe estacional: resumen que abarca el periodo de mayo a septiembre (publicado en noviembre).<\/li>\n\n\n\n<li>Balance anual: resumen del a\u00f1o (publicado en febrero del a\u00f1o siguiente).<\/li>\n<\/ul>\n\n\n\n<p><\/p>\n<\/div>\n<\/div>\n\n<center><iframe src=\"\/\/v.calameo.com\/library\/?type=subscription&#038;id=7647460&#038;rows=1&#038;sortBy=title&#038;theme=white&#038;bgColor=&#038;thumbSize=large&#038;showTitle=true&#038;showShadow=true&#038;showGloss=true&#038;showInfo=account&#038;linkTo=embed\" width=\"100%\" height=\"240\" frameborder=\"0\" allowfullscreen=\"\" allowtransparency=\"\"><\/iframe><\/center>\n","protected":false},"excerpt":{"rendered":"<p>La recopilaci\u00f3n de estas cifras (n\u00famero de visitantes a los sitios destacados, duraci\u00f3n media de la estancia, procedencia de los visitantes, tr\u00e1fico del portal web, etc.) son indicadores que permiten evaluar el impacto de nuestras distintas campa\u00f1as y adaptar la estrategia local en consecuencia. Disponibles gratuitamente, estas notas benefician especialmente [&hellip;]<\/p>\n","protected":false},"author":2,"featured_media":37020,"parent":0,"menu_order":0,"comment_status":"closed","ping_status":"closed","template":"","meta":{"_acf_changed":false,"_seopress_robots_primary_cat":"","_seopress_titles_title":"Observatorio local del turismo - Hendaya Turismo","_seopress_titles_desc":"Creada en 2004, su misi\u00f3n principal es recopilar, analizar y difundir datos y estad\u00edsticas relacionados con el turismo en Hendaya.","_seopress_robots_index":"","footnotes":""},"class_list":["post-30274","page","type-page","status-publish","has-post-thumbnail","hentry"],"acf":[],"_links":{"self":[{"href":"https:\/\/www.hendaye-tourisme.fr\/es\/wp-json\/wp\/v2\/pages\/30274","targetHints":{"allow":["GET"]}}],"collection":[{"href":"https:\/\/www.hendaye-tourisme.fr\/es\/wp-json\/wp\/v2\/pages"}],"about":[{"href":"https:\/\/www.hendaye-tourisme.fr\/es\/wp-json\/wp\/v2\/types\/page"}],"author":[{"embeddable":true,"href":"https:\/\/www.hendaye-tourisme.fr\/es\/wp-json\/wp\/v2\/users\/2"}],"replies":[{"embeddable":true,"href":"https:\/\/www.hendaye-tourisme.fr\/es\/wp-json\/wp\/v2\/comments?post=30274"}],"version-history":[{"count":1,"href":"https:\/\/www.hendaye-tourisme.fr\/es\/wp-json\/wp\/v2\/pages\/30274\/revisions"}],"predecessor-version":[{"id":30275,"href":"https:\/\/www.hendaye-tourisme.fr\/es\/wp-json\/wp\/v2\/pages\/30274\/revisions\/30275"}],"wp:featuredmedia":[{"embeddable":true,"href":"https:\/\/www.hendaye-tourisme.fr\/es\/wp-json\/wp\/v2\/media\/37020"}],"wp:attachment":[{"href":"https:\/\/www.hendaye-tourisme.fr\/es\/wp-json\/wp\/v2\/media?parent=30274"}],"curies":[{"name":"wp","href":"https:\/\/api.w.org\/{rel}","templated":true}]}}