{"id":30268,"date":"2023-11-03T10:04:02","date_gmt":"2023-11-03T09:04:02","guid":{"rendered":"https:\/\/www.hendaye-tourisme.fr\/naturaleza-y-ecoturismo\/parque-natural-de-abbadia\/"},"modified":"2024-10-11T17:23:03","modified_gmt":"2024-10-11T15:23:03","slug":"parque-natural-de-abbadia","status":"publish","type":"page","link":"https:\/\/www.hendaye-tourisme.fr\/es\/naturaleza-y-ecoturismo\/parque-natural-de-abbadia\/","title":{"rendered":"Parque Natural de Abbadia"},"content":{"rendered":"\n<div class=\"wp-block-columns is-layout-flex wp-container-core-columns-is-layout-9d6595d7 wp-block-columns-is-layout-flex\">\n<div class=\"wp-block-column is-layout-flow wp-block-column-is-layout-flow\" style=\"flex-basis:33.33%\"><div class=\"highlight-bloc-container \" id=\"ts-block-65368af54ee28\"  >\n\t<div class=\"highlight-bloc-content\">\n\t\t<div class=\"acf-innerblocks-container\">\n\n<h2 class=\"wp-block-heading\">La Cornisa Vasca es un espacio natural protegido que se extiende desde Ciboure hasta Hendaya, en una distancia de unos diez kil\u00f3metros.<\/h2>\n\n<\/div>\t<\/div>\n<\/div>\n<\/div>\n\n\n\n<div class=\"wp-block-column is-layout-flow wp-block-column-is-layout-flow\" style=\"flex-basis:66.66%\">\n<p>Con su pol\u00edtica de preservaci\u00f3n de zonas naturales sensibles, Hendaya tambi\u00e9n tiene un<strong> lado \u00absalvaje<\/strong>\u00ab.<\/p>\n\n\n\n<p>Con vistas al oc\u00e9ano Atl\u00e1ntico y a los pies de los Pirineos, descubra los <strong>flysch<\/strong>, esas impresionantes formaciones rocosas en estratos verticales, bajo el Parque de Abbadia, que constituyen el encanto de la Cornisa Vasca.<\/p>\n\n\n\n<p>El lugar se caracteriza por escarpados acantilados, calas y dos famosas <strong>rocas, \u00abGemelas\u00bb<\/strong>, que atestiguan el retroceso del litoral. En s\u00f3lo unos cientos de metros, los acantilados cuentan la historia de millones de a\u00f1os de historia de la Tierra.<\/p>\n\n\n\n<p>Extensas praderas, p\u00e1ramos atl\u00e1nticos y bosquecillos esculpidos por los vientos crean una imagen de la naturaleza que contrasta con las cercanas ciudades de Hendaya y Biarritz.<\/p>\n<\/div>\n<\/div>\n\n<div class=\"wp-block-group has-light-blue-background-color has-background\"><div class=\"wp-block-group__inner-container is-layout-constrained wp-block-group-is-layout-constrained\">\n<figure class=\"wp-block-gallery aligncenter has-nested-images columns-default is-cropped has-light-blue-background-color has-background wp-block-gallery-1 is-layout-flex wp-block-gallery-is-layout-flex\">\n<figure class=\"wp-block-image size-large is-style-default\"><img decoding=\"async\" width=\"1024\" height=\"724\" data-id=\"42455\" src=\"https:\/\/www.hendaye-tourisme.fr\/wp-content\/uploads\/2024\/05\/plan-du-domaine-dabbadia-domaine-dabbadia-hendaye-tourisme-1024x724.png\" alt=\"Mapa del Domaine d'Abbadia - Domaine d'Abbadia - Hendaye Tourisme\" class=\"wp-image-42455\" srcset=\"https:\/\/www.hendaye-tourisme.fr\/wp-content\/uploads\/2024\/05\/plan-du-domaine-dabbadia-domaine-dabbadia-hendaye-tourisme-1024x724.png 1024w, https:\/\/www.hendaye-tourisme.fr\/wp-content\/uploads\/2024\/05\/plan-du-domaine-dabbadia-domaine-dabbadia-hendaye-tourisme-800x566.png 800w, https:\/\/www.hendaye-tourisme.fr\/wp-content\/uploads\/2024\/05\/plan-du-domaine-dabbadia-domaine-dabbadia-hendaye-tourisme-768x543.png 768w, https:\/\/www.hendaye-tourisme.fr\/wp-content\/uploads\/2024\/05\/plan-du-domaine-dabbadia-domaine-dabbadia-hendaye-tourisme-1536x1086.png 1536w, https:\/\/www.hendaye-tourisme.fr\/wp-content\/uploads\/2024\/05\/plan-du-domaine-dabbadia-domaine-dabbadia-hendaye-tourisme.png 2048w\" sizes=\"(max-width: 1024px) 100vw, 1024px\" \/><\/figure>\n<\/figure>\n<\/div><\/div>\n\n<div style=\"height:30px\" aria-hidden=\"true\" class=\"wp-block-spacer\"><\/div>\n\n<section class=\"wp-block-group alignfull has-light-blue-background-color has-background\"><div class=\"wp-block-group__inner-container is-layout-constrained wp-block-group-is-layout-constrained\">\n<div class=\"wp-block-media-text alignfull is-stacked-on-mobile\"><figure class=\"wp-block-media-text__media\"><img decoding=\"async\" width=\"1024\" height=\"682\" src=\"https:\/\/www.hendaye-tourisme.fr\/wp-content\/uploads\/2023\/11\/Randonnee-Hendaye-Tourisme-1024x682.jpg\" alt=\"Granja Asporotsttipi\" class=\"wp-image-995 size-full\" srcset=\"https:\/\/www.hendaye-tourisme.fr\/wp-content\/uploads\/2023\/11\/Randonnee-Hendaye-Tourisme-1024x682.jpg 1024w, https:\/\/www.hendaye-tourisme.fr\/wp-content\/uploads\/2023\/11\/Randonnee-Hendaye-Tourisme-800x533.jpg 800w, https:\/\/www.hendaye-tourisme.fr\/wp-content\/uploads\/2023\/11\/Randonnee-Hendaye-Tourisme-768x512.jpg 768w, https:\/\/www.hendaye-tourisme.fr\/wp-content\/uploads\/2023\/11\/Randonnee-Hendaye-Tourisme-1536x1023.jpg 1536w, https:\/\/www.hendaye-tourisme.fr\/wp-content\/uploads\/2023\/11\/Randonnee-Hendaye-Tourisme.jpg 1900w\" sizes=\"(max-width: 1024px) 100vw, 1024px\" \/><\/figure><div class=\"wp-block-media-text__content\">\n<h3 class=\"wp-block-heading\" style=\"text-transform:uppercase\">Granja Asporotsttipi<\/h3>\n\n\n\n<p>Cuando llegues a Hendaya, la <a href=\"https:\/\/www.hendaye-tourisme.fr\/es\/casa-de-la-cornisa-vasca\/maison-de-la-corniche-2\/\" data-type=\"page\" data-id=\"784\">Maison de la Corniche<\/a> (o granja Asporotsttipi) es la <strong>puerta de entrada al Domaine d&#8217;Abbadia<\/strong>, y no es otra cosa que el centro vasco de interpretaci\u00f3n de la Corniche: \u00a1aqu\u00ed te lo explicamos todo!<\/p>\n\n\n\n<p><strong>Propiedad del Conservatorio del Litoral<\/strong>, este antiguo caser\u00edo vasco est\u00e1 abierto a todos <strong>gratuitamente<\/strong>, y es especialmente adecuado para familias. <br\/>Su exposici\u00f3n interactiva permanente <strong>te descubre las particularidades y secretos de la Cornisa Vasca<\/strong>. Geolog\u00eda, flora, fauna, actividades humanas, \u00a1este espacio natural no tendr\u00e1 m\u00e1s secretos para ti!<\/p>\n<\/div><\/div>\n\n\n\n<div class=\"wp-block-media-text alignfull has-media-on-the-right is-stacked-on-mobile\"><div class=\"wp-block-media-text__content\">\n<p>La Maison de la Corniche est\u00e1 abierta todo el a\u00f1o para acoger a los excursionistas que deseen explorar el Domaine d&#8217;Abbadia o <strong>disfrutar de una vista del oc\u00e9ano<\/strong>. La entrada es gratuita.<\/p>\n\n\n\n<p>No te pierdas la visita a<a href=\"https:\/\/www.hendaye-tourisme.fr\/decouvrir\/activites\/activites-culturelles\/chateau-abbadia\/\" data-type=\"page\" data-id=\"918\"> Abbadia, el Castillo Observatorio<\/a>&#8230;<\/p>\n<\/div><figure class=\"wp-block-media-text__media\"><img decoding=\"async\" width=\"1024\" height=\"682\" src=\"https:\/\/www.hendaye-tourisme.fr\/wp-content\/uploads\/2023\/11\/Famille-dans-le-domaine-dAbbadia-Hendaye-Tourisme-1-1024x682.jpg\" alt=\"punto de vista de la familia parque abbadia\" class=\"wp-image-1006 size-full\" srcset=\"https:\/\/www.hendaye-tourisme.fr\/wp-content\/uploads\/2023\/11\/Famille-dans-le-domaine-dAbbadia-Hendaye-Tourisme-1-1024x682.jpg 1024w, https:\/\/www.hendaye-tourisme.fr\/wp-content\/uploads\/2023\/11\/Famille-dans-le-domaine-dAbbadia-Hendaye-Tourisme-1-800x533.jpg 800w, https:\/\/www.hendaye-tourisme.fr\/wp-content\/uploads\/2023\/11\/Famille-dans-le-domaine-dAbbadia-Hendaye-Tourisme-1-768x512.jpg 768w, https:\/\/www.hendaye-tourisme.fr\/wp-content\/uploads\/2023\/11\/Famille-dans-le-domaine-dAbbadia-Hendaye-Tourisme-1-1536x1023.jpg 1536w, https:\/\/www.hendaye-tourisme.fr\/wp-content\/uploads\/2023\/11\/Famille-dans-le-domaine-dAbbadia-Hendaye-Tourisme-1.jpg 1900w\" sizes=\"(max-width: 1024px) 100vw, 1024px\" \/><\/figure><\/div>\n<\/div><\/section>\n\n<div style=\"height:50px\" aria-hidden=\"true\" class=\"wp-block-spacer\"><\/div>\n<div class=\"wp-block-image\">\n<figure class=\"aligncenter size-full is-resized\"><img decoding=\"async\" width=\"695\" height=\"124\" src=\"https:\/\/www.hendaye-tourisme.fr\/wp-content\/uploads\/2024\/05\/interdictions-domaine-dabbadia-hendaye-tourisme.jpg\" alt=\"Prohibiciones en el Domaine d'Abbadia - Hendaye Tourisme\" class=\"wp-image-42460\" style=\"width:500px\"\/><\/figure>\n<\/div>","protected":false},"excerpt":{"rendered":"<p>Con su pol\u00edtica de preservaci\u00f3n de zonas naturales sensibles, Hendaya tambi\u00e9n tiene un lado \u00absalvaje\u00ab. Con vistas al oc\u00e9ano Atl\u00e1ntico y a los pies de los Pirineos, descubra los flysch, esas impresionantes formaciones rocosas en estratos verticales, bajo el Parque de Abbadia, que constituyen el encanto de la Cornisa Vasca. [&hellip;]<\/p>\n","protected":false},"author":1,"featured_media":1025,"parent":30264,"menu_order":0,"comment_status":"closed","ping_status":"closed","template":"","meta":{"_acf_changed":false,"_seopress_robots_primary_cat":"","_seopress_titles_title":"Parque natural de Abbadia - %%sitetitle%%","_seopress_titles_desc":"","_seopress_robots_index":"","footnotes":""},"class_list":["post-30268","page","type-page","status-publish","has-post-thumbnail","hentry"],"acf":[],"_links":{"self":[{"href":"https:\/\/www.hendaye-tourisme.fr\/es\/wp-json\/wp\/v2\/pages\/30268","targetHints":{"allow":["GET"]}}],"collection":[{"href":"https:\/\/www.hendaye-tourisme.fr\/es\/wp-json\/wp\/v2\/pages"}],"about":[{"href":"https:\/\/www.hendaye-tourisme.fr\/es\/wp-json\/wp\/v2\/types\/page"}],"author":[{"embeddable":true,"href":"https:\/\/www.hendaye-tourisme.fr\/es\/wp-json\/wp\/v2\/users\/1"}],"replies":[{"embeddable":true,"href":"https:\/\/www.hendaye-tourisme.fr\/es\/wp-json\/wp\/v2\/comments?post=30268"}],"version-history":[{"count":2,"href":"https:\/\/www.hendaye-tourisme.fr\/es\/wp-json\/wp\/v2\/pages\/30268\/revisions"}],"predecessor-version":[{"id":64342,"href":"https:\/\/www.hendaye-tourisme.fr\/es\/wp-json\/wp\/v2\/pages\/30268\/revisions\/64342"}],"up":[{"embeddable":true,"href":"https:\/\/www.hendaye-tourisme.fr\/es\/wp-json\/wp\/v2\/pages\/30264"}],"wp:featuredmedia":[{"embeddable":true,"href":"https:\/\/www.hendaye-tourisme.fr\/es\/wp-json\/wp\/v2\/media\/1025"}],"wp:attachment":[{"href":"https:\/\/www.hendaye-tourisme.fr\/es\/wp-json\/wp\/v2\/media?parent=30268"}],"curies":[{"name":"wp","href":"https:\/\/api.w.org\/{rel}","templated":true}]}}