{"id":30256,"date":"2023-11-06T16:25:36","date_gmt":"2023-11-06T15:25:36","guid":{"rendered":"https:\/\/www.hendaye-tourisme.fr\/eventos-destacados\/feria-del-ocio\/"},"modified":"2026-01-30T17:29:14","modified_gmt":"2026-01-30T16:29:14","slug":"feria-del-ocio","status":"publish","type":"page","link":"https:\/\/www.hendaye-tourisme.fr\/es\/eventos-destacados\/feria-del-ocio\/","title":{"rendered":"Feria del Ocio"},"content":{"rendered":"\n<div class=\"wp-block-columns is-layout-flex wp-container-core-columns-is-layout-9d6595d7 wp-block-columns-is-layout-flex\">\n<div class=\"wp-block-column is-layout-flow wp-block-column-is-layout-flow\" style=\"flex-basis:33.33%\"><div class=\"highlight-bloc-container \" id=\"ts-block-65368af54ee28\"  >\n\t<div class=\"highlight-bloc-content\">\n\t\t<div class=\"acf-innerblocks-container\">\n\n<h2 class=\"wp-block-heading suptitle\">Una cita ineludible para los amantes de la relajaci\u00f3n y el descubrimiento<\/h2>\n\n<\/div>\t<\/div>\n<\/div>\n<\/div>\n\n\n\n<div class=\"wp-block-column is-layout-flow wp-block-column-is-layout-flow\" style=\"flex-basis:66.66%\">\n<div class=\"wp-block-cover is-light alert\" style=\"min-height:107px;aspect-ratio:unset;\"><span aria-hidden=\"true\" class=\"wp-block-cover__background has-light-blue-background-color has-background-dim-100 has-background-dim\"><\/span><div class=\"wp-block-cover__inner-container is-layout-constrained wp-block-cover-is-layout-constrained\">\n<p class=\"has-text-align-left has-blue-color has-text-color\">L<strong>a Feria de Ocio no se celebrar\u00e1 en 2026<\/strong>.<\/p>\n<\/div><\/div>\n\n\n\n<p>El puerto deportivo de Hendaya es el escenario del Sal\u00f3n C\u00f4t\u00e9 Loisirs, un acontecimiento \u00fanico dedicado a los amantes del bienestar, la n\u00e1utica, la jardiner\u00eda, los veh\u00edculos de ocio, la gastronom\u00eda y la artesan\u00eda.<\/p>\n\n\n\n<p>Organizado por Hendaya Turismo y Comercio, C\u00f4t\u00e9 Loisirs promete una experiencia envolvente para toda la familia.<\/p>\n<\/div>\n<\/div>\n\n\n\n<section class=\"wp-block-group alignfull wave has-white-color has-blue-background-color has-text-color has-background\"><div class=\"wp-block-group__inner-container is-layout-constrained wp-block-group-is-layout-constrained\">\n<h3 class=\"wp-block-heading has-text-align-center has-white-color has-text-color\" style=\"font-style:normal;font-weight:300\">5 \u00e1reas tem\u00e1ticas que abarcan<\/h3>\n\n\n\n<h2 class=\"wp-block-heading has-text-align-center tilde has-white-color has-text-color\">LA EXPOSICI\u00d3N DEL OCIO<\/h2>\n\n\n\n<p><\/p>\n\n\n\n<p>En particular, el equipamiento de veh\u00edculos de ocio ser\u00e1 el centro de atenci\u00f3n, con una serie de proveedores l\u00edderes.<\/p>\n\n\n\n<p>En el coraz\u00f3n del evento, \u00a1un centro gastron\u00f3mico para compartir sus comidas o aperitivos con amigos y familiares!<\/p>\n\n\n\n<p>Placer, evasi\u00f3n y tradici\u00f3n ser\u00e1n las consignas de estos 3 d\u00edas de diversi\u00f3n. <\/p>\n<\/div><\/section>\n\n\n\n<section class=\"wp-block-group alignfull\"><div class=\"wp-block-group__inner-container is-layout-constrained wp-block-group-is-layout-constrained\">\n<div class=\"wp-block-media-text alignfull is-stacked-on-mobile is-image-fill-element\"><figure class=\"wp-block-media-text__media\"><img decoding=\"async\" width=\"1024\" height=\"804\" src=\"https:\/\/www.hendaye-tourisme.fr\/wp-content\/uploads\/2024\/04\/pole-jardin-salo-cote-loisirs-hendaye-tourisme.jpg\" alt=\"\" class=\"wp-image-36083 size-full\" style=\"object-position:50% 50%\" srcset=\"https:\/\/www.hendaye-tourisme.fr\/wp-content\/uploads\/2024\/04\/pole-jardin-salo-cote-loisirs-hendaye-tourisme.jpg 1024w, https:\/\/www.hendaye-tourisme.fr\/wp-content\/uploads\/2024\/04\/pole-jardin-salo-cote-loisirs-hendaye-tourisme-764x600.jpg 764w, https:\/\/www.hendaye-tourisme.fr\/wp-content\/uploads\/2024\/04\/pole-jardin-salo-cote-loisirs-hendaye-tourisme-768x603.jpg 768w\" sizes=\"(max-width: 1024px) 100vw, 1024px\" \/><\/figure><div class=\"wp-block-media-text__content\">\n<h3 class=\"wp-block-heading\" style=\"text-transform:uppercase\">ZONA DE JARD\u00cdN<\/h3>\n\n\n\n<p>Explora el encantador mundo de la jardiner\u00eda con una variedad de stands que incluyen elegantes muebles de jard\u00edn, relajantes spas, relajantes saunas, velas de sombra y mucho m\u00e1s. Conoce a los expertos que compartir\u00e1n sus consejos para crear tu propio oasis verde.<\/p>\n<\/div><\/div>\n\n\n\n<div class=\"wp-block-media-text alignfull has-media-on-the-right is-stacked-on-mobile is-image-fill-element\"><div class=\"wp-block-media-text__content\">\n<h3 class=\"wp-block-heading\" style=\"text-transform:uppercase\">POSTE DE NATACI\u00d3N<\/h3>\n\n\n\n<p>Los aficionados a la n\u00e1utica encontrar\u00e1n todo lo que necesitan entre los barcos a motor y a vela de calidad que se exponen, as\u00ed como oportunidades exclusivas de desguace. Tanto si eres un principiante como un navegante experimentado, descubre las \u00faltimas tendencias y tecnolog\u00edas n\u00e1uticas.<\/p>\n<\/div><figure class=\"wp-block-media-text__media\"><img decoding=\"async\" width=\"1024\" height=\"576\" src=\"https:\/\/www.hendaye-tourisme.fr\/wp-content\/uploads\/2024\/04\/pole-nautisme-salon-cote-loisirs-hendaye-tourisme-1024x576.png\" alt=\"\" class=\"wp-image-36087 size-full\" style=\"object-position:50% 50%\" srcset=\"https:\/\/www.hendaye-tourisme.fr\/wp-content\/uploads\/2024\/04\/pole-nautisme-salon-cote-loisirs-hendaye-tourisme-1024x576.png 1024w, https:\/\/www.hendaye-tourisme.fr\/wp-content\/uploads\/2024\/04\/pole-nautisme-salon-cote-loisirs-hendaye-tourisme-800x450.png 800w, https:\/\/www.hendaye-tourisme.fr\/wp-content\/uploads\/2024\/04\/pole-nautisme-salon-cote-loisirs-hendaye-tourisme-768x432.png 768w, https:\/\/www.hendaye-tourisme.fr\/wp-content\/uploads\/2024\/04\/pole-nautisme-salon-cote-loisirs-hendaye-tourisme-1536x864.png 1536w, https:\/\/www.hendaye-tourisme.fr\/wp-content\/uploads\/2024\/04\/pole-nautisme-salon-cote-loisirs-hendaye-tourisme.png 1600w\" sizes=\"(max-width: 1024px) 100vw, 1024px\" \/><\/figure><\/div>\n<\/div><\/section>\n\n\n\n<section class=\"wp-block-group alignfull\"><div class=\"wp-block-group__inner-container is-layout-constrained wp-block-group-is-layout-constrained\">\n<div class=\"wp-block-media-text alignfull is-stacked-on-mobile is-image-fill-element\"><figure class=\"wp-block-media-text__media\"><img decoding=\"async\" width=\"1024\" height=\"683\" src=\"https:\/\/www.hendaye-tourisme.fr\/wp-content\/uploads\/2024\/04\/pole-vehicules-de-loisirs-salon-cote-loisirs-hendaye-tourisme-1024x683.jpg\" alt=\"\" class=\"wp-image-36091 size-full\" style=\"object-position:50% 50%\" srcset=\"https:\/\/www.hendaye-tourisme.fr\/wp-content\/uploads\/2024\/04\/pole-vehicules-de-loisirs-salon-cote-loisirs-hendaye-tourisme-1024x683.jpg 1024w, https:\/\/www.hendaye-tourisme.fr\/wp-content\/uploads\/2024\/04\/pole-vehicules-de-loisirs-salon-cote-loisirs-hendaye-tourisme-800x533.jpg 800w, https:\/\/www.hendaye-tourisme.fr\/wp-content\/uploads\/2024\/04\/pole-vehicules-de-loisirs-salon-cote-loisirs-hendaye-tourisme-768x512.jpg 768w, https:\/\/www.hendaye-tourisme.fr\/wp-content\/uploads\/2024\/04\/pole-vehicules-de-loisirs-salon-cote-loisirs-hendaye-tourisme.jpg 1200w\" sizes=\"(max-width: 1024px) 100vw, 1024px\" \/><\/figure><div class=\"wp-block-media-text__content\">\n<h3 class=\"wp-block-heading\" style=\"text-transform:uppercase\">DIVISI\u00d3N DE VEH\u00cdCULOS DE OCIO<\/h3>\n\n\n\n<p>Sum\u00e9rgete en el mundo de los viajes itinerantes con minicaravanas, furgonetas transformadas, bicicletas todo terreno con asistencia el\u00e9ctrica (VTTAE) y muchas otras innovaciones para escapadas en plena libertad.<\/p>\n<\/div><\/div>\n\n\n\n<div class=\"wp-block-media-text alignfull has-media-on-the-right is-stacked-on-mobile is-image-fill-element\"><div class=\"wp-block-media-text__content\">\n<h3 class=\"wp-block-heading\" style=\"text-transform:uppercase\">POLO DE BIENESTAR<\/h3>\n\n\n\n<p>M\u00edmate con los expositores especializados en bienestar que ofrecen productos y servicios para revitalizar tu cuerpo y tu mente.<\/p>\n<\/div><figure class=\"wp-block-media-text__media\"><img decoding=\"async\" width=\"1024\" height=\"768\" src=\"https:\/\/www.hendaye-tourisme.fr\/wp-content\/uploads\/2024\/04\/pole-bien-etre-salon-cote-loisirs-hendaye-tourisme-1024x768.jpg\" alt=\"\" class=\"wp-image-36095 size-full\" style=\"object-position:50% 50%\" srcset=\"https:\/\/www.hendaye-tourisme.fr\/wp-content\/uploads\/2024\/04\/pole-bien-etre-salon-cote-loisirs-hendaye-tourisme-1024x768.jpg 1024w, https:\/\/www.hendaye-tourisme.fr\/wp-content\/uploads\/2024\/04\/pole-bien-etre-salon-cote-loisirs-hendaye-tourisme-800x600.jpg 800w, https:\/\/www.hendaye-tourisme.fr\/wp-content\/uploads\/2024\/04\/pole-bien-etre-salon-cote-loisirs-hendaye-tourisme-768x576.jpg 768w, https:\/\/www.hendaye-tourisme.fr\/wp-content\/uploads\/2024\/04\/pole-bien-etre-salon-cote-loisirs-hendaye-tourisme-1536x1152.jpg 1536w, https:\/\/www.hendaye-tourisme.fr\/wp-content\/uploads\/2024\/04\/pole-bien-etre-salon-cote-loisirs-hendaye-tourisme.jpg 1600w\" sizes=\"(max-width: 1024px) 100vw, 1024px\" \/><\/figure><\/div>\n<\/div><\/section>\n\n\n\n<div style=\"height:50px\" aria-hidden=\"true\" class=\"wp-block-spacer\"><\/div>\n\n\n\n<section class=\"wp-block-group alignfull wave has-white-color has-blue-background-color has-text-color has-background\"><div class=\"wp-block-group__inner-container is-layout-constrained wp-block-group-is-layout-constrained\">\n<div class=\"wp-block-columns are-vertically-aligned-center is-layout-flex wp-container-core-columns-is-layout-9d6595d7 wp-block-columns-is-layout-flex\">\n<div class=\"wp-block-column is-vertically-aligned-center is-layout-flow wp-block-column-is-layout-flow\" style=\"flex-basis:33.33%\"><div class=\"wp-block-image\">\n<figure class=\"alignright size-full\"><img decoding=\"async\" width=\"2048\" height=\"1536\" src=\"https:\/\/www.hendaye-tourisme.fr\/wp-content\/uploads\/2024\/04\/affiche-salon-cote-loisirs-2024-scaled.jpg\" alt=\"\" class=\"wp-image-36070\" srcset=\"https:\/\/www.hendaye-tourisme.fr\/wp-content\/uploads\/2024\/04\/affiche-salon-cote-loisirs-2024-scaled.jpg 2048w, https:\/\/www.hendaye-tourisme.fr\/wp-content\/uploads\/2024\/04\/affiche-salon-cote-loisirs-2024-800x600.jpg 800w, https:\/\/www.hendaye-tourisme.fr\/wp-content\/uploads\/2024\/04\/affiche-salon-cote-loisirs-2024-1024x768.jpg 1024w, https:\/\/www.hendaye-tourisme.fr\/wp-content\/uploads\/2024\/04\/affiche-salon-cote-loisirs-2024-768x576.jpg 768w, https:\/\/www.hendaye-tourisme.fr\/wp-content\/uploads\/2024\/04\/affiche-salon-cote-loisirs-2024-1536x1152.jpg 1536w\" sizes=\"(max-width: 2048px) 100vw, 2048px\" \/><\/figure>\n<\/div><\/div>\n\n\n\n<div class=\"wp-block-column is-vertically-aligned-center is-layout-flow wp-block-column-is-layout-flow\" style=\"flex-basis:66.66%\">\n<h3 class=\"wp-block-heading has-text-align-center has-white-color has-text-color has-link-color wp-elements-ad452738484cc941b7f0140c717aff2e\">Entrada gratuita<\/h3>\n\n\n\n<h3 class=\"wp-block-heading has-text-align-center has-white-color has-text-color has-link-color wp-elements-7d6b57a8fa54d6342ff6c27a4dbd351d\">Horario<\/h3>\n\n\n\n<p class=\"has-text-align-center\"><br>Viernes \/ s\u00e1bado: de 10.00 a 20.00 h Domingo: de 10.00 a 19.00 h<\/p>\n\n\n\n<div style=\"height:20px\" aria-hidden=\"true\" class=\"wp-block-spacer\"><\/div>\n\n\n\n<h3 class=\"wp-block-heading has-text-align-center has-white-color has-text-color\">Programa completo en <\/h3>\n\n\n\n<div class=\"wp-block-buttons is-content-justification-center is-layout-flex wp-container-core-buttons-is-layout-16018d1d wp-block-buttons-is-layout-flex\">\n<div class=\"wp-block-button is-style-outline is-style-outline--1\"><a class=\"wp-block-button__link has-blue-color has-light-blue-background-color has-text-color has-background has-link-color wp-element-button\" href=\"https:\/\/www.salon-cote-loisirs.com\" target=\"_blank\" rel=\"noreferrer noopener\"><strong>www.salon-cote-loisirs.com<\/strong><\/a><\/div>\n<\/div>\n\n\n\n<div style=\"height:50px\" aria-hidden=\"true\" class=\"wp-block-spacer\"><\/div>\n\n\n\n<p class=\"has-text-align-center\"><br>I<strong>nformaci\u00f3n <\/strong>: Hendaye Tourisme Tel. : +33 5 59 20 00 34 <\/p>\n<\/div>\n<\/div>\n<\/div><\/section>\n\n\n\n<div style=\"height:50px\" aria-hidden=\"true\" class=\"wp-block-spacer\"><\/div>\n\n\n\n<section class=\"wp-block-group\"><div class=\"wp-block-group__inner-container is-layout-constrained wp-block-group-is-layout-constrained\">\n<h2 class=\"wp-block-heading has-text-align-center tilde\">Otros momentos destacados de la feria C\u00f4t\u00e9 Loisirs de Hendaya<\/h2>\n\n\n<div id=\"ts-block-65d364536555f\"  class=\"\">\n\t<div class=\"swiper-container tis_item_box-swiper\"><div data-block_id=\"ts-block-65d364536555f\" class=\"tis_item_box_container  columns-3  with-slide slide-ts-block-65d364536555f\"><div class=\"swiper-wrapper\" data-nb_col=\"3\" id=\"ts-block-65d364536555f\"><\/div><\/div><div class=\"swiper-button-prev prev-ts-block-65d364536555f\"><\/div><div class=\"swiper-button-next next-ts-block-65d364536555f\"><\/div><\/div><\/div>\n\n\n\n<div style=\"height:50px\" aria-hidden=\"true\" class=\"wp-block-spacer\"><\/div>\n\n\n\n<div class=\"wp-block-buttons is-content-justification-center is-layout-flex wp-container-core-buttons-is-layout-16018d1d wp-block-buttons-is-layout-flex\">\n<div class=\"wp-block-button\"><a class=\"wp-block-button__link has-white-color has-blue-background-color has-text-color has-background has-medium-font-size has-custom-font-size wp-element-button\" href=\"https:\/\/www.hendaye-tourisme.fr\/es\/actividades\/otras-actividades\/rincon-de-los-ninos\/\" target=\"_blank\" rel=\"noreferrer noopener\">y algunas ideas de actividades para ni\u00f1os<\/a><\/div>\n<\/div>\n<\/div><\/section>\n\n\n\n<p><\/p>\n","protected":false},"excerpt":{"rendered":"<p>El puerto deportivo de Hendaya es el escenario del Sal\u00f3n C\u00f4t\u00e9 Loisirs, un acontecimiento \u00fanico dedicado a los amantes del bienestar, la n\u00e1utica, la jardiner\u00eda, los veh\u00edculos de ocio, la gastronom\u00eda y la artesan\u00eda. Organizado por Hendaya Turismo y Comercio, C\u00f4t\u00e9 Loisirs promete una experiencia envolvente para toda la familia. [&hellip;]<\/p>\n","protected":false},"author":1,"featured_media":36080,"parent":30235,"menu_order":0,"comment_status":"closed","ping_status":"closed","template":"","meta":{"_acf_changed":false,"_seopress_robots_primary_cat":"","_seopress_titles_title":"Salon C\u00f4t\u00e9 Loisirs | Oficina de Turismo de Hendaya","_seopress_titles_desc":"El puerto deportivo de Hendaya es el escenario del Sal\u00f3n C\u00f4t\u00e9 Loisirs, un acontecimiento \u00fanico dedicado a los amantes del bienestar, la n\u00e1utica, la jardiner\u00eda, los veh\u00edculos de ocio, la gastronom\u00eda y la artesan\u00eda.","_seopress_robots_index":"","footnotes":""},"class_list":["post-30256","page","type-page","status-publish","has-post-thumbnail","hentry"],"acf":[],"_links":{"self":[{"href":"https:\/\/www.hendaye-tourisme.fr\/es\/wp-json\/wp\/v2\/pages\/30256","targetHints":{"allow":["GET"]}}],"collection":[{"href":"https:\/\/www.hendaye-tourisme.fr\/es\/wp-json\/wp\/v2\/pages"}],"about":[{"href":"https:\/\/www.hendaye-tourisme.fr\/es\/wp-json\/wp\/v2\/types\/page"}],"author":[{"embeddable":true,"href":"https:\/\/www.hendaye-tourisme.fr\/es\/wp-json\/wp\/v2\/users\/1"}],"replies":[{"embeddable":true,"href":"https:\/\/www.hendaye-tourisme.fr\/es\/wp-json\/wp\/v2\/comments?post=30256"}],"version-history":[{"count":2,"href":"https:\/\/www.hendaye-tourisme.fr\/es\/wp-json\/wp\/v2\/pages\/30256\/revisions"}],"predecessor-version":[{"id":94250,"href":"https:\/\/www.hendaye-tourisme.fr\/es\/wp-json\/wp\/v2\/pages\/30256\/revisions\/94250"}],"up":[{"embeddable":true,"href":"https:\/\/www.hendaye-tourisme.fr\/es\/wp-json\/wp\/v2\/pages\/30235"}],"wp:featuredmedia":[{"embeddable":true,"href":"https:\/\/www.hendaye-tourisme.fr\/es\/wp-json\/wp\/v2\/media\/36080"}],"wp:attachment":[{"href":"https:\/\/www.hendaye-tourisme.fr\/es\/wp-json\/wp\/v2\/media?parent=30256"}],"curies":[{"name":"wp","href":"https:\/\/api.w.org\/{rel}","templated":true}]}}