{"id":30240,"date":"2023-11-06T17:12:10","date_gmt":"2023-11-06T16:12:10","guid":{"rendered":"https:\/\/www.hendaye-tourisme.fr\/eventos-destacados\/fiesta-de-la-ciencia\/"},"modified":"2025-10-03T16:29:34","modified_gmt":"2025-10-03T14:29:34","slug":"fiesta-de-la-ciencia","status":"publish","type":"page","link":"https:\/\/www.hendaye-tourisme.fr\/es\/eventos-destacados\/fiesta-de-la-ciencia\/","title":{"rendered":"Fiesta de la Ciencia"},"content":{"rendered":"\n<div class=\"wp-block-columns is-layout-flex wp-container-core-columns-is-layout-9d6595d7 wp-block-columns-is-layout-flex\">\n<div class=\"wp-block-column is-layout-flow wp-block-column-is-layout-flow\" style=\"flex-basis:33.33%\"><div class=\"highlight-bloc-container \" id=\"ts-block-65368af54ee28\"  >\n\t<div class=\"highlight-bloc-content\">\n\t\t<div class=\"acf-innerblocks-container\">\n\n<h2 class=\"wp-block-heading suptitle\">\u00a1Prep\u00e1rate para una jornada de talleres en el coraz\u00f3n del conocimiento y la exploraci\u00f3n!<\/h2>\n\n<\/div>\t<\/div>\n<\/div>\n<\/div>\n\n\n\n<div class=\"wp-block-column is-layout-flow wp-block-column-is-layout-flow\" style=\"flex-basis:66.66%\">\n<div class=\"wp-block-cover is-light alert\" style=\"min-height:107px;aspect-ratio:unset;\"><span aria-hidden=\"true\" class=\"wp-block-cover__background has-light-blue-background-color has-background-dim-100 has-background-dim\"><\/span><div class=\"wp-block-cover__inner-container is-layout-constrained wp-block-cover-is-layout-constrained\">\n<p class=\"has-text-align-left has-blue-color has-text-color\"><strong>Fecha: <\/strong>11 de octubre de 2025<\/p>\n<\/div><\/div>\n\n\n\n<p><br><br>La Fiesta de la Ciencia la organiza cada a\u00f1o el Ministerio franc\u00e9s de Ense\u00f1anza Superior, Investigaci\u00f3n e Innovaci\u00f3n para ofrecer a todos la oportunidad de descubrir el mundo de la ciencia y conocer a los hombres y mujeres que hacen de la ciencia lo que es hoy. La historia de Hendaya con<a href=\"https:\/\/www.hendaye-tourisme.fr\/decouvrir\/activites\/activites-culturelles\/chateau-abbadia\/\" data-type=\"page\" data-id=\"918\">Abbadia, el Castillo-Observatorio<\/a>, hace que la ciudad disponga de un espacio dedicado a una jornada de talleres para grandes y peque\u00f1os, dirigidos por especialistas deseosos de compartir sus pasiones&#8230;<\/p>\n<\/div>\n<\/div>\n\n\n\n<section class=\"wp-block-group alignfull wave has-white-color has-blue-background-color has-text-color has-background\"><div class=\"wp-block-group__inner-container is-layout-constrained wp-block-group-is-layout-constrained\">\n<h3 class=\"wp-block-heading has-text-align-center has-white-color has-text-color\" style=\"font-style:normal;font-weight:300\">3 razones principales para visitar<\/h3>\n\n\n\n<h2 class=\"wp-block-heading has-text-align-center tilde has-white-color has-text-color\">LA FIESTA DE LA CIENCIA<\/h2>\n\n\n\n<p><\/p>\n\n\n\n<p>Hendaya se est\u00e1 transformando en un inmenso laboratorio a tama\u00f1o natural: imagina sumergirte en los misterios del universo, explorar los secretos de la naturaleza y conocer a investigadores apasionados dispuestos a compartir sus conocimientos&#8230;  <br>\u00a1De eso trata la \u00abFiesta de la Ciencia\u00bb!<\/p>\n\n\n\n<div style=\"height:15px\" aria-hidden=\"true\" class=\"wp-block-spacer\"><\/div>\n\n\n\n<p>Este acto gratuito, abierto a todas las mentes curiosas de 7 a 77 a\u00f1os, promete un d\u00eda lleno de descubrimientos y maravillas.<\/p>\n<\/div><\/section>\n\n\n\n<section class=\"wp-block-group alignfull\"><div class=\"wp-block-group__inner-container is-layout-constrained wp-block-group-is-layout-constrained\">\n<div class=\"wp-block-media-text alignfull is-stacked-on-mobile is-image-fill-element\"><figure class=\"wp-block-media-text__media\"><img decoding=\"async\" width=\"768\" height=\"1024\" src=\"https:\/\/www.hendaye-tourisme.fr\/wp-content\/uploads\/2024\/05\/surfrider-foundation-2-768x1024.jpg\" alt=\"\" class=\"wp-image-41432 size-full\" style=\"object-position:50% 50%\" srcset=\"https:\/\/www.hendaye-tourisme.fr\/wp-content\/uploads\/2024\/05\/surfrider-foundation-2-768x1024.jpg 768w, https:\/\/www.hendaye-tourisme.fr\/wp-content\/uploads\/2024\/05\/surfrider-foundation-2-450x600.jpg 450w, https:\/\/www.hendaye-tourisme.fr\/wp-content\/uploads\/2024\/05\/surfrider-foundation-2.jpg 960w\" sizes=\"(max-width: 768px) 100vw, 768px\" \/><\/figure><div class=\"wp-block-media-text__content\">\n<h3 class=\"wp-block-heading\" style=\"text-transform:uppercase\">J\u00f3venes y mayores cient\u00edficos en ciernes, \u00a1en sus marcas!<\/h3>\n\n\n\n<p>Actividades divertidas, talleres fascinantes, encuentros con investigadores inspiradores&#8230; \u00a1Sum\u00e9rgete en los misterios del universo, descubre los secretos de la naturaleza y explora las maravillas de la tecnolog\u00eda!<\/p>\n\n\n\n<p><\/p>\n<\/div><\/div>\n\n\n\n<div class=\"wp-block-media-text alignfull has-media-on-the-right is-stacked-on-mobile is-image-fill-element\"><div class=\"wp-block-media-text__content\">\n<h3 class=\"wp-block-heading\" style=\"text-transform:uppercase\">distinguidos invitados<\/h3>\n\n\n\n<p>D\u00e9jate guiar por nuestros expertos ponentes: experimenta, observa, haz preguntas&#8230; La Fiesta de la Ciencia es la ocasi\u00f3n perfecta para acercarte al conocimiento y maravillarte con las maravillas de la ciencia.<\/p>\n\n\n\n<p>Ganador del Premio Nobel de F\u00edsica en 2022, Alain Aspect se encontr\u00f3 en la arena de la playa de Hendaya una semana despu\u00e9s con motivo de la Fiesta de la Ciencia.<\/p>\n<\/div><figure class=\"wp-block-media-text__media\"><img decoding=\"async\" width=\"1024\" height=\"643\" src=\"https:\/\/www.hendaye-tourisme.fr\/wp-content\/uploads\/2024\/05\/uppa-hendaye-alain-aspect-2_800x1274-1024x643.jpg\" alt=\"\" class=\"wp-image-41428 size-full\" style=\"object-position:100% 72%\" srcset=\"https:\/\/www.hendaye-tourisme.fr\/wp-content\/uploads\/2024\/05\/uppa-hendaye-alain-aspect-2_800x1274-1024x643.jpg 1024w, https:\/\/www.hendaye-tourisme.fr\/wp-content\/uploads\/2024\/05\/uppa-hendaye-alain-aspect-2_800x1274-800x502.jpg 800w, https:\/\/www.hendaye-tourisme.fr\/wp-content\/uploads\/2024\/05\/uppa-hendaye-alain-aspect-2_800x1274-768x482.jpg 768w, https:\/\/www.hendaye-tourisme.fr\/wp-content\/uploads\/2024\/05\/uppa-hendaye-alain-aspect-2_800x1274.jpg 1274w\" sizes=\"(max-width: 1024px) 100vw, 1024px\" \/><\/figure><\/div>\n\n\n\n<div class=\"wp-block-media-text alignfull is-stacked-on-mobile is-image-fill-element\"><figure class=\"wp-block-media-text__media\"><img decoding=\"async\" width=\"640\" height=\"480\" src=\"https:\/\/www.hendaye-tourisme.fr\/wp-content\/uploads\/2024\/05\/thumbnail_img_4917.jpg\" alt=\"Conferencia durante la Fiesta de la Ciencia - Hendaya Turismo\" class=\"wp-image-41453 size-full\" style=\"object-position:50% 29%\"\/><\/figure><div class=\"wp-block-media-text__content\">\n<h3 class=\"wp-block-heading\" style=\"text-transform:uppercase\">Asistir a conferencias cautivadoras<\/h3>\n\n\n\n<p>Sum\u00e9rgete en temas cient\u00edficos de actualidad y descubre los \u00faltimos avances en campos apasionantes.<\/p>\n<\/div><\/div>\n<\/div><\/section>\n\n\n\n<section class=\"wp-block-group alignfull wave has-white-color has-blue-background-color has-text-color has-background\"><div class=\"wp-block-group__inner-container is-layout-constrained wp-block-group-is-layout-constrained\">\n<div class=\"wp-block-columns are-vertically-aligned-center is-layout-flex wp-container-core-columns-is-layout-9d6595d7 wp-block-columns-is-layout-flex\">\n<div class=\"wp-block-column is-vertically-aligned-center is-layout-flow wp-block-column-is-layout-flow\" style=\"flex-basis:33.33%\"><div class=\"wp-block-image\">\n<figure class=\"alignright size-full\"><img decoding=\"async\" width=\"1414\" height=\"2000\" src=\"https:\/\/www.hendaye-tourisme.fr\/wp-content\/uploads\/2025\/10\/affiche-fete-de-la-science-2025-hendaye-tourisme.jpg\" alt=\"Affiche F\u00eate de la Science 2025 - Hendaye Tourisme\" class=\"wp-image-86493\" srcset=\"https:\/\/www.hendaye-tourisme.fr\/wp-content\/uploads\/2025\/10\/affiche-fete-de-la-science-2025-hendaye-tourisme.jpg 1414w, https:\/\/www.hendaye-tourisme.fr\/wp-content\/uploads\/2025\/10\/affiche-fete-de-la-science-2025-hendaye-tourisme-424x600.jpg 424w, https:\/\/www.hendaye-tourisme.fr\/wp-content\/uploads\/2025\/10\/affiche-fete-de-la-science-2025-hendaye-tourisme-724x1024.jpg 724w, https:\/\/www.hendaye-tourisme.fr\/wp-content\/uploads\/2025\/10\/affiche-fete-de-la-science-2025-hendaye-tourisme-768x1086.jpg 768w, https:\/\/www.hendaye-tourisme.fr\/wp-content\/uploads\/2025\/10\/affiche-fete-de-la-science-2025-hendaye-tourisme-1086x1536.jpg 1086w\" sizes=\"(max-width: 1414px) 100vw, 1414px\" \/><\/figure>\n<\/div><\/div>\n\n\n\n<div class=\"wp-block-column is-vertically-aligned-center is-layout-flow wp-block-column-is-layout-flow\" style=\"flex-basis:66.66%\">\n<h3 class=\"wp-block-heading has-text-align-center has-white-color has-text-color has-link-color wp-elements-8153a0e25b17ad4a00ed7a6194d93ea4\">Acceso libre<\/h3>\n\n\n\n<h3 class=\"wp-block-heading has-text-align-center has-white-color has-text-color has-link-color wp-elements-7d6b57a8fa54d6342ff6c27a4dbd351d\">Horario<\/h3>\n\n\n\n<p class=\"has-text-align-center\">10.00 h &#8211; 13.00 h<br>14.30 h &#8211; 18.00 h<\/p>\n\n\n\n<div style=\"height:20px\" aria-hidden=\"true\" class=\"wp-block-spacer\"><\/div>\n\n\n\n<h3 class=\"wp-block-heading has-text-align-center has-white-color has-text-color\">Programa detallado sobre<\/h3>\n\n\n\n<div class=\"wp-block-buttons is-content-justification-center is-layout-flex wp-container-core-buttons-is-layout-16018d1d wp-block-buttons-is-layout-flex\">\n<div class=\"wp-block-button is-style-outline is-style-outline--1\"><a class=\"wp-block-button__link has-blue-color has-light-blue-background-color has-text-color has-background has-link-color wp-element-button\" href=\"https:\/\/www.calameo.com\/hendaye-tourisme\/read\/000015201d24e10ff3f97\" target=\"_blank\" rel=\"noreferrer noopener\">Kit de prensa<\/a><\/div>\n<\/div>\n\n\n\n<div style=\"height:50px\" aria-hidden=\"true\" class=\"wp-block-spacer\"><\/div>\n\n\n\n<p class=\"has-text-align-center\"><br>I<strong>nformaci\u00f3n <\/strong>: Hendaye Tourisme <br>Tel. : +33 5 59 20 00 34<\/p>\n<\/div>\n<\/div>\n<\/div><\/section>\n\n\n\n<div style=\"height:50px\" aria-hidden=\"true\" class=\"wp-block-spacer\"><\/div>\n","protected":false},"excerpt":{"rendered":"<p>La Fiesta de la Ciencia la organiza cada a\u00f1o el Ministerio franc\u00e9s de Ense\u00f1anza Superior, Investigaci\u00f3n e Innovaci\u00f3n para ofrecer a todos la oportunidad de descubrir el mundo de la ciencia y conocer a los hombres y mujeres que hacen de la ciencia lo que es hoy. La historia de [&hellip;]<\/p>\n","protected":false},"author":1,"featured_media":41427,"parent":30235,"menu_order":0,"comment_status":"closed","ping_status":"closed","template":"","meta":{"_acf_changed":false,"_seopress_robots_primary_cat":"","_seopress_titles_title":"Fiesta de la Ciencia | Oficina de Turismo de Hendaya","_seopress_titles_desc":"\u00a1Prep\u00e1rate para una jornada de talleres en el coraz\u00f3n del conocimiento y la exploraci\u00f3n! Gracias a su historia con Abbadia, el Castillo Observatorio, Hendaya le dedica un espacio por un d\u00eda, con talleres para grandes y peque\u00f1os,","_seopress_robots_index":"","footnotes":""},"class_list":["post-30240","page","type-page","status-publish","has-post-thumbnail","hentry"],"acf":[],"_links":{"self":[{"href":"https:\/\/www.hendaye-tourisme.fr\/es\/wp-json\/wp\/v2\/pages\/30240","targetHints":{"allow":["GET"]}}],"collection":[{"href":"https:\/\/www.hendaye-tourisme.fr\/es\/wp-json\/wp\/v2\/pages"}],"about":[{"href":"https:\/\/www.hendaye-tourisme.fr\/es\/wp-json\/wp\/v2\/types\/page"}],"author":[{"embeddable":true,"href":"https:\/\/www.hendaye-tourisme.fr\/es\/wp-json\/wp\/v2\/users\/1"}],"replies":[{"embeddable":true,"href":"https:\/\/www.hendaye-tourisme.fr\/es\/wp-json\/wp\/v2\/comments?post=30240"}],"version-history":[{"count":1,"href":"https:\/\/www.hendaye-tourisme.fr\/es\/wp-json\/wp\/v2\/pages\/30240\/revisions"}],"predecessor-version":[{"id":86498,"href":"https:\/\/www.hendaye-tourisme.fr\/es\/wp-json\/wp\/v2\/pages\/30240\/revisions\/86498"}],"up":[{"embeddable":true,"href":"https:\/\/www.hendaye-tourisme.fr\/es\/wp-json\/wp\/v2\/pages\/30235"}],"wp:featuredmedia":[{"embeddable":true,"href":"https:\/\/www.hendaye-tourisme.fr\/es\/wp-json\/wp\/v2\/media\/41427"}],"wp:attachment":[{"href":"https:\/\/www.hendaye-tourisme.fr\/es\/wp-json\/wp\/v2\/media?parent=30240"}],"curies":[{"name":"wp","href":"https:\/\/api.w.org\/{rel}","templated":true}]}}