{"id":30208,"date":"2023-12-19T12:23:42","date_gmt":"2023-12-19T11:23:42","guid":{"rendered":"https:\/\/www.hendaye-tourisme.fr\/familia\/familia-plus\/"},"modified":"2024-02-19T17:02:58","modified_gmt":"2024-02-19T16:02:58","slug":"familia-plus","status":"publish","type":"page","link":"https:\/\/www.hendaye-tourisme.fr\/es\/familia-plus\/","title":{"rendered":"Familia Plus"},"content":{"rendered":"\n<p>Con sus 3 km de playa de suave pendiente, su extensi\u00f3n de agua protegida de las corrientes marinas y sus numerosas instalaciones para ni\u00f1os, Hendaya es famosa por su compromiso con las familias.<\/p>\n\n<p><strong>\u00bfPor qu\u00e9 elegir Hendaya con su sello \u00abFamille Plus\u00bb?<\/strong><\/p>\n\n<ul class=\"wp-block-list\">\n<li><strong>Alojamiento dise\u00f1ado pensando en usted:<\/strong> Disfrute de un alojamiento adecuado para familias, con instalaciones especiales para los m\u00e1s peque\u00f1os.<\/li>\n\n\n\n<li><strong>Actividades para todas las edades:<\/strong> Nuestro complejo est\u00e1 repleto de actividades para entretener a todos los miembros de la familia, desde los m\u00e1s peque\u00f1os hasta los mayores. Si le gustan los deportes n\u00e1uticos, los paseos en familia o relajarse en la playa, Hendaya lo tiene todo.<\/li>\n\n\n\n<li>La <strong>seguridad ante todo:<\/strong> Hendaya se compromete a ofrecer un entorno seguro para los ni\u00f1os, con playas vigiladas, zonas de juego seguras y especial atenci\u00f3n a la tranquilidad de nuestros turistas aprendices.<\/li>\n\n\n\n<li><strong>Eventos familiares:<\/strong> A lo largo del a\u00f1o, Hendaya ofrece eventos especialmente dise\u00f1ados para las familias. Festivales, espect\u00e1culos y actividades divertidas amenizar\u00e1n su estancia.<\/li>\n\n\n\n<li><strong>Restaurantes adaptados a los ni\u00f1os:<\/strong> hay restaurantes con men\u00fas adaptados a los ni\u00f1os para que las comidas en familia sean un \u00e9xito.<\/li>\n<\/ul>\n\n<p>El sello Famille Plus y las ciudades que lo tienen se comprometen a hacer todo lo posible para que las familias y los ni\u00f1os est\u00e9n bien atendidos y pasen unas vacaciones estupendas.<br\/>Para consolidar su posici\u00f3n como destino familiar, Hendaya ostenta el sello nacional \u00abFamille Plus\u00bb desde 2018.<\/p>\n\n<p>Tras presentar la solicitud, se llev\u00f3 a cabo una auditor\u00eda de control que confirm\u00f3 que Hendaya cumpl\u00eda todos los requisitos de las normas.<\/p>\n\n<p>Esta etiqueta nacional reconoce a los destinos tur\u00edsticos que garantizan una acogida familiar basada en 6 compromisos:<\/p>\n\n<ul class=\"wp-block-list\">\n<li>Una acogida personalizada para las familias,<\/li>\n\n\n\n<li>Actividades para todas las edades,<\/li>\n\n\n\n<li>Del m\u00e1s peque\u00f1o al m\u00e1s grande, hay un precio para todos,<\/li>\n\n\n\n<li>Actividades para grandes y peque\u00f1os, para disfrutar juntos o por separado,<\/li>\n\n\n\n<li>Todas las tiendas y servicios a su alcance,<\/li>\n\n\n\n<li>Ni\u00f1os mimados por nuestros profesionales.<\/li>\n<\/ul>\n\n<p><strong>Actividades :<\/strong><\/p>\n\n<p>Las actividades de ocio con la etiqueta \u00abFamille Plus\u00bb se han comprometido a cumplir los siguientes puntos:<\/p>\n\n<ul class=\"wp-block-list\">\n<li>Actividades para familias y\/o ni\u00f1os de 3 a 12 a\u00f1os, adaptadas a cada grupo de edad,<\/li>\n\n\n\n<li>Actividades supervisadas por una (o m\u00e1s) persona(s) cualificada(s). Actividad declarada, asegurada, con equipamiento adaptado,<\/li>\n\n\n\n<li>Precios familiares (descuento m\u00ednimo para menores de 12 a\u00f1os),<\/li>\n\n\n\n<li>Las familias reciben una descripci\u00f3n de la actividad con los precios.<\/li>\n<\/ul>\n\n<p>Bloques para enlazar Listado de actividades culturales + n\u00e1uticas + club de playa<\/p>\n\n<p><strong>Alojamiento :<\/strong><\/p>\n\n<p>Para los padres y sus hijos, los compromisos \u00abFamille Plus\u00bb:<\/p>\n\n<ul class=\"wp-block-list\">\n<li>Ropa de cama adaptada a la comodidad y la edad de los ni\u00f1os,<\/li>\n\n\n\n<li>Equipamiento infantil: calienta biberones (o microondas), ba\u00f1era para beb\u00e9s, trona, etc,<\/li>\n\n\n\n<li>Juegos de interior y\/o exterior,<\/li>\n\n\n\n<li>Lista de actividades y eventos, incluidos los que forman parte de la iniciativa \u00abFamille Plus\u00bb,<\/li>\n\n\n\n<li>Lista de tel\u00e9fonos de m\u00e9dicos, farmacias y servicios de urgencias,<\/li>\n\n\n\n<li>Pol\u00edtica de precios adaptada a familias y ni\u00f1os, descuentos para ni\u00f1os o ni\u00f1os en acogida.<\/li>\n<\/ul>\n\n<p>Bloques hacia enlace Listado de campings + alquileres amueblados + residencias tur\u00edsticas<\/p>\n\n<p><strong>Restaurantes :<\/strong><\/p>\n\n<p>Lista de restaurantes con el sello \u00abFamille Plus\u00bb.<\/p>\n\n<p>Los restauradores que han obtenido la etiqueta \u00abFamille Plus\u00bb se han comprometido a cumplir los siguientes puntos:<\/p>\n\n<ul class=\"wp-block-list\">\n<li>Men\u00fas infantiles,<\/li>\n\n\n\n<li>Servicio r\u00e1pido y eficaz,<\/li>\n\n\n\n<li>Disponemos de tronas y asientos elevadores,<\/li>\n\n\n\n<li>Se puede calentar una botella o un tarro de comida,<\/li>\n\n\n\n<li>Juegos de interior y\/o exterior,<\/li>\n\n\n\n<li>Accesibilidad con cochecitos (o espacio para guardarlos),<\/li>\n\n\n\n<li>Regalo para colorear o de bienvenida.<\/li>\n<\/ul>\n\n<p><strong>Zonas de juego : <\/strong><\/p>\n\n<p>Lista de \u00e1reas de juego.<\/p>\n\n<p><strong>Aspectos destacados :<\/strong><\/p>\n\n<p>Un programa \u00fanico de \u00abVacaciones en familia\u00bb durante todo el a\u00f1o.<br\/>\u00a1Diversi\u00f3n garantizada durante las vacaciones escolares!<\/p>\n\n<p>\u00a1Sin dudarlo! Hendaya es el destino ideal para unas estupendas vacaciones familiares con ni\u00f1os en el Pa\u00eds Vasco.<\/p>\n\n<ul class=\"wp-block-list\">\n<li>Primavera, D\u00eda de Todos los Santos: actividades gratuitas todos los d\u00edas con las \u00absemanas de los ni\u00f1os\u00bb.<\/li>\n\n\n\n<li>Del 10 al 12 de julio, \u00abHendaya celebra el verano\u00bb: circo, teatro de calle, danza, desfile nocturno<\/li>\n\n\n\n<li>Cada semana en verano, desfiles musicales, m\u00fasicos, magos&#8230;<\/li>\n\n\n\n<li>Talleres de ciencia y caligraf\u00eda en Abbadia, el Castillo-Observatorio.<\/li>\n\n\n\n<li>Sin olvidar el minigolf, los clubes de playa y el tiovivo&#8230;<\/li>\n<\/ul>\n\n<p>Y todo el a\u00f1o :<\/p>\n\n<ul class=\"wp-block-list\">\n<li>B\u00fasqueda del tesoro: siga los pasos de Balea, la ballena de Hendaya, para encontrar el tesoro. Informaci\u00f3n en la Oficina de Turismo<\/li>\n\n\n\n<li>talleres de lectura y narraci\u00f3n en la biblioteca multimedia<\/li>\n\n\n\n<li>salidas de descubrimiento en la Cornisa Vasca con el C.P.I.E. Lttoral Basque (Centro Permanente de Iniciativas Medioambientales)<\/li>\n\n\n\n<li>espect\u00e1culos en el centro cultural Mendi Zolan<\/li>\n\n\n\n<li>piscina cubierta, arborismo, zonas de juego, skate park, pista para bicicletas de monta\u00f1a&#8230;<\/li>\n<\/ul>\n\n<p>Eche un vistazo a nuestro calendario de eventos para encontrar algo para toda la familia.<\/p>\n\n<p>Por \u00faltimo, para ayudar a padres e hijos a preparar sus vacaciones, la oficina de turismo de Hendaya dispone de una lista de canguros e informaci\u00f3n sobre alojamientos de la ciudad que ofrecen un \u00abkit beb\u00e9\u00bb (trona, calientabiberones, cuna, etc.).<\/p>\n\n<p><strong>Gu\u00edas familiares :<\/strong><\/p>\n\n<p>Descargar el folleto Famille Plus + Guide des Petites Canailles<\/p>\n","protected":false},"excerpt":{"rendered":"<p>Con sus 3 km de playa de suave pendiente, su extensi\u00f3n de agua protegida de las corrientes marinas y sus numerosas instalaciones para ni\u00f1os, Hendaya es famosa por su compromiso con las familias. \u00bfPor qu\u00e9 elegir Hendaya con su sello \u00abFamille Plus\u00bb? El sello Famille Plus y las ciudades que [&hellip;]<\/p>\n","protected":false},"author":2,"featured_media":0,"parent":0,"menu_order":1,"comment_status":"closed","ping_status":"closed","template":"","meta":{"_acf_changed":false,"_seopress_robots_primary_cat":"","_seopress_titles_title":"","_seopress_titles_desc":"","_seopress_robots_index":"","footnotes":""},"class_list":["post-30208","page","type-page","status-publish","hentry"],"acf":[],"_links":{"self":[{"href":"https:\/\/www.hendaye-tourisme.fr\/es\/wp-json\/wp\/v2\/pages\/30208","targetHints":{"allow":["GET"]}}],"collection":[{"href":"https:\/\/www.hendaye-tourisme.fr\/es\/wp-json\/wp\/v2\/pages"}],"about":[{"href":"https:\/\/www.hendaye-tourisme.fr\/es\/wp-json\/wp\/v2\/types\/page"}],"author":[{"embeddable":true,"href":"https:\/\/www.hendaye-tourisme.fr\/es\/wp-json\/wp\/v2\/users\/2"}],"replies":[{"embeddable":true,"href":"https:\/\/www.hendaye-tourisme.fr\/es\/wp-json\/wp\/v2\/comments?post=30208"}],"version-history":[{"count":1,"href":"https:\/\/www.hendaye-tourisme.fr\/es\/wp-json\/wp\/v2\/pages\/30208\/revisions"}],"predecessor-version":[{"id":30209,"href":"https:\/\/www.hendaye-tourisme.fr\/es\/wp-json\/wp\/v2\/pages\/30208\/revisions\/30209"}],"wp:attachment":[{"href":"https:\/\/www.hendaye-tourisme.fr\/es\/wp-json\/wp\/v2\/media?parent=30208"}],"curies":[{"name":"wp","href":"https:\/\/api.w.org\/{rel}","templated":true}]}}