{"id":30184,"date":"2024-07-12T12:00:56","date_gmt":"2024-07-12T10:00:56","guid":{"rendered":"https:\/\/www.hendaye-tourisme.fr\/?page_id=30184"},"modified":"2025-12-31T10:02:40","modified_gmt":"2025-12-31T09:02:40","slug":"juegos-de-escape","status":"publish","type":"page","link":"https:\/\/www.hendaye-tourisme.fr\/es\/juegos-de-escape\/","title":{"rendered":"Juegos de escape"},"content":{"rendered":"\n<div class=\"wp-block-columns is-layout-flex wp-container-core-columns-is-layout-9d6595d7 wp-block-columns-is-layout-flex\">\n<div class=\"wp-block-column is-layout-flow wp-block-column-is-layout-flow\" style=\"flex-basis:33.33%\"><div class=\"highlight-bloc-container \" id=\"ts-block-65368af54ee28\"  >\n\t<div class=\"highlight-bloc-content\">\n\t\t<div class=\"acf-innerblocks-container\">\n\n<h2 class=\"wp-block-heading suptitle\">En familia o con amigos, durante todo el a\u00f1o, Hendaya ofrece un gran campo de juego para los aficionados a los juegos de evasi\u00f3n&#8230;<\/h2>\n\n<\/div>\t<\/div>\n<\/div>\n<\/div>\n\n\n\n<div class=\"wp-block-column is-layout-flow wp-block-column-is-layout-flow\" style=\"flex-basis:66.66%\">\n<p>Si busca una idea para una salida de fin de semana, un <strong>momento agradable con sus hijos<\/strong> o una actividad de <strong>team-building<\/strong>, Hendaya le ofrece dos lugares y dos ambientes de <strong>juegos de escape<\/strong>.<\/p>\n\n\n\n<p><strong>Abbadia, el Castillo-Observatorio<\/strong> o <strong>la Ciudad de las Memorias<\/strong>, \u00a1t\u00fa eliges!<\/p>\n\n\n\n<p><strong>De 2 a 24 jugadores simult\u00e1neos<\/strong>, las posibilidades de diversi\u00f3n son infinitas.<\/p>\n\n\n\n<p>\u00bfQuieres ampliar tu aventura m\u00e1s all\u00e1 de Hendaya?<br>Consulta tambi\u00e9n nuestra selecci\u00f3n de <a href=\"https:\/\/www.hendaye-tourisme.fr\/es\/actividades\/otras-actividades\/escape-rooms-en-el-pais-vasco\/\">juegos de escape en el Pa\u00eds Vasco<\/a> para vivir nuevas experiencias entre el mar y la monta\u00f1a.<\/p>\n<\/div>\n<\/div>\n\n\n\n<div style=\"height:30px\" aria-hidden=\"true\" class=\"wp-block-spacer\"><\/div>\n\n\n\n<section class=\"wp-block-group alignfull wave has-white-color has-blue-background-color has-text-color has-background\"><div class=\"wp-block-group__inner-container is-layout-constrained wp-block-group-is-layout-constrained\">\n<h1 class=\"wp-block-heading has-text-align-center has-white-color has-text-color\" style=\"font-style:normal;font-weight:300\">2 juegos de escape para elegir<br>(en castellano o euskara)<\/h1>\n\n\n\n<div style=\"height:60px\" aria-hidden=\"true\" class=\"wp-block-spacer\"><\/div>\n\n\n\n<h2 class=\"wp-block-heading has-text-align-center tilde has-white-color has-text-color\">Tras las huellas de Antoine d&#8217;Abbadie o Los misterios del corsario Pellot<\/h2>\n\n\n\n<div style=\"height:30px\" aria-hidden=\"true\" class=\"wp-block-spacer\"><\/div>\n<\/div><\/section>\n\n\n\n<div style=\"height:30px\" aria-hidden=\"true\" class=\"wp-block-spacer\"><\/div>\n\n\n\n<section class=\"wp-block-group alignfull\"><div class=\"wp-block-group__inner-container is-layout-constrained wp-block-group-is-layout-constrained\">\n<div class=\"wp-block-media-text alignfull has-media-on-the-right is-stacked-on-mobile is-image-fill-element has-light-blue-background-color has-background\"><div class=\"wp-block-media-text__content\">\n<h3 class=\"wp-block-heading has-text-align-center\" style=\"text-transform:uppercase\">GRAN JUEGO DE ESCAPADA A LA NATURALEZA<br>En <a href=\"https:\/\/www.hendaye-tourisme.fr\/es\/andaye-la-ciudad-de-las-memorias\/\" data-type=\"page\" data-id=\"34424\">la Ciudad de los Recuerdos<\/a><\/h3>\n\n\n\n<div style=\"height:20px\" aria-hidden=\"true\" class=\"wp-block-spacer\"><\/div>\n\n\n\n<p>Tendr\u00e1s una hora para ayudar a Pellot, el \u00faltimo corsario franc\u00e9s de Hendaya, a encontrar su carta para salvarlo de ser fusilado&#8230;<\/p>\n\n\n\n<p>Una inmersi\u00f3n en la vida cotidiana de los marineros del siglo XVII.<\/p>\n\n\n\n<div style=\"height:20px\" aria-hidden=\"true\" class=\"wp-block-spacer\"><\/div>\n\n\n\n<div class=\"tabs-container tabs-alt\" id=\"ts-block-65563131b6dfc\" > \n\t\t\t<ul>\n\t\t\t\t\t\t\t\t\n\t\t\t\t\t\t\t\t\t\t\t\t\t\t\t\t\t\t\t\n\t\t\t\t\t\t\t\t\t\t\t\t\t\t\n\t\t\t\t\t\t\t\t\t\t\t\t\t\t\n\t\t\t\t\t\t\t\t\t\t\t\t\t\t\n\t\t\t\t\t\t\t\t\t\t\t\t\t\t\t\t\t\t\t\n\t\t\t\t\t\t\t\t\t\t\t\t\t\t\n\t\t\t\t\t\t\t\t\t\t\t\t\t\t\n\t\t\t\t\t\t\t\t\t\t\t\t\t\t\n\t\t\t\t\t\t\t\t\t\t\t\t\t\t\t\t\t\t\t\t\t\t\t\t\t\t\t<li >\n\t\t\t\t\t\t\t\t\t\t\t\t<a href=\"#ts-block-65563131b79ee\">\n\t\t\t\t\t\t\t\t\t\t\t\t<div class=\"tab-title-container\">\n\t\t\t\t\t\t\t\t\t\t\t\t\t<h3>Duraci\u00f3n y dificultad<\/h3>\n\t\t\t\t\t\t\t\t\t\t\t\t<\/div>\n\t\t\t\t\t\t\t\t\t\t\t\t\t\t\t\t\t\t\t\t\t\t\t\t<\/a>\n\t\t\t\t\t\t\t\t\t\t\t<\/li>\n\t\t\t\t\t\t\t\t\t\t\t\t\t\t\t\t\t\t\t\t\t\t\t\t\t\t\t\t\t\t\t\t\t\t\t\t\t\t\t\t\t\t\t<li >\n\t\t\t\t\t\t\t\t\t\t\t\t<a href=\"#ts-block-65563131b7a20\">\n\t\t\t\t\t\t\t\t\t\t\t\t<div class=\"tab-title-container\">\n\t\t\t\t\t\t\t\t\t\t\t\t\t<h3>N\u00famero de jugadores<\/h3>\n\t\t\t\t\t\t\t\t\t\t\t\t<\/div>\n\t\t\t\t\t\t\t\t\t\t\t\t\t\t\t\t\t\t\t\t\t\t\t\t<\/a>\n\t\t\t\t\t\t\t\t\t\t\t<\/li>\n\t\t\t\t\t\t\t\t\t\t\t\t\t\t\t\t\t\t\t\t\t\t\t\t\t\t\t\t\t\t\t\t<\/ul>\n\t\t<div class=\"tabs-content\">\n<div id=\"ts-block-65563131b79ee\"  class=\"\">\n\t<div class=\"acf-innerblocks-container\">\n\n<h3 class=\"wp-block-heading\">Duraci\u00f3n y niveles de dificultad<\/h3>\n\n\n\n<p>Duraci\u00f3n: 1 hora.<\/p>\n\n\n\n<p>2 niveles : <\/p>\n\n\n\n<ul class=\"wp-block-list\">\n<li>F\u00e1cil (a partir de 8 a\u00f1os) <\/li>\n\n\n\n<li>Experto<\/li>\n<\/ul>\n\n<\/div><\/div>\n\n\n<div id=\"ts-block-65563131b7a20\"  class=\"\">\n\t<div class=\"acf-innerblocks-container\">\n\n<h3 class=\"wp-block-heading\">N\u00famero de jugadores<\/h3>\n\n\n\n<p>De 2 a 5 jugadores.<\/p>\n\n\n\n<p>Accesible para personas con movilidad reducida.<\/p>\n\n\n\n<p><em>Posibilidad de 6 jugadores, si el grupo est\u00e1 formado por adultos y ni\u00f1os. Ll\u00e1manos para reservar. <\/em> Tel\u00e9fono: 05 59 06 81 90<\/p>\n\n\n\n<div style=\"height:20px\" aria-hidden=\"true\" class=\"wp-block-spacer\"><\/div>\n\n\n\n<p>Disponible en :<\/p>\n\n\n\n<ul class=\"wp-block-list\">\n<li>Franc\u00e9s<\/li>\n\n\n\n<li>Euskara<\/li>\n\n\n\n<li>Castellano<\/li>\n\n\n\n<li>Ingl\u00e9s<\/li>\n<\/ul>\n\n<\/div><\/div>\n\n<\/div> \n<\/div>\n\n\n<div style=\"height:15px\" aria-hidden=\"true\" class=\"wp-block-spacer\"><\/div>\n\n\n\n<div class=\"wp-block-buttons is-content-justification-center is-layout-flex wp-container-core-buttons-is-layout-16018d1d wp-block-buttons-is-layout-flex\">\n<div class=\"wp-block-button is-style-fill has-medium-font-size\"><a class=\"wp-block-button__link has-white-color has-blue-background-color has-text-color has-background has-link-color has-medium-font-size has-custom-font-size wp-element-button\" href=\"https:\/\/reservation.elloha.com?IdPublication=c2ff306a-1878-4ccb-a26b-d6ec5e095d85&amp;culture=fr-FR&amp;idoi=71605099-461b-4abc-85cb-b345da81aa40&amp;idPrestation=0c28da3f-f25d-4a42-b5a5-35cc99942341&amp;searchFirstAvailableDates=1\" target=\"_blank\" rel=\"noreferrer noopener\"><strong>Reservo<\/strong><\/a><\/div>\n<\/div>\n<\/div><figure class=\"wp-block-media-text__media\"><img decoding=\"async\" width=\"1024\" height=\"768\" src=\"https:\/\/www.hendaye-tourisme.fr\/wp-content\/uploads\/2024\/10\/escape-cite-des-memoires-hendaye-tourisme-1-1024x768.jpg\" alt=\"\" class=\"wp-image-64577 size-full\" style=\"object-position:33% 65%\" srcset=\"https:\/\/www.hendaye-tourisme.fr\/wp-content\/uploads\/2024\/10\/escape-cite-des-memoires-hendaye-tourisme-1-1024x768.jpg 1024w, https:\/\/www.hendaye-tourisme.fr\/wp-content\/uploads\/2024\/10\/escape-cite-des-memoires-hendaye-tourisme-1-800x600.jpg 800w, https:\/\/www.hendaye-tourisme.fr\/wp-content\/uploads\/2024\/10\/escape-cite-des-memoires-hendaye-tourisme-1-768x576.jpg 768w, https:\/\/www.hendaye-tourisme.fr\/wp-content\/uploads\/2024\/10\/escape-cite-des-memoires-hendaye-tourisme-1.jpg 1080w\" sizes=\"(max-width: 1024px) 100vw, 1024px\" \/><\/figure><\/div>\n\n\n\n<div class=\"wp-block-media-text alignfull is-stacked-on-mobile is-image-fill-element has-light-blue-background-color has-background\"><figure class=\"wp-block-media-text__media\"><img decoding=\"async\" width=\"1000\" height=\"667\" src=\"https:\/\/www.hendaye-tourisme.fr\/wp-content\/uploads\/2024\/07\/img_7790.jpg\" alt=\"Juego de Escape - Abbadia, el Castillo Observatorio - Hendaye Tourisme\" class=\"wp-image-57827 size-full\" style=\"object-position:33% 50%\" srcset=\"https:\/\/www.hendaye-tourisme.fr\/wp-content\/uploads\/2024\/07\/img_7790.jpg 1000w, https:\/\/www.hendaye-tourisme.fr\/wp-content\/uploads\/2024\/07\/img_7790-800x534.jpg 800w, https:\/\/www.hendaye-tourisme.fr\/wp-content\/uploads\/2024\/07\/img_7790-768x512.jpg 768w\" sizes=\"(max-width: 1000px) 100vw, 1000px\" \/><\/figure><div class=\"wp-block-media-text__content\">\n<h3 class=\"wp-block-heading has-text-align-center\" style=\"text-transform:uppercase\"><br><br>Una aventura para vivir en un entorno aut\u00e9ntico, \u00a1el de las cocinas de <a href=\"https:\/\/www.hendaye-tourisme.fr\/es\/actividades\/actividades-culturales\/abbadia-el-castillo-observatorio\/\" data-type=\"page\" data-id=\"918\">Abbadia<\/a>!<\/h3>\n\n\n\n<div style=\"height:10px\" aria-hidden=\"true\" class=\"wp-block-spacer\"><\/div>\n\n\n\n<p>Cada 100 a\u00f1os, una sociedad secreta se re\u00fane para encontrar un heredero para Antoine d&#8217;Abbadie, explorador, ling\u00fcista y cient\u00edfico.<\/p>\n\n\n\n<p>Da la casualidad de que se le propuso sucederle.<\/p>\n\n\n\n<p>Para demostrar su legitimidad, han sacado de la cocina un viejo ba\u00fal. Te aguardan unos cuantos desaf\u00edos&#8230; \u00bfSer\u00e1s capaz de resolver todos los enigmas para liberarte de tus cadenas y acceder a este patrimonio?<\/p>\n\n\n\n<div style=\"height:25px\" aria-hidden=\"true\" class=\"wp-block-spacer\"><\/div>\n\n\n\n<div class=\"tabs-container tabs-alt\" id=\"ts-block-65e5c0f285493\" > \n\t\t\t<ul>\n\t\t\t\t\t\t\t\t\n\t\t\t\t\t\t\t\t\t\t\t\t\t\t\t\t\t\t\t\n\t\t\t\t\t\t\t\t\t\t\t\t\t\t\n\t\t\t\t\t\t\t\t\t\t\t\t\t\t\n\t\t\t\t\t\t\t\t\t\t\t\t\t\t\n\t\t\t\t\t\t\t\t\t\t\t\t\t\t\t\t\t\t\t\n\t\t\t\t\t\t\t\t\t\t\t\t\t\t\n\t\t\t\t\t\t\t\t\t\t\t\t\t\t\n\t\t\t\t\t\t\t\t\t\t\t\t\t\t\n\t\t\t\t\t\t\t\t\t\t\t\t\t\t\t\t\t\t\t\t\t\t\t\t\t\t\t<li >\n\t\t\t\t\t\t\t\t\t\t\t\t<a href=\"#ts-block-65e5c0f286731\">\n\t\t\t\t\t\t\t\t\t\t\t\t<div class=\"tab-title-container\">\n\t\t\t\t\t\t\t\t\t\t\t\t\t<h3>Duraci\u00f3n y dificultad<\/h3>\n\t\t\t\t\t\t\t\t\t\t\t\t<\/div>\n\t\t\t\t\t\t\t\t\t\t\t\t\t\t\t\t\t\t\t\t\t\t\t\t<\/a>\n\t\t\t\t\t\t\t\t\t\t\t<\/li>\n\t\t\t\t\t\t\t\t\t\t\t\t\t\t\t\t\t\t\t\t\t\t\t\t\t\t\t\t\t\t\t\t\t\t\t\t\t\t\t\t\t\t\t<li >\n\t\t\t\t\t\t\t\t\t\t\t\t<a href=\"#ts-block-65e5c0f286839\">\n\t\t\t\t\t\t\t\t\t\t\t\t<div class=\"tab-title-container\">\n\t\t\t\t\t\t\t\t\t\t\t\t\t<h3>N\u00famero de jugadores<\/h3>\n\t\t\t\t\t\t\t\t\t\t\t\t<\/div>\n\t\t\t\t\t\t\t\t\t\t\t\t\t\t\t\t\t\t\t\t\t\t\t\t<\/a>\n\t\t\t\t\t\t\t\t\t\t\t<\/li>\n\t\t\t\t\t\t\t\t\t\t\t\t\t\t\t\t\t\t\t\t\t\t\t\t\t\t\t\t\t\t\t\t<\/ul>\n\t\t<div class=\"tabs-content\">\n<div id=\"ts-block-65e5c0f286731\"  class=\"\">\n\t<div class=\"acf-innerblocks-container\">\n\n<h3 class=\"wp-block-heading\">Duraci\u00f3n y niveles de dificultad<\/h3>\n\n\n\n<p>Duraci\u00f3n: 45 minutos.<\/p>\n\n\n\n<p>2 niveles de dificultad :<\/p>\n\n\n\n<ul class=\"wp-block-list\">\n<li>F\u00e1cil (a partir de 8 a\u00f1os)<\/li>\n\n\n\n<li>Experto<\/li>\n<\/ul>\n\n<\/div><\/div>\n\n\n<div id=\"ts-block-65e5c0f286839\"  class=\"\">\n\t<div class=\"acf-innerblocks-container\">\n\n<h3 class=\"wp-block-heading\">N\u00famero de jugadores<\/h3>\n\n\n\n<p><br>De 2 a 18 jugadores. Hasta 24 jugadores en el modo \u00abTeam building\u00bb.<\/p>\n\n\n\n<div style=\"height:10px\" aria-hidden=\"true\" class=\"wp-block-spacer\"><\/div>\n\n\n\n<p>Accesible en :<\/p>\n\n\n\n<ul class=\"wp-block-list\">\n<li>Franc\u00e9s<\/li>\n\n\n\n<li>Euskara<\/li>\n\n\n\n<li>Castellano<\/li>\n<\/ul>\n\n<\/div><\/div>\n\n<\/div> \n<\/div>\n\n\n<div style=\"height:20px\" aria-hidden=\"true\" class=\"wp-block-spacer\"><\/div>\n\n\n\n<div class=\"wp-block-buttons is-content-justification-center is-layout-flex wp-container-core-buttons-is-layout-16018d1d wp-block-buttons-is-layout-flex\">\n<div class=\"wp-block-button is-style-fill has-medium-font-size\"><a class=\"wp-block-button__link has-white-color has-blue-background-color has-text-color has-background has-link-color has-medium-font-size has-custom-font-size wp-element-button\" href=\"https:\/\/reservation.elloha.com?IdPublication=b33571ef-39cc-49d3-9470-ffa00bddef27&amp;culture=fr-FR&amp;idoi=d073d7a9-c573-4b78-8791-46b2accc235a&amp;idPrestation=b2a95603-1c93-420d-b473-60f6dbca9b26&amp;searchFirstAvailableDates=1\" target=\"_blank\" rel=\"noreferrer noopener\"><strong>Reservo<\/strong><\/a><\/div>\n<\/div>\n<\/div><\/div>\n<\/div><\/section>\n","protected":false},"excerpt":{"rendered":"<p>Si busca una idea para una salida de fin de semana, un momento agradable con sus hijos o una actividad de team-building, Hendaya le ofrece dos lugares y dos ambientes de juegos de escape. Abbadia, el Castillo-Observatorio o la Ciudad de las Memorias, \u00a1t\u00fa eliges! De 2 a 24 jugadores [&hellip;]<\/p>\n","protected":false},"author":2,"featured_media":14935,"parent":0,"menu_order":0,"comment_status":"closed","ping_status":"closed","template":"","meta":{"_acf_changed":false,"_seopress_robots_primary_cat":"","_seopress_titles_title":"Juego de Escape en Hendaya - Enigmas y aventuras a tama\u00f1o real","_seopress_titles_desc":"En familia o con amigos, todo el a\u00f1o, Hendaya ofrece un gran terreno de juego para los aficionados a los juegos de evasi\u00f3n...","_seopress_robots_index":"","footnotes":""},"class_list":["post-30184","page","type-page","status-publish","has-post-thumbnail","hentry"],"acf":[],"_links":{"self":[{"href":"https:\/\/www.hendaye-tourisme.fr\/es\/wp-json\/wp\/v2\/pages\/30184","targetHints":{"allow":["GET"]}}],"collection":[{"href":"https:\/\/www.hendaye-tourisme.fr\/es\/wp-json\/wp\/v2\/pages"}],"about":[{"href":"https:\/\/www.hendaye-tourisme.fr\/es\/wp-json\/wp\/v2\/types\/page"}],"author":[{"embeddable":true,"href":"https:\/\/www.hendaye-tourisme.fr\/es\/wp-json\/wp\/v2\/users\/2"}],"replies":[{"embeddable":true,"href":"https:\/\/www.hendaye-tourisme.fr\/es\/wp-json\/wp\/v2\/comments?post=30184"}],"version-history":[{"count":2,"href":"https:\/\/www.hendaye-tourisme.fr\/es\/wp-json\/wp\/v2\/pages\/30184\/revisions"}],"predecessor-version":[{"id":90075,"href":"https:\/\/www.hendaye-tourisme.fr\/es\/wp-json\/wp\/v2\/pages\/30184\/revisions\/90075"}],"wp:featuredmedia":[{"embeddable":true,"href":"https:\/\/www.hendaye-tourisme.fr\/es\/wp-json\/wp\/v2\/media\/14935"}],"wp:attachment":[{"href":"https:\/\/www.hendaye-tourisme.fr\/es\/wp-json\/wp\/v2\/media?parent=30184"}],"curies":[{"name":"wp","href":"https:\/\/api.w.org\/{rel}","templated":true}]}}