{"id":15472,"date":"2023-11-08T19:26:01","date_gmt":"2023-11-08T18:26:01","guid":{"rendered":"https:\/\/www.hendaye-tourisme.fr\/cultura-vasca\/arquitectura-vasca\/"},"modified":"2024-02-16T17:14:57","modified_gmt":"2024-02-16T16:14:57","slug":"arquitectura-vasca","status":"publish","type":"page","link":"https:\/\/www.hendaye-tourisme.fr\/es\/cultura-vasca\/arquitectura-vasca\/","title":{"rendered":"Arquitectura vasca"},"content":{"rendered":"\n<div class=\"wp-block-columns is-layout-flex wp-container-core-columns-is-layout-9d6595d7 wp-block-columns-is-layout-flex\">\n<div class=\"wp-block-column is-layout-flow wp-block-column-is-layout-flow\" style=\"flex-basis:33.33%\"><div class=\"highlight-bloc-container \" id=\"ts-block-65368af54ee28\"  >\n\t<div class=\"highlight-bloc-content\">\n\t\t<div class=\"acf-innerblocks-container\">\n\n<h2 class=\"wp-block-heading suptitle\">Con sus fachadas blancas y sus coloridos entramados, las villas de Hendaya le conquistar\u00e1n&#8230;<\/h2>\n\n<\/div>\t<\/div>\n<\/div>\n<\/div>\n\n\n\n<div class=\"wp-block-column is-layout-flow wp-block-column-is-layout-flow\" style=\"flex-basis:66.66%\">\n<p>Hendaya posee un patrimonio arquitect\u00f3nico discreto, pero de gran calidad.<\/p>\n\n\n\n<p>Casas de arquitectura neovasca se ven en cada esquina. <strong>En la zona de la playa hay m\u00e1s de 70<\/strong>. La mayor\u00eda fueron construidas por el <strong>arquitecto Hendayes<\/strong> <strong>Edmond Durandeau<\/strong> a principios del siglo XX.<\/p>\n\n\n\n<p>En el centro de la ciudad, el front\u00f3n Gaztelu Zahar acoge partidos de pelota profesionales y amateurs durante todo el a\u00f1o.<\/p>\n\n\n\n<p>Unos metros m\u00e1s adelante, entre en <strong>la iglesia de San Vicente, monumento hist\u00f3rico protegido<\/strong>. Construida en 1598, presenta todas las caracter\u00edsticas de una iglesia labordina: fachada blanca, galer\u00edas de madera, etc.<\/p>\n\n\n\n<p>Si quiere disfrutar al m\u00e1ximo de los encantos de Hendaya, opte por las <a href=\"https:\/\/www.hendaye-tourisme.fr\/decouvrir\/activites\/activites-culturelles\/visites-commentees\/\" data-type=\"page\" data-id=\"1557\">visitas guiadas a la<\/a> ciudad.<\/p>\n<\/div>\n<\/div>\n\n<section class=\"wp-block-group alignfull wave has-white-color has-blue-background-color has-text-color has-background\"><div class=\"wp-block-group__inner-container is-layout-constrained wp-block-group-is-layout-constrained\">\n<div style=\"height:50px\" aria-hidden=\"true\" class=\"wp-block-spacer\"><\/div>\n\n\n\n<h2 class=\"wp-block-heading has-text-align-center tilde has-white-color has-text-color\">En im\u00e1genes<\/h2>\n\n\n\n<div style=\"height:30px\" aria-hidden=\"true\" class=\"wp-block-spacer\"><\/div>\n\n\n\n<figure class=\"wp-block-gallery has-nested-images columns-4 is-cropped wp-block-gallery-1 is-layout-flex wp-block-gallery-is-layout-flex\">\n<figure data-wp-context=\"{&quot;imageId&quot;:&quot;69f111d6a7836&quot;}\" data-wp-interactive=\"core\/image\" data-wp-key=\"69f111d6a7836\" class=\"wp-block-image size-large wp-lightbox-container\"><img decoding=\"async\" width=\"1024\" height=\"682\" data-wp-class--hide=\"state.isContentHidden\" data-wp-class--show=\"state.isContentVisible\" data-wp-init=\"callbacks.setButtonStyles\" data-wp-on--click=\"actions.showLightbox\" data-wp-on--load=\"callbacks.setButtonStyles\" data-wp-on-window--resize=\"callbacks.setButtonStyles\" data-id=\"1608\" src=\"https:\/\/www.hendaye-tourisme.fr\/wp-content\/uploads\/2023\/11\/Front-de-mer-Hendaye-Tourisme-12-1024x682.jpg\" alt=\"\" class=\"wp-image-1608\" srcset=\"https:\/\/www.hendaye-tourisme.fr\/wp-content\/uploads\/2023\/11\/Front-de-mer-Hendaye-Tourisme-12-1024x682.jpg 1024w, https:\/\/www.hendaye-tourisme.fr\/wp-content\/uploads\/2023\/11\/Front-de-mer-Hendaye-Tourisme-12-800x533.jpg 800w, https:\/\/www.hendaye-tourisme.fr\/wp-content\/uploads\/2023\/11\/Front-de-mer-Hendaye-Tourisme-12-768x512.jpg 768w, https:\/\/www.hendaye-tourisme.fr\/wp-content\/uploads\/2023\/11\/Front-de-mer-Hendaye-Tourisme-12-1536x1023.jpg 1536w, https:\/\/www.hendaye-tourisme.fr\/wp-content\/uploads\/2023\/11\/Front-de-mer-Hendaye-Tourisme-12.jpg 1900w\" sizes=\"(max-width: 1024px) 100vw, 1024px\" \/><button\n\t\t\tclass=\"lightbox-trigger\"\n\t\t\ttype=\"button\"\n\t\t\taria-haspopup=\"dialog\"\n\t\t\taria-label=\"Agrandar\"\n\t\t\tdata-wp-init=\"callbacks.initTriggerButton\"\n\t\t\tdata-wp-on--click=\"actions.showLightbox\"\n\t\t\tdata-wp-style--right=\"state.imageButtonRight\"\n\t\t\tdata-wp-style--top=\"state.imageButtonTop\"\n\t\t>\n\t\t\t<svg xmlns=\"http:\/\/www.w3.org\/2000\/svg\" width=\"12\" height=\"12\" fill=\"none\" viewBox=\"0 0 12 12\">\n\t\t\t\t<path fill=\"#fff\" d=\"M2 0a2 2 0 0 0-2 2v2h1.5V2a.5.5 0 0 1 .5-.5h2V0H2Zm2 10.5H2a.5.5 0 0 1-.5-.5V8H0v2a2 2 0 0 0 2 2h2v-1.5ZM8 12v-1.5h2a.5.5 0 0 0 .5-.5V8H12v2a2 2 0 0 1-2 2H8Zm2-12a2 2 0 0 1 2 2v2h-1.5V2a.5.5 0 0 0-.5-.5H8V0h2Z\" \/>\n\t\t\t<\/svg>\n\t\t<\/button><\/figure>\n\n\n\n<figure data-wp-context=\"{&quot;imageId&quot;:&quot;69f111d6a81b8&quot;}\" data-wp-interactive=\"core\/image\" data-wp-key=\"69f111d6a81b8\" class=\"wp-block-image size-large wp-lightbox-container\"><img decoding=\"async\" width=\"683\" height=\"1024\" data-wp-class--hide=\"state.isContentHidden\" data-wp-class--show=\"state.isContentVisible\" data-wp-init=\"callbacks.setButtonStyles\" data-wp-on--click=\"actions.showLightbox\" data-wp-on--load=\"callbacks.setButtonStyles\" data-wp-on-window--resize=\"callbacks.setButtonStyles\" data-id=\"1617\" src=\"https:\/\/www.hendaye-tourisme.fr\/wp-content\/uploads\/2023\/11\/Maison-basque-Hendaye-Tourisme-1-683x1024.jpeg\" alt=\"\" class=\"wp-image-1617\" srcset=\"https:\/\/www.hendaye-tourisme.fr\/wp-content\/uploads\/2023\/11\/Maison-basque-Hendaye-Tourisme-1-683x1024.jpeg 683w, https:\/\/www.hendaye-tourisme.fr\/wp-content\/uploads\/2023\/11\/Maison-basque-Hendaye-Tourisme-1-400x600.jpeg 400w, https:\/\/www.hendaye-tourisme.fr\/wp-content\/uploads\/2023\/11\/Maison-basque-Hendaye-Tourisme-1-768x1152.jpeg 768w, https:\/\/www.hendaye-tourisme.fr\/wp-content\/uploads\/2023\/11\/Maison-basque-Hendaye-Tourisme-1-1024x1536.jpeg 1024w, https:\/\/www.hendaye-tourisme.fr\/wp-content\/uploads\/2023\/11\/Maison-basque-Hendaye-Tourisme-1-scaled.jpeg 1365w\" sizes=\"(max-width: 683px) 100vw, 683px\" \/><button\n\t\t\tclass=\"lightbox-trigger\"\n\t\t\ttype=\"button\"\n\t\t\taria-haspopup=\"dialog\"\n\t\t\taria-label=\"Agrandar\"\n\t\t\tdata-wp-init=\"callbacks.initTriggerButton\"\n\t\t\tdata-wp-on--click=\"actions.showLightbox\"\n\t\t\tdata-wp-style--right=\"state.imageButtonRight\"\n\t\t\tdata-wp-style--top=\"state.imageButtonTop\"\n\t\t>\n\t\t\t<svg xmlns=\"http:\/\/www.w3.org\/2000\/svg\" width=\"12\" height=\"12\" fill=\"none\" viewBox=\"0 0 12 12\">\n\t\t\t\t<path fill=\"#fff\" d=\"M2 0a2 2 0 0 0-2 2v2h1.5V2a.5.5 0 0 1 .5-.5h2V0H2Zm2 10.5H2a.5.5 0 0 1-.5-.5V8H0v2a2 2 0 0 0 2 2h2v-1.5ZM8 12v-1.5h2a.5.5 0 0 0 .5-.5V8H12v2a2 2 0 0 1-2 2H8Zm2-12a2 2 0 0 1 2 2v2h-1.5V2a.5.5 0 0 0-.5-.5H8V0h2Z\" \/>\n\t\t\t<\/svg>\n\t\t<\/button><\/figure>\n\n\n\n<figure data-wp-context=\"{&quot;imageId&quot;:&quot;69f111d6a8b5d&quot;}\" data-wp-interactive=\"core\/image\" data-wp-key=\"69f111d6a8b5d\" class=\"wp-block-image size-large wp-lightbox-container\"><img decoding=\"async\" width=\"1024\" height=\"768\" data-wp-class--hide=\"state.isContentHidden\" data-wp-class--show=\"state.isContentVisible\" data-wp-init=\"callbacks.setButtonStyles\" data-wp-on--click=\"actions.showLightbox\" data-wp-on--load=\"callbacks.setButtonStyles\" data-wp-on-window--resize=\"callbacks.setButtonStyles\" data-id=\"1621\" src=\"https:\/\/www.hendaye-tourisme.fr\/wp-content\/uploads\/2023\/11\/Maison-Basque-Hendaye-Tourisme-2-1024x768.jpg\" alt=\"\" class=\"wp-image-1621\" srcset=\"https:\/\/www.hendaye-tourisme.fr\/wp-content\/uploads\/2023\/11\/Maison-Basque-Hendaye-Tourisme-2-1024x768.jpg 1024w, https:\/\/www.hendaye-tourisme.fr\/wp-content\/uploads\/2023\/11\/Maison-Basque-Hendaye-Tourisme-2-800x600.jpg 800w, https:\/\/www.hendaye-tourisme.fr\/wp-content\/uploads\/2023\/11\/Maison-Basque-Hendaye-Tourisme-2-768x576.jpg 768w, https:\/\/www.hendaye-tourisme.fr\/wp-content\/uploads\/2023\/11\/Maison-Basque-Hendaye-Tourisme-2-1536x1152.jpg 1536w, https:\/\/www.hendaye-tourisme.fr\/wp-content\/uploads\/2023\/11\/Maison-Basque-Hendaye-Tourisme-2.jpg 1900w\" sizes=\"(max-width: 1024px) 100vw, 1024px\" \/><button\n\t\t\tclass=\"lightbox-trigger\"\n\t\t\ttype=\"button\"\n\t\t\taria-haspopup=\"dialog\"\n\t\t\taria-label=\"Agrandar\"\n\t\t\tdata-wp-init=\"callbacks.initTriggerButton\"\n\t\t\tdata-wp-on--click=\"actions.showLightbox\"\n\t\t\tdata-wp-style--right=\"state.imageButtonRight\"\n\t\t\tdata-wp-style--top=\"state.imageButtonTop\"\n\t\t>\n\t\t\t<svg xmlns=\"http:\/\/www.w3.org\/2000\/svg\" width=\"12\" height=\"12\" fill=\"none\" viewBox=\"0 0 12 12\">\n\t\t\t\t<path fill=\"#fff\" d=\"M2 0a2 2 0 0 0-2 2v2h1.5V2a.5.5 0 0 1 .5-.5h2V0H2Zm2 10.5H2a.5.5 0 0 1-.5-.5V8H0v2a2 2 0 0 0 2 2h2v-1.5ZM8 12v-1.5h2a.5.5 0 0 0 .5-.5V8H12v2a2 2 0 0 1-2 2H8Zm2-12a2 2 0 0 1 2 2v2h-1.5V2a.5.5 0 0 0-.5-.5H8V0h2Z\" \/>\n\t\t\t<\/svg>\n\t\t<\/button><\/figure>\n\n\n\n<figure data-wp-context=\"{&quot;imageId&quot;:&quot;69f111d6a949e&quot;}\" data-wp-interactive=\"core\/image\" data-wp-key=\"69f111d6a949e\" class=\"wp-block-image size-large wp-lightbox-container\"><img decoding=\"async\" width=\"1024\" height=\"682\" data-wp-class--hide=\"state.isContentHidden\" data-wp-class--show=\"state.isContentVisible\" data-wp-init=\"callbacks.setButtonStyles\" data-wp-on--click=\"actions.showLightbox\" data-wp-on--load=\"callbacks.setButtonStyles\" data-wp-on-window--resize=\"callbacks.setButtonStyles\" data-id=\"1613\" src=\"https:\/\/www.hendaye-tourisme.fr\/wp-content\/uploads\/2023\/11\/Front-de-mer-Hendaye-Tourisme-13-1024x682.jpg\" alt=\"\" class=\"wp-image-1613\" srcset=\"https:\/\/www.hendaye-tourisme.fr\/wp-content\/uploads\/2023\/11\/Front-de-mer-Hendaye-Tourisme-13-1024x682.jpg 1024w, https:\/\/www.hendaye-tourisme.fr\/wp-content\/uploads\/2023\/11\/Front-de-mer-Hendaye-Tourisme-13-800x533.jpg 800w, https:\/\/www.hendaye-tourisme.fr\/wp-content\/uploads\/2023\/11\/Front-de-mer-Hendaye-Tourisme-13-768x512.jpg 768w, https:\/\/www.hendaye-tourisme.fr\/wp-content\/uploads\/2023\/11\/Front-de-mer-Hendaye-Tourisme-13-1536x1023.jpg 1536w, https:\/\/www.hendaye-tourisme.fr\/wp-content\/uploads\/2023\/11\/Front-de-mer-Hendaye-Tourisme-13.jpg 1900w\" sizes=\"(max-width: 1024px) 100vw, 1024px\" \/><button\n\t\t\tclass=\"lightbox-trigger\"\n\t\t\ttype=\"button\"\n\t\t\taria-haspopup=\"dialog\"\n\t\t\taria-label=\"Agrandar\"\n\t\t\tdata-wp-init=\"callbacks.initTriggerButton\"\n\t\t\tdata-wp-on--click=\"actions.showLightbox\"\n\t\t\tdata-wp-style--right=\"state.imageButtonRight\"\n\t\t\tdata-wp-style--top=\"state.imageButtonTop\"\n\t\t>\n\t\t\t<svg xmlns=\"http:\/\/www.w3.org\/2000\/svg\" width=\"12\" height=\"12\" fill=\"none\" viewBox=\"0 0 12 12\">\n\t\t\t\t<path fill=\"#fff\" d=\"M2 0a2 2 0 0 0-2 2v2h1.5V2a.5.5 0 0 1 .5-.5h2V0H2Zm2 10.5H2a.5.5 0 0 1-.5-.5V8H0v2a2 2 0 0 0 2 2h2v-1.5ZM8 12v-1.5h2a.5.5 0 0 0 .5-.5V8H12v2a2 2 0 0 1-2 2H8Zm2-12a2 2 0 0 1 2 2v2h-1.5V2a.5.5 0 0 0-.5-.5H8V0h2Z\" \/>\n\t\t\t<\/svg>\n\t\t<\/button><\/figure>\n<\/figure>\n<\/div><\/section>\n","protected":false},"excerpt":{"rendered":"<p>Hendaya posee un patrimonio arquitect\u00f3nico discreto, pero de gran calidad. Casas de arquitectura neovasca se ven en cada esquina. En la zona de la playa hay m\u00e1s de 70. La mayor\u00eda fueron construidas por el arquitecto Hendayes Edmond Durandeau a principios del siglo XX. En el centro de la ciudad, [&hellip;]<\/p>\n","protected":false},"author":1,"featured_media":1606,"parent":15471,"menu_order":0,"comment_status":"closed","ping_status":"closed","template":"","meta":{"_acf_changed":false,"_seopress_robots_primary_cat":"","_seopress_titles_title":"","_seopress_titles_desc":"","_seopress_robots_index":"","footnotes":""},"class_list":["post-15472","page","type-page","status-publish","has-post-thumbnail","hentry"],"acf":[],"_links":{"self":[{"href":"https:\/\/www.hendaye-tourisme.fr\/es\/wp-json\/wp\/v2\/pages\/15472","targetHints":{"allow":["GET"]}}],"collection":[{"href":"https:\/\/www.hendaye-tourisme.fr\/es\/wp-json\/wp\/v2\/pages"}],"about":[{"href":"https:\/\/www.hendaye-tourisme.fr\/es\/wp-json\/wp\/v2\/types\/page"}],"author":[{"embeddable":true,"href":"https:\/\/www.hendaye-tourisme.fr\/es\/wp-json\/wp\/v2\/users\/1"}],"replies":[{"embeddable":true,"href":"https:\/\/www.hendaye-tourisme.fr\/es\/wp-json\/wp\/v2\/comments?post=15472"}],"version-history":[{"count":1,"href":"https:\/\/www.hendaye-tourisme.fr\/es\/wp-json\/wp\/v2\/pages\/15472\/revisions"}],"predecessor-version":[{"id":15473,"href":"https:\/\/www.hendaye-tourisme.fr\/es\/wp-json\/wp\/v2\/pages\/15472\/revisions\/15473"}],"up":[{"embeddable":true,"href":"https:\/\/www.hendaye-tourisme.fr\/es\/wp-json\/wp\/v2\/pages\/15471"}],"wp:featuredmedia":[{"embeddable":true,"href":"https:\/\/www.hendaye-tourisme.fr\/es\/wp-json\/wp\/v2\/media\/1606"}],"wp:attachment":[{"href":"https:\/\/www.hendaye-tourisme.fr\/es\/wp-json\/wp\/v2\/media?parent=15472"}],"curies":[{"name":"wp","href":"https:\/\/api.w.org\/{rel}","templated":true}]}}