{"id":15469,"date":"2023-10-23T09:28:49","date_gmt":"2023-10-23T07:28:49","guid":{"rendered":"https:\/\/www.hendaye-tourisme.fr\/creditos\/"},"modified":"2025-11-04T15:36:52","modified_gmt":"2025-11-04T14:36:52","slug":"creditos","status":"publish","type":"page","link":"https:\/\/www.hendaye-tourisme.fr\/es\/creditos\/","title":{"rendered":"Cr\u00e9ditos"},"content":{"rendered":"\n<p>Todos los contenidos (fotos, texto, v\u00eddeo, sonido, etc.) que pueden consultarse en el sitio web<a href=\"http:\/\/https\/\/www.hendaye-tourisme.fr\"> https:\/\/www.hendaye-tourisme.fr<\/a> son y seguir\u00e1n siendo propiedad exclusiva de Hendaye Tourisme et Commerce y\/o de sus socios y operadores tur\u00edsticos.<br> <\/p>\n\n\n\n<p>Toda reproducci\u00f3n total o parcial de este sitio o de uno o varios de sus componentes, por cualquier procedimiento, sin la autorizaci\u00f3n expresa del director de la publicaci\u00f3n, est\u00e1 estrictamente prohibida de conformidad con el C\u00f3digo de la Propiedad Intelectual y constituir\u00eda una falsificaci\u00f3n sancionada por los art\u00edculos L.335-2 y siguientes del C\u00f3digo de la Propiedad Intelectual. Por lo tanto, no est\u00e1 autorizado a reproducir, representar o comercializar este contenido, salvo en los siguientes casos: copia privada (puede imprimir las p\u00e1ginas del sitio \u00fanicamente para su uso personal); representaci\u00f3n dentro del c\u00edrculo familiar (no puede hacer ning\u00fan uso secundario del contenido del sitio, ya sea a cambio de una remuneraci\u00f3n o de forma gratuita).<br> <\/p>\n\n\n\n<p>Queda terminantemente prohibida la reproducci\u00f3n total o parcial de este sitio en cualquier soporte electr\u00f3nico sin la autorizaci\u00f3n expresa de los socios mencionados.<br> <\/p>\n\n\n\n<p><strong>Cr\u00e9ditos fotogr\u00e1ficos:<\/strong> la mayor\u00eda de las fotos de este sitio web proceden de la fototeca de la Oficina de Turismo de Hendaya. Otros han sido donados por miembros o socios de la Oficina de Turismo.<br>Queremos dar las gracias especialmente a los siguientes fot\u00f3grafos y colaboradores: B. Linne, J. Artola, TuVeMaFoTo.Com, Agence D\u00e9partementale du Tourisme 64 B\u00e9arn Pays Basque, Oficina de Turismo del Pais Vasco, Bidasoa Activa.<\/p>\n\n\n\n<p>En caso de omisi\u00f3n involuntaria en la citaci\u00f3n de los autores, le rogamos nos lo comunique por <a href=\"mailto:marketing@hendaye-tourisme.fr?subject=Oubli%20dans%20les%20%22cr%C3%A9dits-photos%22\">correo electr\u00f3nico<\/a>.<\/p>\n","protected":false},"excerpt":{"rendered":"<p>Todos los contenidos (fotos, texto, v\u00eddeo, sonido, etc.) que pueden consultarse en el sitio web https:\/\/www.hendaye-tourisme.fr son y seguir\u00e1n siendo propiedad exclusiva de Hendaye Tourisme et Commerce y\/o de sus socios y operadores tur\u00edsticos. Toda reproducci\u00f3n total o parcial de este sitio o de uno o varios de sus componentes, [&hellip;]<\/p>\n","protected":false},"author":1,"featured_media":0,"parent":0,"menu_order":0,"comment_status":"closed","ping_status":"closed","template":"","meta":{"_acf_changed":false,"_seopress_robots_primary_cat":"","_seopress_titles_title":"","_seopress_titles_desc":"","_seopress_robots_index":"","footnotes":""},"class_list":["post-15469","page","type-page","status-publish","hentry"],"acf":[],"_links":{"self":[{"href":"https:\/\/www.hendaye-tourisme.fr\/es\/wp-json\/wp\/v2\/pages\/15469","targetHints":{"allow":["GET"]}}],"collection":[{"href":"https:\/\/www.hendaye-tourisme.fr\/es\/wp-json\/wp\/v2\/pages"}],"about":[{"href":"https:\/\/www.hendaye-tourisme.fr\/es\/wp-json\/wp\/v2\/types\/page"}],"author":[{"embeddable":true,"href":"https:\/\/www.hendaye-tourisme.fr\/es\/wp-json\/wp\/v2\/users\/1"}],"replies":[{"embeddable":true,"href":"https:\/\/www.hendaye-tourisme.fr\/es\/wp-json\/wp\/v2\/comments?post=15469"}],"version-history":[{"count":2,"href":"https:\/\/www.hendaye-tourisme.fr\/es\/wp-json\/wp\/v2\/pages\/15469\/revisions"}],"predecessor-version":[{"id":87656,"href":"https:\/\/www.hendaye-tourisme.fr\/es\/wp-json\/wp\/v2\/pages\/15469\/revisions\/87656"}],"wp:attachment":[{"href":"https:\/\/www.hendaye-tourisme.fr\/es\/wp-json\/wp\/v2\/media?parent=15469"}],"curies":[{"name":"wp","href":"https:\/\/api.w.org\/{rel}","templated":true}]}}