{"id":15465,"date":"2023-11-29T17:09:45","date_gmt":"2023-11-29T16:09:45","guid":{"rendered":"https:\/\/www.hendaye-tourisme.fr\/bienestar\/wake-up-fitness\/"},"modified":"2024-02-16T16:50:31","modified_gmt":"2024-02-16T15:50:31","slug":"wake-up-fitness","status":"publish","type":"page","link":"https:\/\/www.hendaye-tourisme.fr\/es\/bienestar\/wake-up-fitness\/","title":{"rendered":"Wake-up Fitness"},"content":{"rendered":"\n<div class=\"wp-block-columns is-layout-flex wp-container-core-columns-is-layout-9d6595d7 wp-block-columns-is-layout-flex\">\n<div class=\"wp-block-column is-layout-flow wp-block-column-is-layout-flow\" style=\"flex-basis:33.33%\"><div class=\"highlight-bloc-container \" id=\"ts-block-65368af54ee28\"  >\n\t<div class=\"highlight-bloc-content\">\n\t\t<div class=\"acf-innerblocks-container\">\n\n<h2 class=\"wp-block-heading suptitle\">\u00a1Convierta sus ma\u00f1anas en una experiencia estimulante!<\/h2>\n\n<\/div>\t<\/div>\n<\/div>\n<\/div>\n\n\n\n<div class=\"wp-block-column is-layout-flow wp-block-column-is-layout-flow\" style=\"flex-basis:66.66%\">\n<p class=\"has-medium-font-size\">Nada m\u00e1s llegar a su destino, le invitamos a comenzar su estancia con <strong>una revitalizante sesi\u00f3n de fitness<\/strong> en las doradas revitalizante sesi\u00f3n de fitness la playa de Sokoburu. <\/p>\n\n\n\n<p>Dise\u00f1ada para los amantes del mar y los entusiastas del bienestar de todas las edades, esta divertida experiencia puede disfrutarse <strong>en solitario, en pareja, en familia o con amigos<\/strong>.<\/p>\n\n\n\n<p>La sesi\u00f3n comienza con un calentamiento suave al ritmo de la m\u00fasica, despu\u00e9s el instructor aumenta gradualmente la intensidad de los ejercicios (que siguen siendo <strong>accesibles para todos los niveles<\/strong>), y termina con un taller de estiramientos y relajaci\u00f3n para que todo el mundo baje suavemente el ritmo.<\/p>\n<\/div>\n<\/div>\n\n<section class=\"wp-block-group alignfull wave has-white-color has-blue-background-color has-text-color has-background\"><div class=\"wp-block-group__inner-container is-layout-constrained wp-block-group-is-layout-constrained\">\n<h3 class=\"wp-block-heading has-text-align-center has-white-color has-text-color\" style=\"font-style:normal;font-weight:300\">Actividad \u00abBienestar\u00bb<\/h3>\n\n\n\n<h2 class=\"wp-block-heading has-text-align-center tilde has-white-color has-text-color\">Wake-up Fitness<\/h2>\n\n\n\n<p class=\"has-text-align-center\">Todos los lunes, del 15 de julio al 26 de agosto de 2024, a las 10.30 horas.<\/p>\n<\/div><\/section>\n\n<section class=\"wp-block-group alignfull\"><div class=\"wp-block-group__inner-container is-layout-constrained wp-block-group-is-layout-constrained\">\n<div class=\"wp-block-media-text alignfull is-stacked-on-mobile is-image-fill\"><figure class=\"wp-block-media-text__media\" style=\"background-image:url(https:\/\/www.hendaye-tourisme.fr\/wp-content\/uploads\/2023\/11\/HendayeTourisme-25.jpg);background-position:57% 49%\"><img decoding=\"async\" width=\"1000\" height=\"667\" src=\"https:\/\/www.hendaye-tourisme.fr\/wp-content\/uploads\/2023\/11\/HendayeTourisme-25.jpg\" alt=\"\" class=\"wp-image-2163 size-full\" srcset=\"https:\/\/www.hendaye-tourisme.fr\/wp-content\/uploads\/2023\/11\/HendayeTourisme-25.jpg 1000w, https:\/\/www.hendaye-tourisme.fr\/wp-content\/uploads\/2023\/11\/HendayeTourisme-25-800x534.jpg 800w, https:\/\/www.hendaye-tourisme.fr\/wp-content\/uploads\/2023\/11\/HendayeTourisme-25-768x512.jpg 768w\" sizes=\"(max-width: 1000px) 100vw, 1000px\" \/><\/figure><div class=\"wp-block-media-text__content\">\n<h3 class=\"wp-block-heading\" style=\"text-transform:uppercase\">Una actividad original en un entorno \u00fanico<\/h3>\n\n\n\n<ul class=\"wp-block-list\">\n<li><strong>Despertar muscular pr\u00e1cticamente a medida<\/strong>: a cambio de ustedes, los participantes, el anfitri\u00f3n incorpora ejercicios sencillos y eficaces para estimular su metabolismo y potenciar su vitalidad.<\/li>\n<\/ul>\n\n\n\n<ul class=\"wp-block-list\">\n<li><strong>La playa como<\/strong> gimnasio: la m\u00e1s bella de las instalaciones deportivas, con rutinas.<\/li>\n<\/ul>\n\n\n\n<ul class=\"wp-block-list\">\n<li><strong>Despierta tus sentidos<\/strong>: deja que el sonido de las olas y la brisa marina te acompa\u00f1en al despertar, para empezar el d\u00eda con buen pie.<\/li>\n<\/ul>\n<\/div><\/div>\n<\/div><\/section>\n\n<div style=\"height:50px\" aria-hidden=\"true\" class=\"wp-block-spacer\"><\/div>\n\n<section class=\"wp-block-group\"><div class=\"wp-block-group__inner-container is-layout-constrained wp-block-group-is-layout-constrained\">\n<h2 class=\"wp-block-heading has-text-align-center tilde\">Otros acontecimientos estivales<\/h2>\n\n\n\n<div style=\"height:50px\" aria-hidden=\"true\" class=\"wp-block-spacer\"><\/div>\n\n\n\n<div class=\"wp-block-buttons is-content-justification-center is-layout-flex wp-container-core-buttons-is-layout-16018d1d wp-block-buttons-is-layout-flex\">\n<div class=\"wp-block-button has-custom-font-size has-medium-font-size\"><a class=\"wp-block-button__link has-white-color has-blue-background-color has-text-color has-background wp-element-button\" href=\"\/\">Agenda completa<\/a><\/div>\n<\/div>\n<\/div><\/section>\n","protected":false},"excerpt":{"rendered":"<p>Nada m\u00e1s llegar a su destino, le invitamos a comenzar su estancia con una revitalizante sesi\u00f3n de fitness en las doradas revitalizante sesi\u00f3n de fitness la playa de Sokoburu. Dise\u00f1ada para los amantes del mar y los entusiastas del bienestar de todas las edades, esta divertida experiencia puede disfrutarse en [&hellip;]<\/p>\n","protected":false},"author":2,"featured_media":0,"parent":15458,"menu_order":4,"comment_status":"closed","ping_status":"closed","template":"","meta":{"_acf_changed":false,"_seopress_robots_primary_cat":"","_seopress_titles_title":"","_seopress_titles_desc":"","_seopress_robots_index":"","footnotes":""},"class_list":["post-15465","page","type-page","status-publish","hentry"],"acf":[],"_links":{"self":[{"href":"https:\/\/www.hendaye-tourisme.fr\/es\/wp-json\/wp\/v2\/pages\/15465","targetHints":{"allow":["GET"]}}],"collection":[{"href":"https:\/\/www.hendaye-tourisme.fr\/es\/wp-json\/wp\/v2\/pages"}],"about":[{"href":"https:\/\/www.hendaye-tourisme.fr\/es\/wp-json\/wp\/v2\/types\/page"}],"author":[{"embeddable":true,"href":"https:\/\/www.hendaye-tourisme.fr\/es\/wp-json\/wp\/v2\/users\/2"}],"replies":[{"embeddable":true,"href":"https:\/\/www.hendaye-tourisme.fr\/es\/wp-json\/wp\/v2\/comments?post=15465"}],"version-history":[{"count":1,"href":"https:\/\/www.hendaye-tourisme.fr\/es\/wp-json\/wp\/v2\/pages\/15465\/revisions"}],"predecessor-version":[{"id":15466,"href":"https:\/\/www.hendaye-tourisme.fr\/es\/wp-json\/wp\/v2\/pages\/15465\/revisions\/15466"}],"up":[{"embeddable":true,"href":"https:\/\/www.hendaye-tourisme.fr\/es\/wp-json\/wp\/v2\/pages\/15458"}],"wp:attachment":[{"href":"https:\/\/www.hendaye-tourisme.fr\/es\/wp-json\/wp\/v2\/media?parent=15465"}],"curies":[{"name":"wp","href":"https:\/\/api.w.org\/{rel}","templated":true}]}}