{"id":15460,"date":"2023-11-29T17:12:59","date_gmt":"2023-11-29T16:12:59","guid":{"rendered":"https:\/\/www.hendaye-tourisme.fr\/bienestar\/talasoterapia\/"},"modified":"2025-10-29T10:29:15","modified_gmt":"2025-10-29T09:29:15","slug":"talasoterapia","status":"publish","type":"page","link":"https:\/\/www.hendaye-tourisme.fr\/es\/bienestar\/talasoterapia\/","title":{"rendered":"Talasoterapia"},"content":{"rendered":"\n<div class=\"wp-block-columns is-layout-flex wp-container-core-columns-is-layout-9d6595d7 wp-block-columns-is-layout-flex\">\n<div class=\"wp-block-column is-layout-flow wp-block-column-is-layout-flow\" style=\"flex-basis:33.33%\"><div class=\"highlight-bloc-container \" id=\"ts-block-65368af54ee28\"  >\n\t<div class=\"highlight-bloc-content\">\n\t\t<div class=\"acf-innerblocks-container\">\n\n<h2 class=\"wp-block-heading suptitle\">Una experiencia relajante en el Relais Thalasso Hendaya.<\/h2>\n\n<\/div>\t<\/div>\n<\/div>\n<\/div>\n\n\n\n<div class=\"wp-block-column is-layout-flow wp-block-column-is-layout-flow\" style=\"flex-basis:66.66%\">\n<div class=\"wp-block-cover is-light alert\" style=\"min-height:107px;aspect-ratio:unset;\"><span aria-hidden=\"true\" class=\"wp-block-cover__background has-light-blue-background-color has-background-dim-100 has-background-dim\"><\/span><div class=\"wp-block-cover__inner-container is-layout-constrained wp-block-cover-is-layout-constrained\">\n<p class=\"has-text-align-left has-blue-color has-text-color\"><strong>En obras a partir del 3 de noviembre de 2025.<br>Apertura prevista en marzo\/abril de 2027.<\/strong><\/p>\n<\/div><\/div>\n\n\n\n<p>Unas vacaciones junto al mar tambi\u00e9n pueden ser una oportunidad para disfrutar de una experiencia revitalizante, combinando los beneficios del agua de mar y los tratamientos de spa, todo ello en un entorno tranquilo.<\/p>\n\n\n\n<p>Deslizado entre el puerto deportivo y la Grande Plage (playa grande) a principios de los a\u00f1os 90, y separado de Espa\u00f1a \u00fanicamente por el Bidasoa, el Relais Thalasso Hendaya y su hotel de 4* Serge Blanco le dan la bienvenida para una escapada de bienestar, y para disfrutar de los beneficios del Oc\u00e9ano Atl\u00e1ntico.<\/p>\n<\/div>\n<\/div>\n\n\n\n<div style=\"height:25px\" aria-hidden=\"true\" class=\"wp-block-spacer\"><\/div>\n\n\n\n<h2 class=\"wp-block-heading\">Tenemos algunos argumentos que le ayudar\u00e1n a decidirse:<\/h2>\n\n\n\n<div class=\"wp-block-columns is-layout-flex wp-container-core-columns-is-layout-9d6595d7 wp-block-columns-is-layout-flex\">\n<div class=\"wp-block-column is-layout-flow wp-block-column-is-layout-flow\">\n<ul class=\"wp-block-list\">\n<li><strong>Un entorno relajante<\/strong>: con sus 90 habitaciones climatizadas y su refinada decoraci\u00f3n, el hotel est\u00e1 entronizado frente a la playa de 3 km de longitud con la arena m\u00e1s fina de la Costa Vasca. El monte Jaizkibel, que domina Hondarribia, te vigila.<br> <\/li>\n\n\n\n<li><strong>Tratamientos especializados<\/strong>: matorral insular absoluto, escala en los mares, alma vasca&#8230; nombres para masajes que destilan serenidad y calma, entre la veintena de f\u00f3rmulas que se ofrecen.<br><\/li>\n\n\n\n<li><strong>Acceso a las instalaciones acu\u00e1ticas<\/strong>: 320 m\u00b2 de piscinas de agua de mar climatizadas a m\u00e1s de 30\u00b0, m\u00e1s de 50 actividades, entre ellas un paseo contracorriente (asientos y camas de microburbujas, cuellos de cisne, paseo contracorriente&#8230;), un jacuzzi exterior con vistas al sur del Pa\u00eds Vasco, 2 saunas, una sala de vapor&#8230;<br><\/li>\n\n\n\n<li><strong>La experiencia del personal<\/strong>: profesionales cualificados llevan a cabo los tratamientos, pudiendo adaptarlos a las necesidades espec\u00edficas de cada persona, lo que garantiza una experiencia personalizada y agradable.<\/li>\n<\/ul>\n<\/div>\n\n\n\n<div class=\"wp-block-column is-vertically-aligned-center is-layout-flow wp-block-column-is-layout-flow\"><div class=\"wp-block-image\">\n<figure class=\"aligncenter size-large\"><img decoding=\"async\" width=\"1024\" height=\"683\" src=\"https:\/\/www.hendaye-tourisme.fr\/wp-content\/uploads\/2023\/11\/Relais-Thalasso-Hendaye-20211105-387-Panorama-1024x683.jpg\" alt=\"Vista panor\u00e1mica de los 320 m\u00b2 de piscinas cubiertas del Relais Thalaso Hendaya, en la Costa Vasca.\" class=\"wp-image-2025\" srcset=\"https:\/\/www.hendaye-tourisme.fr\/wp-content\/uploads\/2023\/11\/Relais-Thalasso-Hendaye-20211105-387-Panorama-1024x683.jpg 1024w, https:\/\/www.hendaye-tourisme.fr\/wp-content\/uploads\/2023\/11\/Relais-Thalasso-Hendaye-20211105-387-Panorama-800x533.jpg 800w, https:\/\/www.hendaye-tourisme.fr\/wp-content\/uploads\/2023\/11\/Relais-Thalasso-Hendaye-20211105-387-Panorama-768x512.jpg 768w, https:\/\/www.hendaye-tourisme.fr\/wp-content\/uploads\/2023\/11\/Relais-Thalasso-Hendaye-20211105-387-Panorama-1536x1024.jpg 1536w, https:\/\/www.hendaye-tourisme.fr\/wp-content\/uploads\/2023\/11\/Relais-Thalasso-Hendaye-20211105-387-Panorama-scaled.jpg 2048w\" sizes=\"(max-width: 1024px) 100vw, 1024px\" \/><\/figure>\n<\/div><\/div>\n<\/div>\n\n\n\n<div class=\"wp-block-media-text is-stacked-on-mobile is-vertically-aligned-center\"><figure class=\"wp-block-media-text__media\"><img decoding=\"async\" width=\"1024\" height=\"683\" src=\"https:\/\/www.hendaye-tourisme.fr\/wp-content\/uploads\/2024\/01\/Relais-Thalasso-Hendaye-20211026-839-1024x683.jpg.webp\" alt=\"Soins du visage au Relais Thalasso d'Hendaye, sur la C\u00f4te Basque\" class=\"wp-image-12408 size-full\" srcset=\"https:\/\/www.hendaye-tourisme.fr\/wp-content\/uploads\/2024\/01\/Relais-Thalasso-Hendaye-20211026-839-1024x683.jpg.webp 1024w, https:\/\/www.hendaye-tourisme.fr\/wp-content\/uploads\/2024\/01\/Relais-Thalasso-Hendaye-20211026-839-1024x683.jpg-800x534.webp 800w, https:\/\/www.hendaye-tourisme.fr\/wp-content\/uploads\/2024\/01\/Relais-Thalasso-Hendaye-20211026-839-1024x683.jpg-768x512.webp 768w\" sizes=\"(max-width: 1024px) 100vw, 1024px\" \/><\/figure><div class=\"wp-block-media-text__content\">\n<ul class=\"wp-block-list\">\n<li><strong>Atenci\u00f3n a los gourmets<\/strong>: el restaurante del hotel ha elaborado una carta con productos frescos, locales y de temporada. Platos sanos y equilibrados que ponen de relieve la gastronom\u00eda vasca.<br><\/li>\n\n\n\n<li><strong>Actividades complementarias<\/strong>: sesiones de aquagym, aquasuave o aquabike amenizar\u00e1n su estancia. Prueba el Hiit Concept, esta actividad intensiva y repetida de 24 minutos para perder peso y aumentar tu metabolismo. Fuera de los muros, puede probar a caminar con bastones din\u00e1micos o aprovechar los consejos de nuestros entrenadores deportivos.<br> <\/li>\n\n\n\n<li><strong>Duraci\u00f3n de la estancia <\/strong>: una estancia m\u00e1s larga permite a los clientes aprovechar al m\u00e1ximo los beneficios de la talasoterapia. Las ofertas a medida de 1 a 6 d\u00edas se a\u00f1aden al cat\u00e1logo del establecimiento.<\/li>\n<\/ul>\n<\/div><\/div>\n\n\n\n<div class=\"wp-block-buttons is-horizontal is-content-justification-center is-layout-flex wp-container-core-buttons-is-layout-499968f5 wp-block-buttons-is-layout-flex\">\n<div class=\"wp-block-button\"><a class=\"wp-block-button__link wp-element-button\" href=\"\/activites\/LOIAQU064FS0001N-complexe-hotelier-et-relais-thalasso-hendaye\/\"><br>M\u00e1s informaci\u00f3n sobre el complejo de talasoterapia<\/a><\/div>\n\n\n\n<div class=\"wp-block-button\"><a class=\"wp-block-button__link wp-element-button\" href=\"\/hebergements\/hotels\/HOTAQU06401VFSB8-relais-thalasso-hotel-serge-blanco\/\"><br>M\u00e1s informaci\u00f3n sobre el hotel Relais Thalasso<\/a><\/div>\n<\/div>\n\n\n\n<div style=\"height:60px\" aria-hidden=\"true\" class=\"wp-block-spacer\"><\/div>\n\n\n\n<figure class=\"wp-block-image alignwide size-large\"><img decoding=\"async\" width=\"1024\" height=\"683\" src=\"https:\/\/www.hendaye-tourisme.fr\/wp-content\/uploads\/2023\/11\/Relais-Thalasso-Hendaye-20211026-468-1024x683.jpg\" alt=\"Una pareja sube las escaleras del Relais Thalasso Hendaya, en la costa vasca.\" class=\"wp-image-2001\" srcset=\"https:\/\/www.hendaye-tourisme.fr\/wp-content\/uploads\/2023\/11\/Relais-Thalasso-Hendaye-20211026-468-1024x683.jpg 1024w, https:\/\/www.hendaye-tourisme.fr\/wp-content\/uploads\/2023\/11\/Relais-Thalasso-Hendaye-20211026-468-800x534.jpg 800w, https:\/\/www.hendaye-tourisme.fr\/wp-content\/uploads\/2023\/11\/Relais-Thalasso-Hendaye-20211026-468-768x512.jpg 768w, https:\/\/www.hendaye-tourisme.fr\/wp-content\/uploads\/2023\/11\/Relais-Thalasso-Hendaye-20211026-468-1536x1024.jpg 1536w, https:\/\/www.hendaye-tourisme.fr\/wp-content\/uploads\/2023\/11\/Relais-Thalasso-Hendaye-20211026-468-scaled.jpg 2048w\" sizes=\"(max-width: 1024px) 100vw, 1024px\" \/><\/figure>\n\n\n\n<div class=\"wp-block-group\"><div class=\"wp-block-group__inner-container is-layout-constrained wp-block-group-is-layout-constrained\">\n<figure class=\"wp-block-gallery has-nested-images columns-default is-cropped wp-block-gallery-1 is-layout-flex wp-block-gallery-is-layout-flex\">\n<figure class=\"wp-block-image size-large\"><img decoding=\"async\" width=\"1024\" height=\"683\" data-id=\"2013\" src=\"https:\/\/www.hendaye-tourisme.fr\/wp-content\/uploads\/2023\/11\/Relais-Thalasso-Hendaye-20211026-793-1024x683.jpg\" alt=\"Cliente disfrutando de una sesi\u00f3n de fitness en la playa, con Relais Thalasso Hendaya, en la Costa Vasca.\" class=\"wp-image-2013\" srcset=\"https:\/\/www.hendaye-tourisme.fr\/wp-content\/uploads\/2023\/11\/Relais-Thalasso-Hendaye-20211026-793-1024x683.jpg 1024w, https:\/\/www.hendaye-tourisme.fr\/wp-content\/uploads\/2023\/11\/Relais-Thalasso-Hendaye-20211026-793-800x534.jpg 800w, https:\/\/www.hendaye-tourisme.fr\/wp-content\/uploads\/2023\/11\/Relais-Thalasso-Hendaye-20211026-793-768x512.jpg 768w, https:\/\/www.hendaye-tourisme.fr\/wp-content\/uploads\/2023\/11\/Relais-Thalasso-Hendaye-20211026-793-1536x1025.jpg 1536w, https:\/\/www.hendaye-tourisme.fr\/wp-content\/uploads\/2023\/11\/Relais-Thalasso-Hendaye-20211026-793.jpg 1920w\" sizes=\"(max-width: 1024px) 100vw, 1024px\" \/><\/figure>\n\n\n\n<figure class=\"wp-block-image size-large\"><img decoding=\"async\" width=\"1024\" height=\"683\" data-id=\"2009\" src=\"https:\/\/www.hendaye-tourisme.fr\/wp-content\/uploads\/2023\/11\/Relais-Thalasso-Hendaye-20211026-687-1024x683.jpg\" alt=\"Sesi\u00f3n de coaching deportivo para una pareja, en la playa, con Relais Thalasso Hendaya, en la Costa Vasca.\" class=\"wp-image-2009\" srcset=\"https:\/\/www.hendaye-tourisme.fr\/wp-content\/uploads\/2023\/11\/Relais-Thalasso-Hendaye-20211026-687-1024x683.jpg 1024w, https:\/\/www.hendaye-tourisme.fr\/wp-content\/uploads\/2023\/11\/Relais-Thalasso-Hendaye-20211026-687-800x534.jpg 800w, https:\/\/www.hendaye-tourisme.fr\/wp-content\/uploads\/2023\/11\/Relais-Thalasso-Hendaye-20211026-687-768x512.jpg 768w, https:\/\/www.hendaye-tourisme.fr\/wp-content\/uploads\/2023\/11\/Relais-Thalasso-Hendaye-20211026-687-1536x1024.jpg 1536w, https:\/\/www.hendaye-tourisme.fr\/wp-content\/uploads\/2023\/11\/Relais-Thalasso-Hendaye-20211026-687-scaled.jpg 2048w\" sizes=\"(max-width: 1024px) 100vw, 1024px\" \/><\/figure>\n<\/figure>\n<\/div><\/div>\n\n\n\n<figure class=\"wp-block-image alignwide size-large\"><img decoding=\"async\" width=\"1024\" height=\"683\" src=\"https:\/\/www.hendaye-tourisme.fr\/wp-content\/uploads\/2023\/11\/Thalasso_Blanco_Jacuzzi_Nuit-1024x683.jpg\" alt=\"Vista del Jaizkibel y del sur del Pa\u00eds Vasco desde la piscina exterior del Relais Thalasso Hendaya, en la Costa Vasca.\" class=\"wp-image-2005\" srcset=\"https:\/\/www.hendaye-tourisme.fr\/wp-content\/uploads\/2023\/11\/Thalasso_Blanco_Jacuzzi_Nuit-1024x683.jpg 1024w, https:\/\/www.hendaye-tourisme.fr\/wp-content\/uploads\/2023\/11\/Thalasso_Blanco_Jacuzzi_Nuit-800x533.jpg 800w, https:\/\/www.hendaye-tourisme.fr\/wp-content\/uploads\/2023\/11\/Thalasso_Blanco_Jacuzzi_Nuit-768x512.jpg 768w, https:\/\/www.hendaye-tourisme.fr\/wp-content\/uploads\/2023\/11\/Thalasso_Blanco_Jacuzzi_Nuit.jpg 1536w\" sizes=\"(max-width: 1024px) 100vw, 1024px\" \/><\/figure>\n","protected":false},"excerpt":{"rendered":"<p>Unas vacaciones junto al mar tambi\u00e9n pueden ser una oportunidad para disfrutar de una experiencia revitalizante, combinando los beneficios del agua de mar y los tratamientos de spa, todo ello en un entorno tranquilo. Deslizado entre el puerto deportivo y la Grande Plage (playa grande) a principios de los a\u00f1os [&hellip;]<\/p>\n","protected":false},"author":2,"featured_media":12424,"parent":15458,"menu_order":0,"comment_status":"closed","ping_status":"closed","template":"","meta":{"_acf_changed":false,"_seopress_robots_primary_cat":"","_seopress_titles_title":"Talasoterapia en Hendaya - Hendaya Turismo","_seopress_titles_desc":"","_seopress_robots_index":"","footnotes":""},"class_list":["post-15460","page","type-page","status-publish","has-post-thumbnail","hentry"],"acf":[],"_links":{"self":[{"href":"https:\/\/www.hendaye-tourisme.fr\/es\/wp-json\/wp\/v2\/pages\/15460","targetHints":{"allow":["GET"]}}],"collection":[{"href":"https:\/\/www.hendaye-tourisme.fr\/es\/wp-json\/wp\/v2\/pages"}],"about":[{"href":"https:\/\/www.hendaye-tourisme.fr\/es\/wp-json\/wp\/v2\/types\/page"}],"author":[{"embeddable":true,"href":"https:\/\/www.hendaye-tourisme.fr\/es\/wp-json\/wp\/v2\/users\/2"}],"replies":[{"embeddable":true,"href":"https:\/\/www.hendaye-tourisme.fr\/es\/wp-json\/wp\/v2\/comments?post=15460"}],"version-history":[{"count":1,"href":"https:\/\/www.hendaye-tourisme.fr\/es\/wp-json\/wp\/v2\/pages\/15460\/revisions"}],"predecessor-version":[{"id":87419,"href":"https:\/\/www.hendaye-tourisme.fr\/es\/wp-json\/wp\/v2\/pages\/15460\/revisions\/87419"}],"up":[{"embeddable":true,"href":"https:\/\/www.hendaye-tourisme.fr\/es\/wp-json\/wp\/v2\/pages\/15458"}],"wp:featuredmedia":[{"embeddable":true,"href":"https:\/\/www.hendaye-tourisme.fr\/es\/wp-json\/wp\/v2\/media\/12424"}],"wp:attachment":[{"href":"https:\/\/www.hendaye-tourisme.fr\/es\/wp-json\/wp\/v2\/media?parent=15460"}],"curies":[{"name":"wp","href":"https:\/\/api.w.org\/{rel}","templated":true}]}}