{"id":15447,"date":"2023-12-13T16:30:47","date_gmt":"2023-12-13T15:30:47","guid":{"rendered":"https:\/\/www.hendaye-tourisme.fr\/actividades\/otras-actividades\/juegos-de-pistas\/"},"modified":"2024-02-16T15:30:03","modified_gmt":"2024-02-16T14:30:03","slug":"juegos-de-pistas","status":"publish","type":"page","link":"https:\/\/www.hendaye-tourisme.fr\/es\/actividades\/otras-actividades\/juegos-de-pistas\/","title":{"rendered":"Juegos de pistas"},"content":{"rendered":"\n<div class=\"wp-block-columns is-layout-flex wp-container-core-columns-is-layout-9d6595d7 wp-block-columns-is-layout-flex\">\n<div class=\"wp-block-column is-layout-flow wp-block-column-is-layout-flow\" style=\"flex-basis:33.33%\"><div class=\"highlight-bloc-container \" id=\"ts-block-65368af54ee28\"  >\n\t<div class=\"highlight-bloc-content\">\n\t\t<div class=\"acf-innerblocks-container\">\n\n<h2 class=\"wp-block-heading suptitle\">Explore Hendaya con nuestras exclusivas b\u00fasquedas del tesoro: \u00a1enigm\u00e1ticas aventuras en tierras vascas!<\/h2>\n\n<\/div>\t<\/div>\n<\/div>\n<\/div>\n\n\n\n<div class=\"wp-block-column is-layout-flow wp-block-column-is-layout-flow\" style=\"flex-basis:66.66%\">\n<p>\u00a1Qu\u00e9 mejor manera de descubrir nuestra ciudad que <strong>poniendo a prueba tu mente l\u00f3gica y creativa<\/strong>!<\/p>\n\n\n\n<p>Le proponemos un reto: <strong>intente resolver los enigmas cuidadosamente ideados por nuestro equipo<\/strong>, que le guiar\u00e1n a trav\u00e9s de los tesoros ocultos de Hendaya&#8230;<\/p>\n\n\n\n<p><strong>Sum\u00e9rjase en la historia y la cultura locales<\/strong>, visitando lugares hist\u00f3ricos y aprendiendo <strong>datos fascinantes sobre el destino y algunas de sus excepcionales gentes<\/strong>.<\/p>\n\n\n\n<p>Ya sea en <strong>familia o con un grupo de amigos<\/strong>, nuestros juegos de pistas ofrecen una experiencia divertida&#8230; y puede que se lleve a casa el tesoro sagrado&#8230;<\/p>\n<\/div>\n<\/div>\n<div id=\"ts-block-6579d15c4bbaf\"  class=\"is-style-map\">\n\t\t<script type=\"text\/javascript\">\n\t\tvar tsObjects = {\"type\":\"FeatureCollection\",\"features\":[{\"geometry\":{\"type\":\"Point\",\"coordinates\":[-1.77229,43.3734]},\"type\":\"Feature\",\"id\":\"PCUAQU064FS000PJ\",\"properties\":{\"objectTypeCode\":\"PCU\",\"name\":\"Chasse au Tr\\u00e9sor \\\"Balea\\\"\",\"marker_id\":\"PCUAQU064FS000PJ\",\"commune\":\"HENDAYE\",\"display_city\":\"1\",\"cp\":\"64700\",\"ad1\":\"67 bis boulevard de la Mer\",\"gmapLongitude\":-1.77229,\"gmapLatitude\":43.3734,\"zone1\":null,\"telephone\":\"+33 5 59 20 00 34\",\"detail_url\":\"https:\\\/\\\/www.hendaye-tourisme.fr\\\/es\\\/actividades\\\/PCUAQU064FS000PJ-chasse-au-tresor-balea\\\/\",\"excerpt\":\"Se trata de una b\\u00fasqueda del tesoro que comienza en el centro de Hendaya (salida del Fuerte Vauban) y termina en el edificio \\\"La Croisi\\u00e8re\\\" en la zona de la playa. Este&hellip;\",\"display_excerpt\":\"1\",\"photo\":\"https:\\\/\\\/www.hendaye-tourisme.fr\\\/wp-content\\\/uploads\\\/tis\\\/Chasse-au-tresor-1-4.jpg\",\"clas\":null,\"btn_label\":\"Ver m\\u00e1s\",\"btn_class\":null,\"durable\":false,\"charte\":\"\",\"durable_label\":\"Desarrollo sostenible\",\"online_bookable\":false,\"price_from\":false,\"tags\":[{\"object_tag_id\":\"107991\",\"syndicObjectID\":\"PCUAQU064FS000PJ\",\"tag_id\":\"10\",\"subtag_id\":\"96\",\"field\":\"Visite guid\\u00e9e de ville, village\"}],\"type\":\"Place\"}},{\"geometry\":{\"type\":\"Point\",\"coordinates\":[-1.77229,43.3734]},\"type\":\"Feature\",\"id\":\"PCUAQU064V5AZDZ1\",\"properties\":{\"objectTypeCode\":\"PCU\",\"name\":\"Chasse au Tr\\u00e9sor \\\"Sur les traces du renard basque\\\"\",\"marker_id\":\"PCUAQU064V5AZDZ1\",\"commune\":\"HENDAYE\",\"display_city\":\"1\",\"cp\":\"64700\",\"ad1\":\"67 bis boulevard de la Mer\",\"gmapLongitude\":-1.77229,\"gmapLatitude\":43.3734,\"zone1\":null,\"telephone\":\"+33 5 59 20 00 34\",\"detail_url\":\"https:\\\/\\\/www.hendaye-tourisme.fr\\\/es\\\/actividades\\\/PCUAQU064V5AZDZ1-chasse-au-tresor-sur-les-traces-du-renard-basque\\\/\",\"excerpt\":\"Se trata de una b\\u00fasqueda del tesoro que parte de la playa de Hendaya (salida desde el paseo mar\\u00edtimo). Este paquete es adecuado para ni\\u00f1os de 7 a 12 a\\u00f1os. El objetivo&hellip;\",\"display_excerpt\":\"1\",\"photo\":\"https:\\\/\\\/www.hendaye-tourisme.fr\\\/wp-content\\\/uploads\\\/tis\\\/Renard-basque.jpg\",\"clas\":null,\"btn_label\":\"Ver m\\u00e1s\",\"btn_class\":null,\"durable\":false,\"charte\":\"\",\"durable_label\":\"Desarrollo sostenible\",\"online_bookable\":false,\"price_from\":false,\"tags\":[{\"object_tag_id\":\"107993\",\"syndicObjectID\":\"PCUAQU064V5AZDZ1\",\"tag_id\":\"10\",\"subtag_id\":\"96\",\"field\":\"Visite guid\\u00e9e de ville, village\"}],\"type\":\"Place\"}}]};\n\t<\/script>\n\n\t\t\n\n<div id=\"tourinsoft-loader\">\n\t<div class=\"outer\">\n\t\t<div class=\"inner\">\n\t\t\t<div class=\"small\"><\/div>\n\t\t\t<div class=\"small\"><\/div>\n\t\t\t<div class=\"small\"><\/div>\n\t\t\t<div class=\"small\"><\/div>\n\t\t<\/div>\n\t\t<div class=\"big\">\n\t\t\t<div class=\"small\"><\/div>\n\t\t<\/div>\n\t\t<div class=\"big\">\n\t\t\t<div class=\"small\"><\/div>\n\t\t<\/div>\n\t<\/div>\n<\/div>\n\n\n<div style=\"height:50px\" aria-hidden=\"true\" class=\"wp-block-spacer\" id=\"form-results\"><\/div>\n\n\n<div id=\"tourinsoft-list\" class=\"py wp-block-group alignfull \">\n\t<div class=\"tourinsoft-map-container\">\n\t\t<div id=\"tourinsoft-result-list\">\n\t\t\t\t\t\t<div id=\"tourinsoft-result-container\" >\n\t\t\t\n\t\t\t\t\t\t\t\t<div id=\"js-marker-result\" class=\"grid-mode\" >\n\t\t\t\t\t\n\t\t\t\t\t<article class=\"js-marker tourinsoft-item tis-box \" id=\"marker-PCUAQU064FS000PJ\" data-lat=\"43.3734\" data-lng=\"-1.77229\" data-title=\"Chasse au Tr\u00e9sor \"Balea\"\">\n\t<a href=\"https:\/\/www.hendaye-tourisme.fr\/es\/actividades\/PCUAQU064FS000PJ-chasse-au-tresor-balea\/\" class=\"trk_visit_single\">\n\t\t<div class=\"tis-item-cover \">\n\t\t\t\t\t\t\t\t\t<img decoding=\"async\" src=\"https:\/\/www.hendaye-tourisme.fr\/wp-content\/uploads\/tis\/Chasse-au-tresor-1-4.jpg\" title=\"Chasse au Tr\u00e9sor Balea\" alt=\"Chasse au Tr\u00e9sor Balea\" loading=\"lazy\" \/>\n\t\t\t\t\t\t\t\t<div class=\"tis-item-label-container\">\n\t\t\t\t\t\t\t\t\t<!--<span class=\"tis-item-handicap\"><img decoding=\"async\" src=\"https:\/\/www.hendaye-tourisme.fr\/wp-content\/plugins\/tourinsoft-syndication\/assets\/images\/icon-handicap.svg\" title=\"\" alt=\"\" \/><\/span>-->\n\t\t\t\t\t\t\t\t\t\t\t<\/div>\n\t\t\t\t\t<\/div>\n\t\t\n\t\t\n\t\t\n\t\t<h3>\t\t\tChasse au Tr\u00e9sor \u00abBalea\u00bb\t\t<\/h3>\n\t\t\t<\/a>\n\t\n\t\t\t\t\t\t<div class=\"tis-item-tags\">\n\t\t\t\t\t\t\t\t<span class=\"tis-item-tag\">Visite guid\u00e9e de ville, village<\/span>\n\t\t\t\t\t\t\t<\/div>\n\t\t\t\t\n\t<p>Se trata de una b\u00fasqueda del tesoro que comienza en el centro de Hendaya (salida del Fuerte Vauban) y termina en el edificio \u00abLa Croisi\u00e8re\u00bb en la zona de la playa. Este&hellip;<\/p>\t\n\t<strong class=\"tis-box-city\">HENDAYE<\/strong>\t\n\t<div class=\"wp-block-button is-style-outline\">\n\t\t<a href=\"https:\/\/www.hendaye-tourisme.fr\/es\/actividades\/PCUAQU064FS000PJ-chasse-au-tresor-balea\/\" class=\"trk_visit_single wp-block-button__link has-dark-color has-white-background-color \">Ver m\u00e1s<\/a>\n\t<\/div>\n\t\n<\/article>\t<article class=\"js-marker tourinsoft-item tis-box \" id=\"marker-PCUAQU064V5AZDZ1\" data-lat=\"43.3734\" data-lng=\"-1.77229\" data-title=\"Chasse au Tr\u00e9sor \"Sur les traces du renard basque\"\">\n\t<a href=\"https:\/\/www.hendaye-tourisme.fr\/es\/actividades\/PCUAQU064V5AZDZ1-chasse-au-tresor-sur-les-traces-du-renard-basque\/\" class=\"trk_visit_single\">\n\t\t<div class=\"tis-item-cover \">\n\t\t\t\t\t\t\t\t\t<img decoding=\"async\" src=\"https:\/\/www.hendaye-tourisme.fr\/wp-content\/uploads\/tis\/Renard-basque.jpg\" title=\"Chasse au Tr\u00e9sor Sur les traces du renard basque\" alt=\"Chasse au Tr\u00e9sor Sur les traces du renard basque\" loading=\"lazy\" \/>\n\t\t\t\t\t\t\t\t<div class=\"tis-item-label-container\">\n\t\t\t\t\t\t\t\t\t<!--<span class=\"tis-item-handicap\"><img decoding=\"async\" src=\"https:\/\/www.hendaye-tourisme.fr\/wp-content\/plugins\/tourinsoft-syndication\/assets\/images\/icon-handicap.svg\" title=\"\" alt=\"\" \/><\/span>-->\n\t\t\t\t\t\t\t\t\t\t\t<\/div>\n\t\t\t\t\t<\/div>\n\t\t\n\t\t\n\t\t\n\t\t<h3>\t\t\tChasse au Tr\u00e9sor \u00abSur les traces du renard basque\u00bb\t\t<\/h3>\n\t\t\t<\/a>\n\t\n\t\t\t\t\t\t<div class=\"tis-item-tags\">\n\t\t\t\t\t\t\t\t<span class=\"tis-item-tag\">Visite guid\u00e9e de ville, village<\/span>\n\t\t\t\t\t\t\t<\/div>\n\t\t\t\t\n\t<p>Se trata de una b\u00fasqueda del tesoro que parte de la playa de Hendaya (salida desde el paseo mar\u00edtimo). Este paquete es adecuado para ni\u00f1os de 7 a 12 a\u00f1os. El objetivo&hellip;<\/p>\t\n\t<strong class=\"tis-box-city\">HENDAYE<\/strong>\t\n\t<div class=\"wp-block-button is-style-outline\">\n\t\t<a href=\"https:\/\/www.hendaye-tourisme.fr\/es\/actividades\/PCUAQU064V5AZDZ1-chasse-au-tresor-sur-les-traces-du-renard-basque\/\" class=\"trk_visit_single wp-block-button__link has-dark-color has-white-background-color \">Ver m\u00e1s<\/a>\n\t<\/div>\n\t\n<\/article>\t\t\t\t\t<\/div>\n\t\t\t<\/div>\n\t\t<\/div>\n\t\t<div id=\"tourinsoft-map\"  data-marker=\"https:\/\/www.hendaye-tourisme.fr\/wp-content\/plugins\/tourinsoft-syndication\/assets\/images\/map-marker.png\" data-lat=\"43.35940200\" data-lng=\"-1.76615000\" data-zoom=\"10\"><\/div>\n\t<\/div>\n<\/div>\n\n\n<div style=\"height:50px\" aria-hidden=\"true\" class=\"wp-block-spacer\"><\/div>\n\n<\/div>\n","protected":false},"excerpt":{"rendered":"<p>\u00a1Qu\u00e9 mejor manera de descubrir nuestra ciudad que poniendo a prueba tu mente l\u00f3gica y creativa! Le proponemos un reto: intente resolver los enigmas cuidadosamente ideados por nuestro equipo, que le guiar\u00e1n a trav\u00e9s de los tesoros ocultos de Hendaya&#8230; Sum\u00e9rjase en la historia y la cultura locales, visitando lugares [&hellip;]<\/p>\n","protected":false},"author":2,"featured_media":3702,"parent":15440,"menu_order":3,"comment_status":"closed","ping_status":"closed","template":"","meta":{"_acf_changed":false,"_seopress_robots_primary_cat":"","_seopress_titles_title":"","_seopress_titles_desc":"","_seopress_robots_index":"","footnotes":""},"class_list":["post-15447","page","type-page","status-publish","has-post-thumbnail","hentry"],"acf":[],"_links":{"self":[{"href":"https:\/\/www.hendaye-tourisme.fr\/es\/wp-json\/wp\/v2\/pages\/15447","targetHints":{"allow":["GET"]}}],"collection":[{"href":"https:\/\/www.hendaye-tourisme.fr\/es\/wp-json\/wp\/v2\/pages"}],"about":[{"href":"https:\/\/www.hendaye-tourisme.fr\/es\/wp-json\/wp\/v2\/types\/page"}],"author":[{"embeddable":true,"href":"https:\/\/www.hendaye-tourisme.fr\/es\/wp-json\/wp\/v2\/users\/2"}],"replies":[{"embeddable":true,"href":"https:\/\/www.hendaye-tourisme.fr\/es\/wp-json\/wp\/v2\/comments?post=15447"}],"version-history":[{"count":1,"href":"https:\/\/www.hendaye-tourisme.fr\/es\/wp-json\/wp\/v2\/pages\/15447\/revisions"}],"predecessor-version":[{"id":15448,"href":"https:\/\/www.hendaye-tourisme.fr\/es\/wp-json\/wp\/v2\/pages\/15447\/revisions\/15448"}],"up":[{"embeddable":true,"href":"https:\/\/www.hendaye-tourisme.fr\/es\/wp-json\/wp\/v2\/pages\/15440"}],"wp:featuredmedia":[{"embeddable":true,"href":"https:\/\/www.hendaye-tourisme.fr\/es\/wp-json\/wp\/v2\/media\/3702"}],"wp:attachment":[{"href":"https:\/\/www.hendaye-tourisme.fr\/es\/wp-json\/wp\/v2\/media?parent=15447"}],"curies":[{"name":"wp","href":"https:\/\/api.w.org\/{rel}","templated":true}]}}