{"id":15386,"date":"2023-12-12T10:21:43","date_gmt":"2023-12-12T09:21:43","guid":{"rendered":"https:\/\/www.hendaye-tourisme.fr\/actividades\/actividades-deportivas\/stand-up-paddle-sup\/"},"modified":"2024-02-15T16:52:12","modified_gmt":"2024-02-15T15:52:12","slug":"stand-up-paddle-sup","status":"publish","type":"page","link":"https:\/\/www.hendaye-tourisme.fr\/es\/actividades\/actividades-deportivas\/stand-up-paddle-sup\/","title":{"rendered":"Stand Up Paddle (SUP)"},"content":{"rendered":"\n<p>P\u00e1rese en las aguas cristalinas de la playa de Hendaya y disfrute de una agradable excursi\u00f3n al alcance de todos.<\/p>\n\n<p>Tanto si es principiante como experto, salte al agua con confianza y benef\u00edciese de las \u00faltimas tendencias en equipamiento.<\/p>\n\n<p>Ya sea al amanecer o al atardecer, reg\u00e1lese un momento \u00edntimo y privilegiado en compa\u00f1\u00eda de los elementos que le rodean, como el paseo mar\u00edtimo virgen, las emblem\u00e1ticas Rocas Gemelas, los acantilados de flysch t\u00edpicos de la Costa Vasca&#8230; o incluso las primeras cumbres de los Pirineos.<\/p>\n<div id=\"ts-block-657827e148421\"  class=\"is-style-map\">\n\t\t<script type=\"text\/javascript\">\n\t\tvar tsObjects = {\"type\":\"FeatureCollection\",\"features\":[{\"geometry\":{\"type\":\"Point\",\"coordinates\":[-1.78146,43.3678]},\"type\":\"Feature\",\"id\":\"ASCAQU064FS000JT\",\"properties\":{\"objectTypeCode\":\"ASC\",\"name\":\"Atlantic Pirogue\",\"marker_id\":\"ASCAQU064FS000JT\",\"commune\":\"HENDAYE\",\"display_city\":false,\"cp\":\"64700\",\"ad1\":\"Quai de la Floride\",\"gmapLongitude\":-1.78146,\"gmapLatitude\":43.3678,\"zone1\":null,\"telephone\":\"+33 5 59 47 21 67\",\"detail_url\":\"https:\\\/\\\/www.hendaye-tourisme.fr\\\/es\\\/actividades\\\/ASCAQU064FS000JT-atlantic-pirogue\\\/\",\"excerpt\":\"Nuestros packages : - divertida y amigable vuelta de la bah\\u00eda (2 horas) en kayak (1 o 2 plazas) y en canoa (4 o 8 plazas) - paseos en kayak de mar&hellip;\",\"display_excerpt\":\"1\",\"photo\":\"https:\\\/\\\/www.hendaye-tourisme.fr\\\/wp-content\\\/uploads\\\/tis\\\/20170614-120139.jpg\",\"clas\":null,\"btn_label\":\"Ver m\\u00e1s\",\"btn_class\":null,\"durable\":false,\"charte\":\"\",\"durable_label\":\"Desarrollo sostenible\",\"online_bookable\":false,\"price_from\":false,\"tags\":[{\"object_tag_id\":\"100676\",\"syndicObjectID\":\"ASCAQU064FS000JT\",\"tag_id\":\"5\",\"subtag_id\":\"7\",\"field\":\"Kayak de mer\"},{\"object_tag_id\":\"100674\",\"syndicObjectID\":\"ASCAQU064FS000JT\",\"tag_id\":\"5\",\"subtag_id\":\"7\",\"field\":\"Pirogue\"},{\"object_tag_id\":\"100675\",\"syndicObjectID\":\"ASCAQU064FS000JT\",\"tag_id\":\"5\",\"subtag_id\":\"7\",\"field\":\"Wave-ski\"}],\"type\":\"Place\"}},{\"geometry\":{\"type\":\"Point\",\"coordinates\":[-1.77303,43.3732]},\"type\":\"Feature\",\"id\":\"ASCAQU064FS000HD\",\"properties\":{\"objectTypeCode\":\"ASC\",\"name\":\"Gold Coast - Ecole de surf\",\"marker_id\":\"ASCAQU064FS000HD\",\"commune\":\"HENDAYE\",\"display_city\":false,\"cp\":\"64700\",\"ad1\":\"71 boulevard de la Mer \",\"gmapLongitude\":-1.77303,\"gmapLatitude\":43.3732,\"zone1\":null,\"telephone\":\"+33 5 59 20 31 44\",\"detail_url\":\"https:\\\/\\\/www.hendaye-tourisme.fr\\\/es\\\/actividades\\\/ASCAQU064FS000HD-gold-coast-ecole-de-surf\\\/\",\"excerpt\":\"Reconocida por la federaci\\u00f3n francesa de Surf Los pies en el agua, nuestra escuela os recibe desde Pascua hasta fin de octubre. Monitores diplomados. Clases colectivas y cursos de todo nivel. Surf,&hellip;\",\"display_excerpt\":\"1\",\"photo\":\"https:\\\/\\\/www.hendaye-tourisme.fr\\\/wp-content\\\/uploads\\\/tis\\\/Gold-Coast-Photo-GA-2025.jpg\",\"clas\":null,\"btn_label\":\"Ver m\\u00e1s\",\"btn_class\":null,\"durable\":false,\"charte\":\"\",\"durable_label\":\"Desarrollo sostenible\",\"online_bookable\":false,\"price_from\":false,\"tags\":[{\"object_tag_id\":\"110330\",\"syndicObjectID\":\"ASCAQU064FS000HD\",\"tag_id\":\"5\",\"subtag_id\":\"89\",\"field\":\"Surf\"}],\"type\":\"Place\"}},{\"geometry\":{\"type\":\"Point\",\"coordinates\":[-1.77862,43.3696]},\"type\":\"Feature\",\"id\":\"ASCAQU064FS0005S\",\"properties\":{\"objectTypeCode\":\"ASC\",\"name\":\"Arteka Ocean - Centre multiglisse\",\"marker_id\":\"ASCAQU064FS0005S\",\"commune\":\"HENDAYE\",\"display_city\":false,\"cp\":\"64700\",\"ad1\":\"Rue des Orangers\",\"gmapLongitude\":-1.77862,\"gmapLatitude\":43.3696,\"zone1\":null,\"telephone\":\"\",\"detail_url\":\"https:\\\/\\\/www.hendaye-tourisme.fr\\\/es\\\/actividades\\\/ASCAQU064FS0005S-arteka-ocean-centre-multiglisse\\\/\",\"excerpt\":\"CENTRO MULTI-GLISSE OXBOW F\\u00f3rmulas : - Clase colectiva \\\/ Clase particular a - Tarifas para familias y grupos a - Alquiler de stand up paddle\",\"display_excerpt\":\"1\",\"photo\":\"https:\\\/\\\/www.hendaye-tourisme.fr\\\/wp-content\\\/uploads\\\/tis\\\/cap-du-figuier-min.jpg\",\"clas\":null,\"btn_label\":\"Ver m\\u00e1s\",\"btn_class\":null,\"durable\":false,\"charte\":\"\",\"durable_label\":\"Desarrollo sostenible\",\"online_bookable\":\"Reservas en l\\u00ednea\",\"price_from\":false,\"tags\":[{\"object_tag_id\":\"108796\",\"syndicObjectID\":\"ASCAQU064FS0005S\",\"tag_id\":\"5\",\"subtag_id\":\"7\",\"field\":\"Kayak de mer\"},{\"object_tag_id\":\"108797\",\"syndicObjectID\":\"ASCAQU064FS0005S\",\"tag_id\":\"5\",\"subtag_id\":\"7\",\"field\":\"Wave-ski\"}],\"type\":\"Place\"}},{\"geometry\":{\"type\":\"Point\",\"coordinates\":[-1.78556,43.3714]},\"type\":\"Feature\",\"id\":\"ASCAQU064FS000S2\",\"properties\":{\"objectTypeCode\":\"ASC\",\"name\":\"Newschool\",\"marker_id\":\"ASCAQU064FS000S2\",\"commune\":\"HENDAYE\",\"display_city\":false,\"cp\":\"64700\",\"ad1\":\"123 boulevard de la Mer\",\"gmapLongitude\":-1.78556,\"gmapLatitude\":43.3714,\"zone1\":null,\"telephone\":\"+33 5 59 26 07 93\",\"detail_url\":\"https:\\\/\\\/www.hendaye-tourisme.fr\\\/es\\\/actividades\\\/ASCAQU064FS000S2-newschool\\\/\",\"excerpt\":\"Escuela de surf con el sello \\\"Ecole fran\\u00e7aise de surf\\\". Abierta todo el a\\u00f1o. Descubrimiento, perfeccionamiento, entrenamiento. Descubrimiento de los sitios de encanto de la costa fuera de temporada.\",\"display_excerpt\":\"1\",\"photo\":\"https:\\\/\\\/www.hendaye-tourisme.fr\\\/wp-content\\\/uploads\\\/tis\\\/GOPR1816-Tourinsoft.jpg\",\"clas\":null,\"btn_label\":\"Ver m\\u00e1s\",\"btn_class\":null,\"durable\":false,\"charte\":\"\",\"durable_label\":\"Desarrollo sostenible\",\"online_bookable\":false,\"price_from\":false,\"tags\":[{\"object_tag_id\":\"108830\",\"syndicObjectID\":\"ASCAQU064FS000S2\",\"tag_id\":\"5\",\"subtag_id\":\"89\",\"field\":\"Surf\"}],\"type\":\"Place\"}},{\"geometry\":{\"type\":\"Point\",\"coordinates\":[-1.77727,43.37]},\"type\":\"Feature\",\"id\":\"ASCAQU064FS0002N\",\"properties\":{\"objectTypeCode\":\"ASC\",\"name\":\"Les Voiles d'Hendaye - Hendaia Bela\",\"marker_id\":\"ASCAQU064FS0002N\",\"commune\":\"HENDAYE\",\"display_city\":false,\"cp\":\"64700\",\"ad1\":\"Boulevard de la Baie de Txingudi\",\"gmapLongitude\":-1.77727,\"gmapLatitude\":43.37,\"zone1\":null,\"telephone\":\"+33 5 59 03 17 47\",\"detail_url\":\"https:\\\/\\\/www.hendaye-tourisme.fr\\\/es\\\/actividades\\\/ASCAQU064FS0002N-les-voiles-dhendaye-hendaia-bela\\\/\",\"excerpt\":\"Cursillos para grupos e individuales. Alquiler de material. Bono n\\u00e1utico.\",\"display_excerpt\":\"1\",\"photo\":\"https:\\\/\\\/www.hendaye-tourisme.fr\\\/wp-content\\\/uploads\\\/tis\\\/Image-Tourinsoft-11.jpg\",\"clas\":null,\"btn_label\":\"Ver m\\u00e1s\",\"btn_class\":null,\"durable\":false,\"charte\":\"\",\"durable_label\":\"Desarrollo sostenible\",\"online_bookable\":\"Reservas en l\\u00ednea\",\"price_from\":false,\"tags\":[{\"object_tag_id\":\"104554\",\"syndicObjectID\":\"ASCAQU064FS0002N\",\"tag_id\":\"5\",\"subtag_id\":\"7\",\"field\":\"Kayak de mer\"},{\"object_tag_id\":\"104553\",\"syndicObjectID\":\"ASCAQU064FS0002N\",\"tag_id\":\"5\",\"subtag_id\":\"7\",\"field\":\"Planche \\u00e0 voile\"},{\"object_tag_id\":\"104552\",\"syndicObjectID\":\"ASCAQU064FS0002N\",\"tag_id\":\"5\",\"subtag_id\":\"7\",\"field\":\"Voile\"}],\"type\":\"Place\"}}]};\n\t<\/script>\n\n\t\t\n\n<div id=\"tourinsoft-loader\">\n\t<div class=\"outer\">\n\t\t<div class=\"inner\">\n\t\t\t<div class=\"small\"><\/div>\n\t\t\t<div class=\"small\"><\/div>\n\t\t\t<div class=\"small\"><\/div>\n\t\t\t<div class=\"small\"><\/div>\n\t\t<\/div>\n\t\t<div class=\"big\">\n\t\t\t<div class=\"small\"><\/div>\n\t\t<\/div>\n\t\t<div class=\"big\">\n\t\t\t<div class=\"small\"><\/div>\n\t\t<\/div>\n\t<\/div>\n<\/div>\n\n\n<div style=\"height:50px\" aria-hidden=\"true\" class=\"wp-block-spacer\" id=\"form-results\"><\/div>\n\n\n<div id=\"tourinsoft-list\" class=\"py wp-block-group alignfull \">\n\t<div class=\"tourinsoft-map-container\">\n\t\t<div id=\"tourinsoft-result-list\">\n\t\t\t\t\t\t<div id=\"tourinsoft-result-container\" >\n\t\t\t\n\t\t\t\t\t\t\t\t<div id=\"js-marker-result\" class=\"grid-mode\" >\n\t\t\t\t\t\n\t\t\t\t\t<article class=\"js-marker tourinsoft-item tis-box \" id=\"marker-ASCAQU064FS000JT\" data-lat=\"43.3678\" data-lng=\"-1.78146\" data-title=\"Atlantic Pirogue\">\n\t<a href=\"https:\/\/www.hendaye-tourisme.fr\/es\/actividades\/ASCAQU064FS000JT-atlantic-pirogue\/\" class=\"trk_visit_single\">\n\t\t<div class=\"tis-item-cover \">\n\t\t\t\t\t\t\t\t\t<img decoding=\"async\" src=\"https:\/\/www.hendaye-tourisme.fr\/wp-content\/uploads\/tis\/20170614-120139.jpg\" title=\"Atlantic Pirogue\" alt=\"Atlantic Pirogue\" loading=\"lazy\" \/>\n\t\t\t\t\t\t\t\t<div class=\"tis-item-label-container\">\n\t\t\t\t\t\t\t\t\t<!--<span class=\"tis-item-handicap\"><img decoding=\"async\" src=\"https:\/\/www.hendaye-tourisme.fr\/wp-content\/plugins\/tourinsoft-syndication\/assets\/images\/icon-handicap.svg\" title=\"\" alt=\"\" \/><\/span>-->\n\t\t\t\t\t\t\t\t\t\t\t<\/div>\n\t\t\t\t\t<\/div>\n\t\t\n\t\t\n\t\t\n\t\t<h3>\t\t\tAtlantic Pirogue\t\t<\/h3>\n\t\t\t<\/a>\n\t\n\t\t\t\t\t\t<div class=\"tis-item-tags\">\n\t\t\t\t\t\t\t\t<span class=\"tis-item-tag\">Kayak de mer<\/span>\n\t\t\t\t\t\t\t\t<span class=\"tis-item-tag\">Pirogue<\/span>\n\t\t\t\t\t\t\t\t<span class=\"tis-item-tag\">Wave-ski<\/span>\n\t\t\t\t\t\t\t<\/div>\n\t\t\t\t\n\t<p>Nuestros packages : &#8211; divertida y amigable vuelta de la bah\u00eda (2 horas) en kayak (1 o 2 plazas) y en canoa (4 o 8 plazas) &#8211; paseos en kayak de mar&hellip;<\/p>\t\n\t\t\n\t<div class=\"wp-block-button is-style-outline\">\n\t\t<a href=\"https:\/\/www.hendaye-tourisme.fr\/es\/actividades\/ASCAQU064FS000JT-atlantic-pirogue\/\" class=\"trk_visit_single wp-block-button__link has-dark-color has-white-background-color \">Ver m\u00e1s<\/a>\n\t<\/div>\n\t\n<\/article>\t<article class=\"js-marker tourinsoft-item tis-box \" id=\"marker-ASCAQU064FS000HD\" data-lat=\"43.3732\" data-lng=\"-1.77303\" data-title=\"Gold Coast - Ecole de surf\">\n\t<a href=\"https:\/\/www.hendaye-tourisme.fr\/es\/actividades\/ASCAQU064FS000HD-gold-coast-ecole-de-surf\/\" class=\"trk_visit_single\">\n\t\t<div class=\"tis-item-cover \">\n\t\t\t\t\t\t\t\t\t<img decoding=\"async\" src=\"https:\/\/www.hendaye-tourisme.fr\/wp-content\/uploads\/tis\/Gold-Coast-Photo-GA-2025.jpg\" title=\"Gold Coast - Ecole de surf\" alt=\"Gold Coast - Ecole de surf\" loading=\"lazy\" \/>\n\t\t\t\t\t\t\t\t<div class=\"tis-item-label-container\">\n\t\t\t\t\t\t\t\t\t<!--<span class=\"tis-item-handicap\"><img decoding=\"async\" src=\"https:\/\/www.hendaye-tourisme.fr\/wp-content\/plugins\/tourinsoft-syndication\/assets\/images\/icon-handicap.svg\" title=\"\" alt=\"\" \/><\/span>-->\n\t\t\t\t\t\t\t\t\t\t\t<\/div>\n\t\t\t\t\t<\/div>\n\t\t\n\t\t\n\t\t\n\t\t<h3>\t\t\tGold Coast &#8211; Ecole de surf\t\t<\/h3>\n\t\t\t<\/a>\n\t\n\t\t\t\t\t\t<div class=\"tis-item-tags\">\n\t\t\t\t\t\t\t\t<span class=\"tis-item-tag\">Surf<\/span>\n\t\t\t\t\t\t\t<\/div>\n\t\t\t\t\n\t<p>Reconocida por la federaci\u00f3n francesa de Surf Los pies en el agua, nuestra escuela os recibe desde Pascua hasta fin de octubre. Monitores diplomados. Clases colectivas y cursos de todo nivel. Surf,&hellip;<\/p>\t\n\t\t\n\t<div class=\"wp-block-button is-style-outline\">\n\t\t<a href=\"https:\/\/www.hendaye-tourisme.fr\/es\/actividades\/ASCAQU064FS000HD-gold-coast-ecole-de-surf\/\" class=\"trk_visit_single wp-block-button__link has-dark-color has-white-background-color \">Ver m\u00e1s<\/a>\n\t<\/div>\n\t\n<\/article>\t<article class=\"js-marker tourinsoft-item tis-box \" id=\"marker-ASCAQU064FS0005S\" data-lat=\"43.3696\" data-lng=\"-1.77862\" data-title=\"Arteka Ocean - Centre multiglisse\">\n\t<a href=\"https:\/\/www.hendaye-tourisme.fr\/es\/actividades\/ASCAQU064FS0005S-arteka-ocean-centre-multiglisse\/\" class=\"trk_visit_single\">\n\t\t<div class=\"tis-item-cover \">\n\t\t\t\t\t\t\t\t\t<img decoding=\"async\" src=\"https:\/\/www.hendaye-tourisme.fr\/wp-content\/uploads\/tis\/cap-du-figuier-min.jpg\" title=\"Arteka Ocean - Centre multiglisse\" alt=\"Arteka Ocean - Centre multiglisse\" loading=\"lazy\" \/>\n\t\t\t\t\t\t\t\t<div class=\"tis-item-label-container\">\n\t\t\t\t\t\t\t\t\t<!--<span class=\"tis-item-handicap\"><img decoding=\"async\" src=\"https:\/\/www.hendaye-tourisme.fr\/wp-content\/plugins\/tourinsoft-syndication\/assets\/images\/icon-handicap.svg\" title=\"\" alt=\"\" \/><\/span>-->\n\t\t\t\t\t\t\t\t\t\t\t<\/div>\n\t\t\t\t\t\t<div class=\"tis-item-online-booking\">\n\t\t\t\t<span>Reservas en l\u00ednea<\/span>\n\t\t\t<\/div>\n\t\t\t\t\t<\/div>\n\t\t\n\t\t\n\t\t\n\t\t<h3>\t\t\tArteka Ocean &#8211; Centre multiglisse\t\t<\/h3>\n\t\t\t<\/a>\n\t\n\t\t\t\t\t\t<div class=\"tis-item-tags\">\n\t\t\t\t\t\t\t\t<span class=\"tis-item-tag\">Kayak de mer<\/span>\n\t\t\t\t\t\t\t\t<span class=\"tis-item-tag\">Wave-ski<\/span>\n\t\t\t\t\t\t\t<\/div>\n\t\t\t\t\n\t<p>CENTRO MULTI-GLISSE OXBOW F\u00f3rmulas : &#8211; Clase colectiva \/ Clase particular a &#8211; Tarifas para familias y grupos a &#8211; Alquiler de stand up paddle<\/p>\t\n\t\t\n\t<div class=\"wp-block-button is-style-outline\">\n\t\t<a href=\"https:\/\/www.hendaye-tourisme.fr\/es\/actividades\/ASCAQU064FS0005S-arteka-ocean-centre-multiglisse\/\" class=\"trk_visit_single wp-block-button__link has-dark-color has-white-background-color \">Ver m\u00e1s<\/a>\n\t<\/div>\n\t\n<\/article>\t<article class=\"js-marker tourinsoft-item tis-box \" id=\"marker-ASCAQU064FS000S2\" data-lat=\"43.3714\" data-lng=\"-1.78556\" data-title=\"Newschool\">\n\t<a href=\"https:\/\/www.hendaye-tourisme.fr\/es\/actividades\/ASCAQU064FS000S2-newschool\/\" class=\"trk_visit_single\">\n\t\t<div class=\"tis-item-cover \">\n\t\t\t\t\t\t\t\t\t<img decoding=\"async\" src=\"https:\/\/www.hendaye-tourisme.fr\/wp-content\/uploads\/tis\/GOPR1816-Tourinsoft.jpg\" title=\"Newschool\" alt=\"Newschool\" loading=\"lazy\" \/>\n\t\t\t\t\t\t\t\t<div class=\"tis-item-label-container\">\n\t\t\t\t\t\t\t\t\t<!--<span class=\"tis-item-handicap\"><img decoding=\"async\" src=\"https:\/\/www.hendaye-tourisme.fr\/wp-content\/plugins\/tourinsoft-syndication\/assets\/images\/icon-handicap.svg\" title=\"\" alt=\"\" \/><\/span>-->\n\t\t\t\t\t\t\t\t\t\t\t<\/div>\n\t\t\t\t\t<\/div>\n\t\t\n\t\t\n\t\t\n\t\t<h3>\t\t\tNewschool\t\t<\/h3>\n\t\t\t<\/a>\n\t\n\t\t\t\t\t\t<div class=\"tis-item-tags\">\n\t\t\t\t\t\t\t\t<span class=\"tis-item-tag\">Surf<\/span>\n\t\t\t\t\t\t\t<\/div>\n\t\t\t\t\n\t<p>Escuela de surf con el sello \u00abEcole fran\u00e7aise de surf\u00bb. Abierta todo el a\u00f1o. Descubrimiento, perfeccionamiento, entrenamiento. Descubrimiento de los sitios de encanto de la costa fuera de temporada.<\/p>\t\n\t\t\n\t<div class=\"wp-block-button is-style-outline\">\n\t\t<a href=\"https:\/\/www.hendaye-tourisme.fr\/es\/actividades\/ASCAQU064FS000S2-newschool\/\" class=\"trk_visit_single wp-block-button__link has-dark-color has-white-background-color \">Ver m\u00e1s<\/a>\n\t<\/div>\n\t\n<\/article>\t<article class=\"js-marker tourinsoft-item tis-box \" id=\"marker-ASCAQU064FS0002N\" data-lat=\"43.37\" data-lng=\"-1.77727\" data-title=\"Les Voiles d'Hendaye - Hendaia Bela\">\n\t<a href=\"https:\/\/www.hendaye-tourisme.fr\/es\/actividades\/ASCAQU064FS0002N-les-voiles-dhendaye-hendaia-bela\/\" class=\"trk_visit_single\">\n\t\t<div class=\"tis-item-cover \">\n\t\t\t\t\t\t\t\t\t<img decoding=\"async\" src=\"https:\/\/www.hendaye-tourisme.fr\/wp-content\/uploads\/tis\/Image-Tourinsoft-11.jpg\" title=\"Les Voiles d'Hendaye - Hendaia Bela\" alt=\"Les Voiles d'Hendaye - Hendaia Bela\" loading=\"lazy\" \/>\n\t\t\t\t\t\t\t\t<div class=\"tis-item-label-container\">\n\t\t\t\t\t\t\t\t\t<!--<span class=\"tis-item-handicap\"><img decoding=\"async\" src=\"https:\/\/www.hendaye-tourisme.fr\/wp-content\/plugins\/tourinsoft-syndication\/assets\/images\/icon-handicap.svg\" title=\"\" alt=\"\" \/><\/span>-->\n\t\t\t\t\t\t\t\t\t\t\t<\/div>\n\t\t\t\t\t\t<div class=\"tis-item-online-booking\">\n\t\t\t\t<span>Reservas en l\u00ednea<\/span>\n\t\t\t<\/div>\n\t\t\t\t\t<\/div>\n\t\t\n\t\t\n\t\t\n\t\t<h3>\t\t\tLes Voiles d&#8217;Hendaye &#8211; Hendaia Bela\t\t<\/h3>\n\t\t\t<\/a>\n\t\n\t\t\t\t\t\t<div class=\"tis-item-tags\">\n\t\t\t\t\t\t\t\t<span class=\"tis-item-tag\">Kayak de mer<\/span>\n\t\t\t\t\t\t\t\t<span class=\"tis-item-tag\">Planche \u00e0 voile<\/span>\n\t\t\t\t\t\t\t\t<span class=\"tis-item-tag\">Voile<\/span>\n\t\t\t\t\t\t\t<\/div>\n\t\t\t\t\n\t<p>Cursillos para grupos e individuales. Alquiler de material. Bono n\u00e1utico.<\/p>\t\n\t\t\n\t<div class=\"wp-block-button is-style-outline\">\n\t\t<a href=\"https:\/\/www.hendaye-tourisme.fr\/es\/actividades\/ASCAQU064FS0002N-les-voiles-dhendaye-hendaia-bela\/\" class=\"trk_visit_single wp-block-button__link has-dark-color has-white-background-color \">Ver m\u00e1s<\/a>\n\t<\/div>\n\t\n<\/article>\t\t\t\t\t<\/div>\n\t\t\t<\/div>\n\t\t<\/div>\n\t\t<div id=\"tourinsoft-map\"  data-marker=\"https:\/\/www.hendaye-tourisme.fr\/wp-content\/plugins\/tourinsoft-syndication\/assets\/images\/map-marker.png\" data-lat=\"43.35940200\" data-lng=\"-1.76615000\" data-zoom=\"10\"><\/div>\n\t<\/div>\n<\/div>\n\n\n<div style=\"height:50px\" aria-hidden=\"true\" class=\"wp-block-spacer\"><\/div>\n\n<\/div>\n","protected":false},"excerpt":{"rendered":"<p>P\u00e1rese en las aguas cristalinas de la playa de Hendaya y disfrute de una agradable excursi\u00f3n al alcance de todos. Tanto si es principiante como experto, salte al agua con confianza y benef\u00edciese de las \u00faltimas tendencias en equipamiento. Ya sea al amanecer o al atardecer, reg\u00e1lese un momento \u00edntimo [&hellip;]<\/p>\n","protected":false},"author":2,"featured_media":3184,"parent":15307,"menu_order":12,"comment_status":"closed","ping_status":"closed","template":"","meta":{"_acf_changed":false,"_seopress_robots_primary_cat":"","_seopress_titles_title":"","_seopress_titles_desc":"","_seopress_robots_index":"","footnotes":""},"class_list":["post-15386","page","type-page","status-publish","has-post-thumbnail","hentry"],"acf":[],"_links":{"self":[{"href":"https:\/\/www.hendaye-tourisme.fr\/es\/wp-json\/wp\/v2\/pages\/15386","targetHints":{"allow":["GET"]}}],"collection":[{"href":"https:\/\/www.hendaye-tourisme.fr\/es\/wp-json\/wp\/v2\/pages"}],"about":[{"href":"https:\/\/www.hendaye-tourisme.fr\/es\/wp-json\/wp\/v2\/types\/page"}],"author":[{"embeddable":true,"href":"https:\/\/www.hendaye-tourisme.fr\/es\/wp-json\/wp\/v2\/users\/2"}],"replies":[{"embeddable":true,"href":"https:\/\/www.hendaye-tourisme.fr\/es\/wp-json\/wp\/v2\/comments?post=15386"}],"version-history":[{"count":1,"href":"https:\/\/www.hendaye-tourisme.fr\/es\/wp-json\/wp\/v2\/pages\/15386\/revisions"}],"predecessor-version":[{"id":15387,"href":"https:\/\/www.hendaye-tourisme.fr\/es\/wp-json\/wp\/v2\/pages\/15386\/revisions\/15387"}],"up":[{"embeddable":true,"href":"https:\/\/www.hendaye-tourisme.fr\/es\/wp-json\/wp\/v2\/pages\/15307"}],"wp:featuredmedia":[{"embeddable":true,"href":"https:\/\/www.hendaye-tourisme.fr\/es\/wp-json\/wp\/v2\/media\/3184"}],"wp:attachment":[{"href":"https:\/\/www.hendaye-tourisme.fr\/es\/wp-json\/wp\/v2\/media?parent=15386"}],"curies":[{"name":"wp","href":"https:\/\/api.w.org\/{rel}","templated":true}]}}