{"id":15375,"date":"2023-12-12T09:28:39","date_gmt":"2023-12-12T08:28:39","guid":{"rendered":"https:\/\/www.hendaye-tourisme.fr\/actividades\/actividades-deportivas\/surf\/"},"modified":"2024-02-15T16:46:36","modified_gmt":"2024-02-15T15:46:36","slug":"surf","status":"publish","type":"page","link":"https:\/\/www.hendaye-tourisme.fr\/es\/actividades\/actividades-deportivas\/surf\/","title":{"rendered":"Surf"},"content":{"rendered":"\n<p>En familia o con amigos: \u00a1domina tus primeras olas!<\/p>\n\n<p>Por su configuraci\u00f3n en forma de bah\u00eda,<br\/>La playa de Hendaya es <strong>accesible<\/strong> con todas las mareas y es <strong>ideal para principiantes o para quienes deseen perfeccionarse<\/strong>: \u00a1es <strong>la \u00abpista verde\u00bb del surf<\/strong>!<\/p>\n\n<p>Todas las escuelas de surf de Hendaya enumeradas a continuaci\u00f3n cumplen los requisitos legales y reglamentarios para supervisar las actividades de deportes acu\u00e1ticos.<\/p>\n\n<p>Dependiendo de lo que ofrezcan, pueden <strong>alquilarte tablas y otro material de surf<\/strong> (Stand Up Paddle), darte clases de surf u ofrecerte cursos de surf para que aprendas a cabalgar las olas del <a href=\"https:\/\/surf.tourisme64.com\/\/\" target=\"_blank\" rel=\"noreferrer noopener\">Pa\u00eds<\/a> Vasco.<\/p>\n\n<p>Eche un vistazo al <strong><a href=\"https:\/\/www.hendaye-tourisme.fr\/brochures\/\" data-type=\"page\" data-id=\"327\" target=\"_blank\" rel=\"noreferrer noopener\">calendario de mareas<\/a> <a href=\"https:\/\/www.hendaye-tourisme.fr\/images\/pages\/document\/document-30_1606298938-39395899.pdf\" target=\"_blank\" rel=\"noreferrer noopener\">s<\/a><\/strong> antes de meter la tabla en el coche \ud83d\ude09<\/p>\n<div id=\"ts-block-657819b735db0\"  class=\"is-style-map\">\n\t\t<script type=\"text\/javascript\">\n\t\tvar tsObjects = {\"type\":\"FeatureCollection\",\"features\":[{\"geometry\":{\"type\":\"Point\",\"coordinates\":[-1.77322,43.3732]},\"type\":\"Feature\",\"id\":\"ASCAQU064FS0005Q\",\"properties\":{\"objectTypeCode\":\"ASC\",\"name\":\"Ecole de surf Lehena\",\"marker_id\":\"ASCAQU064FS0005Q\",\"commune\":\"HENDAYE\",\"display_city\":\"1\",\"cp\":\"64700\",\"ad1\":\"71 boulevard de la Mer\",\"gmapLongitude\":-1.77322,\"gmapLatitude\":43.3732,\"zone1\":null,\"telephone\":\"+33 5 59 20 52 02\",\"detail_url\":\"https:\\\/\\\/www.hendaye-tourisme.fr\\\/es\\\/actividades\\\/ASCAQU064FS0005Q-ecole-de-surf-lehena\\\/\",\"excerpt\":\"Monitores diplomados. Cursos colectivos y particulares. Iniciac\\u00edon a perfeccionamiento. Alquiler \\\/ venta de material de surf, bodyboard. Abierto de avril a noviembre\",\"display_excerpt\":\"1\",\"photo\":\"https:\\\/\\\/www.hendaye-tourisme.fr\\\/wp-content\\\/uploads\\\/tis\\\/1-1209.jpg\",\"clas\":null,\"btn_label\":\"Ver m\\u00e1s\",\"btn_class\":null,\"durable\":false,\"charte\":\"\",\"durable_label\":\"Desarrollo sostenible\",\"online_bookable\":false,\"price_from\":false,\"tags\":[{\"object_tag_id\":\"112513\",\"syndicObjectID\":\"ASCAQU064FS0005Q\",\"tag_id\":\"5\",\"subtag_id\":\"89\",\"field\":\"Surf\"}],\"type\":\"Place\"}},{\"geometry\":{\"type\":\"Point\",\"coordinates\":[-1.77303,43.3732]},\"type\":\"Feature\",\"id\":\"ASCAQU064FS000HD\",\"properties\":{\"objectTypeCode\":\"ASC\",\"name\":\"Gold Coast - Ecole de surf\",\"marker_id\":\"ASCAQU064FS000HD\",\"commune\":\"HENDAYE\",\"display_city\":\"1\",\"cp\":\"64700\",\"ad1\":\"71 boulevard de la Mer \",\"gmapLongitude\":-1.77303,\"gmapLatitude\":43.3732,\"zone1\":null,\"telephone\":\"+33 5 59 20 31 44\",\"detail_url\":\"https:\\\/\\\/www.hendaye-tourisme.fr\\\/es\\\/actividades\\\/ASCAQU064FS000HD-gold-coast-ecole-de-surf\\\/\",\"excerpt\":\"Reconocida por la federaci\\u00f3n francesa de Surf Los pies en el agua, nuestra escuela os recibe desde Pascua hasta fin de octubre. Monitores diplomados. Clases colectivas y cursos de todo nivel. Surf,&hellip;\",\"display_excerpt\":\"1\",\"photo\":\"https:\\\/\\\/www.hendaye-tourisme.fr\\\/wp-content\\\/uploads\\\/tis\\\/Gold-Coast-Photo-GA-2025.jpg\",\"clas\":null,\"btn_label\":\"Ver m\\u00e1s\",\"btn_class\":null,\"durable\":false,\"charte\":\"\",\"durable_label\":\"Desarrollo sostenible\",\"online_bookable\":false,\"price_from\":false,\"tags\":[{\"object_tag_id\":\"112528\",\"syndicObjectID\":\"ASCAQU064FS000HD\",\"tag_id\":\"5\",\"subtag_id\":\"89\",\"field\":\"Surf\"}],\"type\":\"Place\"}},{\"geometry\":{\"type\":\"Point\",\"coordinates\":[-1.7736,43.3725]},\"type\":\"Feature\",\"id\":\"ASCAQU064V50QPET\",\"properties\":{\"objectTypeCode\":\"ASC\",\"name\":\"\\u00c9cole de surf Txingudi\",\"marker_id\":\"ASCAQU064V50QPET\",\"commune\":\"HENDAYE\",\"display_city\":\"1\",\"cp\":\"64700\",\"ad1\":\"88 boulevard du G\\u00e9n\\u00e9ral Leclerc\",\"gmapLongitude\":-1.7736,\"gmapLatitude\":43.3725,\"zone1\":null,\"telephone\":\"\",\"detail_url\":\"https:\\\/\\\/www.hendaye-tourisme.fr\\\/es\\\/actividades\\\/ASCAQU064V50QPET-ecole-de-surf-txingudi\\\/\",\"excerpt\":\"L'\\u00e9cole de surf Txingudi vous accueille \\u00e0 Hendaye. Une navette (mini-bus) est mise en place au d\\u00e9part de St Jean de Luz, Ciboure et Socoa, pour d\\u00e9couvrir le surf sur la plage&hellip;\",\"display_excerpt\":\"1\",\"photo\":\"https:\\\/\\\/www.hendaye-tourisme.fr\\\/wp-content\\\/uploads\\\/tis\\\/IMG-0025--1600x1200-.JPG\",\"clas\":null,\"btn_label\":\"Ver m\\u00e1s\",\"btn_class\":null,\"durable\":false,\"charte\":\"\",\"durable_label\":\"Desarrollo sostenible\",\"online_bookable\":false,\"price_from\":false,\"tags\":[{\"object_tag_id\":\"112534\",\"syndicObjectID\":\"ASCAQU064V50QPET\",\"tag_id\":\"5\",\"subtag_id\":\"89\",\"field\":\"Surf\"}],\"type\":\"Place\"}},{\"geometry\":{\"type\":\"Point\",\"coordinates\":[-1.78556,43.3714]},\"type\":\"Feature\",\"id\":\"ASCAQU064FS000S2\",\"properties\":{\"objectTypeCode\":\"ASC\",\"name\":\"Newschool\",\"marker_id\":\"ASCAQU064FS000S2\",\"commune\":\"HENDAYE\",\"display_city\":\"1\",\"cp\":\"64700\",\"ad1\":\"123 boulevard de la Mer\",\"gmapLongitude\":-1.78556,\"gmapLatitude\":43.3714,\"zone1\":null,\"telephone\":\"+33 5 59 26 07 93\",\"detail_url\":\"https:\\\/\\\/www.hendaye-tourisme.fr\\\/es\\\/actividades\\\/ASCAQU064FS000S2-newschool\\\/\",\"excerpt\":\"Escuela de surf con el sello \\\"Ecole fran\\u00e7aise de surf\\\". Abierta todo el a\\u00f1o. Descubrimiento, perfeccionamiento, entrenamiento. Descubrimiento de los sitios de encanto de la costa fuera de temporada.\",\"display_excerpt\":\"1\",\"photo\":\"https:\\\/\\\/www.hendaye-tourisme.fr\\\/wp-content\\\/uploads\\\/tis\\\/GOPR1816-Tourinsoft.jpg\",\"clas\":null,\"btn_label\":\"Ver m\\u00e1s\",\"btn_class\":null,\"durable\":false,\"charte\":\"\",\"durable_label\":\"Desarrollo sostenible\",\"online_bookable\":false,\"price_from\":false,\"tags\":[{\"object_tag_id\":\"111471\",\"syndicObjectID\":\"ASCAQU064FS000S2\",\"tag_id\":\"5\",\"subtag_id\":\"89\",\"field\":\"Surf\"}],\"type\":\"Place\"}},{\"geometry\":{\"type\":\"Point\",\"coordinates\":[-1.77413,43.3725]},\"type\":\"Feature\",\"id\":\"ASCAQU064FS000C0\",\"properties\":{\"objectTypeCode\":\"ASC\",\"name\":\"Onaka - Ecole de surf d'Hendaye\",\"marker_id\":\"ASCAQU064FS000C0\",\"commune\":\"HENDAYE\",\"display_city\":\"1\",\"cp\":\"64700\",\"ad1\":\"12 avenue des Mimosas\",\"gmapLongitude\":-1.77413,\"gmapLatitude\":43.3725,\"zone1\":null,\"telephone\":\"+33 5 59 20 85 88\",\"detail_url\":\"https:\\\/\\\/www.hendaye-tourisme.fr\\\/es\\\/actividades\\\/ASCAQU064FS000C0-onaka-ecole-de-surf-dhendaye\\\/\",\"excerpt\":\"Label Confort. Federacion Francesa de Surf. Duchas, vestuarios, monitores diplomados, Surf shop, alquiler de trajes y tablas de surf. Surf shop, rental of boards and surfing wetsuits.\",\"display_excerpt\":\"1\",\"photo\":\"https:\\\/\\\/www.hendaye-tourisme.fr\\\/wp-content\\\/uploads\\\/tis\\\/Onaka-bandeau-cours01.jpg\",\"clas\":null,\"btn_label\":\"Ver m\\u00e1s\",\"btn_class\":null,\"durable\":false,\"charte\":\"\",\"durable_label\":\"Desarrollo sostenible\",\"online_bookable\":false,\"price_from\":false,\"tags\":[{\"object_tag_id\":\"112523\",\"syndicObjectID\":\"ASCAQU064FS000C0\",\"tag_id\":\"5\",\"subtag_id\":\"89\",\"field\":\"Surf\"}],\"type\":\"Place\"}},{\"geometry\":{\"type\":\"Point\",\"coordinates\":[-1.77373,43.3733]},\"type\":\"Feature\",\"id\":\"ASCAQU064FS0005R\",\"properties\":{\"objectTypeCode\":\"ASC\",\"name\":\"\\u00c9cole de surf Hendaia\",\"marker_id\":\"ASCAQU064FS0005R\",\"commune\":\"HENDAYE\",\"display_city\":\"1\",\"cp\":\"64700\",\"ad1\":\"2 boulevard de la Mer\",\"gmapLongitude\":-1.77373,\"gmapLatitude\":43.3733,\"zone1\":null,\"telephone\":\"+33 5 59 55 20 28\",\"detail_url\":\"https:\\\/\\\/www.hendaye-tourisme.fr\\\/es\\\/actividades\\\/ASCAQU064FS0005R-ecole-de-surf-hendaia\\\/\",\"excerpt\":\"Label Confort Federaci\\u00f3n Francesa de Surf. Certificado por la federaci\\u00f3n francesa de surf. Vestuarios y duchas \\u2013 Monitores con titulo oficial. Cursos colectivos y particulares a partir de 6 a\\u00f1os. Alquiler de&hellip;\",\"display_excerpt\":\"1\",\"photo\":\"https:\\\/\\\/www.hendaye-tourisme.fr\\\/wp-content\\\/uploads\\\/tis\\\/Hendaia1.jpg\",\"clas\":null,\"btn_label\":\"Ver m\\u00e1s\",\"btn_class\":null,\"durable\":false,\"charte\":\"\",\"durable_label\":\"Desarrollo sostenible\",\"online_bookable\":\"Reservas en l\\u00ednea\",\"price_from\":false,\"tags\":[{\"object_tag_id\":\"112518\",\"syndicObjectID\":\"ASCAQU064FS0005R\",\"tag_id\":\"5\",\"subtag_id\":\"89\",\"field\":\"Surf\"}],\"type\":\"Place\"}},{\"geometry\":{\"type\":\"Point\",\"coordinates\":[-1.7868,43.3712]},\"type\":\"Feature\",\"id\":\"ASCAQU064V5A5E5Z\",\"properties\":{\"objectTypeCode\":\"ASC\",\"name\":\"Freeriders\",\"marker_id\":\"ASCAQU064V5A5E5Z\",\"commune\":\"HENDAYE\",\"display_city\":\"1\",\"cp\":\"64700\",\"ad1\":\"\",\"gmapLongitude\":-1.7868,\"gmapLatitude\":43.3712,\"zone1\":null,\"telephone\":\"\",\"detail_url\":\"https:\\\/\\\/www.hendaye-tourisme.fr\\\/es\\\/actividades\\\/ASCAQU064V5A5E5Z-freeriders\\\/\",\"excerpt\":\"La escuela de surf Freeriders de Hendaya le recoger\\u00e1 en su domicilio o en un punto de encuentro previamente acordado en su lugar favorito: la Grande Plage de Hendaya. El placer y&hellip;\",\"display_excerpt\":\"1\",\"photo\":\"https:\\\/\\\/www.hendaye-tourisme.fr\\\/wp-content\\\/uploads\\\/tis\\\/IMG-0285.jpeg\",\"clas\":null,\"btn_label\":\"Ver m\\u00e1s\",\"btn_class\":null,\"durable\":false,\"charte\":\"\",\"durable_label\":\"Desarrollo sostenible\",\"online_bookable\":false,\"price_from\":false,\"tags\":[{\"object_tag_id\":\"112540\",\"syndicObjectID\":\"ASCAQU064V5A5E5Z\",\"tag_id\":\"5\",\"subtag_id\":\"89\",\"field\":\"Bodyboard\"},{\"object_tag_id\":\"112539\",\"syndicObjectID\":\"ASCAQU064V5A5E5Z\",\"tag_id\":\"5\",\"subtag_id\":\"89\",\"field\":\"Surf\"}],\"type\":\"Place\"}}]};\n\t<\/script>\n\n\t\t\n\n<div id=\"tourinsoft-loader\">\n\t<div class=\"outer\">\n\t\t<div class=\"inner\">\n\t\t\t<div class=\"small\"><\/div>\n\t\t\t<div class=\"small\"><\/div>\n\t\t\t<div class=\"small\"><\/div>\n\t\t\t<div class=\"small\"><\/div>\n\t\t<\/div>\n\t\t<div class=\"big\">\n\t\t\t<div class=\"small\"><\/div>\n\t\t<\/div>\n\t\t<div class=\"big\">\n\t\t\t<div class=\"small\"><\/div>\n\t\t<\/div>\n\t<\/div>\n<\/div>\n\n\n<div style=\"height:50px\" aria-hidden=\"true\" class=\"wp-block-spacer\" id=\"form-results\"><\/div>\n\n\n<div id=\"tourinsoft-list\" class=\"py wp-block-group alignfull \">\n\t<div class=\"tourinsoft-map-container\">\n\t\t<div id=\"tourinsoft-result-list\">\n\t\t\t\t\t\t<div id=\"tourinsoft-result-container\" >\n\t\t\t\n\t\t\t\t\t\t\t\t<div id=\"js-marker-result\" class=\"grid-mode\" >\n\t\t\t\t\t\n\t\t\t\t\t<article class=\"js-marker tourinsoft-item tis-box \" id=\"marker-ASCAQU064FS0005Q\" data-lat=\"43.3732\" data-lng=\"-1.77322\" data-title=\"Ecole de surf Lehena\">\n\t<a href=\"https:\/\/www.hendaye-tourisme.fr\/es\/actividades\/ASCAQU064FS0005Q-ecole-de-surf-lehena\/\" class=\"trk_visit_single\">\n\t\t<div class=\"tis-item-cover \">\n\t\t\t\t\t\t\t\t\t<img decoding=\"async\" src=\"https:\/\/www.hendaye-tourisme.fr\/wp-content\/uploads\/tis\/1-1209.jpg\" title=\"Ecole de surf Lehena\" alt=\"Ecole de surf Lehena\" loading=\"lazy\" \/>\n\t\t\t\t\t\t\t\t<div class=\"tis-item-label-container\">\n\t\t\t\t\t\t\t\t\t<!--<span class=\"tis-item-handicap\"><img decoding=\"async\" src=\"https:\/\/www.hendaye-tourisme.fr\/wp-content\/plugins\/tourinsoft-syndication\/assets\/images\/icon-handicap.svg\" title=\"\" alt=\"\" \/><\/span>-->\n\t\t\t\t\t\t\t\t\t\t\t<\/div>\n\t\t\t\t\t<\/div>\n\t\t\n\t\t\n\t\t\n\t\t<h3>\t\t\tEcole de surf Lehena\t\t<\/h3>\n\t\t\t<\/a>\n\t\n\t\t\t\t\t\t<div class=\"tis-item-tags\">\n\t\t\t\t\t\t\t\t<span class=\"tis-item-tag\">Surf<\/span>\n\t\t\t\t\t\t\t<\/div>\n\t\t\t\t\n\t<p>Monitores diplomados. Cursos colectivos y particulares. Iniciac\u00edon a perfeccionamiento. Alquiler \/ venta de material de surf, bodyboard. Abierto de avril a noviembre<\/p>\t\n\t<strong class=\"tis-box-city\">HENDAYE<\/strong>\t\n\t<div class=\"wp-block-button is-style-outline\">\n\t\t<a href=\"https:\/\/www.hendaye-tourisme.fr\/es\/actividades\/ASCAQU064FS0005Q-ecole-de-surf-lehena\/\" class=\"trk_visit_single wp-block-button__link has-dark-color has-white-background-color \">Ver m\u00e1s<\/a>\n\t<\/div>\n\t\n<\/article>\t<article class=\"js-marker tourinsoft-item tis-box \" id=\"marker-ASCAQU064FS000HD\" data-lat=\"43.3732\" data-lng=\"-1.77303\" data-title=\"Gold Coast - Ecole de surf\">\n\t<a href=\"https:\/\/www.hendaye-tourisme.fr\/es\/actividades\/ASCAQU064FS000HD-gold-coast-ecole-de-surf\/\" class=\"trk_visit_single\">\n\t\t<div class=\"tis-item-cover \">\n\t\t\t\t\t\t\t\t\t<img decoding=\"async\" src=\"https:\/\/www.hendaye-tourisme.fr\/wp-content\/uploads\/tis\/Gold-Coast-Photo-GA-2025.jpg\" title=\"Gold Coast - Ecole de surf\" alt=\"Gold Coast - Ecole de surf\" loading=\"lazy\" \/>\n\t\t\t\t\t\t\t\t<div class=\"tis-item-label-container\">\n\t\t\t\t\t\t\t\t\t<!--<span class=\"tis-item-handicap\"><img decoding=\"async\" src=\"https:\/\/www.hendaye-tourisme.fr\/wp-content\/plugins\/tourinsoft-syndication\/assets\/images\/icon-handicap.svg\" title=\"\" alt=\"\" \/><\/span>-->\n\t\t\t\t\t\t\t\t\t\t\t<\/div>\n\t\t\t\t\t<\/div>\n\t\t\n\t\t\n\t\t\n\t\t<h3>\t\t\tGold Coast &#8211; Ecole de surf\t\t<\/h3>\n\t\t\t<\/a>\n\t\n\t\t\t\t\t\t<div class=\"tis-item-tags\">\n\t\t\t\t\t\t\t\t<span class=\"tis-item-tag\">Surf<\/span>\n\t\t\t\t\t\t\t<\/div>\n\t\t\t\t\n\t<p>Reconocida por la federaci\u00f3n francesa de Surf Los pies en el agua, nuestra escuela os recibe desde Pascua hasta fin de octubre. Monitores diplomados. Clases colectivas y cursos de todo nivel. Surf,&hellip;<\/p>\t\n\t<strong class=\"tis-box-city\">HENDAYE<\/strong>\t\n\t<div class=\"wp-block-button is-style-outline\">\n\t\t<a href=\"https:\/\/www.hendaye-tourisme.fr\/es\/actividades\/ASCAQU064FS000HD-gold-coast-ecole-de-surf\/\" class=\"trk_visit_single wp-block-button__link has-dark-color has-white-background-color \">Ver m\u00e1s<\/a>\n\t<\/div>\n\t\n<\/article>\t<article class=\"js-marker tourinsoft-item tis-box \" id=\"marker-ASCAQU064V50QPET\" data-lat=\"43.3725\" data-lng=\"-1.7736\" data-title=\"\u00c9cole de surf Txingudi\">\n\t<a href=\"https:\/\/www.hendaye-tourisme.fr\/es\/actividades\/ASCAQU064V50QPET-ecole-de-surf-txingudi\/\" class=\"trk_visit_single\">\n\t\t<div class=\"tis-item-cover \">\n\t\t\t\t\t\t\t\t\t<img decoding=\"async\" src=\"https:\/\/www.hendaye-tourisme.fr\/wp-content\/uploads\/tis\/IMG-0025--1600x1200-.JPG\" title=\"\u00c9cole de surf Txingudi\" alt=\"\u00c9cole de surf Txingudi\" loading=\"lazy\" \/>\n\t\t\t\t\t\t\t\t<div class=\"tis-item-label-container\">\n\t\t\t\t\t\t\t\t\t<!--<span class=\"tis-item-handicap\"><img decoding=\"async\" src=\"https:\/\/www.hendaye-tourisme.fr\/wp-content\/plugins\/tourinsoft-syndication\/assets\/images\/icon-handicap.svg\" title=\"\" alt=\"\" \/><\/span>-->\n\t\t\t\t\t\t\t\t\t\t\t<\/div>\n\t\t\t\t\t<\/div>\n\t\t\n\t\t\n\t\t\n\t\t<h3>\t\t\t\u00c9cole de surf Txingudi\t\t<\/h3>\n\t\t\t<\/a>\n\t\n\t\t\t\t\t\t<div class=\"tis-item-tags\">\n\t\t\t\t\t\t\t\t<span class=\"tis-item-tag\">Surf<\/span>\n\t\t\t\t\t\t\t<\/div>\n\t\t\t\t\n\t<p>L&#8217;\u00e9cole de surf Txingudi vous accueille \u00e0 Hendaye. Une navette (mini-bus) est mise en place au d\u00e9part de St Jean de Luz, Ciboure et Socoa, pour d\u00e9couvrir le surf sur la plage&hellip;<\/p>\t\n\t<strong class=\"tis-box-city\">HENDAYE<\/strong>\t\n\t<div class=\"wp-block-button is-style-outline\">\n\t\t<a href=\"https:\/\/www.hendaye-tourisme.fr\/es\/actividades\/ASCAQU064V50QPET-ecole-de-surf-txingudi\/\" class=\"trk_visit_single wp-block-button__link has-dark-color has-white-background-color \">Ver m\u00e1s<\/a>\n\t<\/div>\n\t\n<\/article>\t<article class=\"js-marker tourinsoft-item tis-box \" id=\"marker-ASCAQU064FS000S2\" data-lat=\"43.3714\" data-lng=\"-1.78556\" data-title=\"Newschool\">\n\t<a href=\"https:\/\/www.hendaye-tourisme.fr\/es\/actividades\/ASCAQU064FS000S2-newschool\/\" class=\"trk_visit_single\">\n\t\t<div class=\"tis-item-cover \">\n\t\t\t\t\t\t\t\t\t<img decoding=\"async\" src=\"https:\/\/www.hendaye-tourisme.fr\/wp-content\/uploads\/tis\/GOPR1816-Tourinsoft.jpg\" title=\"Newschool\" alt=\"Newschool\" loading=\"lazy\" \/>\n\t\t\t\t\t\t\t\t<div class=\"tis-item-label-container\">\n\t\t\t\t\t\t\t\t\t<!--<span class=\"tis-item-handicap\"><img decoding=\"async\" src=\"https:\/\/www.hendaye-tourisme.fr\/wp-content\/plugins\/tourinsoft-syndication\/assets\/images\/icon-handicap.svg\" title=\"\" alt=\"\" \/><\/span>-->\n\t\t\t\t\t\t\t\t\t\t\t<\/div>\n\t\t\t\t\t<\/div>\n\t\t\n\t\t\n\t\t\n\t\t<h3>\t\t\tNewschool\t\t<\/h3>\n\t\t\t<\/a>\n\t\n\t\t\t\t\t\t<div class=\"tis-item-tags\">\n\t\t\t\t\t\t\t\t<span class=\"tis-item-tag\">Surf<\/span>\n\t\t\t\t\t\t\t<\/div>\n\t\t\t\t\n\t<p>Escuela de surf con el sello \u00abEcole fran\u00e7aise de surf\u00bb. Abierta todo el a\u00f1o. Descubrimiento, perfeccionamiento, entrenamiento. Descubrimiento de los sitios de encanto de la costa fuera de temporada.<\/p>\t\n\t<strong class=\"tis-box-city\">HENDAYE<\/strong>\t\n\t<div class=\"wp-block-button is-style-outline\">\n\t\t<a href=\"https:\/\/www.hendaye-tourisme.fr\/es\/actividades\/ASCAQU064FS000S2-newschool\/\" class=\"trk_visit_single wp-block-button__link has-dark-color has-white-background-color \">Ver m\u00e1s<\/a>\n\t<\/div>\n\t\n<\/article>\t<article class=\"js-marker tourinsoft-item tis-box \" id=\"marker-ASCAQU064FS000C0\" data-lat=\"43.3725\" data-lng=\"-1.77413\" data-title=\"Onaka - Ecole de surf d'Hendaye\">\n\t<a href=\"https:\/\/www.hendaye-tourisme.fr\/es\/actividades\/ASCAQU064FS000C0-onaka-ecole-de-surf-dhendaye\/\" class=\"trk_visit_single\">\n\t\t<div class=\"tis-item-cover \">\n\t\t\t\t\t\t\t\t\t<img decoding=\"async\" src=\"https:\/\/www.hendaye-tourisme.fr\/wp-content\/uploads\/tis\/Onaka-bandeau-cours01.jpg\" title=\"Onaka - Ecole de surf d'Hendaye\" alt=\"Onaka - Ecole de surf d'Hendaye\" loading=\"lazy\" \/>\n\t\t\t\t\t\t\t\t<div class=\"tis-item-label-container\">\n\t\t\t\t\t\t\t\t\t<!--<span class=\"tis-item-handicap\"><img decoding=\"async\" src=\"https:\/\/www.hendaye-tourisme.fr\/wp-content\/plugins\/tourinsoft-syndication\/assets\/images\/icon-handicap.svg\" title=\"\" alt=\"\" \/><\/span>-->\n\t\t\t\t\t\t\t\t\t\t\t<\/div>\n\t\t\t\t\t<\/div>\n\t\t\n\t\t\n\t\t\n\t\t<h3>\t\t\tOnaka &#8211; Ecole de surf d&#8217;Hendaye\t\t<\/h3>\n\t\t\t<\/a>\n\t\n\t\t\t\t\t\t<div class=\"tis-item-tags\">\n\t\t\t\t\t\t\t\t<span class=\"tis-item-tag\">Surf<\/span>\n\t\t\t\t\t\t\t<\/div>\n\t\t\t\t\n\t<p>Label Confort. Federacion Francesa de Surf. Duchas, vestuarios, monitores diplomados, Surf shop, alquiler de trajes y tablas de surf. Surf shop, rental of boards and surfing wetsuits.<\/p>\t\n\t<strong class=\"tis-box-city\">HENDAYE<\/strong>\t\n\t<div class=\"wp-block-button is-style-outline\">\n\t\t<a href=\"https:\/\/www.hendaye-tourisme.fr\/es\/actividades\/ASCAQU064FS000C0-onaka-ecole-de-surf-dhendaye\/\" class=\"trk_visit_single wp-block-button__link has-dark-color has-white-background-color \">Ver m\u00e1s<\/a>\n\t<\/div>\n\t\n<\/article>\t<article class=\"js-marker tourinsoft-item tis-box \" id=\"marker-ASCAQU064FS0005R\" data-lat=\"43.3733\" data-lng=\"-1.77373\" data-title=\"\u00c9cole de surf Hendaia\">\n\t<a href=\"https:\/\/www.hendaye-tourisme.fr\/es\/actividades\/ASCAQU064FS0005R-ecole-de-surf-hendaia\/\" class=\"trk_visit_single\">\n\t\t<div class=\"tis-item-cover \">\n\t\t\t\t\t\t\t\t\t<img decoding=\"async\" src=\"https:\/\/www.hendaye-tourisme.fr\/wp-content\/uploads\/tis\/Hendaia1.jpg\" title=\"\u00c9cole de surf Hendaia\" alt=\"\u00c9cole de surf Hendaia\" loading=\"lazy\" \/>\n\t\t\t\t\t\t\t\t<div class=\"tis-item-label-container\">\n\t\t\t\t\t\t\t\t\t<!--<span class=\"tis-item-handicap\"><img decoding=\"async\" src=\"https:\/\/www.hendaye-tourisme.fr\/wp-content\/plugins\/tourinsoft-syndication\/assets\/images\/icon-handicap.svg\" title=\"\" alt=\"\" \/><\/span>-->\n\t\t\t\t\t\t\t\t\t\t\t<\/div>\n\t\t\t\t\t\t<div class=\"tis-item-online-booking\">\n\t\t\t\t<span>Reservas en l\u00ednea<\/span>\n\t\t\t<\/div>\n\t\t\t\t\t<\/div>\n\t\t\n\t\t\n\t\t\n\t\t<h3>\t\t\t\u00c9cole de surf Hendaia\t\t<\/h3>\n\t\t\t<\/a>\n\t\n\t\t\t\t\t\t<div class=\"tis-item-tags\">\n\t\t\t\t\t\t\t\t<span class=\"tis-item-tag\">Surf<\/span>\n\t\t\t\t\t\t\t<\/div>\n\t\t\t\t\n\t<p>Label Confort Federaci\u00f3n Francesa de Surf. Certificado por la federaci\u00f3n francesa de surf. Vestuarios y duchas \u2013 Monitores con titulo oficial. Cursos colectivos y particulares a partir de 6 a\u00f1os. Alquiler de&hellip;<\/p>\t\n\t<strong class=\"tis-box-city\">HENDAYE<\/strong>\t\n\t<div class=\"wp-block-button is-style-outline\">\n\t\t<a href=\"https:\/\/www.hendaye-tourisme.fr\/es\/actividades\/ASCAQU064FS0005R-ecole-de-surf-hendaia\/\" class=\"trk_visit_single wp-block-button__link has-dark-color has-white-background-color \">Ver m\u00e1s<\/a>\n\t<\/div>\n\t\n<\/article>\t<article class=\"js-marker tourinsoft-item tis-box \" id=\"marker-ASCAQU064V5A5E5Z\" data-lat=\"43.3712\" data-lng=\"-1.7868\" data-title=\"Freeriders\">\n\t<a href=\"https:\/\/www.hendaye-tourisme.fr\/es\/actividades\/ASCAQU064V5A5E5Z-freeriders\/\" class=\"trk_visit_single\">\n\t\t<div class=\"tis-item-cover \">\n\t\t\t\t\t\t\t\t\t<img decoding=\"async\" src=\"https:\/\/www.hendaye-tourisme.fr\/wp-content\/uploads\/tis\/IMG-0285.jpeg\" title=\"Freeriders\" alt=\"Freeriders\" loading=\"lazy\" \/>\n\t\t\t\t\t\t\t\t<div class=\"tis-item-label-container\">\n\t\t\t\t\t\t\t\t\t<!--<span class=\"tis-item-handicap\"><img decoding=\"async\" src=\"https:\/\/www.hendaye-tourisme.fr\/wp-content\/plugins\/tourinsoft-syndication\/assets\/images\/icon-handicap.svg\" title=\"\" alt=\"\" \/><\/span>-->\n\t\t\t\t\t\t\t\t\t\t\t<\/div>\n\t\t\t\t\t<\/div>\n\t\t\n\t\t\n\t\t\n\t\t<h3>\t\t\tFreeriders\t\t<\/h3>\n\t\t\t<\/a>\n\t\n\t\t\t\t\t\t<div class=\"tis-item-tags\">\n\t\t\t\t\t\t\t\t<span class=\"tis-item-tag\">Bodyboard<\/span>\n\t\t\t\t\t\t\t\t<span class=\"tis-item-tag\">Surf<\/span>\n\t\t\t\t\t\t\t<\/div>\n\t\t\t\t\n\t<p>La escuela de surf Freeriders de Hendaya le recoger\u00e1 en su domicilio o en un punto de encuentro previamente acordado en su lugar favorito: la Grande Plage de Hendaya. El placer y&hellip;<\/p>\t\n\t<strong class=\"tis-box-city\">HENDAYE<\/strong>\t\n\t<div class=\"wp-block-button is-style-outline\">\n\t\t<a href=\"https:\/\/www.hendaye-tourisme.fr\/es\/actividades\/ASCAQU064V5A5E5Z-freeriders\/\" class=\"trk_visit_single wp-block-button__link has-dark-color has-white-background-color \">Ver m\u00e1s<\/a>\n\t<\/div>\n\t\n<\/article>\t\t\t\t\t<\/div>\n\t\t\t<\/div>\n\t\t<\/div>\n\t\t<div id=\"tourinsoft-map\"  data-marker=\"https:\/\/www.hendaye-tourisme.fr\/wp-content\/plugins\/tourinsoft-syndication\/assets\/images\/map-marker.png\" data-lat=\"43.35940200\" data-lng=\"-1.76615000\" data-zoom=\"10\"><\/div>\n\t<\/div>\n<\/div>\n\n\n<div style=\"height:50px\" aria-hidden=\"true\" class=\"wp-block-spacer\"><\/div>\n\n<\/div>\n","protected":false},"excerpt":{"rendered":"<p>En familia o con amigos: \u00a1domina tus primeras olas! Por su configuraci\u00f3n en forma de bah\u00eda,La playa de Hendaya es accesible con todas las mareas y es ideal para principiantes o para quienes deseen perfeccionarse: \u00a1es la \u00abpista verde\u00bb del surf! Todas las escuelas de surf de Hendaya enumeradas a [&hellip;]<\/p>\n","protected":false},"author":2,"featured_media":3158,"parent":15307,"menu_order":11,"comment_status":"closed","ping_status":"closed","template":"","meta":{"_acf_changed":false,"_seopress_robots_primary_cat":"","_seopress_titles_title":"","_seopress_titles_desc":"","_seopress_robots_index":"","_seopress_analysis_target_kw":"","footnotes":""},"class_list":["post-15375","page","type-page","status-publish","has-post-thumbnail","hentry"],"acf":[],"_links":{"self":[{"href":"https:\/\/www.hendaye-tourisme.fr\/es\/wp-json\/wp\/v2\/pages\/15375","targetHints":{"allow":["GET"]}}],"collection":[{"href":"https:\/\/www.hendaye-tourisme.fr\/es\/wp-json\/wp\/v2\/pages"}],"about":[{"href":"https:\/\/www.hendaye-tourisme.fr\/es\/wp-json\/wp\/v2\/types\/page"}],"author":[{"embeddable":true,"href":"https:\/\/www.hendaye-tourisme.fr\/es\/wp-json\/wp\/v2\/users\/2"}],"replies":[{"embeddable":true,"href":"https:\/\/www.hendaye-tourisme.fr\/es\/wp-json\/wp\/v2\/comments?post=15375"}],"version-history":[{"count":1,"href":"https:\/\/www.hendaye-tourisme.fr\/es\/wp-json\/wp\/v2\/pages\/15375\/revisions"}],"predecessor-version":[{"id":15376,"href":"https:\/\/www.hendaye-tourisme.fr\/es\/wp-json\/wp\/v2\/pages\/15375\/revisions\/15376"}],"up":[{"embeddable":true,"href":"https:\/\/www.hendaye-tourisme.fr\/es\/wp-json\/wp\/v2\/pages\/15307"}],"wp:featuredmedia":[{"embeddable":true,"href":"https:\/\/www.hendaye-tourisme.fr\/es\/wp-json\/wp\/v2\/media\/3158"}],"wp:attachment":[{"href":"https:\/\/www.hendaye-tourisme.fr\/es\/wp-json\/wp\/v2\/media?parent=15375"}],"curies":[{"name":"wp","href":"https:\/\/api.w.org\/{rel}","templated":true}]}}