{"id":15365,"date":"2023-12-08T17:24:18","date_gmt":"2023-12-08T16:24:18","guid":{"rendered":"https:\/\/www.hendaye-tourisme.fr\/actividades\/actividades-deportivas\/foil-electrico\/"},"modified":"2024-02-15T16:41:18","modified_gmt":"2024-02-15T15:41:18","slug":"foil-electrico","status":"publish","type":"page","link":"https:\/\/www.hendaye-tourisme.fr\/es\/actividades\/actividades-deportivas\/foil-electrico\/","title":{"rendered":"Foil el\u00e9ctrico"},"content":{"rendered":"<div id=\"ts-block-65734332e09ed\"  class=\"is-style-map\">\n\t\t<script type=\"text\/javascript\">\n\t\tvar tsObjects = {\"type\":\"FeatureCollection\",\"features\":[{\"geometry\":{\"type\":\"Point\",\"coordinates\":[-1.78146,43.3678]},\"type\":\"Feature\",\"id\":\"ASCAQU064V5BAHES\",\"properties\":{\"objectTypeCode\":\"ASC\",\"name\":\"Atlantic Pirogue Efoil\",\"marker_id\":\"ASCAQU064V5BAHES\",\"commune\":\"HENDAYE\",\"display_city\":false,\"cp\":\"64700\",\"ad1\":\"Quai de la Floride\",\"gmapLongitude\":-1.78146,\"gmapLatitude\":43.3678,\"zone1\":null,\"telephone\":\"\",\"detail_url\":\"https:\\\/\\\/www.hendaye-tourisme.fr\\\/es\\\/actividades\\\/ASCAQU064V5BAHES-atlantic-pirogue-efoil\\\/\",\"excerpt\":\"Atlantic Pirogue se encuentra en Hendaya, en las instalaciones del centro mundial de dise\\u00f1o de deportes acu\\u00e1ticos Decathlon Hendaya. Te ofrecemos descubrir nuevas sensaciones en la Bah\\u00eda de Txingudi con el alquiler&hellip;\",\"display_excerpt\":\"1\",\"photo\":\"https:\\\/\\\/www.hendaye-tourisme.fr\\\/wp-content\\\/uploads\\\/tis\\\/efoil-atlantic-pirogue--1-2.jpg\",\"clas\":null,\"btn_label\":\"Ver m\\u00e1s\",\"btn_class\":null,\"durable\":false,\"charte\":\"\",\"durable_label\":\"Desarrollo sostenible\",\"online_bookable\":false,\"price_from\":false,\"type\":\"Place\"}}]};\n\t<\/script>\n\n\t\t\n\n<div id=\"tourinsoft-loader\">\n\t<div class=\"outer\">\n\t\t<div class=\"inner\">\n\t\t\t<div class=\"small\"><\/div>\n\t\t\t<div class=\"small\"><\/div>\n\t\t\t<div class=\"small\"><\/div>\n\t\t\t<div class=\"small\"><\/div>\n\t\t<\/div>\n\t\t<div class=\"big\">\n\t\t\t<div class=\"small\"><\/div>\n\t\t<\/div>\n\t\t<div class=\"big\">\n\t\t\t<div class=\"small\"><\/div>\n\t\t<\/div>\n\t<\/div>\n<\/div>\n\n\n<div style=\"height:50px\" aria-hidden=\"true\" class=\"wp-block-spacer\" id=\"form-results\"><\/div>\n\n\n<div id=\"tourinsoft-list\" class=\"py wp-block-group alignfull \">\n\t<div class=\"tourinsoft-map-container\">\n\t\t<div id=\"tourinsoft-result-list\">\n\t\t\t\t\t\t<div id=\"tourinsoft-result-container\" >\n\t\t\t\n\t\t\t\t\t\t\t\t<div id=\"js-marker-result\" class=\"grid-mode\" >\n\t\t\t\t\t\n\t\t\t\t\t<article class=\"js-marker tourinsoft-item tis-box \" id=\"marker-ASCAQU064V5BAHES\" data-lat=\"43.3678\" data-lng=\"-1.78146\" data-title=\"Atlantic Pirogue Efoil\">\n\t<a href=\"https:\/\/www.hendaye-tourisme.fr\/es\/actividades\/ASCAQU064V5BAHES-atlantic-pirogue-efoil\/\" class=\"trk_visit_single\">\n\t\t<div class=\"tis-item-cover \">\n\t\t\t\t\t\t\t\t\t<img decoding=\"async\" src=\"https:\/\/www.hendaye-tourisme.fr\/wp-content\/uploads\/tis\/efoil-atlantic-pirogue--1-2.jpg\" title=\"Atlantic Pirogue Efoil\" alt=\"Atlantic Pirogue Efoil\" loading=\"lazy\" \/>\n\t\t\t\t\t\t\t\t<div class=\"tis-item-label-container\">\n\t\t\t\t\t\t\t\t\t<!--<span class=\"tis-item-handicap\"><img decoding=\"async\" src=\"https:\/\/www.hendaye-tourisme.fr\/wp-content\/plugins\/tourinsoft-syndication\/assets\/images\/icon-handicap.svg\" title=\"\" alt=\"\" \/><\/span>-->\n\t\t\t\t\t\t\t\t\t\t\t<\/div>\n\t\t\t\t\t<\/div>\n\t\t\n\t\t\n\t\t\n\t\t<h3>\t\t\tAtlantic Pirogue Efoil\t\t<\/h3>\n\t\t\t<\/a>\n\t\n\t\t\t\t\t\n\t<p>Atlantic Pirogue se encuentra en Hendaya, en las instalaciones del centro mundial de dise\u00f1o de deportes acu\u00e1ticos Decathlon Hendaya. Te ofrecemos descubrir nuevas sensaciones en la Bah\u00eda de Txingudi con el alquiler&hellip;<\/p>\t\n\t\t\n\t<div class=\"wp-block-button is-style-outline\">\n\t\t<a href=\"https:\/\/www.hendaye-tourisme.fr\/es\/actividades\/ASCAQU064V5BAHES-atlantic-pirogue-efoil\/\" class=\"trk_visit_single wp-block-button__link has-dark-color has-white-background-color \">Ver m\u00e1s<\/a>\n\t<\/div>\n\t\n<\/article>\t\t\t\t\t<\/div>\n\t\t\t<\/div>\n\t\t<\/div>\n\t\t<div id=\"tourinsoft-map\"  data-marker=\"https:\/\/www.hendaye-tourisme.fr\/wp-content\/plugins\/tourinsoft-syndication\/assets\/images\/map-marker.png\" data-lat=\"43.35940200\" data-lng=\"-1.76615000\" data-zoom=\"10\"><\/div>\n\t<\/div>\n<\/div>\n\n\n<div style=\"height:50px\" aria-hidden=\"true\" class=\"wp-block-spacer\"><\/div>\n\n<\/div>\n","protected":false},"excerpt":{"rendered":"","protected":false},"author":2,"featured_media":0,"parent":15307,"menu_order":9,"comment_status":"closed","ping_status":"closed","template":"","meta":{"_acf_changed":false,"_seopress_robots_primary_cat":"","_seopress_titles_title":"Foil el\u00e9ctrico | Oficina de Turismo de Hendaya","_seopress_titles_desc":"","_seopress_robots_index":"","footnotes":""},"class_list":["post-15365","page","type-page","status-publish","hentry"],"acf":[],"_links":{"self":[{"href":"https:\/\/www.hendaye-tourisme.fr\/es\/wp-json\/wp\/v2\/pages\/15365","targetHints":{"allow":["GET"]}}],"collection":[{"href":"https:\/\/www.hendaye-tourisme.fr\/es\/wp-json\/wp\/v2\/pages"}],"about":[{"href":"https:\/\/www.hendaye-tourisme.fr\/es\/wp-json\/wp\/v2\/types\/page"}],"author":[{"embeddable":true,"href":"https:\/\/www.hendaye-tourisme.fr\/es\/wp-json\/wp\/v2\/users\/2"}],"replies":[{"embeddable":true,"href":"https:\/\/www.hendaye-tourisme.fr\/es\/wp-json\/wp\/v2\/comments?post=15365"}],"version-history":[{"count":1,"href":"https:\/\/www.hendaye-tourisme.fr\/es\/wp-json\/wp\/v2\/pages\/15365\/revisions"}],"predecessor-version":[{"id":15366,"href":"https:\/\/www.hendaye-tourisme.fr\/es\/wp-json\/wp\/v2\/pages\/15365\/revisions\/15366"}],"up":[{"embeddable":true,"href":"https:\/\/www.hendaye-tourisme.fr\/es\/wp-json\/wp\/v2\/pages\/15307"}],"wp:attachment":[{"href":"https:\/\/www.hendaye-tourisme.fr\/es\/wp-json\/wp\/v2\/media?parent=15365"}],"curies":[{"name":"wp","href":"https:\/\/api.w.org\/{rel}","templated":true}]}}