{"id":15345,"date":"2023-12-08T17:10:51","date_gmt":"2023-12-08T16:10:51","guid":{"rendered":"https:\/\/www.hendaye-tourisme.fr\/actividades\/actividades-deportivas\/pesca-en-mar\/"},"modified":"2024-02-15T16:34:49","modified_gmt":"2024-02-15T15:34:49","slug":"pesca-en-mar","status":"publish","type":"page","link":"https:\/\/www.hendaye-tourisme.fr\/es\/actividades\/actividades-deportivas\/pesca-en-mar\/","title":{"rendered":"Pesca en mar"},"content":{"rendered":"<div id=\"ts-block-657340641abf4\"  class=\"is-style-map\">\n\t\t<script type=\"text\/javascript\">\n\t\tvar tsObjects = {\"type\":\"FeatureCollection\",\"features\":[{\"geometry\":{\"type\":\"Point\",\"coordinates\":[-1.78565,43.3701]},\"type\":\"Feature\",\"id\":\"ASCAQU064FS000JM\",\"properties\":{\"objectTypeCode\":\"ASC\",\"name\":\"Bateau Hendayais II - P\\u00eache en Mer\",\"marker_id\":\"ASCAQU064FS000JM\",\"commune\":\"HENDAYE\",\"display_city\":false,\"cp\":\"64700\",\"ad1\":\"Port de Plaisance - Ponton O\",\"gmapLongitude\":-1.78565,\"gmapLatitude\":43.3701,\"zone1\":null,\"telephone\":\"\",\"detail_url\":\"https:\\\/\\\/www.hendaye-tourisme.fr\\\/es\\\/actividades\\\/ASCAQU064FS000JM-bateau-hendayais-ii-peche-en-mer\\\/\",\"excerpt\":\"Excursiones en barco - Pesca en alta mar Cruceros espa\\u00f1oles - Nocturnas - Fuegos artificiales Abierto de abril a octubre, todo el a\\u00f1o sobre reserva. Ni\\u00f1os hasta 5 a\\u00f1os : gratis. Embarque&hellip;\",\"display_excerpt\":\"1\",\"photo\":\"https:\\\/\\\/www.hendaye-tourisme.fr\\\/wp-content\\\/uploads\\\/tis\\\/Initiation-peche-en-mer---Semaines-des-Enfants----Hendaye-Tourisme-21.jpg\",\"clas\":null,\"btn_label\":\"Ver m\\u00e1s\",\"btn_class\":null,\"durable\":false,\"charte\":\"\",\"durable_label\":\"Desarrollo sostenible\",\"online_bookable\":false,\"price_from\":false,\"tags\":[{\"object_tag_id\":\"110816\",\"syndicObjectID\":\"ASCAQU064FS000JM\",\"tag_id\":\"5\",\"subtag_id\":\"7\",\"field\":\"Croisi\\u00e8res maritimes\"},{\"object_tag_id\":\"110817\",\"syndicObjectID\":\"ASCAQU064FS000JM\",\"tag_id\":\"3\",\"subtag_id\":\"63\",\"field\":\"P\\u00eache en mer\"}],\"type\":\"Place\"}}]};\n\t<\/script>\n\n\t\t\n\n<div id=\"tourinsoft-loader\">\n\t<div class=\"outer\">\n\t\t<div class=\"inner\">\n\t\t\t<div class=\"small\"><\/div>\n\t\t\t<div class=\"small\"><\/div>\n\t\t\t<div class=\"small\"><\/div>\n\t\t\t<div class=\"small\"><\/div>\n\t\t<\/div>\n\t\t<div class=\"big\">\n\t\t\t<div class=\"small\"><\/div>\n\t\t<\/div>\n\t\t<div class=\"big\">\n\t\t\t<div class=\"small\"><\/div>\n\t\t<\/div>\n\t<\/div>\n<\/div>\n\n\n<div style=\"height:50px\" aria-hidden=\"true\" class=\"wp-block-spacer\" id=\"form-results\"><\/div>\n\n\n<div id=\"tourinsoft-list\" class=\"py wp-block-group alignfull \">\n\t<div class=\"tourinsoft-map-container\">\n\t\t<div id=\"tourinsoft-result-list\">\n\t\t\t\t\t\t<div id=\"tourinsoft-result-container\" >\n\t\t\t\n\t\t\t\t\t\t\t\t<div id=\"js-marker-result\" class=\"grid-mode\" >\n\t\t\t\t\t\n\t\t\t\t\t<article class=\"js-marker tourinsoft-item tis-box \" id=\"marker-ASCAQU064FS000JM\" data-lat=\"43.3701\" data-lng=\"-1.78565\" data-title=\"Bateau Hendayais II - P\u00eache en Mer\">\n\t<a href=\"https:\/\/www.hendaye-tourisme.fr\/es\/actividades\/ASCAQU064FS000JM-bateau-hendayais-ii-peche-en-mer\/\" class=\"trk_visit_single\">\n\t\t<div class=\"tis-item-cover \">\n\t\t\t\t\t\t\t\t\t<img decoding=\"async\" src=\"https:\/\/www.hendaye-tourisme.fr\/wp-content\/uploads\/tis\/Initiation-peche-en-mer---Semaines-des-Enfants----Hendaye-Tourisme-21.jpg\" title=\"Bateau Hendayais II - P\u00eache en Mer\" alt=\"Bateau Hendayais II - P\u00eache en Mer\" loading=\"lazy\" \/>\n\t\t\t\t\t\t\t\t<div class=\"tis-item-label-container\">\n\t\t\t\t\t\t\t\t\t<!--<span class=\"tis-item-handicap\"><img decoding=\"async\" src=\"https:\/\/www.hendaye-tourisme.fr\/wp-content\/plugins\/tourinsoft-syndication\/assets\/images\/icon-handicap.svg\" title=\"\" alt=\"\" \/><\/span>-->\n\t\t\t\t\t\t\t\t\t\t\t<\/div>\n\t\t\t\t\t<\/div>\n\t\t\n\t\t\n\t\t\n\t\t<h3>\t\t\tBateau Hendayais II &#8211; P\u00eache en Mer\t\t<\/h3>\n\t\t\t<\/a>\n\t\n\t\t\t\t\t\t<div class=\"tis-item-tags\">\n\t\t\t\t\t\t\t\t<span class=\"tis-item-tag\">Croisi\u00e8res maritimes<\/span>\n\t\t\t\t\t\t\t\t<span class=\"tis-item-tag\">P\u00eache en mer<\/span>\n\t\t\t\t\t\t\t<\/div>\n\t\t\t\t\n\t<p>Excursiones en barco &#8211; Pesca en alta mar Cruceros espa\u00f1oles &#8211; Nocturnas &#8211; Fuegos artificiales Abierto de abril a octubre, todo el a\u00f1o sobre reserva. Ni\u00f1os hasta 5 a\u00f1os : gratis. Embarque&hellip;<\/p>\t\n\t\t\n\t<div class=\"wp-block-button is-style-outline\">\n\t\t<a href=\"https:\/\/www.hendaye-tourisme.fr\/es\/actividades\/ASCAQU064FS000JM-bateau-hendayais-ii-peche-en-mer\/\" class=\"trk_visit_single wp-block-button__link has-dark-color has-white-background-color \">Ver m\u00e1s<\/a>\n\t<\/div>\n\t\n<\/article>\t\t\t\t\t<\/div>\n\t\t\t<\/div>\n\t\t<\/div>\n\t\t<div id=\"tourinsoft-map\"  data-marker=\"https:\/\/www.hendaye-tourisme.fr\/wp-content\/plugins\/tourinsoft-syndication\/assets\/images\/map-marker.png\" data-lat=\"43.35940200\" data-lng=\"-1.76615000\" data-zoom=\"10\"><\/div>\n\t<\/div>\n<\/div>\n\n\n<div style=\"height:50px\" aria-hidden=\"true\" class=\"wp-block-spacer\"><\/div>\n\n<\/div>\n","protected":false},"excerpt":{"rendered":"","protected":false},"author":2,"featured_media":0,"parent":15307,"menu_order":6,"comment_status":"closed","ping_status":"closed","template":"","meta":{"_acf_changed":false,"_seopress_robots_primary_cat":"","_seopress_titles_title":"Pesca en mar | Oficina de Turismo de Hendaya","_seopress_titles_desc":"","_seopress_robots_index":"","footnotes":""},"class_list":["post-15345","page","type-page","status-publish","hentry"],"acf":[],"_links":{"self":[{"href":"https:\/\/www.hendaye-tourisme.fr\/es\/wp-json\/wp\/v2\/pages\/15345","targetHints":{"allow":["GET"]}}],"collection":[{"href":"https:\/\/www.hendaye-tourisme.fr\/es\/wp-json\/wp\/v2\/pages"}],"about":[{"href":"https:\/\/www.hendaye-tourisme.fr\/es\/wp-json\/wp\/v2\/types\/page"}],"author":[{"embeddable":true,"href":"https:\/\/www.hendaye-tourisme.fr\/es\/wp-json\/wp\/v2\/users\/2"}],"replies":[{"embeddable":true,"href":"https:\/\/www.hendaye-tourisme.fr\/es\/wp-json\/wp\/v2\/comments?post=15345"}],"version-history":[{"count":1,"href":"https:\/\/www.hendaye-tourisme.fr\/es\/wp-json\/wp\/v2\/pages\/15345\/revisions"}],"predecessor-version":[{"id":15346,"href":"https:\/\/www.hendaye-tourisme.fr\/es\/wp-json\/wp\/v2\/pages\/15345\/revisions\/15346"}],"up":[{"embeddable":true,"href":"https:\/\/www.hendaye-tourisme.fr\/es\/wp-json\/wp\/v2\/pages\/15307"}],"wp:attachment":[{"href":"https:\/\/www.hendaye-tourisme.fr\/es\/wp-json\/wp\/v2\/media?parent=15345"}],"curies":[{"name":"wp","href":"https:\/\/api.w.org\/{rel}","templated":true}]}}