{"id":15333,"date":"2023-12-08T17:00:41","date_gmt":"2023-12-08T16:00:41","guid":{"rendered":"https:\/\/www.hendaye-tourisme.fr\/actividades\/actividades-deportivas\/alquiler-de-barcos-carnets\/"},"modified":"2024-02-15T16:27:07","modified_gmt":"2024-02-15T15:27:07","slug":"alquiler-de-barcos-carnets","status":"publish","type":"page","link":"https:\/\/www.hendaye-tourisme.fr\/es\/actividades\/actividades-deportivas\/alquiler-de-barcos-carnets\/","title":{"rendered":"Alquiler de barcos &#8211; Carnets"},"content":{"rendered":"<div id=\"ts-block-65733da9b182f\"  class=\"is-style-map\">\n\t\t<script type=\"text\/javascript\">\n\t\tvar tsObjects = {\"type\":\"FeatureCollection\",\"features\":[{\"geometry\":{\"type\":\"Point\",\"coordinates\":[-1.77949,43.3684]},\"type\":\"Feature\",\"id\":\"ASCAQU064FS0004R\",\"properties\":{\"objectTypeCode\":\"ASC\",\"name\":\"Moby Dick\",\"marker_id\":\"ASCAQU064FS0004R\",\"commune\":\"HENDAYE\",\"display_city\":false,\"cp\":\"64700\",\"ad1\":\"5 rue des Orangers\",\"gmapLongitude\":-1.77949,\"gmapLatitude\":43.3684,\"zone1\":null,\"telephone\":\"+33 5 59 20 45 33\",\"detail_url\":\"https:\\\/\\\/www.hendaye-tourisme.fr\\\/es\\\/actividades\\\/ASCAQU064FS0004R-moby-dick\\\/\",\"excerpt\":\"- Alquiler de barco : vela y motor - Carn\\u00e9 de barco\",\"display_excerpt\":\"1\",\"photo\":\"https:\\\/\\\/www.hendaye-tourisme.fr\\\/wp-content\\\/uploads\\\/tis\\\/IMG-9832.JPG\",\"clas\":null,\"btn_label\":\"Ver m\\u00e1s\",\"btn_class\":null,\"durable\":false,\"charte\":\"\",\"durable_label\":\"Desarrollo sostenible\",\"online_bookable\":false,\"price_from\":false,\"tags\":[{\"object_tag_id\":\"109455\",\"syndicObjectID\":\"ASCAQU064FS0004R\",\"tag_id\":\"5\",\"subtag_id\":\"7\",\"field\":\"Motonautisme (bateau \\u00e0 moteur)\"},{\"object_tag_id\":\"109456\",\"syndicObjectID\":\"ASCAQU064FS0004R\",\"tag_id\":\"5\",\"subtag_id\":\"7\",\"field\":\"Voile\"}],\"type\":\"Place\"}},{\"geometry\":{\"type\":\"Point\",\"coordinates\":[-1.77954,43.3681]},\"type\":\"Feature\",\"id\":\"ASCAQU064V5BQW8Y\",\"properties\":{\"objectTypeCode\":\"ASC\",\"name\":\"Bateau Ecole Chevalier Hendaye\",\"marker_id\":\"ASCAQU064V5BQW8Y\",\"commune\":\"HENDAYE\",\"display_city\":false,\"cp\":\"64700\",\"ad1\":\"3 quai de la Floride\",\"gmapLongitude\":-1.77954,\"gmapLatitude\":43.3681,\"zone1\":null,\"telephone\":\"\",\"detail_url\":\"https:\\\/\\\/www.hendaye-tourisme.fr\\\/es\\\/actividades\\\/ASCAQU064V5BQW8Y-bateau-ecole-chevalier-hendaye\\\/\",\"excerpt\":\"En el puerto de Hendaya, obtenga su permiso de navegaci\\u00f3n de forma r\\u00e1pida y sencilla, en s\\u00f3lo 2 d\\u00edas Toda la formaci\\u00f3n pr\\u00e1ctica y te\\u00f3rica tiene lugar en Hendaya, en un ambiente&hellip;\",\"display_excerpt\":\"1\",\"photo\":\"https:\\\/\\\/www.hendaye-tourisme.fr\\\/wp-content\\\/uploads\\\/tis\\\/logo-permis-bateau.png\",\"clas\":null,\"btn_label\":\"Ver m\\u00e1s\",\"btn_class\":null,\"durable\":false,\"charte\":\"\",\"durable_label\":\"Desarrollo sostenible\",\"online_bookable\":false,\"price_from\":false,\"tags\":[{\"object_tag_id\":\"108871\",\"syndicObjectID\":\"ASCAQU064V5BQW8Y\",\"tag_id\":\"5\",\"subtag_id\":\"7\",\"field\":\"Motonautisme (bateau \\u00e0 moteur)\"}],\"type\":\"Place\"}},{\"geometry\":{\"type\":\"Point\",\"coordinates\":[-1.77896,43.3695]},\"type\":\"Feature\",\"id\":\"ASCAQU064FS0004Q\",\"properties\":{\"objectTypeCode\":\"ASC\",\"name\":\"Memphis Jet\",\"marker_id\":\"ASCAQU064FS0004Q\",\"commune\":\"HENDAYE\",\"display_city\":false,\"cp\":\"64700\",\"ad1\":\"Rue des Orangers\",\"gmapLongitude\":-1.77896,\"gmapLatitude\":43.3695,\"zone1\":null,\"telephone\":\"+33 5 59 15 23 82\",\"detail_url\":\"https:\\\/\\\/www.hendaye-tourisme.fr\\\/es\\\/actividades\\\/ASCAQU064FS0004Q-memphis-jet\\\/\",\"excerpt\":\"Salidas con Jet ski sin permiso & alquiler (Conforme al decreto del 1 de junio 2001). Descubre la costa vasca saliendo de Hendaya hacia San Juan de Luz, San Sebastian y Biarritz,&hellip;\",\"display_excerpt\":\"1\",\"photo\":\"https:\\\/\\\/www.hendaye-tourisme.fr\\\/wp-content\\\/uploads\\\/tis\\\/bouee-entre-copains-3.jpg\",\"clas\":null,\"btn_label\":\"Ver m\\u00e1s\",\"btn_class\":null,\"durable\":false,\"charte\":\"\",\"durable_label\":\"Desarrollo sostenible\",\"online_bookable\":false,\"price_from\":false,\"tags\":[{\"object_tag_id\":\"110309\",\"syndicObjectID\":\"ASCAQU064FS0004Q\",\"tag_id\":\"5\",\"subtag_id\":\"7\",\"field\":\"Bou\\u00e9es tract\\u00e9es\"},{\"object_tag_id\":\"110308\",\"syndicObjectID\":\"ASCAQU064FS0004Q\",\"tag_id\":\"5\",\"subtag_id\":\"7\",\"field\":\"Motonautisme (bateau \\u00e0 moteur)\"},{\"object_tag_id\":\"110307\",\"syndicObjectID\":\"ASCAQU064FS0004Q\",\"tag_id\":\"5\",\"subtag_id\":\"7\",\"field\":\"Scooter de mer\"}],\"type\":\"Place\"}}]};\n\t<\/script>\n\n\t\t\n\n<div id=\"tourinsoft-loader\">\n\t<div class=\"outer\">\n\t\t<div class=\"inner\">\n\t\t\t<div class=\"small\"><\/div>\n\t\t\t<div class=\"small\"><\/div>\n\t\t\t<div class=\"small\"><\/div>\n\t\t\t<div class=\"small\"><\/div>\n\t\t<\/div>\n\t\t<div class=\"big\">\n\t\t\t<div class=\"small\"><\/div>\n\t\t<\/div>\n\t\t<div class=\"big\">\n\t\t\t<div class=\"small\"><\/div>\n\t\t<\/div>\n\t<\/div>\n<\/div>\n\n\n<div style=\"height:50px\" aria-hidden=\"true\" class=\"wp-block-spacer\" id=\"form-results\"><\/div>\n\n\n<div id=\"tourinsoft-list\" class=\"py wp-block-group alignfull \">\n\t<div class=\"tourinsoft-map-container\">\n\t\t<div id=\"tourinsoft-result-list\">\n\t\t\t\t\t\t<div id=\"tourinsoft-result-container\" >\n\t\t\t\n\t\t\t\t\t\t\t\t<div id=\"js-marker-result\" class=\"grid-mode\" >\n\t\t\t\t\t\n\t\t\t\t\t<article class=\"js-marker tourinsoft-item tis-box \" id=\"marker-ASCAQU064FS0004R\" data-lat=\"43.3684\" data-lng=\"-1.77949\" data-title=\"Moby Dick\">\n\t<a href=\"https:\/\/www.hendaye-tourisme.fr\/es\/actividades\/ASCAQU064FS0004R-moby-dick\/\" class=\"trk_visit_single\">\n\t\t<div class=\"tis-item-cover \">\n\t\t\t\t\t\t\t\t\t<img decoding=\"async\" src=\"https:\/\/www.hendaye-tourisme.fr\/wp-content\/uploads\/tis\/IMG-9832.JPG\" title=\"Moby Dick\" alt=\"Moby Dick\" loading=\"lazy\" \/>\n\t\t\t\t\t\t\t\t<div class=\"tis-item-label-container\">\n\t\t\t\t\t\t\t\t\t<!--<span class=\"tis-item-handicap\"><img decoding=\"async\" src=\"https:\/\/www.hendaye-tourisme.fr\/wp-content\/plugins\/tourinsoft-syndication\/assets\/images\/icon-handicap.svg\" title=\"\" alt=\"\" \/><\/span>-->\n\t\t\t\t\t\t\t\t\t\t\t<\/div>\n\t\t\t\t\t<\/div>\n\t\t\n\t\t\n\t\t\n\t\t<h3>\t\t\tMoby Dick\t\t<\/h3>\n\t\t\t<\/a>\n\t\n\t\t\t\t\t\t<div class=\"tis-item-tags\">\n\t\t\t\t\t\t\t\t<span class=\"tis-item-tag\">Motonautisme (bateau \u00e0 moteur)<\/span>\n\t\t\t\t\t\t\t\t<span class=\"tis-item-tag\">Voile<\/span>\n\t\t\t\t\t\t\t<\/div>\n\t\t\t\t\n\t<p>&#8211; Alquiler de barco : vela y motor &#8211; Carn\u00e9 de barco<\/p>\t\n\t\t\n\t<div class=\"wp-block-button is-style-outline\">\n\t\t<a href=\"https:\/\/www.hendaye-tourisme.fr\/es\/actividades\/ASCAQU064FS0004R-moby-dick\/\" class=\"trk_visit_single wp-block-button__link has-dark-color has-white-background-color \">Ver m\u00e1s<\/a>\n\t<\/div>\n\t\n<\/article>\t<article class=\"js-marker tourinsoft-item tis-box \" id=\"marker-ASCAQU064V5BQW8Y\" data-lat=\"43.3681\" data-lng=\"-1.77954\" data-title=\"Bateau Ecole Chevalier Hendaye\">\n\t<a href=\"https:\/\/www.hendaye-tourisme.fr\/es\/actividades\/ASCAQU064V5BQW8Y-bateau-ecole-chevalier-hendaye\/\" class=\"trk_visit_single\">\n\t\t<div class=\"tis-item-cover \">\n\t\t\t\t\t\t\t\t\t<img decoding=\"async\" src=\"https:\/\/www.hendaye-tourisme.fr\/wp-content\/uploads\/tis\/logo-permis-bateau.png\" title=\"Bateau Ecole Chevalier Hendaye\" alt=\"Bateau Ecole Chevalier Hendaye\" loading=\"lazy\" \/>\n\t\t\t\t\t\t\t\t<div class=\"tis-item-label-container\">\n\t\t\t\t\t\t\t\t\t<!--<span class=\"tis-item-handicap\"><img decoding=\"async\" src=\"https:\/\/www.hendaye-tourisme.fr\/wp-content\/plugins\/tourinsoft-syndication\/assets\/images\/icon-handicap.svg\" title=\"\" alt=\"\" \/><\/span>-->\n\t\t\t\t\t\t\t\t\t\t\t<\/div>\n\t\t\t\t\t<\/div>\n\t\t\n\t\t\n\t\t\n\t\t<h3>\t\t\tBateau Ecole Chevalier Hendaye\t\t<\/h3>\n\t\t\t<\/a>\n\t\n\t\t\t\t\t\t<div class=\"tis-item-tags\">\n\t\t\t\t\t\t\t\t<span class=\"tis-item-tag\">Motonautisme (bateau \u00e0 moteur)<\/span>\n\t\t\t\t\t\t\t<\/div>\n\t\t\t\t\n\t<p>En el puerto de Hendaya, obtenga su permiso de navegaci\u00f3n de forma r\u00e1pida y sencilla, en s\u00f3lo 2 d\u00edas Toda la formaci\u00f3n pr\u00e1ctica y te\u00f3rica tiene lugar en Hendaya, en un ambiente&hellip;<\/p>\t\n\t\t\n\t<div class=\"wp-block-button is-style-outline\">\n\t\t<a href=\"https:\/\/www.hendaye-tourisme.fr\/es\/actividades\/ASCAQU064V5BQW8Y-bateau-ecole-chevalier-hendaye\/\" class=\"trk_visit_single wp-block-button__link has-dark-color has-white-background-color \">Ver m\u00e1s<\/a>\n\t<\/div>\n\t\n<\/article>\t<article class=\"js-marker tourinsoft-item tis-box \" id=\"marker-ASCAQU064FS0004Q\" data-lat=\"43.3695\" data-lng=\"-1.77896\" data-title=\"Memphis Jet\">\n\t<a href=\"https:\/\/www.hendaye-tourisme.fr\/es\/actividades\/ASCAQU064FS0004Q-memphis-jet\/\" class=\"trk_visit_single\">\n\t\t<div class=\"tis-item-cover \">\n\t\t\t\t\t\t\t\t\t<img decoding=\"async\" src=\"https:\/\/www.hendaye-tourisme.fr\/wp-content\/uploads\/tis\/bouee-entre-copains-3.jpg\" title=\"Memphis Jet\" alt=\"Memphis Jet\" loading=\"lazy\" \/>\n\t\t\t\t\t\t\t\t<div class=\"tis-item-label-container\">\n\t\t\t\t\t\t\t\t\t<!--<span class=\"tis-item-handicap\"><img decoding=\"async\" src=\"https:\/\/www.hendaye-tourisme.fr\/wp-content\/plugins\/tourinsoft-syndication\/assets\/images\/icon-handicap.svg\" title=\"\" alt=\"\" \/><\/span>-->\n\t\t\t\t\t\t\t\t\t\t\t<\/div>\n\t\t\t\t\t<\/div>\n\t\t\n\t\t\n\t\t\n\t\t<h3>\t\t\tMemphis Jet\t\t<\/h3>\n\t\t\t<\/a>\n\t\n\t\t\t\t\t\t<div class=\"tis-item-tags\">\n\t\t\t\t\t\t\t\t<span class=\"tis-item-tag\">Bou\u00e9es tract\u00e9es<\/span>\n\t\t\t\t\t\t\t\t<span class=\"tis-item-tag\">Motonautisme (bateau \u00e0 moteur)<\/span>\n\t\t\t\t\t\t\t\t<span class=\"tis-item-tag\">Scooter de mer<\/span>\n\t\t\t\t\t\t\t<\/div>\n\t\t\t\t\n\t<p>Salidas con Jet ski sin permiso &#038; alquiler (Conforme al decreto del 1 de junio 2001). Descubre la costa vasca saliendo de Hendaya hacia San Juan de Luz, San Sebastian y Biarritz,&hellip;<\/p>\t\n\t\t\n\t<div class=\"wp-block-button is-style-outline\">\n\t\t<a href=\"https:\/\/www.hendaye-tourisme.fr\/es\/actividades\/ASCAQU064FS0004Q-memphis-jet\/\" class=\"trk_visit_single wp-block-button__link has-dark-color has-white-background-color \">Ver m\u00e1s<\/a>\n\t<\/div>\n\t\n<\/article>\t\t\t\t\t<\/div>\n\t\t\t<\/div>\n\t\t<\/div>\n\t\t<div id=\"tourinsoft-map\"  data-marker=\"https:\/\/www.hendaye-tourisme.fr\/wp-content\/plugins\/tourinsoft-syndication\/assets\/images\/map-marker.png\" data-lat=\"43.35940200\" data-lng=\"-1.76615000\" data-zoom=\"10\"><\/div>\n\t<\/div>\n<\/div>\n\n\n<div style=\"height:50px\" aria-hidden=\"true\" class=\"wp-block-spacer\"><\/div>\n\n<\/div>\n","protected":false},"excerpt":{"rendered":"","protected":false},"author":2,"featured_media":0,"parent":15307,"menu_order":3,"comment_status":"closed","ping_status":"closed","template":"","meta":{"_acf_changed":false,"_seopress_robots_primary_cat":"","_seopress_titles_title":"","_seopress_titles_desc":"","_seopress_robots_index":"","footnotes":""},"class_list":["post-15333","page","type-page","status-publish","hentry"],"acf":[],"_links":{"self":[{"href":"https:\/\/www.hendaye-tourisme.fr\/es\/wp-json\/wp\/v2\/pages\/15333","targetHints":{"allow":["GET"]}}],"collection":[{"href":"https:\/\/www.hendaye-tourisme.fr\/es\/wp-json\/wp\/v2\/pages"}],"about":[{"href":"https:\/\/www.hendaye-tourisme.fr\/es\/wp-json\/wp\/v2\/types\/page"}],"author":[{"embeddable":true,"href":"https:\/\/www.hendaye-tourisme.fr\/es\/wp-json\/wp\/v2\/users\/2"}],"replies":[{"embeddable":true,"href":"https:\/\/www.hendaye-tourisme.fr\/es\/wp-json\/wp\/v2\/comments?post=15333"}],"version-history":[{"count":1,"href":"https:\/\/www.hendaye-tourisme.fr\/es\/wp-json\/wp\/v2\/pages\/15333\/revisions"}],"predecessor-version":[{"id":15334,"href":"https:\/\/www.hendaye-tourisme.fr\/es\/wp-json\/wp\/v2\/pages\/15333\/revisions\/15334"}],"up":[{"embeddable":true,"href":"https:\/\/www.hendaye-tourisme.fr\/es\/wp-json\/wp\/v2\/pages\/15307"}],"wp:attachment":[{"href":"https:\/\/www.hendaye-tourisme.fr\/es\/wp-json\/wp\/v2\/media?parent=15333"}],"curies":[{"name":"wp","href":"https:\/\/api.w.org\/{rel}","templated":true}]}}