{"id":15265,"date":"2023-11-08T18:54:13","date_gmt":"2023-11-08T17:54:13","guid":{"rendered":"https:\/\/www.hendaye-tourisme.fr\/actividades\/actividades-culturales\/visitas-guiadas\/"},"modified":"2025-10-29T11:41:16","modified_gmt":"2025-10-29T10:41:16","slug":"visitas-guiadas","status":"publish","type":"page","link":"https:\/\/www.hendaye-tourisme.fr\/es\/actividades\/actividades-culturales\/visitas-guiadas\/","title":{"rendered":"Visitas guiadas"},"content":{"rendered":"\n<div class=\"wp-block-columns is-layout-flex wp-container-core-columns-is-layout-9d6595d7 wp-block-columns-is-layout-flex\">\n<div class=\"wp-block-column is-layout-flow wp-block-column-is-layout-flow\" style=\"flex-basis:33.33%\"><div class=\"highlight-bloc-container \" id=\"ts-block-65368af54ee28\"  >\n\t<div class=\"highlight-bloc-content\">\n\t\t<div class=\"acf-innerblocks-container\">\n\n<h2 class=\"wp-block-heading suptitle\">Viaje al coraz\u00f3n de la historia de Hendaya<\/h2>\n\n<\/div>\t<\/div>\n<\/div>\n<\/div>\n\n\n\n<div class=\"wp-block-column is-layout-flow wp-block-column-is-layout-flow\" style=\"flex-basis:66.66%\">\n<p>Hendaya Tourisme ofrece visitas guiadas a Hendaya (exclusivamente en frances) <strong>del 2 de abril al 7 de noviembre de 2024<\/strong> (excepto el 18 de abril) y durante las vacaciones de oto\u00f1o.<\/p>\n\n\n\n<p>Desde el Bidassoa, el r\u00edo que hace frontera con Espa\u00f1a, hasta las casas neovascas del paseo mar\u00edtimo, desde Pierre Loti (el autor de Ramuntxo) hasta el Abbadia, el Castillo-Observatorio, reviva la historia de la ciudad.<\/p>\n<\/div>\n<\/div>\n\n\n\n<section class=\"wp-block-group alignfull\"><div class=\"wp-block-group__inner-container is-layout-constrained wp-block-group-is-layout-constrained\">\n<div class=\"wp-block-media-text alignfull is-stacked-on-mobile\"><figure class=\"wp-block-media-text__media\"><img decoding=\"async\" width=\"717\" height=\"480\" src=\"https:\/\/www.hendaye-tourisme.fr\/wp-content\/uploads\/2023\/11\/Image1.jpg\" alt=\"\" class=\"wp-image-1591 size-full\"\/><\/figure><div class=\"wp-block-media-text__content\">\n<h3 class=\"wp-block-heading\" style=\"text-transform:none\">Visita del centro de la ciudad<\/h3>\n\n\n\n<p><strong>Hendaya, su historia oculta<\/strong>: Desde la explanada de la iglesia de San Vicente de Hendaya, descubra el front\u00f3n Gaztelu Zahar y sus pilotaris, los restos de las murallas Vauban con su inmejorable vista de Hondarribia.<br><br>Eche un vistazo a Bakar Etxea, la villa de Pierre Loti -que no se puede visitar- y el antiguo puerto de Caneta.<br><br>\u00bfY sab\u00eda que fue en Hendaya donde se firm\u00f3 el tratado entre Francia y Espa\u00f1a que allan\u00f3 el camino para el matrimonio de Luis XIV?<\/p>\n<\/div><\/div>\n\n\n\n<div class=\"wp-block-media-text alignfull has-media-on-the-right is-stacked-on-mobile\"><div class=\"wp-block-media-text__content\">\n<h3 class=\"wp-block-heading\" style=\"text-transform:none\">Recorrido por la \u00abzona de la playa\u00bb<\/h3>\n\n\n\n<p><strong>Hendaya&#8230; la Belle Epoque<\/strong>: cita frente a la Oficina de Turismo.<br><br>Descubra el paseo mar\u00edtimo (completamente remodelado a principios de 2012) y sus villas de inspiraci\u00f3n neovasca, que confieren al complejo su car\u00e1cter distintivo.<br><br>Disfrute de la vista panor\u00e1mica desde los muelles de La Floride sobre el centro de la ciudad y la bah\u00eda de Txingudi.<\/p>\n<\/div><figure class=\"wp-block-media-text__media\"><img decoding=\"async\" width=\"639\" height=\"479\" src=\"https:\/\/www.hendaye-tourisme.fr\/wp-content\/uploads\/2023\/11\/Image2.jpg\" alt=\"\" class=\"wp-image-1587 size-full\"\/><\/figure><\/div>\n<\/div><\/section>\n\n\n\n<section class=\"wp-block-group alignfull wave has-white-color has-blue-background-color has-text-color has-background\"><div class=\"wp-block-group__inner-container is-layout-constrained wp-block-group-is-layout-constrained\">\n<h2 class=\"wp-block-heading has-text-align-center tilde has-white-color has-text-color\">Informaci\u00f3n pr\u00e1ctica<\/h2>\n\n\n\n<div style=\"height:50px\" aria-hidden=\"true\" class=\"wp-block-spacer\"><\/div>\n\n\n\n<div class=\"wp-block-columns is-layout-flex wp-container-core-columns-is-layout-9d6595d7 wp-block-columns-is-layout-flex\">\n<div class=\"wp-block-column is-layout-flow wp-block-column-is-layout-flow\">\n<figure class=\"wp-block-table\"><table><thead><tr><th class=\"has-text-align-center\" data-align=\"center\"><\/th><th class=\"has-text-align-center\" data-align=\"center\">Martes<\/th><th class=\"has-text-align-center\" data-align=\"center\">Jueves<\/th><\/tr><\/thead><tbody><tr><td class=\"has-text-align-center\" data-align=\"center\">Punto de salida<\/td><td class=\"has-text-align-center\" data-align=\"center\"><strong>Centro de la ciudad<\/strong><br><em>Atrio de la iglesia San Vicente<\/em><\/td><td class=\"has-text-align-center\" data-align=\"center\"><strong>Playa<\/strong><br><em>Oficina de Turismo<\/em><\/td><\/tr><tr><td class=\"has-text-align-center\" data-align=\"center\">Hora de salida<\/td><td class=\"has-text-align-center\" data-align=\"center\">10:30<\/td><td class=\"has-text-align-center\" data-align=\"center\">10:30<\/td><\/tr><\/tbody><\/table><\/figure>\n<\/div>\n\n\n\n<div class=\"wp-block-column is-layout-flow wp-block-column-is-layout-flow\">\n<h3 class=\"wp-block-heading has-white-color has-text-color has-link-color wp-elements-a141ecac8dbdfe5e31e592c360c16c22\">Tarifas<\/h3>\n\n\n\n<p>Adultos: 4 \u20ac<br>Ni\u00f1os (de 6 a 16 a\u00f1os): 2 \u20ac<br>Ni\u00f1os (menores de 5 a\u00f1os): gratis<\/p>\n<\/div>\n<\/div>\n\n\n\n<p class=\"has-text-align-center\"><strong>Grupos<\/strong>: visitas disponibles todo el a\u00f1o con reserva previa<\/p>\n\n\n\n<div style=\"height:30px\" aria-hidden=\"true\" class=\"wp-block-spacer\"><\/div>\n\n\n\n<div class=\"wp-block-buttons is-content-justification-center is-layout-flex wp-container-core-buttons-is-layout-16018d1d wp-block-buttons-is-layout-flex\">\n<div class=\"wp-block-button\"><a class=\"wp-block-button__link has-blue-color has-white-background-color has-text-color has-background has-link-color wp-element-button\" href=\"https:\/\/reservation.elloha.com?IdPublication=ce848297-e462-464d-9a66-4566f5ef38e3&amp;culture=fr-FR&amp;idoi=13468ea1-1126-4d22-8ad3-05faaad28964&amp;idPrestation=9ffd61e8-20a9-4cc1-93a5-341398bd9ee4&amp;searchFirstAvailableDates=1\" target=\"_blank\" rel=\"noreferrer noopener\">Reservo una visita guiada por el centro de la ciudad<\/a><\/div>\n\n\n\n<div class=\"wp-block-button\"><a class=\"wp-block-button__link has-blue-color has-white-background-color has-text-color has-background has-link-color wp-element-button\" href=\"https:\/\/reservation.elloha.com?IdPublication=1a168ef2-1358-4b1e-920f-e064dc07403f&amp;culture=fr-FR&amp;idoi=13468ea1-1126-4d22-8ad3-05faaad28964&amp;idPrestation=2671ad18-8eb2-43fe-8e99-aa81e03ac09d&amp;searchFirstAvailableDates=1\" target=\"_blank\" rel=\"noreferrer noopener\">Reservo una visita de la \u00abZona de la Playa\u00bb<\/a><\/div>\n<\/div>\n<\/div><\/section>\n","protected":false},"excerpt":{"rendered":"<p>Hendaya Tourisme ofrece visitas guiadas a Hendaya (exclusivamente en frances) del 2 de abril al 7 de noviembre de 2024 (excepto el 18 de abril) y durante las vacaciones de oto\u00f1o. Desde el Bidassoa, el r\u00edo que hace frontera con Espa\u00f1a, hasta las casas neovascas del paseo mar\u00edtimo, desde Pierre [&hellip;]<\/p>\n","protected":false},"author":1,"featured_media":1564,"parent":15237,"menu_order":0,"comment_status":"closed","ping_status":"closed","template":"","meta":{"_acf_changed":false,"_seopress_robots_primary_cat":"","_seopress_titles_title":"","_seopress_titles_desc":"","_seopress_robots_index":"","footnotes":""},"class_list":["post-15265","page","type-page","status-publish","has-post-thumbnail","hentry"],"acf":[],"_links":{"self":[{"href":"https:\/\/www.hendaye-tourisme.fr\/es\/wp-json\/wp\/v2\/pages\/15265","targetHints":{"allow":["GET"]}}],"collection":[{"href":"https:\/\/www.hendaye-tourisme.fr\/es\/wp-json\/wp\/v2\/pages"}],"about":[{"href":"https:\/\/www.hendaye-tourisme.fr\/es\/wp-json\/wp\/v2\/types\/page"}],"author":[{"embeddable":true,"href":"https:\/\/www.hendaye-tourisme.fr\/es\/wp-json\/wp\/v2\/users\/1"}],"replies":[{"embeddable":true,"href":"https:\/\/www.hendaye-tourisme.fr\/es\/wp-json\/wp\/v2\/comments?post=15265"}],"version-history":[{"count":1,"href":"https:\/\/www.hendaye-tourisme.fr\/es\/wp-json\/wp\/v2\/pages\/15265\/revisions"}],"predecessor-version":[{"id":87448,"href":"https:\/\/www.hendaye-tourisme.fr\/es\/wp-json\/wp\/v2\/pages\/15265\/revisions\/87448"}],"up":[{"embeddable":true,"href":"https:\/\/www.hendaye-tourisme.fr\/es\/wp-json\/wp\/v2\/pages\/15237"}],"wp:featuredmedia":[{"embeddable":true,"href":"https:\/\/www.hendaye-tourisme.fr\/es\/wp-json\/wp\/v2\/media\/1564"}],"wp:attachment":[{"href":"https:\/\/www.hendaye-tourisme.fr\/es\/wp-json\/wp\/v2\/media?parent=15265"}],"curies":[{"name":"wp","href":"https:\/\/api.w.org\/{rel}","templated":true}]}}