{"id":14361,"date":"2023-11-02T18:35:01","date_gmt":"2023-11-02T17:35:01","guid":{"rendered":"https:\/\/www.hendaye-tourisme.fr\/abbadia-el-castillo-observatorio\/"},"modified":"2025-12-29T11:48:26","modified_gmt":"2025-12-29T10:48:26","slug":"abbadia-el-castillo-observatorio","status":"publish","type":"page","link":"https:\/\/www.hendaye-tourisme.fr\/es\/actividades\/actividades-culturales\/abbadia-el-castillo-observatorio\/","title":{"rendered":"Abbadia, el Castillo-Observatorio"},"content":{"rendered":"\n<div class=\"wp-block-columns is-layout-flex wp-container-core-columns-is-layout-9d6595d7 wp-block-columns-is-layout-flex\">\n<div class=\"wp-block-column is-layout-flow wp-block-column-is-layout-flow\" style=\"flex-basis:33.33%\"><div class=\"highlight-bloc-container \" id=\"ts-block-65368af54ee28\"  >\n\t<div class=\"highlight-bloc-content\">\n\t\t<div class=\"acf-innerblocks-container\">\n\n<h2 class=\"wp-block-heading suptitle\">Reviva los viajes de Antoine d&#8217;Abbadie en su casa, construida a finales del siglo XIX por Eug\u00e8ne Viollet le Duc.<\/h2>\n\n<\/div>\t<\/div>\n<\/div>\n<\/div>\n\n\n\n<div class=\"wp-block-column is-layout-flow wp-block-column-is-layout-flow\" style=\"flex-basis:66.66%\">\n<p>La obra de Antoine d&#8217;Abbadie en Abbadia, su Castillo-Observatorio, es la historia de una vida dedicada a la ciencia, al hombre y a Dios.<\/p>\n\n\n\n<p>Totalmente amueblado y restaurado, podr\u00e1 visitar todas las salas del castillo: el observatorio y su telescopio, la biblioteca, la capilla, las habitaciones, los salones y los tocadores en particular.<\/p>\n\n\n\n<p>Construida entre 1864 y 1884 en estilo neog\u00f3tico, Abbadia es una de las raras creaciones del ilustre arquitecto Eug\u00e8ne Viollet le Duc.<\/p>\n\n\n\n<p><strong>Est\u00e1 clasificado como \u00abMonumento Hist\u00f3rico\u00bb y ha recibido las etiquetas <a href=\"https:\/\/illustres.fr\/\" target=\"_blank\" rel=\"noreferrer noopener\">\u00abMaison des Illustres<\/a>\u00bb y \u00abTourisme &amp; Handicap\u00bb <\/strong><a href=\"https:\/\/tourisme-handicaps.org\/les-marques-nationales\/tourisme-handicap\/th-presentation\/\" target=\"_blank\" rel=\"noreferrer noopener\"><strong>Turismo y Minusval\u00eda<\/strong><\/a><strong>\u00bb y <a href=\"https:\/\/www.qualite-tourisme.gouv.fr\/fr\" target=\"_blank\" rel=\"noreferrer noopener\">\u00abCalidad Tur\u00edstica\u00bb<\/a>.<\/strong><\/p>\n<\/div>\n<\/div>\n\n\n\n<section class=\"wp-block-group alignfull wave has-white-color has-blue-background-color has-text-color has-background\"><div class=\"wp-block-group__inner-container is-layout-constrained wp-block-group-is-layout-constrained\">\n<h2 class=\"wp-block-heading has-text-align-center tilde has-white-color has-text-color\">Informaci\u00f3n pr\u00e1ctica<\/h2>\n\n\n\n<p class=\"has-text-align-center\">El castillo permanecer\u00e1 cerrado del 5 al 26 de enero, el 1 de mayo, el 11 de septiembre y los d\u00edas 24, 25 y 31 de diciembre de 2026.<\/p>\n\n\n\n<div style=\"height:41px\" aria-hidden=\"true\" class=\"wp-block-spacer\"><\/div>\n\n\n\n<div class=\"wp-block-buttons is-content-justification-center is-layout-flex wp-container-core-buttons-is-layout-16018d1d wp-block-buttons-is-layout-flex\">\n<div class=\"wp-block-button is-style-outline is-style-outline--1\"><a class=\"wp-block-button__link has-white-color has-blue-background-color has-text-color has-background wp-element-button\" href=\"https:\/\/www.chateau-abbadia.fr\/preparer-votre-visite\/horaires-ouverture\" target=\"_blank\" rel=\"noreferrer noopener\">Horarios de apertura<\/a><\/div>\n\n\n\n<div class=\"wp-block-button is-style-outline is-style-outline--2\"><a class=\"wp-block-button__link has-white-color has-blue-background-color has-text-color has-background wp-element-button\" href=\"https:\/\/www.calameo.com\/hendaye-tourisme\/read\/00001520181072302254d\" target=\"_blank\" rel=\"noreferrer noopener\">Ver el folleto 2026<\/a><\/div>\n\n\n\n<div class=\"wp-block-button is-style-fill\"><a class=\"wp-block-button__link has-blue-color has-white-background-color has-text-color has-background wp-element-button\" href=\"http:\/\/tinyurl.com\/yew4f7lf\" target=\"_blank\" rel=\"noreferrer noopener\">Reserve sus entradas<\/a><\/div>\n<\/div>\n<\/div><\/section>\n\n\n\n<div style=\"height:30px\" aria-hidden=\"true\" class=\"wp-block-spacer\"><\/div>\n\n\n\n<div class=\"wp-block-cover is-light has-custom-content-position is-position-top-center alert\" style=\"min-height:107px;aspect-ratio:unset;\"><span aria-hidden=\"true\" class=\"wp-block-cover__background has-light-blue-background-color has-background-dim-100 has-background-dim\"><\/span><div class=\"wp-block-cover__inner-container is-layout-constrained wp-block-cover-is-layout-constrained\">\n<p class=\"has-text-align-left has-blue-color has-text-color\"><strong>NUEVO: \u00a1convi\u00e9rtase en el heredero de Antoine d&#8217;Abbadie durante el <a href=\"\/activites\/LOIAQU064V5BSCSG-escape-game-d-abbadia-le-chateau-observatoire\/\" data-type=\"page\" data-id=\"12401\">Juego de Escape de Abbadia<\/a>!<\/strong><\/p>\n<\/div><\/div>\n\n\n\n<section class=\"wp-block-group alignfull\"><div class=\"wp-block-group__inner-container is-layout-constrained wp-block-group-is-layout-constrained\">\n<div class=\"wp-block-media-text alignfull is-stacked-on-mobile is-image-fill-element has-light-blue-background-color has-background\"><figure class=\"wp-block-media-text__media\"><img decoding=\"async\" width=\"1024\" height=\"768\" src=\"https:\/\/www.hendaye-tourisme.fr\/wp-content\/uploads\/2023\/11\/Chambre-de-Virginie-Abbadia-le-Chateau-Observatoire-Hendaye-Tourisme-11-1024x768.jpg\" alt=\"Habitaci\u00f3n Virginie ch\u00e2teau abbadia\" class=\"wp-image-944 size-full\" style=\"object-position:50% 50%\" srcset=\"https:\/\/www.hendaye-tourisme.fr\/wp-content\/uploads\/2023\/11\/Chambre-de-Virginie-Abbadia-le-Chateau-Observatoire-Hendaye-Tourisme-11-1024x768.jpg 1024w, https:\/\/www.hendaye-tourisme.fr\/wp-content\/uploads\/2023\/11\/Chambre-de-Virginie-Abbadia-le-Chateau-Observatoire-Hendaye-Tourisme-11-800x600.jpg 800w, https:\/\/www.hendaye-tourisme.fr\/wp-content\/uploads\/2023\/11\/Chambre-de-Virginie-Abbadia-le-Chateau-Observatoire-Hendaye-Tourisme-11-768x576.jpg 768w, https:\/\/www.hendaye-tourisme.fr\/wp-content\/uploads\/2023\/11\/Chambre-de-Virginie-Abbadia-le-Chateau-Observatoire-Hendaye-Tourisme-11-1536x1152.jpg 1536w, https:\/\/www.hendaye-tourisme.fr\/wp-content\/uploads\/2023\/11\/Chambre-de-Virginie-Abbadia-le-Chateau-Observatoire-Hendaye-Tourisme-11.jpg 1900w\" sizes=\"(max-width: 1024px) 100vw, 1024px\" \/><\/figure><div class=\"wp-block-media-text__content\">\n<h3 class=\"wp-block-heading has-text-align-center\" style=\"text-transform:uppercase\">Nota para los visitantes<\/h3>\n\n\n\n<p>Abbadia es un <strong>lugar especialmente fr\u00e1gil<\/strong>. Su asistencia diaria, acordada conjuntamente con la DRAC de Aquitania, es limitada. <\/p>\n\n\n\n<p>Durante todo el a\u00f1o, y especialmente en pleno verano, es obligatorio reservar. As\u00ed que puede estar seguro de recibir una c\u00e1lida bienvenida.<\/p>\n\n\n\n<p>Abbadia ofrece 2 zonas de aparcamiento gratuito a 10 minutos a pie: el aparcamiento Ascoubia (500 metros) y la calle de la Glaci\u00e8re (200 metros).<br>Nota: la cercana calle Armatonde es gratuita de mediados de septiembre a mediados de junio, aunque es especialmente empinada.<\/p>\n\n\n\n<p>Se recomienda a los visitantes venir en autob\u00fas (parada Abadia &#8211; <a href=\"https:\/\/www.hendaye-tourisme.fr\/fr\/infos-pratiques\/se-deplacer-depuis-hendaye\/txiktxak-bus\/\" target=\"_blank\" rel=\"noreferrer noopener\">l\u00edneas 14, 15 y 26<\/a>) o a pie desde la playa de Hendaya (unos 15 minutos).<\/p>\n<\/div><\/div>\n\n\n\n<div class=\"wp-block-media-text alignfull has-media-on-the-right is-stacked-on-mobile is-vertically-aligned-center is-image-fill-element has-light-blue-background-color has-background\"><div class=\"wp-block-media-text__content\">\n<h3 class=\"wp-block-heading has-text-align-center\" style=\"text-transform:uppercase\">Informaci\u00f3n y contacto<\/h3>\n\n\n\n<p class=\"has-text-align-center\"><strong>Abbadia, el Castillo-Observatori<\/strong><strong>o<\/strong><\/p>\n\n\n\n<p class=\"has-text-align-center\">27, route de la Corniche<br>64700 HENDAYE<\/p>\n\n\n\n<p class=\"has-text-align-center\">Tel: <a href=\"tel:+33559200451\">+33 5 59 20 04 51<\/a><\/p>\n\n\n\n<div style=\"height:30px\" aria-hidden=\"true\" class=\"wp-block-spacer\"><\/div>\n\n\n\n<div class=\"wp-block-buttons is-content-justification-center is-layout-flex wp-container-core-buttons-is-layout-16018d1d wp-block-buttons-is-layout-flex\">\n<div class=\"wp-block-button\"><a class=\"wp-block-button__link wp-element-button\" href=\"http:\/\/www.chateau-abbadia.fr\/\">www.chateau-abbadia.fr\/es<\/a><\/div>\n<\/div>\n<\/div><figure class=\"wp-block-media-text__media\"><img decoding=\"async\" width=\"1024\" height=\"682\" src=\"https:\/\/www.hendaye-tourisme.fr\/wp-content\/uploads\/2023\/11\/Parc-Abbadia-le-Chateau-Observatoire-Hendaye-Tourisme-4-1024x682.jpg\" alt=\"Parque - Abbadia, el Castillo-Observatorio\" class=\"wp-image-940 size-full\" style=\"object-position:50% 50%\" srcset=\"https:\/\/www.hendaye-tourisme.fr\/wp-content\/uploads\/2023\/11\/Parc-Abbadia-le-Chateau-Observatoire-Hendaye-Tourisme-4-1024x682.jpg 1024w, https:\/\/www.hendaye-tourisme.fr\/wp-content\/uploads\/2023\/11\/Parc-Abbadia-le-Chateau-Observatoire-Hendaye-Tourisme-4-800x533.jpg 800w, https:\/\/www.hendaye-tourisme.fr\/wp-content\/uploads\/2023\/11\/Parc-Abbadia-le-Chateau-Observatoire-Hendaye-Tourisme-4-768x512.jpg 768w, https:\/\/www.hendaye-tourisme.fr\/wp-content\/uploads\/2023\/11\/Parc-Abbadia-le-Chateau-Observatoire-Hendaye-Tourisme-4-1536x1023.jpg 1536w, https:\/\/www.hendaye-tourisme.fr\/wp-content\/uploads\/2023\/11\/Parc-Abbadia-le-Chateau-Observatoire-Hendaye-Tourisme-4.jpg 1900w\" sizes=\"(max-width: 1024px) 100vw, 1024px\" \/><\/figure><\/div>\n<\/div><\/section>\n\n\n\n<div style=\"height:60px\" aria-hidden=\"true\" class=\"wp-block-spacer\"><\/div>\n\n\n\n<section class=\"wp-block-group alignfull wave has-white-color has-blue-background-color has-text-color has-background\"><div class=\"wp-block-group__inner-container is-layout-constrained wp-block-group-is-layout-constrained\">\n<h2 class=\"wp-block-heading has-text-align-center tilde has-white-color has-text-color\">En im\u00e1genes<\/h2>\n\n\n\n<div style=\"height:30px\" aria-hidden=\"true\" class=\"wp-block-spacer\"><\/div>\n\n\n\n<figure class=\"wp-block-gallery has-nested-images columns-default is-cropped wp-block-gallery-3 is-layout-flex wp-block-gallery-is-layout-flex\">\n<figure data-wp-context=\"{&quot;imageId&quot;:&quot;69f0ee3f42f05&quot;}\" data-wp-interactive=\"core\/image\" data-wp-key=\"69f0ee3f42f05\" class=\"wp-block-image size-large wp-lightbox-container\"><img decoding=\"async\" width=\"1024\" height=\"768\" data-wp-class--hide=\"state.isContentHidden\" data-wp-class--show=\"state.isContentVisible\" data-wp-init=\"callbacks.setButtonStyles\" data-wp-on--click=\"actions.showLightbox\" data-wp-on--load=\"callbacks.setButtonStyles\" data-wp-on-window--resize=\"callbacks.setButtonStyles\" data-id=\"944\" src=\"https:\/\/www.hendaye-tourisme.fr\/wp-content\/uploads\/2023\/11\/Chambre-de-Virginie-Abbadia-le-Chateau-Observatoire-Hendaye-Tourisme-11-1024x768.jpg\" alt=\"Habitaci\u00f3n Virginie ch\u00e2teau abbadia\" class=\"wp-image-944\" srcset=\"https:\/\/www.hendaye-tourisme.fr\/wp-content\/uploads\/2023\/11\/Chambre-de-Virginie-Abbadia-le-Chateau-Observatoire-Hendaye-Tourisme-11-1024x768.jpg 1024w, https:\/\/www.hendaye-tourisme.fr\/wp-content\/uploads\/2023\/11\/Chambre-de-Virginie-Abbadia-le-Chateau-Observatoire-Hendaye-Tourisme-11-800x600.jpg 800w, https:\/\/www.hendaye-tourisme.fr\/wp-content\/uploads\/2023\/11\/Chambre-de-Virginie-Abbadia-le-Chateau-Observatoire-Hendaye-Tourisme-11-768x576.jpg 768w, https:\/\/www.hendaye-tourisme.fr\/wp-content\/uploads\/2023\/11\/Chambre-de-Virginie-Abbadia-le-Chateau-Observatoire-Hendaye-Tourisme-11-1536x1152.jpg 1536w, https:\/\/www.hendaye-tourisme.fr\/wp-content\/uploads\/2023\/11\/Chambre-de-Virginie-Abbadia-le-Chateau-Observatoire-Hendaye-Tourisme-11.jpg 1900w\" sizes=\"(max-width: 1024px) 100vw, 1024px\" \/><button\n\t\t\tclass=\"lightbox-trigger\"\n\t\t\ttype=\"button\"\n\t\t\taria-haspopup=\"dialog\"\n\t\t\taria-label=\"Agrandar\"\n\t\t\tdata-wp-init=\"callbacks.initTriggerButton\"\n\t\t\tdata-wp-on--click=\"actions.showLightbox\"\n\t\t\tdata-wp-style--right=\"state.imageButtonRight\"\n\t\t\tdata-wp-style--top=\"state.imageButtonTop\"\n\t\t>\n\t\t\t<svg xmlns=\"http:\/\/www.w3.org\/2000\/svg\" width=\"12\" height=\"12\" fill=\"none\" viewBox=\"0 0 12 12\">\n\t\t\t\t<path fill=\"#fff\" d=\"M2 0a2 2 0 0 0-2 2v2h1.5V2a.5.5 0 0 1 .5-.5h2V0H2Zm2 10.5H2a.5.5 0 0 1-.5-.5V8H0v2a2 2 0 0 0 2 2h2v-1.5ZM8 12v-1.5h2a.5.5 0 0 0 .5-.5V8H12v2a2 2 0 0 1-2 2H8Zm2-12a2 2 0 0 1 2 2v2h-1.5V2a.5.5 0 0 0-.5-.5H8V0h2Z\" \/>\n\t\t\t<\/svg>\n\t\t<\/button><\/figure>\n\n\n\n<figure data-wp-context=\"{&quot;imageId&quot;:&quot;69f0ee3f43526&quot;}\" data-wp-interactive=\"core\/image\" data-wp-key=\"69f0ee3f43526\" class=\"wp-block-image size-large wp-lightbox-container\"><img decoding=\"async\" width=\"1024\" height=\"682\" data-wp-class--hide=\"state.isContentHidden\" data-wp-class--show=\"state.isContentVisible\" data-wp-init=\"callbacks.setButtonStyles\" data-wp-on--click=\"actions.showLightbox\" data-wp-on--load=\"callbacks.setButtonStyles\" data-wp-on-window--resize=\"callbacks.setButtonStyles\" data-id=\"940\" src=\"https:\/\/www.hendaye-tourisme.fr\/wp-content\/uploads\/2023\/11\/Parc-Abbadia-le-Chateau-Observatoire-Hendaye-Tourisme-4-1024x682.jpg\" alt=\"Parque - Abbadia, el Castillo-Observatorio\" class=\"wp-image-940\" srcset=\"https:\/\/www.hendaye-tourisme.fr\/wp-content\/uploads\/2023\/11\/Parc-Abbadia-le-Chateau-Observatoire-Hendaye-Tourisme-4-1024x682.jpg 1024w, https:\/\/www.hendaye-tourisme.fr\/wp-content\/uploads\/2023\/11\/Parc-Abbadia-le-Chateau-Observatoire-Hendaye-Tourisme-4-800x533.jpg 800w, https:\/\/www.hendaye-tourisme.fr\/wp-content\/uploads\/2023\/11\/Parc-Abbadia-le-Chateau-Observatoire-Hendaye-Tourisme-4-768x512.jpg 768w, https:\/\/www.hendaye-tourisme.fr\/wp-content\/uploads\/2023\/11\/Parc-Abbadia-le-Chateau-Observatoire-Hendaye-Tourisme-4-1536x1023.jpg 1536w, https:\/\/www.hendaye-tourisme.fr\/wp-content\/uploads\/2023\/11\/Parc-Abbadia-le-Chateau-Observatoire-Hendaye-Tourisme-4.jpg 1900w\" sizes=\"(max-width: 1024px) 100vw, 1024px\" \/><button\n\t\t\tclass=\"lightbox-trigger\"\n\t\t\ttype=\"button\"\n\t\t\taria-haspopup=\"dialog\"\n\t\t\taria-label=\"Agrandar\"\n\t\t\tdata-wp-init=\"callbacks.initTriggerButton\"\n\t\t\tdata-wp-on--click=\"actions.showLightbox\"\n\t\t\tdata-wp-style--right=\"state.imageButtonRight\"\n\t\t\tdata-wp-style--top=\"state.imageButtonTop\"\n\t\t>\n\t\t\t<svg xmlns=\"http:\/\/www.w3.org\/2000\/svg\" width=\"12\" height=\"12\" fill=\"none\" viewBox=\"0 0 12 12\">\n\t\t\t\t<path fill=\"#fff\" d=\"M2 0a2 2 0 0 0-2 2v2h1.5V2a.5.5 0 0 1 .5-.5h2V0H2Zm2 10.5H2a.5.5 0 0 1-.5-.5V8H0v2a2 2 0 0 0 2 2h2v-1.5ZM8 12v-1.5h2a.5.5 0 0 0 .5-.5V8H12v2a2 2 0 0 1-2 2H8Zm2-12a2 2 0 0 1 2 2v2h-1.5V2a.5.5 0 0 0-.5-.5H8V0h2Z\" \/>\n\t\t\t<\/svg>\n\t\t<\/button><\/figure>\n\n\n\n<figure data-wp-context=\"{&quot;imageId&quot;:&quot;69f0ee3f43c72&quot;}\" data-wp-interactive=\"core\/image\" data-wp-key=\"69f0ee3f43c72\" class=\"wp-block-image size-large wp-lightbox-container\"><img decoding=\"async\" width=\"1024\" height=\"682\" data-wp-class--hide=\"state.isContentHidden\" data-wp-class--show=\"state.isContentVisible\" data-wp-init=\"callbacks.setButtonStyles\" data-wp-on--click=\"actions.showLightbox\" data-wp-on--load=\"callbacks.setButtonStyles\" data-wp-on-window--resize=\"callbacks.setButtonStyles\" data-id=\"960\" src=\"https:\/\/www.hendaye-tourisme.fr\/wp-content\/uploads\/2023\/11\/Bibliotheque-Abbadia-le-Chateau-Observatoire-Hendaye-Tourisme-12-1024x682.jpg\" alt=\"Biblioteca - Abbadia\" class=\"wp-image-960\" srcset=\"https:\/\/www.hendaye-tourisme.fr\/wp-content\/uploads\/2023\/11\/Bibliotheque-Abbadia-le-Chateau-Observatoire-Hendaye-Tourisme-12-1024x682.jpg 1024w, https:\/\/www.hendaye-tourisme.fr\/wp-content\/uploads\/2023\/11\/Bibliotheque-Abbadia-le-Chateau-Observatoire-Hendaye-Tourisme-12-800x533.jpg 800w, https:\/\/www.hendaye-tourisme.fr\/wp-content\/uploads\/2023\/11\/Bibliotheque-Abbadia-le-Chateau-Observatoire-Hendaye-Tourisme-12-768x512.jpg 768w, https:\/\/www.hendaye-tourisme.fr\/wp-content\/uploads\/2023\/11\/Bibliotheque-Abbadia-le-Chateau-Observatoire-Hendaye-Tourisme-12-1536x1023.jpg 1536w, https:\/\/www.hendaye-tourisme.fr\/wp-content\/uploads\/2023\/11\/Bibliotheque-Abbadia-le-Chateau-Observatoire-Hendaye-Tourisme-12.jpg 1900w\" sizes=\"(max-width: 1024px) 100vw, 1024px\" \/><button\n\t\t\tclass=\"lightbox-trigger\"\n\t\t\ttype=\"button\"\n\t\t\taria-haspopup=\"dialog\"\n\t\t\taria-label=\"Agrandar\"\n\t\t\tdata-wp-init=\"callbacks.initTriggerButton\"\n\t\t\tdata-wp-on--click=\"actions.showLightbox\"\n\t\t\tdata-wp-style--right=\"state.imageButtonRight\"\n\t\t\tdata-wp-style--top=\"state.imageButtonTop\"\n\t\t>\n\t\t\t<svg xmlns=\"http:\/\/www.w3.org\/2000\/svg\" width=\"12\" height=\"12\" fill=\"none\" viewBox=\"0 0 12 12\">\n\t\t\t\t<path fill=\"#fff\" d=\"M2 0a2 2 0 0 0-2 2v2h1.5V2a.5.5 0 0 1 .5-.5h2V0H2Zm2 10.5H2a.5.5 0 0 1-.5-.5V8H0v2a2 2 0 0 0 2 2h2v-1.5ZM8 12v-1.5h2a.5.5 0 0 0 .5-.5V8H12v2a2 2 0 0 1-2 2H8Zm2-12a2 2 0 0 1 2 2v2h-1.5V2a.5.5 0 0 0-.5-.5H8V0h2Z\" \/>\n\t\t\t<\/svg>\n\t\t<\/button><\/figure>\n\n\n\n<figure data-wp-context=\"{&quot;imageId&quot;:&quot;69f0ee3f4424c&quot;}\" data-wp-interactive=\"core\/image\" data-wp-key=\"69f0ee3f4424c\" class=\"wp-block-image size-large wp-lightbox-container\"><img decoding=\"async\" width=\"1024\" height=\"510\" data-wp-class--hide=\"state.isContentHidden\" data-wp-class--show=\"state.isContentVisible\" data-wp-init=\"callbacks.setButtonStyles\" data-wp-on--click=\"actions.showLightbox\" data-wp-on--load=\"callbacks.setButtonStyles\" data-wp-on-window--resize=\"callbacks.setButtonStyles\" data-id=\"964\" src=\"https:\/\/www.hendaye-tourisme.fr\/wp-content\/uploads\/2023\/11\/Grand-salon-Abbadia-le-Chateau-Observatoire-Hendaye-Tourisme-2-1024x510.jpg\" alt=\"Gran sal\u00f3n - Abbadia\" class=\"wp-image-964\" srcset=\"https:\/\/www.hendaye-tourisme.fr\/wp-content\/uploads\/2023\/11\/Grand-salon-Abbadia-le-Chateau-Observatoire-Hendaye-Tourisme-2-1024x510.jpg 1024w, https:\/\/www.hendaye-tourisme.fr\/wp-content\/uploads\/2023\/11\/Grand-salon-Abbadia-le-Chateau-Observatoire-Hendaye-Tourisme-2-800x398.jpg 800w, https:\/\/www.hendaye-tourisme.fr\/wp-content\/uploads\/2023\/11\/Grand-salon-Abbadia-le-Chateau-Observatoire-Hendaye-Tourisme-2-768x382.jpg 768w, https:\/\/www.hendaye-tourisme.fr\/wp-content\/uploads\/2023\/11\/Grand-salon-Abbadia-le-Chateau-Observatoire-Hendaye-Tourisme-2-1536x765.jpg 1536w, https:\/\/www.hendaye-tourisme.fr\/wp-content\/uploads\/2023\/11\/Grand-salon-Abbadia-le-Chateau-Observatoire-Hendaye-Tourisme-2.jpg 1900w\" sizes=\"(max-width: 1024px) 100vw, 1024px\" \/><button\n\t\t\tclass=\"lightbox-trigger\"\n\t\t\ttype=\"button\"\n\t\t\taria-haspopup=\"dialog\"\n\t\t\taria-label=\"Agrandar\"\n\t\t\tdata-wp-init=\"callbacks.initTriggerButton\"\n\t\t\tdata-wp-on--click=\"actions.showLightbox\"\n\t\t\tdata-wp-style--right=\"state.imageButtonRight\"\n\t\t\tdata-wp-style--top=\"state.imageButtonTop\"\n\t\t>\n\t\t\t<svg xmlns=\"http:\/\/www.w3.org\/2000\/svg\" width=\"12\" height=\"12\" fill=\"none\" viewBox=\"0 0 12 12\">\n\t\t\t\t<path fill=\"#fff\" d=\"M2 0a2 2 0 0 0-2 2v2h1.5V2a.5.5 0 0 1 .5-.5h2V0H2Zm2 10.5H2a.5.5 0 0 1-.5-.5V8H0v2a2 2 0 0 0 2 2h2v-1.5ZM8 12v-1.5h2a.5.5 0 0 0 .5-.5V8H12v2a2 2 0 0 1-2 2H8Zm2-12a2 2 0 0 1 2 2v2h-1.5V2a.5.5 0 0 0-.5-.5H8V0h2Z\" \/>\n\t\t\t<\/svg>\n\t\t<\/button><\/figure>\n\n\n\n<figure data-wp-context=\"{&quot;imageId&quot;:&quot;69f0ee3f447a1&quot;}\" data-wp-interactive=\"core\/image\" data-wp-key=\"69f0ee3f447a1\" class=\"wp-block-image size-large wp-lightbox-container\"><img decoding=\"async\" width=\"1024\" height=\"768\" data-wp-class--hide=\"state.isContentHidden\" data-wp-class--show=\"state.isContentVisible\" data-wp-init=\"callbacks.setButtonStyles\" data-wp-on--click=\"actions.showLightbox\" data-wp-on--load=\"callbacks.setButtonStyles\" data-wp-on-window--resize=\"callbacks.setButtonStyles\" data-id=\"968\" src=\"https:\/\/www.hendaye-tourisme.fr\/wp-content\/uploads\/2023\/11\/Vestibule-Abbadia-le-Chateau-Observatoire-Hendaye-Tourisme-24-1024x768.jpg\" alt=\"Vest\u00edbulo Chateau Abbadia\" class=\"wp-image-968\" srcset=\"https:\/\/www.hendaye-tourisme.fr\/wp-content\/uploads\/2023\/11\/Vestibule-Abbadia-le-Chateau-Observatoire-Hendaye-Tourisme-24-1024x768.jpg 1024w, https:\/\/www.hendaye-tourisme.fr\/wp-content\/uploads\/2023\/11\/Vestibule-Abbadia-le-Chateau-Observatoire-Hendaye-Tourisme-24-800x600.jpg 800w, https:\/\/www.hendaye-tourisme.fr\/wp-content\/uploads\/2023\/11\/Vestibule-Abbadia-le-Chateau-Observatoire-Hendaye-Tourisme-24-768x576.jpg 768w, https:\/\/www.hendaye-tourisme.fr\/wp-content\/uploads\/2023\/11\/Vestibule-Abbadia-le-Chateau-Observatoire-Hendaye-Tourisme-24-1536x1152.jpg 1536w, https:\/\/www.hendaye-tourisme.fr\/wp-content\/uploads\/2023\/11\/Vestibule-Abbadia-le-Chateau-Observatoire-Hendaye-Tourisme-24.jpg 1900w\" sizes=\"(max-width: 1024px) 100vw, 1024px\" \/><button\n\t\t\tclass=\"lightbox-trigger\"\n\t\t\ttype=\"button\"\n\t\t\taria-haspopup=\"dialog\"\n\t\t\taria-label=\"Agrandar\"\n\t\t\tdata-wp-init=\"callbacks.initTriggerButton\"\n\t\t\tdata-wp-on--click=\"actions.showLightbox\"\n\t\t\tdata-wp-style--right=\"state.imageButtonRight\"\n\t\t\tdata-wp-style--top=\"state.imageButtonTop\"\n\t\t>\n\t\t\t<svg xmlns=\"http:\/\/www.w3.org\/2000\/svg\" width=\"12\" height=\"12\" fill=\"none\" viewBox=\"0 0 12 12\">\n\t\t\t\t<path fill=\"#fff\" d=\"M2 0a2 2 0 0 0-2 2v2h1.5V2a.5.5 0 0 1 .5-.5h2V0H2Zm2 10.5H2a.5.5 0 0 1-.5-.5V8H0v2a2 2 0 0 0 2 2h2v-1.5ZM8 12v-1.5h2a.5.5 0 0 0 .5-.5V8H12v2a2 2 0 0 1-2 2H8Zm2-12a2 2 0 0 1 2 2v2h-1.5V2a.5.5 0 0 0-.5-.5H8V0h2Z\" \/>\n\t\t\t<\/svg>\n\t\t<\/button><\/figure>\n\n\n\n<figure data-wp-context=\"{&quot;imageId&quot;:&quot;69f0ee3f44d2a&quot;}\" data-wp-interactive=\"core\/image\" data-wp-key=\"69f0ee3f44d2a\" class=\"wp-block-image size-large wp-lightbox-container\"><img decoding=\"async\" width=\"1024\" height=\"499\" data-wp-class--hide=\"state.isContentHidden\" data-wp-class--show=\"state.isContentVisible\" data-wp-init=\"callbacks.setButtonStyles\" data-wp-on--click=\"actions.showLightbox\" data-wp-on--load=\"callbacks.setButtonStyles\" data-wp-on-window--resize=\"callbacks.setButtonStyles\" data-id=\"972\" src=\"https:\/\/www.hendaye-tourisme.fr\/wp-content\/uploads\/2023\/11\/Panoramique-Abbadia-le-Chateau-Observatoire-Hendaye-Tourisme-14-1-1024x499.jpg\" alt=\"Panorama Chateau Abbadia\" class=\"wp-image-972\" srcset=\"https:\/\/www.hendaye-tourisme.fr\/wp-content\/uploads\/2023\/11\/Panoramique-Abbadia-le-Chateau-Observatoire-Hendaye-Tourisme-14-1-1024x499.jpg 1024w, https:\/\/www.hendaye-tourisme.fr\/wp-content\/uploads\/2023\/11\/Panoramique-Abbadia-le-Chateau-Observatoire-Hendaye-Tourisme-14-1-800x390.jpg 800w, https:\/\/www.hendaye-tourisme.fr\/wp-content\/uploads\/2023\/11\/Panoramique-Abbadia-le-Chateau-Observatoire-Hendaye-Tourisme-14-1-768x374.jpg 768w, https:\/\/www.hendaye-tourisme.fr\/wp-content\/uploads\/2023\/11\/Panoramique-Abbadia-le-Chateau-Observatoire-Hendaye-Tourisme-14-1-1536x749.jpg 1536w, https:\/\/www.hendaye-tourisme.fr\/wp-content\/uploads\/2023\/11\/Panoramique-Abbadia-le-Chateau-Observatoire-Hendaye-Tourisme-14-1.jpg 1900w\" sizes=\"(max-width: 1024px) 100vw, 1024px\" \/><button\n\t\t\tclass=\"lightbox-trigger\"\n\t\t\ttype=\"button\"\n\t\t\taria-haspopup=\"dialog\"\n\t\t\taria-label=\"Agrandar\"\n\t\t\tdata-wp-init=\"callbacks.initTriggerButton\"\n\t\t\tdata-wp-on--click=\"actions.showLightbox\"\n\t\t\tdata-wp-style--right=\"state.imageButtonRight\"\n\t\t\tdata-wp-style--top=\"state.imageButtonTop\"\n\t\t>\n\t\t\t<svg xmlns=\"http:\/\/www.w3.org\/2000\/svg\" width=\"12\" height=\"12\" fill=\"none\" viewBox=\"0 0 12 12\">\n\t\t\t\t<path fill=\"#fff\" d=\"M2 0a2 2 0 0 0-2 2v2h1.5V2a.5.5 0 0 1 .5-.5h2V0H2Zm2 10.5H2a.5.5 0 0 1-.5-.5V8H0v2a2 2 0 0 0 2 2h2v-1.5ZM8 12v-1.5h2a.5.5 0 0 0 .5-.5V8H12v2a2 2 0 0 1-2 2H8Zm2-12a2 2 0 0 1 2 2v2h-1.5V2a.5.5 0 0 0-.5-.5H8V0h2Z\" \/>\n\t\t\t<\/svg>\n\t\t<\/button><\/figure>\n<\/figure>\n\n\n\n<div style=\"height:30px\" aria-hidden=\"true\" class=\"wp-block-spacer\"><\/div>\n<\/div><\/section>\n\n\n\n<p><\/p>\n","protected":false},"excerpt":{"rendered":"<p>La obra de Antoine d&#8217;Abbadie en Abbadia, su Castillo-Observatorio, es la historia de una vida dedicada a la ciencia, al hombre y a Dios. Totalmente amueblado y restaurado, podr\u00e1 visitar todas las salas del castillo: el observatorio y su telescopio, la biblioteca, la capilla, las habitaciones, los salones y los [&hellip;]<\/p>\n","protected":false},"author":1,"featured_media":991,"parent":15237,"menu_order":0,"comment_status":"closed","ping_status":"closed","template":"","meta":{"_acf_changed":false,"_seopress_robots_primary_cat":"","_seopress_titles_title":"Abad\u00eda, Castillo del Observatorio | Oficina de Turismo de Hendaya","_seopress_titles_desc":"Reviva los viajes de Antoine d'Abbadie en su casa, construida a finales del siglo XIX por Eug\u00e8ne Viollet le Duc. Est\u00e1 catalogado como Monumento Hist\u00f3rico...","_seopress_robots_index":"","footnotes":""},"class_list":["post-14361","page","type-page","status-publish","has-post-thumbnail","hentry"],"acf":[],"_links":{"self":[{"href":"https:\/\/www.hendaye-tourisme.fr\/es\/wp-json\/wp\/v2\/pages\/14361","targetHints":{"allow":["GET"]}}],"collection":[{"href":"https:\/\/www.hendaye-tourisme.fr\/es\/wp-json\/wp\/v2\/pages"}],"about":[{"href":"https:\/\/www.hendaye-tourisme.fr\/es\/wp-json\/wp\/v2\/types\/page"}],"author":[{"embeddable":true,"href":"https:\/\/www.hendaye-tourisme.fr\/es\/wp-json\/wp\/v2\/users\/1"}],"replies":[{"embeddable":true,"href":"https:\/\/www.hendaye-tourisme.fr\/es\/wp-json\/wp\/v2\/comments?post=14361"}],"version-history":[{"count":1,"href":"https:\/\/www.hendaye-tourisme.fr\/es\/wp-json\/wp\/v2\/pages\/14361\/revisions"}],"predecessor-version":[{"id":89983,"href":"https:\/\/www.hendaye-tourisme.fr\/es\/wp-json\/wp\/v2\/pages\/14361\/revisions\/89983"}],"up":[{"embeddable":true,"href":"https:\/\/www.hendaye-tourisme.fr\/es\/wp-json\/wp\/v2\/pages\/15237"}],"wp:featuredmedia":[{"embeddable":true,"href":"https:\/\/www.hendaye-tourisme.fr\/es\/wp-json\/wp\/v2\/media\/991"}],"wp:attachment":[{"href":"https:\/\/www.hendaye-tourisme.fr\/es\/wp-json\/wp\/v2\/media?parent=14361"}],"curies":[{"name":"wp","href":"https:\/\/api.w.org\/{rel}","templated":true}]}}