{"id":63761,"date":"2024-10-02T17:23:14","date_gmt":"2024-10-02T15:23:14","guid":{"rendered":"https:\/\/www.hendaye-tourisme.fr\/around-hendaye\/hondarribia-the-fortified-city\/"},"modified":"2024-10-04T09:36:47","modified_gmt":"2024-10-04T07:36:47","slug":"hondarribia-the-fortified-city","status":"publish","type":"page","link":"https:\/\/www.hendaye-tourisme.fr\/en\/around-hendaye\/hondarribia-the-fortified-city\/","title":{"rendered":"Hondarribia, the fortified city"},"content":{"rendered":"\n<div class=\"wp-block-columns is-layout-flex wp-container-core-columns-is-layout-9d6595d7 wp-block-columns-is-layout-flex\">\n<div class=\"wp-block-column is-layout-flow wp-block-column-is-layout-flow\" style=\"flex-basis:33.33%\"><div class=\"highlight-bloc-container \" id=\"ts-block-65368af54ee28\"  >\n\t<div class=\"highlight-bloc-content\">\n\t\t<div class=\"acf-innerblocks-container\">\n\n<h2 class=\"wp-block-heading suptitle\">A must-see Spanish port of call, Hondarribia blends history and modernity.<\/h2>\n\n<\/div>\t<\/div>\n<\/div>\n<\/div>\n\n\n\n<div class=\"wp-block-column is-layout-flow wp-block-column-is-layout-flow\" style=\"flex-basis:66.66%\">\n<p>Discovering <a href=\"https:\/\/hondarribiaturismo.com\/fr\/le-centre-historique\/\" target=\"_blank\" rel=\"noreferrer noopener\">Hondarribia<\/a> couldn&#8217;t be easier! Just <a href=\"https:\/\/www.hendaye-tourisme.fr\/en\/transport-mobility\/maritime-shuttle\/\" target=\"_blank\" rel=\"noreferrer noopener\">take the ferry<\/a> across the Bidasoa River.<\/p>\n\n\n\n<p>Then let yourself be transported from the Marine district (very lively in the evening) to the old town hidden behind its ramparts.<\/p>\n\n\n\n<p>You&#8217;re sure to fall under the spell of its narrow streets and ashlar facades&#8230;<\/p>\n\n\n\n<p><\/p>\n<\/div>\n<\/div>\n\n<div class=\"wp-block-columns is-layout-flex wp-container-core-columns-is-layout-9d6595d7 wp-block-columns-is-layout-flex\">\n<div class=\"wp-block-column is-layout-flow wp-block-column-is-layout-flow\" style=\"flex-basis:15%\"><\/div>\n\n\n\n<div class=\"wp-block-column is-layout-flow wp-block-column-is-layout-flow\" style=\"flex-basis:70%\"><\/div>\n\n\n\n<div class=\"wp-block-column is-layout-flow wp-block-column-is-layout-flow\" style=\"flex-basis:15%\"><\/div>\n<\/div>\n\t<div id=\"ts-block-66573073d76ba\">\n\t\n\t\t<!-- Slider main container -->\n\t\t\t\t<div class=\"swiper-container\">\n\t\t\t<div class=\"swiper swiper-ts-block-66573073d76ba\" data-block_id=\"ts-block-66573073d76ba\">\n\t\t\n\t\t\t<div class=\"carrousel-container swiper-wrapper \" data-nb_col=\"3\">\n\t\t\t\t\t\t\t\t\t<article class=\"cover  swiper-slide\" style=\"min-height: 350px;\">\n\t\t\t\t\t\t\n\t<figure class=\"is-style-copyright\">\n\t\t<img decoding=\"async\" width=\"800\" height=\"534\" src=\"https:\/\/www.hendaye-tourisme.fr\/wp-content\/uploads\/2024\/09\/plaza-de-armas-hondarribia-turismo-hendaye-tourisme-800x534.jpg\" class=\"attachment-medium size-medium\" alt=\"Plaza de Armas - Hondarribia Turismo - Hendaye Tourisme\" srcset=\"https:\/\/www.hendaye-tourisme.fr\/wp-content\/uploads\/2024\/09\/plaza-de-armas-hondarribia-turismo-hendaye-tourisme-800x534.jpg 800w, https:\/\/www.hendaye-tourisme.fr\/wp-content\/uploads\/2024\/09\/plaza-de-armas-hondarribia-turismo-hendaye-tourisme-1024x683.jpg 1024w, https:\/\/www.hendaye-tourisme.fr\/wp-content\/uploads\/2024\/09\/plaza-de-armas-hondarribia-turismo-hendaye-tourisme-768x512.jpg 768w, https:\/\/www.hendaye-tourisme.fr\/wp-content\/uploads\/2024\/09\/plaza-de-armas-hondarribia-turismo-hendaye-tourisme.jpg 1400w\" sizes=\"(max-width: 800px) 100vw, 800px\" \/>\t\t\t\t<figcaption class=\"carrousel-content has-text-align-center\" style=\"justify-content: center\">\n\t\t\t<div>\n\t\t\t\t<h3 class=\" \"><\/h3>\n\t\t\t\t\t\t\t<\/div>\n\t\t\t\t\t<\/figcaption>\n\t\t\t<\/figure>\n\t\n\n\n\n\t\t\t\t\t<\/article>\n\t\t\t\t\t\t\t\t\t<article class=\"cover  swiper-slide\" style=\"min-height: 350px;\">\n\t\t\t\t\t\t\n\t<figure class=\"is-style-copyright\">\n\t\t<img decoding=\"async\" width=\"800\" height=\"534\" src=\"https:\/\/www.hendaye-tourisme.fr\/wp-content\/uploads\/2024\/09\/crete-du-jaizkibel-hondarribia-turismo-hendaye-tourisme-800x534.jpg\" class=\"attachment-medium size-medium\" alt=\"Cr\u00eate du Jaizkibel - Hondarribia Turismo - Hendaye Tourisme\" srcset=\"https:\/\/www.hendaye-tourisme.fr\/wp-content\/uploads\/2024\/09\/crete-du-jaizkibel-hondarribia-turismo-hendaye-tourisme-800x534.jpg 800w, https:\/\/www.hendaye-tourisme.fr\/wp-content\/uploads\/2024\/09\/crete-du-jaizkibel-hondarribia-turismo-hendaye-tourisme-1024x683.jpg 1024w, https:\/\/www.hendaye-tourisme.fr\/wp-content\/uploads\/2024\/09\/crete-du-jaizkibel-hondarribia-turismo-hendaye-tourisme-768x512.jpg 768w, https:\/\/www.hendaye-tourisme.fr\/wp-content\/uploads\/2024\/09\/crete-du-jaizkibel-hondarribia-turismo-hendaye-tourisme.jpg 1400w\" sizes=\"(max-width: 800px) 100vw, 800px\" \/>\t\t\t\t<figcaption class=\"carrousel-content has-text-align-center\" style=\"justify-content: center\">\n\t\t\t<div>\n\t\t\t\t<h3 class=\" \"><\/h3>\n\t\t\t\t\t\t\t<\/div>\n\t\t\t\t\t<\/figcaption>\n\t\t\t<\/figure>\n\t\n\n\n\n\t\t\t\t\t<\/article>\n\t\t\t\t\t\t\t\t\t<article class=\"cover  swiper-slide\" style=\"min-height: 350px;\">\n\t\t\t\t\t\t\n\t<figure class=\"is-style-copyright\">\n\t\t<img decoding=\"async\" width=\"800\" height=\"533\" src=\"https:\/\/www.hendaye-tourisme.fr\/wp-content\/uploads\/2024\/09\/plaza-gipuzkoa-hondarribia-turismo-hendaye-tourisme-800x533.jpg\" class=\"attachment-medium size-medium\" alt=\"Plaza Gipuzkoa - Hondarribia Turismo - Hendaye Tourisme\" srcset=\"https:\/\/www.hendaye-tourisme.fr\/wp-content\/uploads\/2024\/09\/plaza-gipuzkoa-hondarribia-turismo-hendaye-tourisme-800x533.jpg 800w, https:\/\/www.hendaye-tourisme.fr\/wp-content\/uploads\/2024\/09\/plaza-gipuzkoa-hondarribia-turismo-hendaye-tourisme-1024x682.jpg 1024w, https:\/\/www.hendaye-tourisme.fr\/wp-content\/uploads\/2024\/09\/plaza-gipuzkoa-hondarribia-turismo-hendaye-tourisme-768x512.jpg 768w, https:\/\/www.hendaye-tourisme.fr\/wp-content\/uploads\/2024\/09\/plaza-gipuzkoa-hondarribia-turismo-hendaye-tourisme.jpg 1400w\" sizes=\"(max-width: 800px) 100vw, 800px\" \/>\t\t\t\t<figcaption class=\"carrousel-content has-text-align-center\" style=\"justify-content: center\">\n\t\t\t<div>\n\t\t\t\t<h3 class=\" \"><\/h3>\n\t\t\t\t\t\t\t<\/div>\n\t\t\t\t\t<\/figcaption>\n\t\t\t<\/figure>\n\t\n\n\n\n\t\t\t\t\t<\/article>\n\t\t\t\t\t\t\t\t\t<article class=\"cover  swiper-slide\" style=\"min-height: 350px;\">\n\t\t\t\t\t\t\n\t<figure class=\"is-style-copyright\">\n\t\t<img decoding=\"async\" width=\"800\" height=\"533\" src=\"https:\/\/www.hendaye-tourisme.fr\/wp-content\/uploads\/2024\/09\/rue-san-pedro-hondarribia-turismo-hendaye-tourisme-800x533.jpg\" class=\"attachment-medium size-medium\" alt=\"Rue San Pedro - Hondarribia Turismo - Hendaye Tourisme\" srcset=\"https:\/\/www.hendaye-tourisme.fr\/wp-content\/uploads\/2024\/09\/rue-san-pedro-hondarribia-turismo-hendaye-tourisme-800x533.jpg 800w, https:\/\/www.hendaye-tourisme.fr\/wp-content\/uploads\/2024\/09\/rue-san-pedro-hondarribia-turismo-hendaye-tourisme-1024x682.jpg 1024w, https:\/\/www.hendaye-tourisme.fr\/wp-content\/uploads\/2024\/09\/rue-san-pedro-hondarribia-turismo-hendaye-tourisme-768x512.jpg 768w, https:\/\/www.hendaye-tourisme.fr\/wp-content\/uploads\/2024\/09\/rue-san-pedro-hondarribia-turismo-hendaye-tourisme.jpg 1400w\" sizes=\"(max-width: 800px) 100vw, 800px\" \/>\t\t\t\t<figcaption class=\"carrousel-content has-text-align-center\" style=\"justify-content: center\">\n\t\t\t<div>\n\t\t\t\t<h3 class=\" \"><\/h3>\n\t\t\t\t\t\t\t<\/div>\n\t\t\t\t\t<\/figcaption>\n\t\t\t<\/figure>\n\t\n\n\n\n\t\t\t\t\t<\/article>\n\t\t\t\t\t\t\t<\/div>\n\t\t\t\n\t\t\t\t\t\t<!-- If we need pagination -->\n\t\t\t\t<!--<div class=\"swiper-pagination\"><\/div>-->\n\n\t\t\t<\/div>\n\t\t\t<!-- If we need navigation buttons -->\n\t\t\t<div\n\t\t\t\tclass=\"swiper-button-prev prev-ts-block-66573073d76ba\"\n\t\t\t\trole=\"button\"\n\t\t\t\ttabindex=\"0\"\n\t\t\t\taria-label=\"Previous slide\"\n\t\t\t>\n\t\t\t\t<span class=\"sr-only\">Previous slide<\/span>\n\t\t\t<\/div>\n\n\t\t\t<div\n\t\t\t\tclass=\"swiper-button-next next-ts-block-66573073d76ba\"\n\t\t\t\trole=\"button\"\n\t\t\t\ttabindex=\"0\"\n\t\t\t\taria-label=\"Next slide\"\n\t\t\t>\n\t\t\t\t<span class=\"sr-only\">Next slide<\/span>\n\t\t\t<\/div>\n\n\t\t<\/div>\n\t\t\t<\/div>\n\n<p><\/p>\n","protected":false},"excerpt":{"rendered":"<p>Discovering Hondarribia couldn&#8217;t be easier! Just take the ferry across the Bidasoa River. Then let yourself be transported from the Marine district (very lively in the evening) to the old town hidden behind its ramparts. You&#8217;re sure to fall under the spell of its narrow streets and ashlar facades&#8230;<\/p>\n","protected":false},"author":2,"featured_media":63354,"parent":15198,"menu_order":0,"comment_status":"closed","ping_status":"closed","template":"","meta":{"_acf_changed":false,"_seopress_robots_primary_cat":"","_seopress_titles_title":"Hondarribia, la cit\u00e9 fortifi\u00e9e | Office de Tourisme d'Hendaye","_seopress_titles_desc":"Escale espagnole incontournable, Hondarribia m\u00eale histoire et modernit\u00e9","_seopress_robots_index":"","footnotes":""},"class_list":["post-63761","page","type-page","status-publish","has-post-thumbnail","hentry"],"acf":[],"_links":{"self":[{"href":"https:\/\/www.hendaye-tourisme.fr\/en\/wp-json\/wp\/v2\/pages\/63761","targetHints":{"allow":["GET"]}}],"collection":[{"href":"https:\/\/www.hendaye-tourisme.fr\/en\/wp-json\/wp\/v2\/pages"}],"about":[{"href":"https:\/\/www.hendaye-tourisme.fr\/en\/wp-json\/wp\/v2\/types\/page"}],"author":[{"embeddable":true,"href":"https:\/\/www.hendaye-tourisme.fr\/en\/wp-json\/wp\/v2\/users\/2"}],"replies":[{"embeddable":true,"href":"https:\/\/www.hendaye-tourisme.fr\/en\/wp-json\/wp\/v2\/comments?post=63761"}],"version-history":[{"count":2,"href":"https:\/\/www.hendaye-tourisme.fr\/en\/wp-json\/wp\/v2\/pages\/63761\/revisions"}],"predecessor-version":[{"id":63786,"href":"https:\/\/www.hendaye-tourisme.fr\/en\/wp-json\/wp\/v2\/pages\/63761\/revisions\/63786"}],"up":[{"embeddable":true,"href":"https:\/\/www.hendaye-tourisme.fr\/en\/wp-json\/wp\/v2\/pages\/15198"}],"wp:featuredmedia":[{"embeddable":true,"href":"https:\/\/www.hendaye-tourisme.fr\/en\/wp-json\/wp\/v2\/media\/63354"}],"wp:attachment":[{"href":"https:\/\/www.hendaye-tourisme.fr\/en\/wp-json\/wp\/v2\/media?parent=63761"}],"curies":[{"name":"wp","href":"https:\/\/api.w.org\/{rel}","templated":true}]}}