{"id":15269,"date":"2023-12-18T16:09:29","date_gmt":"2023-12-18T15:09:29","guid":{"rendered":"https:\/\/www.hendaye-tourisme.fr\/accommodations\/where-to-sleep\/"},"modified":"2025-02-26T10:49:18","modified_gmt":"2025-02-26T09:49:18","slug":"where-to-sleep","status":"publish","type":"page","link":"https:\/\/www.hendaye-tourisme.fr\/en\/accommodations\/where-to-sleep\/","title":{"rendered":"Where to sleep?"},"content":{"rendered":"\n<div class=\"wp-block-columns is-layout-flex wp-container-core-columns-is-layout-9d6595d7 wp-block-columns-is-layout-flex\">\n<div class=\"wp-block-column is-layout-flow wp-block-column-is-layout-flow\" style=\"flex-basis:33.33%\"><div class=\"highlight-bloc-container \" id=\"ts-block-65368af54ee28\"  >\n\t<div class=\"highlight-bloc-content\">\n\t\t<div class=\"acf-innerblocks-container\">\n\n<h2 class=\"wp-block-heading suptitle\">A good night&#8217;s sleep is essential for a successful stay in the Basque Country!<\/h2>\n\n<\/div>\t<\/div>\n<\/div>\n<\/div>\n\n\n\n<div class=\"wp-block-column is-layout-flow wp-block-column-is-layout-flow\" style=\"flex-basis:66.66%\">\n<p>Whether you&#8217;re looking for the comfort of a 4-star hotel or the natural shade of a campsite, Hendaye is your ideal base.<\/p>\n\n\n\n<p>If you opt for a romantic getaway or an unusual weekend, you&#8217;ll find a full range of classified vacation rentals, in the &#8220;beach&#8221; district or perched on the heights of the town.<br>Bed &amp; breakfasts scattered throughout the destination will give you access to the best tips from the locals.<\/p>\n\n\n\n<p>Just want to get your feet under the table! Let yourself be seduced by tourist residences, with their comprehensive services and facilities, for a stay at the best price!<\/p>\n\n\n\n<p>To name but a few&#8230;<\/p>\n<\/div>\n<\/div>\n\n\n\n<div style=\"height:50px\" aria-hidden=\"true\" class=\"wp-block-spacer\"><\/div>\n\n\n\n<div class=\"wp-block-columns is-layout-flex wp-container-core-columns-is-layout-9d6595d7 wp-block-columns-is-layout-flex\">\n<div class=\"wp-block-column is-layout-flow wp-block-column-is-layout-flow\"><div class=\"banner-container  text-shadow with-overlay btn-hover\" id=\"ts-block-646f624570910\"  >\n\t\t<a href=\"\/en\/accommodations\/hotels\/?search=1\" target=\"\">\n\t\t\t<div class=\"banner-content\">\n\n<div class=\"wp-block-cover is-light has-custom-content-position is-position-top-left\" style=\"min-height:350px;aspect-ratio:unset;\"><span aria-hidden=\"true\" class=\"wp-block-cover__background has-background-dim\"><\/span><img decoding=\"async\" width=\"2048\" height=\"1366\" class=\"wp-block-cover__image-background wp-image-4100\" alt=\"\" src=\"https:\/\/www.hendaye-tourisme.fr\/wp-content\/uploads\/2023\/12\/Chambre-dhotel-\u00a9Relais-Thalasso-Hendaye-Hendaye-Tourisme-scaled.jpg\" style=\"object-position:50% 50%\" data-object-fit=\"cover\" data-object-position=\"50% 50%\" srcset=\"https:\/\/www.hendaye-tourisme.fr\/wp-content\/uploads\/2023\/12\/Chambre-dhotel-\u00a9Relais-Thalasso-Hendaye-Hendaye-Tourisme-scaled.jpg 2048w, https:\/\/www.hendaye-tourisme.fr\/wp-content\/uploads\/2023\/12\/Chambre-dhotel-\u00a9Relais-Thalasso-Hendaye-Hendaye-Tourisme-800x534.jpg 800w, https:\/\/www.hendaye-tourisme.fr\/wp-content\/uploads\/2023\/12\/Chambre-dhotel-\u00a9Relais-Thalasso-Hendaye-Hendaye-Tourisme-1024x683.jpg 1024w, https:\/\/www.hendaye-tourisme.fr\/wp-content\/uploads\/2023\/12\/Chambre-dhotel-\u00a9Relais-Thalasso-Hendaye-Hendaye-Tourisme-768x512.jpg 768w, https:\/\/www.hendaye-tourisme.fr\/wp-content\/uploads\/2023\/12\/Chambre-dhotel-\u00a9Relais-Thalasso-Hendaye-Hendaye-Tourisme-1536x1024.jpg 1536w\" sizes=\"(max-width: 2048px) 100vw, 2048px\" \/><div class=\"wp-block-cover__inner-container is-layout-flow wp-block-cover-is-layout-flow\">\n<h3 class=\"wp-block-heading has-white-color has-text-color\">Hotels<\/h3>\n<\/div><\/div>\n\n<\/div>\t\t\t\t\t<div class=\"wp-block-button is-style-outline\">\n\t\t\t<button class=\"wp-block-button__link\">See more<\/button>\n\t\t<\/div>\n\t\t\t<\/a>\n\t\t<\/div>\n<\/div>\n\n\n\n<div class=\"wp-block-column is-layout-flow wp-block-column-is-layout-flow\">\n<div class=\"wp-block-columns mb-0 is-layout-flex wp-container-core-columns-is-layout-9d6595d7 wp-block-columns-is-layout-flex\">\n<div class=\"wp-block-column is-layout-flow wp-block-column-is-layout-flow\"><div class=\"banner-container  text-shadow with-overlay btn-hover\" id=\"ts-block-646f624570910\"  >\n\t\t<a href=\"\/en\/accommodations\/bed-and-breakfast\/?search=1\" target=\"\">\n\t\t\t<div class=\"banner-content\">\n\n<div class=\"wp-block-cover has-custom-content-position is-position-top-left\" style=\"min-height:350px;aspect-ratio:unset;\"><span aria-hidden=\"true\" class=\"wp-block-cover__background has-background-dim\"><\/span><img decoding=\"async\" width=\"2048\" height=\"952\" class=\"wp-block-cover__image-background wp-image-4104\" alt=\"Chambres d'ho\u0302tes de la Villa Enara \u00e0 Hendaye\" src=\"https:\/\/www.hendaye-tourisme.fr\/wp-content\/uploads\/2023\/12\/Chambres-dhotes-\u00a9Villa-Enara-Hendaye-Hendaye-Tourisme-scaled.jpg\" style=\"object-position:58% 37%\" data-object-fit=\"cover\" data-object-position=\"58% 37%\" srcset=\"https:\/\/www.hendaye-tourisme.fr\/wp-content\/uploads\/2023\/12\/Chambres-dhotes-\u00a9Villa-Enara-Hendaye-Hendaye-Tourisme-scaled.jpg 2048w, https:\/\/www.hendaye-tourisme.fr\/wp-content\/uploads\/2023\/12\/Chambres-dhotes-\u00a9Villa-Enara-Hendaye-Hendaye-Tourisme-800x372.jpg 800w, https:\/\/www.hendaye-tourisme.fr\/wp-content\/uploads\/2023\/12\/Chambres-dhotes-\u00a9Villa-Enara-Hendaye-Hendaye-Tourisme-1024x476.jpg 1024w, https:\/\/www.hendaye-tourisme.fr\/wp-content\/uploads\/2023\/12\/Chambres-dhotes-\u00a9Villa-Enara-Hendaye-Hendaye-Tourisme-768x357.jpg 768w, https:\/\/www.hendaye-tourisme.fr\/wp-content\/uploads\/2023\/12\/Chambres-dhotes-\u00a9Villa-Enara-Hendaye-Hendaye-Tourisme-1536x714.jpg 1536w\" sizes=\"(max-width: 2048px) 100vw, 2048px\" \/><div class=\"wp-block-cover__inner-container is-layout-flow wp-block-cover-is-layout-flow\">\n<h3 class=\"wp-block-heading has-white-color has-text-color\">Bed &amp; Breakfast<\/h3>\n<\/div><\/div>\n\n<\/div>\t\t\t\t\t<div class=\"wp-block-button is-style-outline\">\n\t\t\t<button class=\"wp-block-button__link\">See more<\/button>\n\t\t<\/div>\n\t\t\t<\/a>\n\t\t<\/div>\n<\/div>\n\n\n\n<div class=\"wp-block-column is-layout-flow wp-block-column-is-layout-flow\"><div class=\"banner-container  text-shadow with-overlay btn-hover\" id=\"ts-block-646f624570910\"  >\n\t\t<a href=\"\/en\/accommodations\/flats-villas-and-cottages\/?search=1\" target=\"\">\n\t\t\t<div class=\"banner-content\">\n\n<div class=\"wp-block-cover has-custom-content-position is-position-top-left\" style=\"min-height:350px;aspect-ratio:unset;\"><span aria-hidden=\"true\" class=\"wp-block-cover__background has-background-dim\"><\/span><img decoding=\"async\" width=\"1600\" height=\"1067\" class=\"wp-block-cover__image-background wp-image-4112\" alt=\"Appartement Lorrain - Balcon avec table et vue sur les hauteurs d'Hendaye - Hendaye Tourisme\" src=\"https:\/\/www.hendaye-tourisme.fr\/wp-content\/uploads\/2023\/12\/Appartement-Lorrain-Balcon-table-2-Hendaye-Tourisme.jpg\" style=\"object-position:52% 54%\" data-object-fit=\"cover\" data-object-position=\"52% 54%\" srcset=\"https:\/\/www.hendaye-tourisme.fr\/wp-content\/uploads\/2023\/12\/Appartement-Lorrain-Balcon-table-2-Hendaye-Tourisme.jpg 1600w, https:\/\/www.hendaye-tourisme.fr\/wp-content\/uploads\/2023\/12\/Appartement-Lorrain-Balcon-table-2-Hendaye-Tourisme-800x534.jpg 800w, https:\/\/www.hendaye-tourisme.fr\/wp-content\/uploads\/2023\/12\/Appartement-Lorrain-Balcon-table-2-Hendaye-Tourisme-1024x683.jpg 1024w, https:\/\/www.hendaye-tourisme.fr\/wp-content\/uploads\/2023\/12\/Appartement-Lorrain-Balcon-table-2-Hendaye-Tourisme-768x512.jpg 768w, https:\/\/www.hendaye-tourisme.fr\/wp-content\/uploads\/2023\/12\/Appartement-Lorrain-Balcon-table-2-Hendaye-Tourisme-1536x1024.jpg 1536w\" sizes=\"(max-width: 1600px) 100vw, 1600px\" \/><div class=\"wp-block-cover__inner-container is-layout-flow wp-block-cover-is-layout-flow\">\n<h3 class=\"wp-block-heading has-white-color has-text-color\">Vacation rentals<\/h3>\n<\/div><\/div>\n\n<\/div>\t\t\t\t\t<div class=\"wp-block-button is-style-outline\">\n\t\t\t<button class=\"wp-block-button__link\">See more<\/button>\n\t\t<\/div>\n\t\t\t<\/a>\n\t\t<\/div>\n<\/div>\n<\/div>\n<\/div>\n<\/div>\n\n\n\n<div class=\"wp-block-columns is-layout-flex wp-container-core-columns-is-layout-9d6595d7 wp-block-columns-is-layout-flex\">\n<div class=\"wp-block-column is-layout-flow wp-block-column-is-layout-flow\"><div class=\"banner-container  text-shadow with-overlay btn-hover\" id=\"ts-block-646f624570910\"  >\n\t\t<a href=\"\/en\/accommodations\/campsites\/?search=1\" target=\"\">\n\t\t\t<div class=\"banner-content\">\n\n<div class=\"wp-block-cover has-custom-content-position is-position-top-left\" style=\"min-height:350px;aspect-ratio:unset;\"><span aria-hidden=\"true\" class=\"wp-block-cover__background has-background-dim\"><\/span><img decoding=\"async\" width=\"2048\" height=\"1365\" class=\"wp-block-cover__image-background wp-image-4116\" alt=\"Mobilhome au Camping Eskualduna avec sa terasse fleurie \u00e0 Hendaye\" src=\"https:\/\/www.hendaye-tourisme.fr\/wp-content\/uploads\/2023\/12\/Mobilhome-Camping-Eskualduna-Hendaye-Tourisme-scaled.jpg\" style=\"object-position:65% 44%\" data-object-fit=\"cover\" data-object-position=\"65% 44%\" srcset=\"https:\/\/www.hendaye-tourisme.fr\/wp-content\/uploads\/2023\/12\/Mobilhome-Camping-Eskualduna-Hendaye-Tourisme-scaled.jpg 2048w, https:\/\/www.hendaye-tourisme.fr\/wp-content\/uploads\/2023\/12\/Mobilhome-Camping-Eskualduna-Hendaye-Tourisme-800x533.jpg 800w, https:\/\/www.hendaye-tourisme.fr\/wp-content\/uploads\/2023\/12\/Mobilhome-Camping-Eskualduna-Hendaye-Tourisme-1024x683.jpg 1024w, https:\/\/www.hendaye-tourisme.fr\/wp-content\/uploads\/2023\/12\/Mobilhome-Camping-Eskualduna-Hendaye-Tourisme-768x512.jpg 768w, https:\/\/www.hendaye-tourisme.fr\/wp-content\/uploads\/2023\/12\/Mobilhome-Camping-Eskualduna-Hendaye-Tourisme-1536x1024.jpg 1536w\" sizes=\"(max-width: 2048px) 100vw, 2048px\" \/><div class=\"wp-block-cover__inner-container is-layout-flow wp-block-cover-is-layout-flow\">\n<h3 class=\"wp-block-heading has-white-color has-text-color\">Campsites<\/h3>\n<\/div><\/div>\n\n<\/div>\t\t\t\t\t<div class=\"wp-block-button is-style-outline\">\n\t\t\t<button class=\"wp-block-button__link\">See more<\/button>\n\t\t<\/div>\n\t\t\t<\/a>\n\t\t<\/div>\n<\/div>\n\n\n\n<div class=\"wp-block-column is-layout-flow wp-block-column-is-layout-flow\"><div class=\"banner-container  text-shadow with-overlay btn-hover\" id=\"ts-block-646f624570939\"  >\n\t\t<a href=\"\/en\/accommodations\/tourist-residences\/?search=1\" target=\"\">\n\t\t\t<div class=\"banner-content\">\n\n<div class=\"wp-block-cover has-custom-content-position is-position-top-left\" style=\"min-height:350px;aspect-ratio:unset;\"><span aria-hidden=\"true\" class=\"wp-block-cover__background has-background-dim\"><\/span><img decoding=\"async\" width=\"2048\" height=\"1538\" class=\"wp-block-cover__image-background wp-image-4120\" alt=\"Vue ext\u00e9rieure de la r\u00e9sidence Sokoburu Mer et golf avec sa piscine - Hendaye Tourisme\" src=\"https:\/\/www.hendaye-tourisme.fr\/wp-content\/uploads\/2023\/12\/Vue-exterieure-de-la-residence-\u00a9Sokoburu-Mer-et-golf-Hendaye-Tourisme-scaled.jpg\" style=\"object-position:54% 55%\" data-object-fit=\"cover\" data-object-position=\"54% 55%\" srcset=\"https:\/\/www.hendaye-tourisme.fr\/wp-content\/uploads\/2023\/12\/Vue-exterieure-de-la-residence-\u00a9Sokoburu-Mer-et-golf-Hendaye-Tourisme-scaled.jpg 2048w, https:\/\/www.hendaye-tourisme.fr\/wp-content\/uploads\/2023\/12\/Vue-exterieure-de-la-residence-\u00a9Sokoburu-Mer-et-golf-Hendaye-Tourisme-800x600.jpg 800w, https:\/\/www.hendaye-tourisme.fr\/wp-content\/uploads\/2023\/12\/Vue-exterieure-de-la-residence-\u00a9Sokoburu-Mer-et-golf-Hendaye-Tourisme-1024x769.jpg 1024w, https:\/\/www.hendaye-tourisme.fr\/wp-content\/uploads\/2023\/12\/Vue-exterieure-de-la-residence-\u00a9Sokoburu-Mer-et-golf-Hendaye-Tourisme-768x577.jpg 768w, https:\/\/www.hendaye-tourisme.fr\/wp-content\/uploads\/2023\/12\/Vue-exterieure-de-la-residence-\u00a9Sokoburu-Mer-et-golf-Hendaye-Tourisme-1536x1153.jpg 1536w\" sizes=\"(max-width: 2048px) 100vw, 2048px\" \/><div class=\"wp-block-cover__inner-container is-layout-flow wp-block-cover-is-layout-flow\">\n<h3 class=\"wp-block-heading has-white-color has-text-color\">Tourist residences<\/h3>\n<\/div><\/div>\n\n<\/div>\t\t\t\t\t<div class=\"wp-block-button is-style-outline\">\n\t\t\t<button class=\"wp-block-button__link\">See more<\/button>\n\t\t<\/div>\n\t\t\t<\/a>\n\t\t<\/div>\n<\/div>\n\n\n\n<div class=\"wp-block-column is-layout-flow wp-block-column-is-layout-flow\"><div class=\"banner-container  text-shadow with-overlay btn-hover\" id=\"ts-block-646f624570939\"  >\n\t\t<a href=\"\/en\/accommodations\/holiday-resorts\/VILAQU06401VFTJ0-village-vacances-azureva-galbarreta\/\" target=\"\">\n\t\t\t<div class=\"banner-content\">\n\n<div class=\"wp-block-cover is-light has-custom-content-position is-position-top-left wp-elements-8d99c285748f45db6d04fe1e58b75f3c\" style=\"min-height:350px;aspect-ratio:unset;\"><span aria-hidden=\"true\" class=\"wp-block-cover__background has-background-dim\"><\/span><img decoding=\"async\" width=\"1100\" height=\"734\" class=\"wp-block-cover__image-background wp-image-4128\" alt=\"Vue de la terrasse ext\u00e9rieure du village vacances Azureva Galbarreta - Hendaye Tourisme\" src=\"https:\/\/www.hendaye-tourisme.fr\/wp-content\/uploads\/2023\/12\/Vue-de-la-terrasse-exterieure-du-village-vacances-Azureva-Galbarreta-Hendaye-Tourisme.jpg\" data-object-fit=\"cover\" srcset=\"https:\/\/www.hendaye-tourisme.fr\/wp-content\/uploads\/2023\/12\/Vue-de-la-terrasse-exterieure-du-village-vacances-Azureva-Galbarreta-Hendaye-Tourisme.jpg 1100w, https:\/\/www.hendaye-tourisme.fr\/wp-content\/uploads\/2023\/12\/Vue-de-la-terrasse-exterieure-du-village-vacances-Azureva-Galbarreta-Hendaye-Tourisme-800x534.jpg 800w, https:\/\/www.hendaye-tourisme.fr\/wp-content\/uploads\/2023\/12\/Vue-de-la-terrasse-exterieure-du-village-vacances-Azureva-Galbarreta-Hendaye-Tourisme-1024x683.jpg 1024w, https:\/\/www.hendaye-tourisme.fr\/wp-content\/uploads\/2023\/12\/Vue-de-la-terrasse-exterieure-du-village-vacances-Azureva-Galbarreta-Hendaye-Tourisme-768x512.jpg 768w\" sizes=\"(max-width: 1100px) 100vw, 1100px\" \/><div class=\"wp-block-cover__inner-container is-layout-flow wp-block-cover-is-layout-flow\">\n<h3 class=\"wp-block-heading has-white-color has-text-color has-link-color wp-elements-c134bc00cfe92380e0258f1fc1a1f1a2\">Village vacances<\/h3>\n<\/div><\/div>\n\n<\/div>\t\t\t\t\t<div class=\"wp-block-button is-style-outline\">\n\t\t\t<button class=\"wp-block-button__link\">See more<\/button>\n\t\t<\/div>\n\t\t\t<\/a>\n\t\t<\/div>\n<\/div>\n<\/div>\n\n\n\t<div id=\"ts-block-65807e362dd67\">\n\t\n\t\t<!-- Slider main container -->\n\t\t\n\t\t\t<div class=\"carrousel-container \" data-nb_col=\"5\">\n\t\t\t\t\t\t\t\t\t<article class=\"cover   is-position-top\" style=\"min-height: 250px;\">\n\t\t\t\t\t\t\t<a href=\"\/en\/accommodations\/where-to-sleep\/eco-labelled-accommodation\/\" target=\"\">\n\n\t<figure class=\"with-overlay is-style-copyright\">\n\t\t<img decoding=\"async\" width=\"800\" height=\"533\" src=\"https:\/\/www.hendaye-tourisme.fr\/wp-content\/uploads\/2023\/12\/cbehorizon-bellavistahendaye-9Z2A8783-HDR-800x533.jpg\" class=\"attachment-medium size-medium\" alt=\"Terrasse ext\u00e9rieure du centre de vacances behorizon - bella vistahendaye - Hendaye Tourisme\" srcset=\"https:\/\/www.hendaye-tourisme.fr\/wp-content\/uploads\/2023\/12\/cbehorizon-bellavistahendaye-9Z2A8783-HDR-800x533.jpg 800w, https:\/\/www.hendaye-tourisme.fr\/wp-content\/uploads\/2023\/12\/cbehorizon-bellavistahendaye-9Z2A8783-HDR-1024x683.jpg 1024w, https:\/\/www.hendaye-tourisme.fr\/wp-content\/uploads\/2023\/12\/cbehorizon-bellavistahendaye-9Z2A8783-HDR-768x512.jpg 768w, https:\/\/www.hendaye-tourisme.fr\/wp-content\/uploads\/2023\/12\/cbehorizon-bellavistahendaye-9Z2A8783-HDR-1536x1024.jpg 1536w, https:\/\/www.hendaye-tourisme.fr\/wp-content\/uploads\/2023\/12\/cbehorizon-bellavistahendaye-9Z2A8783-HDR-scaled.jpg 2048w\" sizes=\"(max-width: 800px) 100vw, 800px\" \/>\t\t\t\t<figcaption class=\"carrousel-content has-text-align-left\" style=\"justify-content: flex-start\">\n\t\t\t<div>\n\t\t\t\t<h3 class=\" text-shadow\">Other accomodations<\/h3>\n\t\t\t\t\t\t\t<\/div>\n\t\t\t\t\t<\/figcaption>\n\t\t\t<\/figure>\n\t\n\n\n\n<\/a>\n\t\t\t\t\t<\/article>\n\t\t\t\t\t\t\t\t\t<article class=\"cover   is-position-top\" style=\"min-height: 250px;\">\n\t\t\t\t\t\t\t<a href=\"\/en\/accommodations\/?search=1&#038;tis_handicap%5B%5D=Hearing+handicap&#038;tis_handicap%5B%5D=Mental+handicap&#038;tis_handicap%5B%5D=Motor+handicap&#038;tis_handicap%5B%5D=Sight+handicap\" target=\"\">\n\n\t<figure class=\"with-overlay is-style-copyright\">\n\t\t<img decoding=\"async\" width=\"644\" height=\"600\" src=\"https:\/\/www.hendaye-tourisme.fr\/wp-content\/uploads\/2023\/12\/helios2.jpg-644x600.webp\" class=\"attachment-medium size-medium\" alt=\"Int\u00e9rieur d&#039;un mobilhome adapt\u00e9 aux personnes \u00e0 mobilit\u00e9 r\u00e9duite du camping Eskualduna - Hendaye Tourisme\" srcset=\"https:\/\/www.hendaye-tourisme.fr\/wp-content\/uploads\/2023\/12\/helios2.jpg-644x600.webp 644w, https:\/\/www.hendaye-tourisme.fr\/wp-content\/uploads\/2023\/12\/helios2.jpg-768x715.webp 768w, https:\/\/www.hendaye-tourisme.fr\/wp-content\/uploads\/2023\/12\/helios2.jpg.webp 900w\" sizes=\"(max-width: 644px) 100vw, 644px\" \/>\t\t\t\t<figcaption class=\"carrousel-content has-text-align-left\" style=\"justify-content: flex-start\">\n\t\t\t<div>\n\t\t\t\t<h3 class=\" text-shadow\">Disabled housing<\/h3>\n\t\t\t\t\t\t\t<\/div>\n\t\t\t\t\t<\/figcaption>\n\t\t\t<\/figure>\n\t\n\n\n\n<\/a>\n\t\t\t\t\t<\/article>\n\t\t\t\t\t\t\t\t\t<article class=\"cover   is-position-top\" style=\"min-height: 250px;\">\n\t\t\t\t\t\t\t<a href=\"\/en\/accommodations\/motor-homes\/\" target=\"\">\n\n\t<figure class=\"with-overlay is-style-copyright\">\n\t\t<img decoding=\"async\" width=\"800\" height=\"301\" src=\"https:\/\/www.hendaye-tourisme.fr\/wp-content\/uploads\/2023\/12\/Aire-pour-camping-cars-a-Hendaye-plage-800x301.jpg\" class=\"attachment-medium size-medium\" alt=\"Aire pour camping-cars \u00e0 Hendaye-plage\" srcset=\"https:\/\/www.hendaye-tourisme.fr\/wp-content\/uploads\/2023\/12\/Aire-pour-camping-cars-a-Hendaye-plage-800x301.jpg 800w, https:\/\/www.hendaye-tourisme.fr\/wp-content\/uploads\/2023\/12\/Aire-pour-camping-cars-a-Hendaye-plage-1024x385.jpg 1024w, https:\/\/www.hendaye-tourisme.fr\/wp-content\/uploads\/2023\/12\/Aire-pour-camping-cars-a-Hendaye-plage-768x289.jpg 768w, https:\/\/www.hendaye-tourisme.fr\/wp-content\/uploads\/2023\/12\/Aire-pour-camping-cars-a-Hendaye-plage-1536x578.jpg 1536w, https:\/\/www.hendaye-tourisme.fr\/wp-content\/uploads\/2023\/12\/Aire-pour-camping-cars-a-Hendaye-plage-scaled.jpg 2048w\" sizes=\"(max-width: 800px) 100vw, 800px\" \/>\t\t\t\t<figcaption class=\"carrousel-content has-text-align-left\" style=\"justify-content: flex-start\">\n\t\t\t<div>\n\t\t\t\t<h3 class=\" text-shadow\">Motorhomes<\/h3>\n\t\t\t\t\t\t\t<\/div>\n\t\t\t\t\t<\/figcaption>\n\t\t\t<\/figure>\n\t\n\n\n\n<\/a>\n\t\t\t\t\t<\/article>\n\t\t\t\t\t\t\t\t\t<article class=\"cover   is-position-top\" style=\"min-height: 250px;\">\n\t\t\t\t\t\t\t<a href=\"\/en\/accommodations\/real-estate-agencies\/\" target=\"\">\n\n\t<figure class=\"with-overlay is-style-copyright\">\n\t\t<img decoding=\"async\" width=\"800\" height=\"534\" src=\"https:\/\/www.hendaye-tourisme.fr\/wp-content\/uploads\/2025\/01\/vitrines-square-habitat-hendaye-hendaye-tourisme-800x534.jpg\" class=\"attachment-medium size-medium\" alt=\"\" srcset=\"https:\/\/www.hendaye-tourisme.fr\/wp-content\/uploads\/2025\/01\/vitrines-square-habitat-hendaye-hendaye-tourisme-800x534.jpg 800w, https:\/\/www.hendaye-tourisme.fr\/wp-content\/uploads\/2025\/01\/vitrines-square-habitat-hendaye-hendaye-tourisme-768x513.jpg 768w, https:\/\/www.hendaye-tourisme.fr\/wp-content\/uploads\/2025\/01\/vitrines-square-habitat-hendaye-hendaye-tourisme.jpg 1024w\" sizes=\"(max-width: 800px) 100vw, 800px\" \/>\t\t\t\t<figcaption class=\"carrousel-content has-text-align-left\" style=\"justify-content: flex-start\">\n\t\t\t<div>\n\t\t\t\t<h3 class=\" text-shadow\">Real estate agencies<\/h3>\n\t\t\t\t\t\t\t<\/div>\n\t\t\t\t\t<\/figcaption>\n\t\t\t<\/figure>\n\t\n\n\n\n<\/a>\n\t\t\t\t\t<\/article>\n\t\t\t\t\t\t\t\t\t<article class=\"cover   is-position-top\" style=\"min-height: 250px;\">\n\t\t\t\t\t\t\t<a href=\"\/en\/accommodations\/?search=1&#038;tis_label%5B%5D=Eco-label+Europ\u00e9en\" target=\"\">\n\n\t<figure class=\"with-overlay is-style-copyright\">\n\t\t<img decoding=\"async\" width=\"800\" height=\"533\" src=\"https:\/\/www.hendaye-tourisme.fr\/wp-content\/uploads\/2024\/01\/Relais-Thalasso-Ibaia-2023.03-11-Hendaye-Tourisme-800x533.jpg\" class=\"attachment-medium size-medium\" alt=\"Lit d&#039;une chambre de l&#039;h\u00f4tel Ibaia \u00e0 Hendaye Plage, au Pays Basque.\" srcset=\"https:\/\/www.hendaye-tourisme.fr\/wp-content\/uploads\/2024\/01\/Relais-Thalasso-Ibaia-2023.03-11-Hendaye-Tourisme-800x533.jpg 800w, https:\/\/www.hendaye-tourisme.fr\/wp-content\/uploads\/2024\/01\/Relais-Thalasso-Ibaia-2023.03-11-Hendaye-Tourisme-1024x683.jpg 1024w, https:\/\/www.hendaye-tourisme.fr\/wp-content\/uploads\/2024\/01\/Relais-Thalasso-Ibaia-2023.03-11-Hendaye-Tourisme-768x512.jpg 768w, https:\/\/www.hendaye-tourisme.fr\/wp-content\/uploads\/2024\/01\/Relais-Thalasso-Ibaia-2023.03-11-Hendaye-Tourisme-1536x1024.jpg 1536w, https:\/\/www.hendaye-tourisme.fr\/wp-content\/uploads\/2024\/01\/Relais-Thalasso-Ibaia-2023.03-11-Hendaye-Tourisme-scaled.jpg 2048w\" sizes=\"(max-width: 800px) 100vw, 800px\" \/>\t\t\t\t<figcaption class=\"carrousel-content has-text-align-left\" style=\"justify-content: flex-start\">\n\t\t\t<div>\n\t\t\t\t<h3 class=\" text-shadow\">Eco-labeled accommodation<\/h3>\n\t\t\t\t\t\t\t<\/div>\n\t\t\t\t\t<\/figcaption>\n\t\t\t<\/figure>\n\t\n\n\n\n<\/a>\n\t\t\t\t\t<\/article>\n\t\t\t\t\t\t\t<\/div>\n\t\t\t\n\t\t\t<\/div>\n\n\n\n<p><\/p>\n","protected":false},"excerpt":{"rendered":"<p>Whether you&#8217;re looking for the comfort of a 4-star hotel or the natural shade of a campsite, Hendaye is your ideal base. If you opt for a romantic getaway or an unusual weekend, you&#8217;ll find a full range of classified vacation rentals, in the &#8220;beach&#8221; district or perched on the [&hellip;]<\/p>\n","protected":false},"author":1,"featured_media":11382,"parent":1323,"menu_order":1,"comment_status":"closed","ping_status":"closed","template":"","meta":{"_acf_changed":false,"_seopress_robots_primary_cat":"","_seopress_titles_title":"","_seopress_titles_desc":"","_seopress_robots_index":"","footnotes":""},"class_list":["post-15269","page","type-page","status-publish","has-post-thumbnail","hentry"],"acf":[],"_links":{"self":[{"href":"https:\/\/www.hendaye-tourisme.fr\/en\/wp-json\/wp\/v2\/pages\/15269","targetHints":{"allow":["GET"]}}],"collection":[{"href":"https:\/\/www.hendaye-tourisme.fr\/en\/wp-json\/wp\/v2\/pages"}],"about":[{"href":"https:\/\/www.hendaye-tourisme.fr\/en\/wp-json\/wp\/v2\/types\/page"}],"author":[{"embeddable":true,"href":"https:\/\/www.hendaye-tourisme.fr\/en\/wp-json\/wp\/v2\/users\/1"}],"replies":[{"embeddable":true,"href":"https:\/\/www.hendaye-tourisme.fr\/en\/wp-json\/wp\/v2\/comments?post=15269"}],"version-history":[{"count":2,"href":"https:\/\/www.hendaye-tourisme.fr\/en\/wp-json\/wp\/v2\/pages\/15269\/revisions"}],"predecessor-version":[{"id":69959,"href":"https:\/\/www.hendaye-tourisme.fr\/en\/wp-json\/wp\/v2\/pages\/15269\/revisions\/69959"}],"up":[{"embeddable":true,"href":"https:\/\/www.hendaye-tourisme.fr\/en\/wp-json\/wp\/v2\/pages\/1323"}],"wp:featuredmedia":[{"embeddable":true,"href":"https:\/\/www.hendaye-tourisme.fr\/en\/wp-json\/wp\/v2\/media\/11382"}],"wp:attachment":[{"href":"https:\/\/www.hendaye-tourisme.fr\/en\/wp-json\/wp\/v2\/media?parent=15269"}],"curies":[{"name":"wp","href":"https:\/\/api.w.org\/{rel}","templated":true}]}}