{"id":15024,"date":"2023-12-08T17:05:13","date_gmt":"2023-12-08T16:05:13","guid":{"rendered":"https:\/\/www.hendaye-tourisme.fr\/activities\/sports-activities\/sea-outings\/"},"modified":"2024-02-13T17:26:28","modified_gmt":"2024-02-13T16:26:28","slug":"sea-outings","status":"publish","type":"page","link":"https:\/\/www.hendaye-tourisme.fr\/en\/activities\/sports-activities\/sea-outings\/","title":{"rendered":"Sea outings"},"content":{"rendered":"<div id=\"ts-block-65733eb991a25\"  class=\"is-style-map\">\n\t\t<script type=\"text\/javascript\">\n\t\tvar tsObjects = {\"type\":\"FeatureCollection\",\"features\":[{\"geometry\":{\"type\":\"Point\",\"coordinates\":[-1.78574,43.3701]},\"type\":\"Feature\",\"id\":\"ASCAQU064V5ACJOD\",\"properties\":{\"objectTypeCode\":\"ASC\",\"name\":\"Explore Oc\\u00e9an\",\"marker_id\":\"ASCAQU064V5ACJOD\",\"commune\":\"HENDAYE\",\"display_city\":\"1\",\"cp\":\"64700\",\"ad1\":\"Ponton de la navette maritime\",\"gmapLongitude\":-1.78574,\"gmapLatitude\":43.3701,\"zone1\":null,\"telephone\":\"\",\"detail_url\":\"https:\\\/\\\/www.hendaye-tourisme.fr\\\/en\\\/activities\\\/ASCAQU064V5ACJOD-explore-ocean\\\/\",\"excerpt\":\"Departing from the port of Hendaye, come aboard our catamaran Atalaya for an unforgettable excursion to discover cetaceans. Cetaceans fascinate all ages... the \\\"Exp\\u00e9ditions C\\u00e9tac\\u00e9s\\\" (from 5 years) will enable you to&hellip;\",\"display_excerpt\":\"1\",\"photo\":\"https:\\\/\\\/www.hendaye-tourisme.fr\\\/wp-content\\\/uploads\\\/tis\\\/Explore-Ocean-1.jpg\",\"clas\":null,\"btn_label\":\"See more\",\"btn_class\":null,\"durable\":false,\"charte\":\"\",\"durable_label\":\"Sustainable development\",\"online_bookable\":\"Bookable online\",\"price_from\":false,\"tags\":[{\"object_tag_id\":\"108848\",\"syndicObjectID\":\"ASCAQU064V5ACJOD\",\"tag_id\":\"10\",\"subtag_id\":\"5\",\"field\":\"Faune - flore\"},{\"object_tag_id\":\"108850\",\"syndicObjectID\":\"ASCAQU064V5ACJOD\",\"tag_id\":\"5\",\"subtag_id\":\"7\",\"field\":\"Catamaran\"},{\"object_tag_id\":\"108849\",\"syndicObjectID\":\"ASCAQU064V5ACJOD\",\"tag_id\":\"5\",\"subtag_id\":\"7\",\"field\":\"Voile\"}],\"type\":\"Place\"}},{\"geometry\":{\"type\":\"Point\",\"coordinates\":[-1.78563,43.3701]},\"type\":\"Feature\",\"id\":\"LOIAQU064FS000H9\",\"properties\":{\"objectTypeCode\":\"LOI\",\"name\":\"Bateau Hendayais II - Promenades en mer\",\"marker_id\":\"LOIAQU064FS000H9\",\"commune\":\"HENDAYE\",\"display_city\":\"1\",\"cp\":\"64700\",\"ad1\":\"Embarquement ponton navettes maritimes\",\"gmapLongitude\":-1.78563,\"gmapLatitude\":43.3701,\"zone1\":null,\"telephone\":\"\",\"detail_url\":\"https:\\\/\\\/www.hendaye-tourisme.fr\\\/en\\\/activities\\\/LOIAQU064FS000H9-bateau-hendayais-ii-promenades-en-mer\\\/\",\"excerpt\":\"Embark with us from the marina of Hendaye plage and discover the Basque coast from the ocean with a panoramic view of the foothills of the Pyrenees We organise guided sea trips&hellip;\",\"display_excerpt\":\"1\",\"photo\":\"https:\\\/\\\/www.hendaye-tourisme.fr\\\/wp-content\\\/uploads\\\/tis\\\/IMG-1132-3.JPG\",\"clas\":null,\"btn_label\":\"See more\",\"btn_class\":null,\"durable\":false,\"charte\":\"\",\"durable_label\":\"Sustainable development\",\"online_bookable\":false,\"price_from\":false,\"tags\":[{\"object_tag_id\":\"110373\",\"syndicObjectID\":\"LOIAQU064FS000H9\",\"tag_id\":\"10\",\"subtag_id\":\"96\",\"field\":\"Bateaux promenade\"}],\"type\":\"Place\"}}]};\n\t<\/script>\n\n\t\t\n\n<div id=\"tourinsoft-loader\">\n\t<div class=\"outer\">\n\t\t<div class=\"inner\">\n\t\t\t<div class=\"small\"><\/div>\n\t\t\t<div class=\"small\"><\/div>\n\t\t\t<div class=\"small\"><\/div>\n\t\t\t<div class=\"small\"><\/div>\n\t\t<\/div>\n\t\t<div class=\"big\">\n\t\t\t<div class=\"small\"><\/div>\n\t\t<\/div>\n\t\t<div class=\"big\">\n\t\t\t<div class=\"small\"><\/div>\n\t\t<\/div>\n\t<\/div>\n<\/div>\n\n\n<div style=\"height:50px\" aria-hidden=\"true\" class=\"wp-block-spacer\" id=\"form-results\"><\/div>\n\n\n<div id=\"tourinsoft-list\" class=\"py wp-block-group alignfull \">\n\t<div class=\"tourinsoft-map-container\">\n\t\t<div id=\"tourinsoft-result-list\">\n\t\t\t\t\t\t<div id=\"tourinsoft-result-container\" >\n\t\t\t\n\t\t\t\t\t\t\t\t<div id=\"js-marker-result\" class=\"grid-mode\" >\n\t\t\t\t\t\n\t\t\t\t\t<article class=\"js-marker tourinsoft-item tis-box \" id=\"marker-ASCAQU064V5ACJOD\" data-lat=\"43.3701\" data-lng=\"-1.78574\" data-title=\"Explore Oc\u00e9an\">\n\t<a href=\"https:\/\/www.hendaye-tourisme.fr\/en\/activities\/ASCAQU064V5ACJOD-explore-ocean\/\" class=\"trk_visit_single\">\n\t\t<div class=\"tis-item-cover \">\n\t\t\t\t\t\t\t\t\t<img decoding=\"async\" src=\"https:\/\/www.hendaye-tourisme.fr\/wp-content\/uploads\/tis\/Explore-Ocean-1.jpg\" title=\"Explore Oc\u00e9an\" alt=\"Explore Oc\u00e9an\" loading=\"lazy\" \/>\n\t\t\t\t\t\t\t\t<div class=\"tis-item-label-container\">\n\t\t\t\t\t\t\t\t\t<!--<span class=\"tis-item-handicap\"><img decoding=\"async\" src=\"https:\/\/www.hendaye-tourisme.fr\/wp-content\/plugins\/tourinsoft-syndication\/assets\/images\/icon-handicap.svg\" title=\"\" alt=\"\" \/><\/span>-->\n\t\t\t\t\t\t\t\t\t\t\t<\/div>\n\t\t\t\t\t\t<div class=\"tis-item-online-booking\">\n\t\t\t\t<span>Bookable online<\/span>\n\t\t\t<\/div>\n\t\t\t\t\t<\/div>\n\t\t\n\t\t\n\t\t\n\t\t<h3>\t\t\tExplore Oc\u00e9an\t\t<\/h3>\n\t\t\t<\/a>\n\t\n\t\t\t\t\t\t<div class=\"tis-item-tags\">\n\t\t\t\t\t\t\t\t<span class=\"tis-item-tag\">Faune &#8211; flore<\/span>\n\t\t\t\t\t\t\t\t<span class=\"tis-item-tag\">Catamaran<\/span>\n\t\t\t\t\t\t\t\t<span class=\"tis-item-tag\">Voile<\/span>\n\t\t\t\t\t\t\t<\/div>\n\t\t\t\t\n\t<p>Departing from the port of Hendaye, come aboard our catamaran Atalaya for an unforgettable excursion to discover cetaceans. Cetaceans fascinate all ages&#8230; the &#8220;Exp\u00e9ditions C\u00e9tac\u00e9s&#8221; (from 5 years) will enable you to&hellip;<\/p>\t\n\t<strong class=\"tis-box-city\">HENDAYE<\/strong>\t\n\t<div class=\"wp-block-button is-style-outline\">\n\t\t<a href=\"https:\/\/www.hendaye-tourisme.fr\/en\/activities\/ASCAQU064V5ACJOD-explore-ocean\/\" class=\"trk_visit_single wp-block-button__link has-dark-color has-white-background-color \">See more<\/a>\n\t<\/div>\n\t\n<\/article>\t<article class=\"js-marker tourinsoft-item tis-box \" id=\"marker-LOIAQU064FS000H9\" data-lat=\"43.3701\" data-lng=\"-1.78563\" data-title=\"Bateau Hendayais II - Promenades en mer\">\n\t<a href=\"https:\/\/www.hendaye-tourisme.fr\/en\/activities\/LOIAQU064FS000H9-bateau-hendayais-ii-promenades-en-mer\/\" class=\"trk_visit_single\">\n\t\t<div class=\"tis-item-cover \">\n\t\t\t\t\t\t\t\t\t<img decoding=\"async\" src=\"https:\/\/www.hendaye-tourisme.fr\/wp-content\/uploads\/tis\/IMG-1132-3.JPG\" title=\"Bateau Hendayais II - Promenades en mer\" alt=\"Bateau Hendayais II - Promenades en mer\" loading=\"lazy\" \/>\n\t\t\t\t\t\t\t\t<div class=\"tis-item-label-container\">\n\t\t\t\t\t\t\t\t\t<!--<span class=\"tis-item-handicap\"><img decoding=\"async\" src=\"https:\/\/www.hendaye-tourisme.fr\/wp-content\/plugins\/tourinsoft-syndication\/assets\/images\/icon-handicap.svg\" title=\"\" alt=\"\" \/><\/span>-->\n\t\t\t\t\t\t\t\t\t\t\t<\/div>\n\t\t\t\t\t<\/div>\n\t\t\n\t\t\n\t\t\n\t\t<h3>\t\t\tBateau Hendayais II &#8211; Promenades en mer\t\t<\/h3>\n\t\t\t<\/a>\n\t\n\t\t\t\t\t\t<div class=\"tis-item-tags\">\n\t\t\t\t\t\t\t\t<span class=\"tis-item-tag\">Bateaux promenade<\/span>\n\t\t\t\t\t\t\t<\/div>\n\t\t\t\t\n\t<p>Embark with us from the marina of Hendaye plage and discover the Basque coast from the ocean with a panoramic view of the foothills of the Pyrenees We organise guided sea trips&hellip;<\/p>\t\n\t<strong class=\"tis-box-city\">HENDAYE<\/strong>\t\n\t<div class=\"wp-block-button is-style-outline\">\n\t\t<a href=\"https:\/\/www.hendaye-tourisme.fr\/en\/activities\/LOIAQU064FS000H9-bateau-hendayais-ii-promenades-en-mer\/\" class=\"trk_visit_single wp-block-button__link has-dark-color has-white-background-color \">See more<\/a>\n\t<\/div>\n\t\n<\/article>\t\t\t\t\t<\/div>\n\t\t\t<\/div>\n\t\t<\/div>\n\t\t<div id=\"tourinsoft-map\"  data-marker=\"https:\/\/www.hendaye-tourisme.fr\/wp-content\/plugins\/tourinsoft-syndication\/assets\/images\/map-marker.png\" data-lat=\"43.35940200\" data-lng=\"-1.76615000\" data-zoom=\"10\"><\/div>\n\t<\/div>\n<\/div>\n\n\n<div style=\"height:50px\" aria-hidden=\"true\" class=\"wp-block-spacer\"><\/div>\n\n<\/div>\n","protected":false},"excerpt":{"rendered":"","protected":false},"author":2,"featured_media":0,"parent":15008,"menu_order":4,"comment_status":"closed","ping_status":"closed","template":"","meta":{"_acf_changed":false,"_seopress_robots_primary_cat":"","_seopress_titles_title":"Walks by the sea | Office de Tourisme de Hendaye","_seopress_titles_desc":"","_seopress_robots_index":"","footnotes":""},"class_list":["post-15024","page","type-page","status-publish","hentry"],"acf":[],"_links":{"self":[{"href":"https:\/\/www.hendaye-tourisme.fr\/en\/wp-json\/wp\/v2\/pages\/15024","targetHints":{"allow":["GET"]}}],"collection":[{"href":"https:\/\/www.hendaye-tourisme.fr\/en\/wp-json\/wp\/v2\/pages"}],"about":[{"href":"https:\/\/www.hendaye-tourisme.fr\/en\/wp-json\/wp\/v2\/types\/page"}],"author":[{"embeddable":true,"href":"https:\/\/www.hendaye-tourisme.fr\/en\/wp-json\/wp\/v2\/users\/2"}],"replies":[{"embeddable":true,"href":"https:\/\/www.hendaye-tourisme.fr\/en\/wp-json\/wp\/v2\/comments?post=15024"}],"version-history":[{"count":1,"href":"https:\/\/www.hendaye-tourisme.fr\/en\/wp-json\/wp\/v2\/pages\/15024\/revisions"}],"predecessor-version":[{"id":15025,"href":"https:\/\/www.hendaye-tourisme.fr\/en\/wp-json\/wp\/v2\/pages\/15024\/revisions\/15025"}],"up":[{"embeddable":true,"href":"https:\/\/www.hendaye-tourisme.fr\/en\/wp-json\/wp\/v2\/pages\/15008"}],"wp:attachment":[{"href":"https:\/\/www.hendaye-tourisme.fr\/en\/wp-json\/wp\/v2\/media?parent=15024"}],"curies":[{"name":"wp","href":"https:\/\/api.w.org\/{rel}","templated":true}]}}